{"id":186188,"date":"2024-09-12T10:19:31","date_gmt":"2024-09-12T08:19:31","guid":{"rendered":"https:\/\/dev3.illycafe.ch\/?page_id=186188"},"modified":"2025-04-11T11:39:59","modified_gmt":"2025-04-11T09:39:59","slug":"coffrets-cadeaux","status":"publish","type":"page","link":"https:\/\/dev3.illycafe.ch\/fr\/cadeaux-et-accessoires\/coffrets-cadeaux\/","title":{"rendered":"Coffrets cadeaux"},"content":{"rendered":"<section class=\"wpb-content-wrapper\"><p>[vc_row full_width=&#8221;stretch_row_content_no_spaces&#8221;][vc_column css=&#8221;.vc_custom_1725015184247{padding-top: 0px !important;}&#8221;][vc_single_image image=&#8221;186191&#8243; img_size=&#8221;full&#8221;][\/vc_column][\/vc_row][vc_row full_width=&#8221;stretch_row&#8221; css=&#8221;.vc_custom_1724839618079{margin-top: 0px !important;padding-top: 0px !important;background-color: #f6f0ec !important;}&#8221; el_class=&#8221;page-title&#8221;][vc_column width=&#8221;1\/6&#8243; css=&#8221;.vc_custom_1719386953532{margin-top: 0px !important;padding-top: 0px !important;}&#8221;][\/vc_column][vc_column width=&#8221;2\/3&#8243; css=&#8221;.vc_custom_1724841621568{margin-top: 0px !important;padding-top: 0px !important;}&#8221;][vc_empty_space height=&#8221;100px&#8221;][vc_column_text el_class=&#8221;titol-h2 brown&#8221;]<\/p>\n<h2 style=\"text-align: center;\">COFFRETS CADEAUX<\/h2>\n<p>[\/vc_column_text][vc_empty_space height=&#8221;20px&#8221;][vc_column_text el_class=&#8221;text-landing brown&#8221;]<\/p>\n<p style=\"text-align: center;\">Offrez un cadeau de qualit\u00e9, jusque dans les moindres d\u00e9tails. Partagez l\u2019exp\u00e9rience de d\u00e9gustation d\u2019illy avec une touche d&#8217;excellence, adapt\u00e9e \u00e0 toutes les occasions<\/p>\n<p>[\/vc_column_text][vc_empty_space height=&#8221;100px&#8221;][\/vc_column][vc_column width=&#8221;1\/6&#8243;][\/vc_column][\/vc_row][vc_row full_width=&#8221;stretch_row_content&#8221; el_class=&#8221;menu-landings&#8221; css=&#8221;.vc_custom_1724840623820{margin-top: 0px !important;padding-top: 0px !important;padding-right: 50px !important;padding-left: 50px !important;}&#8221;][vc_column css=&#8221;.vc_custom_1724840470358{margin-top: 0px !important;margin-bottom: 0px !important;padding-top: 0px !important;padding-bottom: 0px !important;}&#8221;][vc_empty_space][vc_raw_html]JTNDZGl2JTIwY2xhc3MlM0QlMjJtZW51LWxhbmRpbmdzJTIyJTNFJTBBJTA5JTNDYSUyMGhyZWYlM0QlMjJodHRwcyUzQSUyRiUyRmlsbHljYWZlLmNoJTJGZnIlMkZjYWRlYXV4LWV0LWFjY2Vzc29pcmVzJTJGdGFzc2VzLWEtY2FmZS1pbGx5LWFydC1jb2xsZWN0aW9uJTJGJTIyJTIwY2xhc3MlM0QlMjJsYW5kaW5nLXBhZ2UlMjIlM0VJTExZJTIwQVJUJTIwQ09MTEVDVElPTiUzQyUyRmElM0UlMEElMDklM0NhJTIwaHJlZiUzRCUyMmh0dHBzJTNBJTJGJTJGaWxseWNhZmUuY2glMkZmciUyRmNhZGVhdXgtZXQtYWNjZXNzb2lyZXMlMkZjb2ZmcmV0cy1jYWRlYXV4JTJGJTIyJTIwY2xhc3MlM0QlMjJsYW5kaW5nLXBhZ2UlMjBhY3RpdmUlMjIlM0VDT0ZGUkVUUyUyMENBREVBVVglM0MlMkZhJTNFJTBBJTIwJTIwJTIwJTIwJTIwJTIwJTIwJTIwJTNDYSUyMGhyZWYlM0QlMjJodHRwcyUzQSUyRiUyRmlsbHljYWZlLmNoJTJGZnIlMkZjYWRlYXV4LWV0LWFjY2Vzc29pcmVzJTJGYWNjZXNzb2lyZXMtdGhlLWV0LWNhZmUlMkYlMjIlMjBjbGFzcyUzRCUyMmxhbmRpbmctcGFnZSUyMiUzRUFDQ0VTU09JUkVTJTIwJUMzJTgwJTIwVEglQzMlODklMjAlQzMlODAlMjBDQUYlQzMlODklM0MlMkZhJTNFJTBBJTNDJTJGZGl2JTNF[\/vc_raw_html][vc_empty_space][\/vc_column][\/vc_row][vc_row full_width=&#8221;stretch_row&#8221; css=&#8221;.vc_custom_1724841142195{background-color: #F2E9DA !important;}&#8221;][vc_column css=&#8221;.vc_custom_1719387096335{margin-top: 0px !important;padding-top: 0px !important;}&#8221;][vc_empty_space height=&#8221;50px&#8221;]<div class=\"eltdf-pl-holder eltdf-standard-layout eltdf-large-space eltdf-three-columns eltdf-info-below-image eltdf-product-info-default\">\n\t<div class=\"eltdf-pl-outer eltdf-outer-space\">\n\t\t<div class=\"eltdf-pli-messsage\"><p>No products were found!<\/p><\/div>\t<\/div>\n<\/div>[vc_empty_space height=&#8221;60px&#8221;][\/vc_column][\/vc_row][vc_row full_width=&#8221;stretch_row&#8221; css=&#8221;.vc_custom_1724841515969{background-color: #f6f0ec !important;}&#8221;][vc_column css=&#8221;.vc_custom_1719387096335{margin-top: 0px !important;padding-top: 0px !important;}&#8221;][vc_empty_space height=&#8221;40px&#8221;][vc_row_inner content_placement=&#8221;middle&#8221; el_class=&#8221;revert-mobile&#8221;][vc_column_inner width=&#8221;1\/2&#8243;][vc_single_image image=&#8221;185248&#8243; img_size=&#8221;full&#8221;][\/vc_column_inner][vc_column_inner width=&#8221;1\/2&#8243; css=&#8221;.vc_custom_1719387402388{padding-top: 30px !important;padding-right: 30px !important;padding-bottom: 30px !important;padding-left: 30px !important;}&#8221;][vc_column_text el_class=&#8221;subtitle brown&#8221;]<\/p>\n<p style=\"text-align: center;\">Con\u00e7u pour r\u00e9pondre \u00e0 vos attentes<\/p>\n<p>[\/vc_column_text][vc_column_text css=&#8221;.vc_custom_1725527432589{margin-top: 0px !important;}&#8221; el_class=&#8221;titol-h3 brown&#8221;]<\/p>\n<h3 style=\"text-align: center;\">Abonnement illy<\/h3>\n<p>[\/vc_column_text][vc_column_text el_class=&#8221;text-landing brown&#8221;]<\/p>\n<p style=\"text-align: center;\">Choisissez entre les abonnements Machine et caf\u00e9 ou Caf\u00e9 uniquement.<br \/>\nNe manquez jamais votre caf\u00e9 pr\u00e9f\u00e9r\u00e9, pour profiter d\u2019une exp\u00e9rience gustative quotidienne.<\/p>\n<p>[\/vc_column_text][vc_empty_space height=&#8221;20px&#8221;][vc_raw_html]JTNDYSUyMGNsYXNzJTNEJTIyYnV0dG9uLXN1Yi1wcm9kdWN0JTIyJTIwaHJlZiUzRCUyMiUyM25ld3NsZXR0ZXIlMjIlM0UlM0NidXR0b24lM0VTJTI3aW5zY3JpcmUlM0MlMkZidXR0b24lM0UlM0MlMkZhJTNF[\/vc_raw_html][\/vc_column_inner][\/vc_row_inner][vc_empty_space height=&#8221;50px&#8221;][\/vc_column][\/vc_row][vc_row][vc_column css=&#8221;.vc_custom_1744364340361{padding-top: 0px !important;}&#8221;][vc_column_text]<\/p>\n<div><div data-post-id=\"221182\" class=\"insert-page insert-page-221182 \"><style type=\"text\/css\" data-type=\"vc_custom-css\">.promo-text h3{\r\n    font-size: 24px;\r\n    color: #512C1F !important;\r\n    font-weight: 700 !important;\r\n    font-family: &#039;Manrope&#039;, sans-serif !important;\r\n    letter-spacing: 0px !important;\r\n}\r\n\r\n.promo-text h5{\r\n    font-size: 16px !important;\r\n    text-align: center;\r\n    color: #512C1F !important;\r\n    font-family: &#039;Manrope&#039;, sans-serif !important;\r\n    letter-spacing: 0px !important;\r\n}\r\n\r\n.promo-text p{\r\n    font-size: 11px !important;\r\n    text-align: center !important;\r\n    margin-top: 0px;\r\n    color: #636660;\r\n    font-family: &#039;Manrope&#039;, sans-serif !important;\r\n    letter-spacing: 0px !important;\r\n}<\/style><style type=\"text\/css\" data-type=\"vc_shortcodes-custom-css\">.vc_custom_1744275198696{margin-top: 70px !important;padding-top: 40px !important;padding-right: 30px !important;padding-bottom: 40px !important;padding-left: 30px !important;background: #ffffff url(https:\/\/dev3.illycafe.ch\/wp-content\/uploads\/illylovers.webp?id=221174) !important;background-position: center !important;background-repeat: no-repeat !important;background-size: cover !important;}.vc_custom_1744275222256{margin-top: 70px !important;padding-top: 40px !important;padding-right: 30px !important;padding-bottom: 40px !important;padding-left: 30px !important;background: #ffffff url(https:\/\/dev3.illycafe.ch\/wp-content\/uploads\/illylovers-mobile.png?id=221178) !important;background-position: center !important;background-repeat: no-repeat !important;background-size: cover !important;}.vc_custom_1722931185055{margin-top: 0px !important;margin-bottom: 0px !important;margin-left: 0px !important;padding-top: 0px !important;padding-right: 0px !important;padding-bottom: 0px !important;padding-left: 0px !important;}.vc_custom_1722931185055{margin-top: 0px !important;margin-bottom: 0px !important;margin-left: 0px !important;padding-top: 0px !important;padding-right: 0px !important;padding-bottom: 0px !important;padding-left: 0px !important;}<\/style><section class=\"wpb-content-wrapper\"><p>[vc_row css=&#8221;.vc_custom_1744275198696{margin-top: 70px !important;padding-top: 40px !important;padding-right: 30px !important;padding-bottom: 40px !important;padding-left: 30px !important;background: #ffffff url(https:\/\/dev3.illycafe.ch\/wp-content\/uploads\/illylovers.webp?id=221174) !important;background-position: center center;background-repeat: no-repeat !important;background-size: cover !important;}&#8221; el_id=&#8221;illy-lovers-banner&#8221; el_class=&#8221;desktop-only&#8221;][vc_column css=&#8221;.vc_custom_1722931185055{margin-top: 0px !important;margin-bottom: 0px !important;margin-left: 0px !important;padding-top: 0px !important;padding-right: 0px !important;padding-bottom: 0px !important;padding-left: 0px !important;}&#8221;][vc_column_text el_class=&#8221;titol-banner&#8221;]<\/p>\n<h4>illy Lovers<\/h4>\n<p>[\/vc_column_text][vc_column_text el_class=&#8221;text-banner&#8221;]Rejoignez la communaut\u00e9 et d\u00e9couvrez les surprises<br \/>\net les avantages exclusifs que nous vous r\u00e9servons.[\/vc_column_text][vc_raw_html]JTNDYSUyMGNsYXNzJTNEJTIyYnV0dG9uLXN1Yi1wcm9kdWN0JTIyJTIwaHJlZiUzRCUyMiUyM0Fib25uZW1lbnQlMjIlM0UlM0NidXR0b24lM0VJbnNjcml2ZXotdm91cyUyMG1haW50ZW5hbnQlM0MlMkZidXR0b24lM0UlM0MlMkZhJTNFJTBB[\/vc_raw_html][\/vc_column][\/vc_row][vc_row css=&#8221;.vc_custom_1744275222256{margin-top: 70px !important;padding-top: 40px !important;padding-right: 30px !important;padding-bottom: 40px !important;padding-left: 30px !important;background: #ffffff url(https:\/\/dev3.illycafe.ch\/wp-content\/uploads\/illylovers-mobile.png?id=221178) !important;background-position: center center;background-repeat: no-repeat !important;background-size: cover !important;}&#8221; el_id=&#8221;illy-lovers-banner&#8221; el_class=&#8221;mobile-only&#8221;][vc_column css=&#8221;.vc_custom_1722931185055{margin-top: 0px !important;margin-bottom: 0px !important;margin-left: 0px !important;padding-top: 0px !important;padding-right: 0px !important;padding-bottom: 0px !important;padding-left: 0px !important;}&#8221;][vc_column_text el_class=&#8221;titol-banner&#8221;]<\/p>\n<h4>illy Lovers<\/h4>\n<p>[\/vc_column_text][vc_column_text el_class=&#8221;text-banner&#8221;]Rejoignez la communaut\u00e9 et d\u00e9couvrez les surprises<br \/>\net les avantages exclusifs que nous vous r\u00e9servons.[\/vc_column_text][vc_raw_html]JTNDYSUyMGNsYXNzJTNEJTIyYnV0dG9uLXN1Yi1wcm9kdWN0JTIyJTIwaHJlZiUzRCUyMiUyM0Fib25uZW1lbnQlMjIlM0UlM0NidXR0b24lM0VJbnNjcml2ZXotdm91cyUyMG1haW50ZW5hbnQlM0MlMkZidXR0b24lM0UlM0MlMkZhJTNFJTBB[\/vc_raw_html][\/vc_column][\/vc_row]<\/p>\n<\/section><\/div><\/div>\n<p>[\/vc_column_text][\/vc_column][\/vc_row][vc_row full_width=&#8221;stretch_row&#8221; css=&#8221;.vc_custom_1726125688508{background-color: #FFFFFF00 !important;}&#8221;][vc_column css=&#8221;.vc_custom_1719387096335{margin-top: 0px !important;padding-top: 0px !important;}&#8221;][vc_empty_space height=&#8221;100px&#8221;][vc_row_inner content_placement=&#8221;middle&#8221;][vc_column_inner width=&#8221;1\/2&#8243; css=&#8221;.vc_custom_1726125959617{padding-right: 0px !important;padding-left: 0px !important;}&#8221;][vc_single_image image=&#8221;186194&#8243; img_size=&#8221;full&#8221;][\/vc_column_inner][vc_column_inner width=&#8221;1\/2&#8243; css=&#8221;.vc_custom_1719387402388{padding-top: 30px !important;padding-right: 30px !important;padding-bottom: 30px !important;padding-left: 30px !important;}&#8221;][vc_column_text el_class=&#8221;subtitle brown&#8221;]<\/p>\n<p style=\"text-align: center;\">illy Art Collection<\/p>\n<p>[\/vc_column_text][vc_column_text css=&#8221;.vc_custom_1726129146050{margin-top: 0px !important;}&#8221; el_class=&#8221;titol-h3 brown&#8221;]<\/p>\n<h3 style=\"text-align: center;\">Une histoire d\u2019esth\u00e8te<\/h3>\n<p>[\/vc_column_text][vc_column_text el_class=&#8221;text-landing brown&#8221;]<\/p>\n<p style=\"text-align: center;\">Depuis plus de 30 ans, nos tasses \u00e0 expresso offrent une toile vierge \u00e0 des artistes de renomm\u00e9e internationale, des vrais ma\u00eetres aux artistes en devenir, cr\u00e9ant une collection d\u2019\u0153uvres d\u2019art miniatures.<\/p>\n<p>[\/vc_column_text][vc_empty_space height=&#8221;20px&#8221;][vc_raw_html]JTNDYSUyMGhyZWYlM0QlMjJodHRwcyUzQSUyRiUyRmlsbHljYWZlLmNoJTJGZnIlMkZjYWRlYXV4LWV0LWFjY2Vzc29pcmVzJTJGdGFzc2VzLWEtY2FmZS1pbGx5LWFydC1jb2xsZWN0aW9uJTJGJTIyJTIwY2xhc3MlM0QlMjJidXR0b24tc3ViLXByb2R1Y3QlMjIlM0UlM0NidXR0b24lM0VFbiUyMHNhdm9pciUyMHBsdXMlM0MlMkZidXR0b24lM0UlM0MlMkZhJTNF[\/vc_raw_html][\/vc_column_inner][\/vc_row_inner][\/vc_column][\/vc_row][vc_row][vc_column][vc_empty_space height=&#8221;10px&#8221;][\/vc_column][\/vc_row][vc_row full_width=&#8221;stretch_row&#8221; css=&#8221;.vc_custom_1734510571968{background-color: #f6f0ec !important;}&#8221; el_class=&#8221;newsletter&#8221; el_id=&#8221;newsletter&#8221;][vc_column css=&#8221;.vc_custom_1712226941419{padding-top: 0pc !important;padding-bottom: 0px !important;}&#8221;][vc_row_inner css=&#8221;.vc_custom_1712226909859{padding-top: 50px !important;padding-bottom: 50px !important;}&#8221;][vc_column_inner width=&#8221;1\/6&#8243;][\/vc_column_inner][vc_column_inner width=&#8221;2\/3&#8243;][vc_column_text el_class=&#8221;titol-h2 brown&#8221;]<\/p>\n<h2 style=\"text-align: center;\">INSCRIVEZ-VOUS A LA NEWSLETTER<\/h2>\n<p>[\/vc_column_text][vc_column_text el_class=&#8221;text-landing brown&#8221;]<\/p>\n<p style=\"text-align: center;\">Entrez dans le monde illy et d\u00e9couvrez tous les avantages qui vous sont r\u00e9serv\u00e9s.<\/p>\n<p>[\/vc_column_text][vc_column_text]<\/p>\n<p style=\"text-align: center;\">\n<div class=\"wpcf7 no-js\" id=\"wpcf7-f185252-o1\" lang=\"en-US\" dir=\"ltr\" data-wpcf7-id=\"185252\">\n<div class=\"screen-reader-response\"><p role=\"status\" aria-live=\"polite\" aria-atomic=\"true\"><\/p> <ul><\/ul><\/div>\n<form action=\"\/fr\/wp-json\/wp\/v2\/pages\/186188#wpcf7-f185252-o1\" method=\"post\" class=\"wpcf7-form init\" aria-label=\"Contact form\" novalidate=\"novalidate\" data-status=\"init\">\n<div style=\"display: none;\">\n<input type=\"hidden\" name=\"_wpcf7\" value=\"185252\" \/>\n<input type=\"hidden\" name=\"_wpcf7_version\" value=\"6.0.3\" \/>\n<input type=\"hidden\" name=\"_wpcf7_locale\" value=\"en_US\" \/>\n<input type=\"hidden\" name=\"_wpcf7_unit_tag\" value=\"wpcf7-f185252-o1\" \/>\n<input type=\"hidden\" name=\"_wpcf7_container_post\" value=\"0\" \/>\n<input type=\"hidden\" name=\"_wpcf7_posted_data_hash\" value=\"\" \/>\n<\/div>\n<p><span class=\"wpcf7-form-control-wrap\" data-name=\"your-email\"><input size=\"40\" maxlength=\"400\" class=\"wpcf7-form-control wpcf7-email wpcf7-validates-as-required wpcf7-text wpcf7-validates-as-email\" autocomplete=\"email\" aria-required=\"true\" aria-invalid=\"false\" placeholder=\"Saisir votre adresse \u00e9lectronique\" value=\"\" type=\"email\" name=\"your-email\" \/><\/span>\n<\/p>\n<p class=\"newsletter-text\">J\u2019ai pris connaissance des informations relatives au traitement des donn\u00e9es priv\u00e9es.\n<\/p>\n<div class=\"news-acceptance\">\n\t<p><span class=\"wpcf7-form-control-wrap\" data-name=\"acceptance-961\"><span class=\"wpcf7-form-control wpcf7-acceptance\"><span class=\"wpcf7-list-item\"><label><input type=\"checkbox\" name=\"acceptance-961\" value=\"1\" aria-invalid=\"false\" \/><span class=\"wpcf7-list-item-label\">Je autorise au traitement de mes donn\u00e9es afin de recevoir des communications marketing sur les produits, services, promotions et initiatives li\u00e9s \u00e0 la marque illy et aux produits et initiatives propos\u00e9s sur les sites web et apps illycaff\u00e8 (objectif 2 A de la politique)<\/span><\/label><\/span><\/span><\/span>\n\t<\/p>\n<\/div>\n<p><input class=\"wpcf7-form-control wpcf7-submit has-spinner\" type=\"submit\" value=\"JE M&#039;INSCRIS\" \/>\n<\/p><input type='hidden' class='wpcf7-pum' value='{\"closepopup\":false,\"closedelay\":0,\"openpopup\":false,\"openpopup_id\":0}' \/><div class=\"wpcf7-response-output\" aria-hidden=\"true\"><\/div>\n<\/form>\n<\/div>\n<p>[\/vc_column_text][\/vc_column_inner][vc_column_inner width=&#8221;1\/6&#8243;][\/vc_column_inner][\/vc_row_inner][\/vc_column][\/vc_row]<\/p>\n<\/section>","protected":false},"excerpt":{"rendered":"<p>[vc_row full_width=&#8221;stretch_row_content_no_spaces&#8221;][vc_column css=&#8221;.vc_custom_1725015184247{padding-top: 0px !important;}&#8221;][vc_single_image image=&#8221;186191&#8243; img_size=&#8221;full&#8221;][\/vc_column][\/vc_row][vc_row full_width=&#8221;stretch_row&#8221; css=&#8221;.vc_custom_1724839618079{margin-top: 0px !important;padding-top: 0px !important;background-color: #f6f0ec !important;}&#8221; el_class=&#8221;page-title&#8221;][vc_column width=&#8221;1\/6&#8243; css=&#8221;.vc_custom_1719386953532{margin-top: 0px !important;padding-top: 0px !important;}&#8221;][\/vc_column][vc_column width=&#8221;2\/3&#8243; css=&#8221;.vc_custom_1724841621568{margin-top: 0px !important;padding-top: 0px !important;}&#8221;][vc_empty_space height=&#8221;100px&#8221;][vc_column_text el_class=&#8221;titol-h2 brown&#8221;] COFFRETS CADEAUX [\/vc_column_text][vc_empty_space height=&#8221;20px&#8221;][vc_column_text el_class=&#8221;text-landing brown&#8221;] Offrez un cadeau de qualit\u00e9, jusque dans les moindres d\u00e9tails. Partagez l\u2019exp\u00e9rience de d\u00e9gustation d\u2019illy avec une touche d&#8217;excellence, adapt\u00e9e \u00e0 toutes les occasions [\/vc_column_text][vc_empty_space height=&#8221;100px&#8221;][\/vc_column][vc_column width=&#8221;1\/6&#8243;][\/vc_column][\/vc_row][vc_row full_width=&#8221;stretch_row_content&#8221; el_class=&#8221;menu-landings&#8221; css=&#8221;.vc_custom_1724840623820{margin-top: 0px !important;padding-top: 0px !important;padding-right: 50px [&hellip;]<\/p>\n","protected":false},"author":5358,"featured_media":0,"parent":186096,"menu_order":0,"comment_status":"closed","ping_status":"closed","template":"","meta":{"inline_featured_image":false,"footnotes":""},"class_list":["post-186188","page","type-page","status-publish","hentry"],"yoast_head":"<!-- This site is optimized with the Yoast SEO plugin v24.4 - https:\/\/yoast.com\/wordpress\/plugins\/seo\/ -->\n<title>Coffrets cadeaux - Illycaf\u00e9 | Premium Kaffee kaufen | Gastronomie, Firmen, Privat<\/title>\n<meta name=\"robots\" content=\"noindex, follow, max-snippet:-1, max-image-preview:large, max-video-preview:-1\" \/>\n<meta property=\"og:locale\" content=\"fr_FR\" \/>\n<meta property=\"og:type\" content=\"article\" \/>\n<meta property=\"og:title\" content=\"Coffrets cadeaux - Illycaf\u00e9 | Premium Kaffee kaufen | Gastronomie, Firmen, Privat\" \/>\n<meta property=\"og:description\" content=\"[vc_row full_width=&#8221;stretch_row_content_no_spaces&#8221;][vc_column css=&#8221;.vc_custom_1725015184247{padding-top: 0px !important;}&#8221;][vc_single_image image=&#8221;186191&#8243; img_size=&#8221;full&#8221;][\/vc_column][\/vc_row][vc_row full_width=&#8221;stretch_row&#8221; css=&#8221;.vc_custom_1724839618079{margin-top: 0px !important;padding-top: 0px !important;background-color: #f6f0ec !important;}&#8221; el_class=&#8221;page-title&#8221;][vc_column width=&#8221;1\/6&#8243; css=&#8221;.vc_custom_1719386953532{margin-top: 0px !important;padding-top: 0px !important;}&#8221;][\/vc_column][vc_column width=&#8221;2\/3&#8243; css=&#8221;.vc_custom_1724841621568{margin-top: 0px !important;padding-top: 0px !important;}&#8221;][vc_empty_space height=&#8221;100px&#8221;][vc_column_text el_class=&#8221;titol-h2 brown&#8221;] COFFRETS CADEAUX [\/vc_column_text][vc_empty_space height=&#8221;20px&#8221;][vc_column_text el_class=&#8221;text-landing brown&#8221;] Offrez un cadeau de qualit\u00e9, jusque dans les moindres d\u00e9tails. Partagez l\u2019exp\u00e9rience de d\u00e9gustation d\u2019illy avec une touche d&#8217;excellence, adapt\u00e9e \u00e0 toutes les occasions [\/vc_column_text][vc_empty_space height=&#8221;100px&#8221;][\/vc_column][vc_column width=&#8221;1\/6&#8243;][\/vc_column][\/vc_row][vc_row full_width=&#8221;stretch_row_content&#8221; el_class=&#8221;menu-landings&#8221; css=&#8221;.vc_custom_1724840623820{margin-top: 0px !important;padding-top: 0px !important;padding-right: 50px [&hellip;]\" \/>\n<meta property=\"og:url\" content=\"https:\/\/dev3.illycafe.ch\/fr\/cadeaux-et-accessoires\/coffrets-cadeaux\/\" \/>\n<meta property=\"og:site_name\" content=\"Illycaf\u00e9 | Premium Kaffee kaufen | Gastronomie, Firmen, Privat\" \/>\n<meta property=\"article:modified_time\" content=\"2025-04-11T09:39:59+00:00\" \/>\n<meta name=\"twitter:card\" content=\"summary_large_image\" \/>\n<meta name=\"twitter:label1\" content=\"Dur\u00e9e de lecture estim\u00e9e\" \/>\n\t<meta name=\"twitter:data1\" content=\"3 minutes\" \/>\n<script type=\"application\/ld+json\" class=\"yoast-schema-graph\">{\"@context\":\"https:\/\/schema.org\",\"@graph\":[{\"@type\":\"WebPage\",\"@id\":\"https:\/\/dev3.illycafe.ch\/fr\/cadeaux-et-accessoires\/coffrets-cadeaux\/\",\"url\":\"https:\/\/dev3.illycafe.ch\/fr\/cadeaux-et-accessoires\/coffrets-cadeaux\/\",\"name\":\"Coffrets cadeaux - Illycaf\u00e9 | Premium Kaffee kaufen | Gastronomie, Firmen, Privat\",\"isPartOf\":{\"@id\":\"https:\/\/dev3.illycafe.ch\/dev3.illycafe.ch\/#website\"},\"datePublished\":\"2024-09-12T08:19:31+00:00\",\"dateModified\":\"2025-04-11T09:39:59+00:00\",\"breadcrumb\":{\"@id\":\"https:\/\/dev3.illycafe.ch\/fr\/cadeaux-et-accessoires\/coffrets-cadeaux\/#breadcrumb\"},\"inLanguage\":\"fr-FR\",\"potentialAction\":[{\"@type\":\"ReadAction\",\"target\":[\"https:\/\/dev3.illycafe.ch\/fr\/cadeaux-et-accessoires\/coffrets-cadeaux\/\"]}]},{\"@type\":\"BreadcrumbList\",\"@id\":\"https:\/\/dev3.illycafe.ch\/fr\/cadeaux-et-accessoires\/coffrets-cadeaux\/#breadcrumb\",\"itemListElement\":[{\"@type\":\"ListItem\",\"position\":1,\"name\":\"Accueil\",\"item\":\"https:\/\/dev3.illycafe.ch\/fr\/\"},{\"@type\":\"ListItem\",\"position\":2,\"name\":\"Cadeaux et accessoires\",\"item\":\"https:\/\/dev3.illycafe.ch\/dev3.illycafe.ch\/fr\/cadeaux-et-accessoires\/\"},{\"@type\":\"ListItem\",\"position\":3,\"name\":\"Coffrets cadeaux\"}]},{\"@type\":\"WebSite\",\"@id\":\"https:\/\/dev3.illycafe.ch\/dev3.illycafe.ch\/#website\",\"url\":\"https:\/\/dev3.illycafe.ch\/dev3.illycafe.ch\/\",\"name\":\"Illycaf\u00e9 | Premium Kaffee kaufen | Gastronomie, Firmen, Privat\",\"description\":\"Italienische Kaffeekultur. Schweizer Qualit\u00e4t.\",\"potentialAction\":[{\"@type\":\"SearchAction\",\"target\":{\"@type\":\"EntryPoint\",\"urlTemplate\":\"https:\/\/dev3.illycafe.ch\/dev3.illycafe.ch\/?s={search_term_string}\"},\"query-input\":{\"@type\":\"PropertyValueSpecification\",\"valueRequired\":true,\"valueName\":\"search_term_string\"}}],\"inLanguage\":\"fr-FR\"}]}<\/script>\n<!-- \/ Yoast SEO plugin. -->","yoast_head_json":{"title":"Coffrets cadeaux - Illycaf\u00e9 | Premium Kaffee kaufen | Gastronomie, Firmen, Privat","robots":{"index":"noindex","follow":"follow","max-snippet":"max-snippet:-1","max-image-preview":"max-image-preview:large","max-video-preview":"max-video-preview:-1"},"og_locale":"fr_FR","og_type":"article","og_title":"Coffrets cadeaux - Illycaf\u00e9 | Premium Kaffee kaufen | Gastronomie, Firmen, Privat","og_description":"[vc_row full_width=&#8221;stretch_row_content_no_spaces&#8221;][vc_column css=&#8221;.vc_custom_1725015184247{padding-top: 0px !important;}&#8221;][vc_single_image image=&#8221;186191&#8243; img_size=&#8221;full&#8221;][\/vc_column][\/vc_row][vc_row full_width=&#8221;stretch_row&#8221; css=&#8221;.vc_custom_1724839618079{margin-top: 0px !important;padding-top: 0px !important;background-color: #f6f0ec !important;}&#8221; el_class=&#8221;page-title&#8221;][vc_column width=&#8221;1\/6&#8243; css=&#8221;.vc_custom_1719386953532{margin-top: 0px !important;padding-top: 0px !important;}&#8221;][\/vc_column][vc_column width=&#8221;2\/3&#8243; css=&#8221;.vc_custom_1724841621568{margin-top: 0px !important;padding-top: 0px !important;}&#8221;][vc_empty_space height=&#8221;100px&#8221;][vc_column_text el_class=&#8221;titol-h2 brown&#8221;] COFFRETS CADEAUX [\/vc_column_text][vc_empty_space height=&#8221;20px&#8221;][vc_column_text el_class=&#8221;text-landing brown&#8221;] Offrez un cadeau de qualit\u00e9, jusque dans les moindres d\u00e9tails. Partagez l\u2019exp\u00e9rience de d\u00e9gustation d\u2019illy avec une touche d&#8217;excellence, adapt\u00e9e \u00e0 toutes les occasions [\/vc_column_text][vc_empty_space height=&#8221;100px&#8221;][\/vc_column][vc_column width=&#8221;1\/6&#8243;][\/vc_column][\/vc_row][vc_row full_width=&#8221;stretch_row_content&#8221; el_class=&#8221;menu-landings&#8221; css=&#8221;.vc_custom_1724840623820{margin-top: 0px !important;padding-top: 0px !important;padding-right: 50px [&hellip;]","og_url":"https:\/\/dev3.illycafe.ch\/fr\/cadeaux-et-accessoires\/coffrets-cadeaux\/","og_site_name":"Illycaf\u00e9 | Premium Kaffee kaufen | Gastronomie, Firmen, Privat","article_modified_time":"2025-04-11T09:39:59+00:00","twitter_card":"summary_large_image","twitter_misc":{"Dur\u00e9e de lecture estim\u00e9e":"3 minutes"},"schema":{"@context":"https:\/\/schema.org","@graph":[{"@type":"WebPage","@id":"https:\/\/dev3.illycafe.ch\/fr\/cadeaux-et-accessoires\/coffrets-cadeaux\/","url":"https:\/\/dev3.illycafe.ch\/fr\/cadeaux-et-accessoires\/coffrets-cadeaux\/","name":"Coffrets cadeaux - Illycaf\u00e9 | Premium Kaffee kaufen | Gastronomie, Firmen, Privat","isPartOf":{"@id":"https:\/\/dev3.illycafe.ch\/dev3.illycafe.ch\/#website"},"datePublished":"2024-09-12T08:19:31+00:00","dateModified":"2025-04-11T09:39:59+00:00","breadcrumb":{"@id":"https:\/\/dev3.illycafe.ch\/fr\/cadeaux-et-accessoires\/coffrets-cadeaux\/#breadcrumb"},"inLanguage":"fr-FR","potentialAction":[{"@type":"ReadAction","target":["https:\/\/dev3.illycafe.ch\/fr\/cadeaux-et-accessoires\/coffrets-cadeaux\/"]}]},{"@type":"BreadcrumbList","@id":"https:\/\/dev3.illycafe.ch\/fr\/cadeaux-et-accessoires\/coffrets-cadeaux\/#breadcrumb","itemListElement":[{"@type":"ListItem","position":1,"name":"Accueil","item":"https:\/\/dev3.illycafe.ch\/fr\/"},{"@type":"ListItem","position":2,"name":"Cadeaux et accessoires","item":"https:\/\/dev3.illycafe.ch\/dev3.illycafe.ch\/fr\/cadeaux-et-accessoires\/"},{"@type":"ListItem","position":3,"name":"Coffrets cadeaux"}]},{"@type":"WebSite","@id":"https:\/\/dev3.illycafe.ch\/dev3.illycafe.ch\/#website","url":"https:\/\/dev3.illycafe.ch\/dev3.illycafe.ch\/","name":"Illycaf\u00e9 | Premium Kaffee kaufen | Gastronomie, Firmen, Privat","description":"Italienische Kaffeekultur. Schweizer Qualit\u00e4t.","potentialAction":[{"@type":"SearchAction","target":{"@type":"EntryPoint","urlTemplate":"https:\/\/dev3.illycafe.ch\/dev3.illycafe.ch\/?s={search_term_string}"},"query-input":{"@type":"PropertyValueSpecification","valueRequired":true,"valueName":"search_term_string"}}],"inLanguage":"fr-FR"}]}},"_links":{"self":[{"href":"https:\/\/dev3.illycafe.ch\/fr\/wp-json\/wp\/v2\/pages\/186188","targetHints":{"allow":["GET"]}}],"collection":[{"href":"https:\/\/dev3.illycafe.ch\/fr\/wp-json\/wp\/v2\/pages"}],"about":[{"href":"https:\/\/dev3.illycafe.ch\/fr\/wp-json\/wp\/v2\/types\/page"}],"author":[{"embeddable":true,"href":"https:\/\/dev3.illycafe.ch\/fr\/wp-json\/wp\/v2\/users\/5358"}],"replies":[{"embeddable":true,"href":"https:\/\/dev3.illycafe.ch\/fr\/wp-json\/wp\/v2\/comments?post=186188"}],"version-history":[{"count":0,"href":"https:\/\/dev3.illycafe.ch\/fr\/wp-json\/wp\/v2\/pages\/186188\/revisions"}],"up":[{"embeddable":true,"href":"https:\/\/dev3.illycafe.ch\/fr\/wp-json\/wp\/v2\/pages\/186096"}],"wp:attachment":[{"href":"https:\/\/dev3.illycafe.ch\/fr\/wp-json\/wp\/v2\/media?parent=186188"}],"curies":[{"name":"wp","href":"https:\/\/api.w.org\/{rel}","templated":true}]}}