{"id":22970,"date":"2018-02-22T17:49:13","date_gmt":"2018-02-22T16:49:13","guid":{"rendered":"https:\/\/dev3.illycafe.ch\/impressum\/"},"modified":"2020-12-11T10:27:55","modified_gmt":"2020-12-11T09:27:55","slug":"mentions-legales","status":"publish","type":"page","link":"https:\/\/dev3.illycafe.ch\/fr\/mentions-legales\/","title":{"rendered":"Mentions l\u00e9gales"},"content":{"rendered":"<h4>Adresse de contact<\/h4>\n<p>Illycaf\u00e9 AG<br \/>\nWiesengrundstrasse 1<br \/>\n8800 Thalwil<br \/>\nSuisse<\/p>\n<p>E-Mail:\u00a0<a href=\"mailto:info@illycafe.ch\" target=\"_blank\" rel=\"noopener\">info@illycafe.ch<\/a><\/p>\n<p>&nbsp;<\/p>\n<h4>Personnes habilit\u00e9es \u00e0 repr\u00e9senter<\/h4>\n<p>Selon l&#8217;inscription actuelle au registre du commerce suisse.<\/p>\n<p>&nbsp;<\/p>\n<h4>Inscription au registre du commerce<\/h4>\n<p>D\u00e9nomination sociale : Illycaf\u00e9 AG<br \/>\nNum\u00e9ro de registre du commerce : CHE-101.190.145<\/p>\n<p>&nbsp;<\/p>\n<h4>Clause de non-responsabilit\u00e9<\/h4>\n<p>Illycaf\u00e9 AG d\u00e9cline toute responsabilit\u00e9 quant \u00e0 l&#8217;exactitude, la pr\u00e9cision, l&#8217;actualit\u00e9, la fiabilit\u00e9 et l&#8217;exhaustivit\u00e9 des informations fournies.<\/p>\n<p>Les actions de responsabilit\u00e9s contre Illycaf\u00e9 AG pour des dommages mat\u00e9riels ou immat\u00e9riels r\u00e9sultant de l&#8217;acc\u00e8s aux informations publi\u00e9es, de l&#8217;utilisation ou de la non-utilisation de celles-ci, d&#8217;une mauvaise utilisation de la connexion ou de d\u00e9fauts techniques sont exclues.<\/p>\n<p>Toutes les offres sont sans engagement. L&#8217;Illycaf\u00e9 AG se r\u00e9serve le droit de modifier, de compl\u00e9ter ou de supprimer tout ou partie des pages ou des offres ou de l&#8217;ensemble de la publication, y compris les offres et les informations, sans avis pr\u00e9alable.<\/p>\n<p>&nbsp;<\/p>\n<h4>Avis de non-responsabilit\u00e9 pour les liens<\/h4>\n<p>Les r\u00e9f\u00e9rences et les liens vers des sites web tiers ne rel\u00e8vent pas de notre responsabilit\u00e9. Nous d\u00e9clinons toute responsabilit\u00e9 concernant ces sites. L&#8217;acc\u00e8s et l&#8217;utilisation de ces sites web se font exclusivement aux risques et p\u00e9rils de l&#8217;utilisateur.<\/p>\n<p>&nbsp;<\/p>\n<h4>Copyright<\/h4>\n<p>Les droits d&#8217;auteur et tous les autres droits sur les contenus, images, photos ou autres fichiers de ce site appartiennent exclusivement \u00e0 Illycaf\u00e9 AG ou aux d\u00e9tenteurs de droits sp\u00e9cifiquement nomm\u00e9s. Pour la reproduction de tout \u00e9l\u00e9ment, le consentement \u00e9crit du d\u00e9tenteur des droits d&#8217;auteur doit \u00eatre obtenu au pr\u00e9alable.<\/p>\n<p>&nbsp;<\/p>\n<p>Source: <a href=\"https:\/\/www.swissanwalt.ch\/\" target=\"_blank\" rel=\"noopener\">SwissAnwalt<\/a> (en partie)<\/p>\n","protected":false},"excerpt":{"rendered":"<p>Adresse de contact Illycaf\u00e9 AG Wiesengrundstrasse 1 8800 Thalwil Suisse E-Mail:\u00a0info@illycafe.ch &nbsp; Personnes habilit\u00e9es \u00e0 repr\u00e9senter Selon l&#8217;inscription actuelle au registre du commerce suisse. &nbsp; Inscription au registre du commerce D\u00e9nomination sociale : Illycaf\u00e9 AG Num\u00e9ro de registre du commerce : CHE-101.190.145 &nbsp; Clause de non-responsabilit\u00e9 Illycaf\u00e9 AG d\u00e9cline toute responsabilit\u00e9 quant \u00e0 l&#8217;exactitude, la pr\u00e9cision, l&#8217;actualit\u00e9, la fiabilit\u00e9 et l&#8217;exhaustivit\u00e9 des informations fournies. Les actions de responsabilit\u00e9s contre Illycaf\u00e9 AG pour [&hellip;]<\/p>\n","protected":false},"author":3166,"featured_media":0,"parent":0,"menu_order":82,"comment_status":"closed","ping_status":"closed","template":"","meta":{"inline_featured_image":false,"footnotes":""},"class_list":["post-22970","page","type-page","status-publish","hentry"],"yoast_head":"<!-- This site is optimized with the Yoast SEO plugin v24.4 - https:\/\/yoast.com\/wordpress\/plugins\/seo\/ -->\n<title>Mentions l\u00e9gales - Illycaf\u00e9 | Premium Kaffee kaufen | Gastronomie, Firmen, Privat<\/title>\n<meta name=\"robots\" content=\"noindex, follow, max-snippet:-1, max-image-preview:large, max-video-preview:-1\" \/>\n<meta property=\"og:locale\" content=\"fr_FR\" \/>\n<meta property=\"og:type\" content=\"article\" \/>\n<meta property=\"og:title\" content=\"Mentions l\u00e9gales - Illycaf\u00e9 | Premium Kaffee kaufen | Gastronomie, Firmen, Privat\" \/>\n<meta property=\"og:description\" content=\"Adresse de contact Illycaf\u00e9 AG Wiesengrundstrasse 1 8800 Thalwil Suisse E-Mail:\u00a0info@illycafe.ch &nbsp; Personnes habilit\u00e9es \u00e0 repr\u00e9senter Selon l&#8217;inscription actuelle au registre du commerce suisse. &nbsp; Inscription au registre du commerce D\u00e9nomination sociale : Illycaf\u00e9 AG Num\u00e9ro de registre du commerce : CHE-101.190.145 &nbsp; Clause de non-responsabilit\u00e9 Illycaf\u00e9 AG d\u00e9cline toute responsabilit\u00e9 quant \u00e0 l&#8217;exactitude, la pr\u00e9cision, l&#8217;actualit\u00e9, la fiabilit\u00e9 et l&#8217;exhaustivit\u00e9 des informations fournies. Les actions de responsabilit\u00e9s contre Illycaf\u00e9 AG pour [&hellip;]\" \/>\n<meta property=\"og:url\" content=\"https:\/\/dev3.illycafe.ch\/dev3.illycafe.ch\/fr\/mentions-legales\/\" \/>\n<meta property=\"og:site_name\" content=\"Illycaf\u00e9 | Premium Kaffee kaufen | Gastronomie, Firmen, Privat\" \/>\n<meta property=\"article:modified_time\" content=\"2020-12-11T09:27:55+00:00\" \/>\n<meta name=\"twitter:card\" content=\"summary_large_image\" \/>\n<meta name=\"twitter:label1\" content=\"Dur\u00e9e de lecture estim\u00e9e\" \/>\n\t<meta name=\"twitter:data1\" content=\"1 minute\" \/>\n<script type=\"application\/ld+json\" class=\"yoast-schema-graph\">{\"@context\":\"https:\/\/schema.org\",\"@graph\":[{\"@type\":\"WebPage\",\"@id\":\"https:\/\/dev3.illycafe.ch\/dev3.illycafe.ch\/fr\/mentions-legales\/\",\"url\":\"https:\/\/dev3.illycafe.ch\/dev3.illycafe.ch\/fr\/mentions-legales\/\",\"name\":\"Mentions l\u00e9gales - Illycaf\u00e9 | Premium Kaffee kaufen | Gastronomie, Firmen, Privat\",\"isPartOf\":{\"@id\":\"https:\/\/dev3.illycafe.ch\/dev3.illycafe.ch\/#website\"},\"datePublished\":\"2018-02-22T16:49:13+00:00\",\"dateModified\":\"2020-12-11T09:27:55+00:00\",\"breadcrumb\":{\"@id\":\"https:\/\/dev3.illycafe.ch\/dev3.illycafe.ch\/fr\/mentions-legales\/#breadcrumb\"},\"inLanguage\":\"fr-FR\",\"potentialAction\":[{\"@type\":\"ReadAction\",\"target\":[\"https:\/\/dev3.illycafe.ch\/dev3.illycafe.ch\/fr\/mentions-legales\/\"]}]},{\"@type\":\"BreadcrumbList\",\"@id\":\"https:\/\/dev3.illycafe.ch\/dev3.illycafe.ch\/fr\/mentions-legales\/#breadcrumb\",\"itemListElement\":[{\"@type\":\"ListItem\",\"position\":1,\"name\":\"Accueil\",\"item\":\"https:\/\/dev3.illycafe.ch\/fr\/\"},{\"@type\":\"ListItem\",\"position\":2,\"name\":\"Mentions l\u00e9gales\"}]},{\"@type\":\"WebSite\",\"@id\":\"https:\/\/dev3.illycafe.ch\/dev3.illycafe.ch\/#website\",\"url\":\"https:\/\/dev3.illycafe.ch\/dev3.illycafe.ch\/\",\"name\":\"Illycaf\u00e9 | Premium Kaffee kaufen | Gastronomie, Firmen, Privat\",\"description\":\"Italienische Kaffeekultur. Schweizer Qualit\u00e4t.\",\"potentialAction\":[{\"@type\":\"SearchAction\",\"target\":{\"@type\":\"EntryPoint\",\"urlTemplate\":\"https:\/\/dev3.illycafe.ch\/dev3.illycafe.ch\/?s={search_term_string}\"},\"query-input\":{\"@type\":\"PropertyValueSpecification\",\"valueRequired\":true,\"valueName\":\"search_term_string\"}}],\"inLanguage\":\"fr-FR\"}]}<\/script>\n<!-- \/ Yoast SEO plugin. -->","yoast_head_json":{"title":"Mentions l\u00e9gales - Illycaf\u00e9 | Premium Kaffee kaufen | Gastronomie, Firmen, Privat","robots":{"index":"noindex","follow":"follow","max-snippet":"max-snippet:-1","max-image-preview":"max-image-preview:large","max-video-preview":"max-video-preview:-1"},"og_locale":"fr_FR","og_type":"article","og_title":"Mentions l\u00e9gales - Illycaf\u00e9 | Premium Kaffee kaufen | Gastronomie, Firmen, Privat","og_description":"Adresse de contact Illycaf\u00e9 AG Wiesengrundstrasse 1 8800 Thalwil Suisse E-Mail:\u00a0info@illycafe.ch &nbsp; Personnes habilit\u00e9es \u00e0 repr\u00e9senter Selon l&#8217;inscription actuelle au registre du commerce suisse. &nbsp; Inscription au registre du commerce D\u00e9nomination sociale : Illycaf\u00e9 AG Num\u00e9ro de registre du commerce : CHE-101.190.145 &nbsp; Clause de non-responsabilit\u00e9 Illycaf\u00e9 AG d\u00e9cline toute responsabilit\u00e9 quant \u00e0 l&#8217;exactitude, la pr\u00e9cision, l&#8217;actualit\u00e9, la fiabilit\u00e9 et l&#8217;exhaustivit\u00e9 des informations fournies. Les actions de responsabilit\u00e9s contre Illycaf\u00e9 AG pour [&hellip;]","og_url":"https:\/\/dev3.illycafe.ch\/dev3.illycafe.ch\/fr\/mentions-legales\/","og_site_name":"Illycaf\u00e9 | Premium Kaffee kaufen | Gastronomie, Firmen, Privat","article_modified_time":"2020-12-11T09:27:55+00:00","twitter_card":"summary_large_image","twitter_misc":{"Dur\u00e9e de lecture estim\u00e9e":"1 minute"},"schema":{"@context":"https:\/\/schema.org","@graph":[{"@type":"WebPage","@id":"https:\/\/dev3.illycafe.ch\/dev3.illycafe.ch\/fr\/mentions-legales\/","url":"https:\/\/dev3.illycafe.ch\/dev3.illycafe.ch\/fr\/mentions-legales\/","name":"Mentions l\u00e9gales - Illycaf\u00e9 | Premium Kaffee kaufen | Gastronomie, Firmen, Privat","isPartOf":{"@id":"https:\/\/dev3.illycafe.ch\/dev3.illycafe.ch\/#website"},"datePublished":"2018-02-22T16:49:13+00:00","dateModified":"2020-12-11T09:27:55+00:00","breadcrumb":{"@id":"https:\/\/dev3.illycafe.ch\/dev3.illycafe.ch\/fr\/mentions-legales\/#breadcrumb"},"inLanguage":"fr-FR","potentialAction":[{"@type":"ReadAction","target":["https:\/\/dev3.illycafe.ch\/dev3.illycafe.ch\/fr\/mentions-legales\/"]}]},{"@type":"BreadcrumbList","@id":"https:\/\/dev3.illycafe.ch\/dev3.illycafe.ch\/fr\/mentions-legales\/#breadcrumb","itemListElement":[{"@type":"ListItem","position":1,"name":"Accueil","item":"https:\/\/dev3.illycafe.ch\/fr\/"},{"@type":"ListItem","position":2,"name":"Mentions l\u00e9gales"}]},{"@type":"WebSite","@id":"https:\/\/dev3.illycafe.ch\/dev3.illycafe.ch\/#website","url":"https:\/\/dev3.illycafe.ch\/dev3.illycafe.ch\/","name":"Illycaf\u00e9 | Premium Kaffee kaufen | Gastronomie, Firmen, Privat","description":"Italienische Kaffeekultur. Schweizer Qualit\u00e4t.","potentialAction":[{"@type":"SearchAction","target":{"@type":"EntryPoint","urlTemplate":"https:\/\/dev3.illycafe.ch\/dev3.illycafe.ch\/?s={search_term_string}"},"query-input":{"@type":"PropertyValueSpecification","valueRequired":true,"valueName":"search_term_string"}}],"inLanguage":"fr-FR"}]}},"_links":{"self":[{"href":"https:\/\/dev3.illycafe.ch\/fr\/wp-json\/wp\/v2\/pages\/22970","targetHints":{"allow":["GET"]}}],"collection":[{"href":"https:\/\/dev3.illycafe.ch\/fr\/wp-json\/wp\/v2\/pages"}],"about":[{"href":"https:\/\/dev3.illycafe.ch\/fr\/wp-json\/wp\/v2\/types\/page"}],"author":[{"embeddable":true,"href":"https:\/\/dev3.illycafe.ch\/fr\/wp-json\/wp\/v2\/users\/3166"}],"replies":[{"embeddable":true,"href":"https:\/\/dev3.illycafe.ch\/fr\/wp-json\/wp\/v2\/comments?post=22970"}],"version-history":[{"count":0,"href":"https:\/\/dev3.illycafe.ch\/fr\/wp-json\/wp\/v2\/pages\/22970\/revisions"}],"wp:attachment":[{"href":"https:\/\/dev3.illycafe.ch\/fr\/wp-json\/wp\/v2\/media?parent=22970"}],"curies":[{"name":"wp","href":"https:\/\/api.w.org\/{rel}","templated":true}]}}