{"id":23161,"date":"2020-08-21T11:27:08","date_gmt":"2020-08-21T09:27:08","guid":{"rendered":"https:\/\/dev3.illycafe.ch\/engagement\/"},"modified":"2025-04-03T11:40:12","modified_gmt":"2025-04-03T09:40:12","slug":"engagement","status":"publish","type":"page","link":"https:\/\/dev3.illycafe.ch\/fr\/engagement\/","title":{"rendered":"Engagement"},"content":{"rendered":"<section class=\"wpb-content-wrapper\"><p>[vc_row row_content_width=&#8221;grid&#8221; content_text_aligment=&#8221;center&#8221; css=&#8221;.vc_custom_1610376746262{padding-bottom: 40px !important;}&#8221;][vc_column width=&#8221;5\/6&#8243; offset=&#8221;vc_col-lg-offset-3 vc_col-lg-6 vc_col-md-offset-2 vc_col-md-8 vc_col-sm-offset-1 vc_col-xs-12&#8243;][vc_single_image image=&#8221;21043&#8243; img_size=&#8221;full&#8221; alignment=&#8221;center&#8221;]<div class=\"eltdf-section-title-holder  \" style=\"text-align: center\">\n\t<div class=\"eltdf-st-inner\">\n\t\t\t\t\t<h2 class=\"eltdf-st-title\" >\n\t\t\t\tQualit\u00e9 sans concession\t\t\t<\/h2>\n\t\t\t\t\t<\/div>\n<\/div>[vc_column_text]Illycaf\u00e9 s\u2019engage pour le commerce \u00e9quitable au niveau mondial. Nous sommes ainsi partenaires des organisations suivantes:[\/vc_column_text][\/vc_column][\/vc_row][vc_row row_content_width=&#8221;grid&#8221; css=&#8221;.vc_custom_1610376754086{padding-bottom: 40px !important;}&#8221;][vc_column width=&#8221;1\/3&#8243; css=&#8221;.vc_custom_1607679468536{padding-bottom: 80px !important;}&#8221;]<div class=\"eltdf-iwt clearfix  eltdf-iwt-icon-top eltdf-iwt-icon-medium \">\n\t<div class=\"eltdf-iwt-icon\">\n\t\t\t\t\t\t\t\t\t<span class=\"eltdf-iwt-custom-icon\">\n\t\t\t\t\t<img loading=\"lazy\" decoding=\"async\" width=\"120\" height=\"137\" src=\"https:\/\/dev3.illycafe.ch\/wp-content\/uploads\/Logo_Kosher_w.jpg\" class=\"attachment-full size-full\" alt=\"Illycaf\u00e9 Logo Kosher\" \/>\t\t\t\t\t\t\t\t\t<\/span>\n\t\t\t\t\t\t<\/div>\n\t<div class=\"eltdf-iwt-content\" >\n\t\t\t\t\t<h5 class=\"eltdf-iwt-title\" >\n\t\t\t\t\t\t\t\t<span class=\"eltdf-iwt-title-text\">Casher<\/span>\n\t\t\t\t\t\t\t<\/h5>\n\t\t\t\t\t\t\t<p class=\"eltdf-iwt-text\" >Tous les vari\u00e9t\u00e9s de caf\u00e9 Illycaf\u00e9 r\u00e9pondent \u00e0 des directives strictes et peuvent \u00eatre qualifi\u00e9s de casher.<\/p>\n\t\t\t<\/div>\n<\/div>[\/vc_column][vc_column width=&#8221;1\/3&#8243; css=&#8221;.vc_custom_1607679475401{padding-bottom: 80px !important;}&#8221;]<div class=\"eltdf-iwt clearfix  eltdf-iwt-icon-top eltdf-iwt-icon-small \">\n\t<div class=\"eltdf-iwt-icon\">\n\t\t\t\t\t<a itemprop=\"url\" href=\"https:\/\/www.maxhavelaar.ch\/fr.html\" target=\"_blank\">\n\t\t\t\t\t\t\t\t\t<span class=\"eltdf-iwt-custom-icon\">\n\t\t\t\t\t<img loading=\"lazy\" decoding=\"async\" width=\"120\" height=\"120\" src=\"https:\/\/dev3.illycafe.ch\/wp-content\/uploads\/logo_fairtrade-max-havelaar-3.png\" class=\"attachment-full size-full\" alt=\"Logo Max Havelaar Fair Trade\" srcset=\"https:\/\/dev3.illycafe.ch\/wp-content\/uploads\/logo_fairtrade-max-havelaar-3.png 120w, https:\/\/dev3.illycafe.ch\/wp-content\/uploads\/logo_fairtrade-max-havelaar-3-100x100.png 100w\" sizes=\"auto, (max-width: 120px) 100vw, 120px\" \/>\t\t\t\t\t\t\t\t\t<\/span>\n\t\t\t\t\t\t\t\t<\/a>\n\t\t\t<\/div>\n\t<div class=\"eltdf-iwt-content\" >\n\t\t\t\t\t<h5 class=\"eltdf-iwt-title\" style=\"margin-top: -7px\">\n\t\t\t\t\t\t\t\t\t<a itemprop=\"url\" href=\"https:\/\/www.maxhavelaar.ch\/fr.html\" target=\"_blank\">\n\t\t\t\t\t\t\t\t<span class=\"eltdf-iwt-title-text\">Max Havelaar<\/span>\n\t\t\t\t\t\t\t\t\t<\/a>\n\t\t\t\t\t\t\t<\/h5>\n\t\t\t\t\t<\/div>\n<\/div>[vc_column_text]<\/p>\n<p style=\"text-align: center;\">La Fondation Max Havelaar (Suisse) d\u00e9cerne ses labels de qualit\u00e9 aux produits issus du commerce \u00e9quitable. L\u2019organisation promeut le commerce \u00e9quitable avec les producteurs et les travailleuses et travailleurs de r\u00e9gions d\u00e9favoris\u00e9es. Illycaf\u00e9 soutient la Fondation avec les produits <a href=\"https:\/\/illycafe.ch\/fr\/produit\/max-havelaar-milano\/\">Max Havelaar Milano<\/a> et <a href=\"https:\/\/illycafe.ch\/fr\/produit\/max-havelaar-venezia\/\">Max Havelaar Venezia<\/a>. Une s\u00e9lection des meilleures vari\u00e9t\u00e9s de caf\u00e9 d\u2019Am\u00e9rique centrale, d\u2019Am\u00e9rique du Sud et d\u2019Afrique de l\u2019Est. Une partie des recettes est ensuite revers\u00e9e \u00e0 des projets de d\u00e9veloppement locaux par le biais de la fondation.<\/p>\n<p>[\/vc_column_text][\/vc_column][vc_column width=&#8221;1\/3&#8243;]<div class=\"eltdf-iwt clearfix  eltdf-iwt-icon-top eltdf-iwt-icon-small \">\n\t<div class=\"eltdf-iwt-icon\">\n\t\t\t\t\t<a itemprop=\"url\" href=\"https:\/\/swisssca.ch\/?lang=fr\" target=\"_blank\">\n\t\t\t\t\t\t\t\t\t<span class=\"eltdf-iwt-custom-icon\">\n\t\t\t\t\t<img loading=\"lazy\" decoding=\"async\" width=\"120\" height=\"120\" src=\"https:\/\/dev3.illycafe.ch\/wp-content\/uploads\/logo_specialty_coffee_association_switzerland-1-1.jpg\" class=\"attachment-full size-full\" alt=\"Logo Specialty Coffee Asscociation Switzerland\" srcset=\"https:\/\/dev3.illycafe.ch\/wp-content\/uploads\/logo_specialty_coffee_association_switzerland-1-1.jpg 120w, https:\/\/dev3.illycafe.ch\/wp-content\/uploads\/logo_specialty_coffee_association_switzerland-1-1-100x100.jpg 100w\" sizes=\"auto, (max-width: 120px) 100vw, 120px\" \/>\t\t\t\t\t\t\t\t\t<\/span>\n\t\t\t\t\t\t\t\t<\/a>\n\t\t\t<\/div>\n\t<div class=\"eltdf-iwt-content\" >\n\t\t\t\t\t<h5 class=\"eltdf-iwt-title\" style=\"margin-top: -7px\">\n\t\t\t\t\t\t\t\t\t<a itemprop=\"url\" href=\"https:\/\/swisssca.ch\/?lang=fr\" target=\"_blank\">\n\t\t\t\t\t\t\t\t<span class=\"eltdf-iwt-title-text\">Specialty Coffee Association (SCA) Switzerland<\/span>\n\t\t\t\t\t\t\t\t\t<\/a>\n\t\t\t\t\t\t\t<\/h5>\n\t\t\t\t\t\t\t<p class=\"eltdf-iwt-text\" >La SCA s\u2019engage en faveur d\u2019une consommation responsable de caf\u00e9 et de la grande qualit\u00e9 du caf\u00e9 en Suisse. Le caf\u00e9 \u00abspecialty coffee\u00bb est ici synonyme de caf\u00e9 haut de gamme, c\u2019est-\u00e0-dire au go\u00fbt unique et cultiv\u00e9 dans les meilleures conditions.<\/p>\n\t\t\t<\/div>\n<\/div>[\/vc_column][\/vc_row][vc_row disable_element=&#8221;yes&#8221; row_content_width=&#8221;grid&#8221; content_text_aligment=&#8221;center&#8221; css=&#8221;.vc_custom_1743673205218{padding-bottom: 40px !important;}&#8221; el_class=&#8221;dis-none&#8221;][vc_column width=&#8221;5\/6&#8243; offset=&#8221;vc_col-lg-offset-3 vc_col-lg-6 vc_col-md-offset-2 vc_col-md-8 vc_col-sm-offset-1 vc_col-xs-12&#8243;]<div class=\"eltdf-iwt clearfix  eltdf-iwt-icon-top eltdf-iwt-icon-small \">\n\t<div class=\"eltdf-iwt-icon\">\n\t\t\t\t\t<a itemprop=\"url\" href=\"https:\/\/www.rainforest-alliance.org\/fr\/\" target=\"_blank\">\n\t\t\t\t\t\t\t\t\t<span class=\"eltdf-iwt-custom-icon\">\n\t\t\t\t\t<img loading=\"lazy\" decoding=\"async\" width=\"120\" height=\"120\" src=\"https:\/\/dev3.illycafe.ch\/wp-content\/uploads\/rainforest-alliance-120x120-1.png\" class=\"attachment-full size-full\" alt=\"\" srcset=\"https:\/\/dev3.illycafe.ch\/wp-content\/uploads\/rainforest-alliance-120x120-1.png 120w, https:\/\/dev3.illycafe.ch\/wp-content\/uploads\/rainforest-alliance-120x120-1-100x100.png 100w\" sizes=\"auto, (max-width: 120px) 100vw, 120px\" \/>\t\t\t\t\t\t\t\t\t<\/span>\n\t\t\t\t\t\t\t\t<\/a>\n\t\t\t<\/div>\n\t<div class=\"eltdf-iwt-content\" >\n\t\t\t\t\t<h5 class=\"eltdf-iwt-title\" style=\"margin-top: -7px\">\n\t\t\t\t\t\t\t\t\t<a itemprop=\"url\" href=\"https:\/\/www.rainforest-alliance.org\/fr\/\" target=\"_blank\">\n\t\t\t\t\t\t\t\t<span class=\"eltdf-iwt-title-text\">Rainforest Alliance<\/span>\n\t\t\t\t\t\t\t\t\t<\/a>\n\t\t\t\t\t\t\t<\/h5>\n\t\t\t\t\t\t\t<p class=\"eltdf-iwt-text\" >Depuis 2002, l\u2019organisation \u00e0 but non lucratif UTZ s\u2019engage avec succ\u00e8s pour une production durable et socialement responsable du caf\u00e9, du th\u00e9 et du cacao. UTZ pose des exigences \u00e9lev\u00e9es aux agriculteurs et aux fabricants. Ces derni\u00e8res ne concernent pas seulement des techniques agricoles durables, mais aussi des conditions de travail \u00e9quitables. Illycaf\u00e9 a \u00e9t\u00e9 l\u2019une des premi\u00e8res entreprises de torr\u00e9faction suisses \u00e0 collaborer avec UTZ.<\/p>\n\t\t\t<\/div>\n<\/div>[\/vc_column][\/vc_row][vc_row row_content_width=&#8221;grid&#8221; disable_background_image=&#8221;&#8221; simple_background_image=&#8221;21399&#8243; css=&#8221;.vc_custom_1599587349038{margin-top: 30px !important;padding-top: 30px !important;padding-bottom: 30px !important;background-image;background-position: center center;: url(https:\/\/illycafe.ch\/wp-content\/uploads\/revslider\/landing-bakcground-img-1.jpg?id=21399) !important;}&#8221; el_class=&#8221;call-action-box&#8221;][vc_column offset=&#8221;vc_col-lg-11 vc_col-md-12 vc_col-xs-12&#8243;]<div class=\"eltdf-call-to-action-holder  eltdf-normal-layout  eltdf-three-quarters-columns\">\n\t<div class=\"eltdf-cta-inner \">\n\t\t<div class=\"eltdf-cta-text-holder\">\n\t\t\t<div class=\"eltdf-cta-text\">\n<h5 style=\"text-align: right;\">Des questions sur nos engagements? Nous nous tenons volontiers \u00e0 votre disposition.<\/h5>\n<\/div>\n\t\t<\/div>\n\t\t<div class=\"eltdf-cta-button-holder\" >\n\t\t\t<div class=\"eltdf-cta-button\"><a itemprop=\"url\" href=\"\/fr\/contact\/\" target=\"_self\" style=\"color: #ffffff;background-color: #be9c79\" class=\"eltdf-btn eltdf-btn-medium eltdf-btn-solid eltdf-btn-custom-hover-color eltdf-btn-dash\" data-hover-color=\"#ffffff\" >    <span class=\"eltdf-btn-text\">Contact<\/span>\t<\/a><\/div>\n\t\t<\/div>\n\t<\/div>\n<\/div>[\/vc_column][\/vc_row]<\/p>\n<\/section>","protected":false},"excerpt":{"rendered":"<p>[vc_row row_content_width=&#8221;grid&#8221; content_text_aligment=&#8221;center&#8221; css=&#8221;.vc_custom_1610376746262{padding-bottom: 40px !important;}&#8221;][vc_column width=&#8221;5\/6&#8243; offset=&#8221;vc_col-lg-offset-3 vc_col-lg-6 vc_col-md-offset-2 vc_col-md-8 vc_col-sm-offset-1 vc_col-xs-12&#8243;][vc_single_image image=&#8221;21043&#8243; img_size=&#8221;full&#8221; alignment=&#8221;center&#8221;][vc_column_text]Illycaf\u00e9 s\u2019engage pour le commerce \u00e9quitable au niveau mondial. Nous sommes ainsi partenaires des organisations suivantes:[\/vc_column_text][\/vc_column][\/vc_row][vc_row row_content_width=&#8221;grid&#8221; css=&#8221;.vc_custom_1610376754086{padding-bottom: 40px !important;}&#8221;][vc_column width=&#8221;1\/3&#8243; css=&#8221;.vc_custom_1607679468536{padding-bottom: 80px !important;}&#8221;][\/vc_column][vc_column width=&#8221;1\/3&#8243; css=&#8221;.vc_custom_1607679475401{padding-bottom: 80px !important;}&#8221;][vc_column_text] La Fondation Max Havelaar (Suisse) d\u00e9cerne ses labels de qualit\u00e9 aux produits issus du commerce \u00e9quitable. L\u2019organisation promeut le commerce \u00e9quitable avec les producteurs et les travailleuses et travailleurs [&hellip;]<\/p>\n","protected":false},"author":3165,"featured_media":0,"parent":0,"menu_order":23,"comment_status":"closed","ping_status":"closed","template":"full-width.php","meta":{"inline_featured_image":false,"footnotes":""},"class_list":["post-23161","page","type-page","status-publish","hentry"],"yoast_head":"<!-- This site is optimized with the Yoast SEO plugin v24.4 - https:\/\/yoast.com\/wordpress\/plugins\/seo\/ -->\n<title>Engagement - Illycaf\u00e9 | Premium Kaffee kaufen | Gastronomie, Firmen, Privat<\/title>\n<meta name=\"robots\" content=\"noindex, follow, max-snippet:-1, max-image-preview:large, max-video-preview:-1\" \/>\n<meta property=\"og:locale\" content=\"fr_FR\" \/>\n<meta property=\"og:type\" content=\"article\" \/>\n<meta property=\"og:title\" content=\"Engagement - Illycaf\u00e9 | Premium Kaffee kaufen | Gastronomie, Firmen, Privat\" \/>\n<meta property=\"og:description\" content=\"[vc_row row_content_width=&#8221;grid&#8221; content_text_aligment=&#8221;center&#8221; css=&#8221;.vc_custom_1610376746262{padding-bottom: 40px !important;}&#8221;][vc_column width=&#8221;5\/6&#8243; offset=&#8221;vc_col-lg-offset-3 vc_col-lg-6 vc_col-md-offset-2 vc_col-md-8 vc_col-sm-offset-1 vc_col-xs-12&#8243;][vc_single_image image=&#8221;21043&#8243; img_size=&#8221;full&#8221; alignment=&#8221;center&#8221;][vc_column_text]Illycaf\u00e9 s\u2019engage pour le commerce \u00e9quitable au niveau mondial. Nous sommes ainsi partenaires des organisations suivantes:[\/vc_column_text][\/vc_column][\/vc_row][vc_row row_content_width=&#8221;grid&#8221; css=&#8221;.vc_custom_1610376754086{padding-bottom: 40px !important;}&#8221;][vc_column width=&#8221;1\/3&#8243; css=&#8221;.vc_custom_1607679468536{padding-bottom: 80px !important;}&#8221;][\/vc_column][vc_column width=&#8221;1\/3&#8243; css=&#8221;.vc_custom_1607679475401{padding-bottom: 80px !important;}&#8221;][vc_column_text] La Fondation Max Havelaar (Suisse) d\u00e9cerne ses labels de qualit\u00e9 aux produits issus du commerce \u00e9quitable. L\u2019organisation promeut le commerce \u00e9quitable avec les producteurs et les travailleuses et travailleurs [&hellip;]\" \/>\n<meta property=\"og:url\" content=\"https:\/\/dev3.illycafe.ch\/fr\/engagement\/\" \/>\n<meta property=\"og:site_name\" content=\"Illycaf\u00e9 | Premium Kaffee kaufen | Gastronomie, Firmen, Privat\" \/>\n<meta property=\"article:modified_time\" content=\"2025-04-03T09:40:12+00:00\" \/>\n<meta name=\"twitter:card\" content=\"summary_large_image\" \/>\n<meta name=\"twitter:label1\" content=\"Dur\u00e9e de lecture estim\u00e9e\" \/>\n\t<meta name=\"twitter:data1\" content=\"2 minutes\" \/>\n<script type=\"application\/ld+json\" class=\"yoast-schema-graph\">{\"@context\":\"https:\/\/schema.org\",\"@graph\":[{\"@type\":\"WebPage\",\"@id\":\"https:\/\/dev3.illycafe.ch\/fr\/engagement\/\",\"url\":\"https:\/\/dev3.illycafe.ch\/fr\/engagement\/\",\"name\":\"Engagement - Illycaf\u00e9 | Premium Kaffee kaufen | Gastronomie, Firmen, Privat\",\"isPartOf\":{\"@id\":\"https:\/\/dev3.illycafe.ch\/dev3.illycafe.ch\/#website\"},\"datePublished\":\"2020-08-21T09:27:08+00:00\",\"dateModified\":\"2025-04-03T09:40:12+00:00\",\"breadcrumb\":{\"@id\":\"https:\/\/dev3.illycafe.ch\/fr\/engagement\/#breadcrumb\"},\"inLanguage\":\"fr-FR\",\"potentialAction\":[{\"@type\":\"ReadAction\",\"target\":[\"https:\/\/dev3.illycafe.ch\/fr\/engagement\/\"]}]},{\"@type\":\"BreadcrumbList\",\"@id\":\"https:\/\/dev3.illycafe.ch\/fr\/engagement\/#breadcrumb\",\"itemListElement\":[{\"@type\":\"ListItem\",\"position\":1,\"name\":\"Accueil\",\"item\":\"https:\/\/dev3.illycafe.ch\/fr\/\"},{\"@type\":\"ListItem\",\"position\":2,\"name\":\"Engagement\"}]},{\"@type\":\"WebSite\",\"@id\":\"https:\/\/dev3.illycafe.ch\/dev3.illycafe.ch\/#website\",\"url\":\"https:\/\/dev3.illycafe.ch\/dev3.illycafe.ch\/\",\"name\":\"Illycaf\u00e9 | Premium Kaffee kaufen | Gastronomie, Firmen, Privat\",\"description\":\"Italienische Kaffeekultur. Schweizer Qualit\u00e4t.\",\"potentialAction\":[{\"@type\":\"SearchAction\",\"target\":{\"@type\":\"EntryPoint\",\"urlTemplate\":\"https:\/\/dev3.illycafe.ch\/dev3.illycafe.ch\/?s={search_term_string}\"},\"query-input\":{\"@type\":\"PropertyValueSpecification\",\"valueRequired\":true,\"valueName\":\"search_term_string\"}}],\"inLanguage\":\"fr-FR\"}]}<\/script>\n<!-- \/ Yoast SEO plugin. -->","yoast_head_json":{"title":"Engagement - Illycaf\u00e9 | Premium Kaffee kaufen | Gastronomie, Firmen, Privat","robots":{"index":"noindex","follow":"follow","max-snippet":"max-snippet:-1","max-image-preview":"max-image-preview:large","max-video-preview":"max-video-preview:-1"},"og_locale":"fr_FR","og_type":"article","og_title":"Engagement - Illycaf\u00e9 | Premium Kaffee kaufen | Gastronomie, Firmen, Privat","og_description":"[vc_row row_content_width=&#8221;grid&#8221; content_text_aligment=&#8221;center&#8221; css=&#8221;.vc_custom_1610376746262{padding-bottom: 40px !important;}&#8221;][vc_column width=&#8221;5\/6&#8243; offset=&#8221;vc_col-lg-offset-3 vc_col-lg-6 vc_col-md-offset-2 vc_col-md-8 vc_col-sm-offset-1 vc_col-xs-12&#8243;][vc_single_image image=&#8221;21043&#8243; img_size=&#8221;full&#8221; alignment=&#8221;center&#8221;][vc_column_text]Illycaf\u00e9 s\u2019engage pour le commerce \u00e9quitable au niveau mondial. Nous sommes ainsi partenaires des organisations suivantes:[\/vc_column_text][\/vc_column][\/vc_row][vc_row row_content_width=&#8221;grid&#8221; css=&#8221;.vc_custom_1610376754086{padding-bottom: 40px !important;}&#8221;][vc_column width=&#8221;1\/3&#8243; css=&#8221;.vc_custom_1607679468536{padding-bottom: 80px !important;}&#8221;][\/vc_column][vc_column width=&#8221;1\/3&#8243; css=&#8221;.vc_custom_1607679475401{padding-bottom: 80px !important;}&#8221;][vc_column_text] La Fondation Max Havelaar (Suisse) d\u00e9cerne ses labels de qualit\u00e9 aux produits issus du commerce \u00e9quitable. L\u2019organisation promeut le commerce \u00e9quitable avec les producteurs et les travailleuses et travailleurs [&hellip;]","og_url":"https:\/\/dev3.illycafe.ch\/fr\/engagement\/","og_site_name":"Illycaf\u00e9 | Premium Kaffee kaufen | Gastronomie, Firmen, Privat","article_modified_time":"2025-04-03T09:40:12+00:00","twitter_card":"summary_large_image","twitter_misc":{"Dur\u00e9e de lecture estim\u00e9e":"2 minutes"},"schema":{"@context":"https:\/\/schema.org","@graph":[{"@type":"WebPage","@id":"https:\/\/dev3.illycafe.ch\/fr\/engagement\/","url":"https:\/\/dev3.illycafe.ch\/fr\/engagement\/","name":"Engagement - Illycaf\u00e9 | Premium Kaffee kaufen | Gastronomie, Firmen, Privat","isPartOf":{"@id":"https:\/\/dev3.illycafe.ch\/dev3.illycafe.ch\/#website"},"datePublished":"2020-08-21T09:27:08+00:00","dateModified":"2025-04-03T09:40:12+00:00","breadcrumb":{"@id":"https:\/\/dev3.illycafe.ch\/fr\/engagement\/#breadcrumb"},"inLanguage":"fr-FR","potentialAction":[{"@type":"ReadAction","target":["https:\/\/dev3.illycafe.ch\/fr\/engagement\/"]}]},{"@type":"BreadcrumbList","@id":"https:\/\/dev3.illycafe.ch\/fr\/engagement\/#breadcrumb","itemListElement":[{"@type":"ListItem","position":1,"name":"Accueil","item":"https:\/\/dev3.illycafe.ch\/fr\/"},{"@type":"ListItem","position":2,"name":"Engagement"}]},{"@type":"WebSite","@id":"https:\/\/dev3.illycafe.ch\/dev3.illycafe.ch\/#website","url":"https:\/\/dev3.illycafe.ch\/dev3.illycafe.ch\/","name":"Illycaf\u00e9 | Premium Kaffee kaufen | Gastronomie, Firmen, Privat","description":"Italienische Kaffeekultur. Schweizer Qualit\u00e4t.","potentialAction":[{"@type":"SearchAction","target":{"@type":"EntryPoint","urlTemplate":"https:\/\/dev3.illycafe.ch\/dev3.illycafe.ch\/?s={search_term_string}"},"query-input":{"@type":"PropertyValueSpecification","valueRequired":true,"valueName":"search_term_string"}}],"inLanguage":"fr-FR"}]}},"_links":{"self":[{"href":"https:\/\/dev3.illycafe.ch\/fr\/wp-json\/wp\/v2\/pages\/23161","targetHints":{"allow":["GET"]}}],"collection":[{"href":"https:\/\/dev3.illycafe.ch\/fr\/wp-json\/wp\/v2\/pages"}],"about":[{"href":"https:\/\/dev3.illycafe.ch\/fr\/wp-json\/wp\/v2\/types\/page"}],"author":[{"embeddable":true,"href":"https:\/\/dev3.illycafe.ch\/fr\/wp-json\/wp\/v2\/users\/3165"}],"replies":[{"embeddable":true,"href":"https:\/\/dev3.illycafe.ch\/fr\/wp-json\/wp\/v2\/comments?post=23161"}],"version-history":[{"count":0,"href":"https:\/\/dev3.illycafe.ch\/fr\/wp-json\/wp\/v2\/pages\/23161\/revisions"}],"wp:attachment":[{"href":"https:\/\/dev3.illycafe.ch\/fr\/wp-json\/wp\/v2\/media?parent=23161"}],"curies":[{"name":"wp","href":"https:\/\/api.w.org\/{rel}","templated":true}]}}