{"id":219588,"date":"2025-02-06T10:25:29","date_gmt":"2025-02-06T09:25:30","guid":{"rendered":"https:\/\/dev3.illycafe.ch\/produkt\/carton-doses-gourmet-venezia-100\/"},"modified":"2025-09-14T14:54:46","modified_gmt":"2025-09-14T12:54:46","slug":"carton-doses-gourmet-venezia-100","status":"publish","type":"product","link":"https:\/\/dev3.illycafe.ch\/fr\/produit\/carton-doses-gourmet-venezia-100\/","title":{"rendered":"pove100"},"content":{"rendered":"<div class='html translation-block'>\n<p>\n      <span align=\"start\" style=\"letter-spacing:normal;text-indent:0px;text-transform:none\"><font face=\"Open Sans, sans-serif\" size=\"18px\">Doux<br \/>\n      de caract\u00e8re, fort de go\u00fbt, tels sont les points forts de Gourmet<br \/>\n      Venezia. Gr\u00e2ce \u00e0 sa torr\u00e9faction claire, cet assemblage raffin\u00e9 est tout<br \/>\n      en harmonie et en fra\u00eecheur. Une acidit\u00e9 d\u00e9licate, des notes de fruits,<br \/>\n      de biscuit et de cacao viennent apporter la touche finale \u00e0 son bouquet. <\/font><\/span>\n    <\/p>\n<p>\n      <strong style=\"background-position: center center;background-repeat:repeat;background-attachment:scroll;border-top-style:none;border-top-width:0px;border-right-style:none;border-right-width:0px;border-bottom-style:none;border-bottom-width:0px;border-left-style:none;border-left-width:0px;margin-top:0px;margin-right:0px;margin-bottom:0px;margin-left:0px;padding-top:0px;padding-right:0px;padding-bottom:0px;padding-left:0px;letter-spacing:normal;text-indent:0px;text-transform:none\"><b><font face=\"Open Sans, sans-serif\" size=\"18px\">Provenances<\/font><\/b><\/strong><font face=\"Open Sans, sans-serif\" size=\"18px\"><br style=\"letter-spacing:normal;text-indent:0px;text-transform:none\" \/><span align=\"start\" style=\"letter-spacing:normal;text-indent:0px;text-transform:none\">Br\u00e9sil,<br \/>\n      Guatemala, Afrique de l\u2019Est, Inde<\/span><\/font>\n    <\/p>\n<\/p><\/div>\n","protected":false},"excerpt":{"rendered":"<p>Carton doses Gourmet Venezia 100<\/p>\n","protected":false},"featured_media":222023,"comment_status":"open","ping_status":"closed","template":"","meta":{"inline_featured_image":false},"product_brand":[],"product_cat":[1497,1562],"product_tag":[],"class_list":{"0":"post-219588","1":"product","2":"type-product","3":"status-publish","4":"has-post-thumbnail","6":"product_cat-pads-2","7":"product_cat-shop-ch-2","9":"first","10":"instock","11":"taxable","12":"shipping-taxable","13":"purchasable","14":"product-type-simple"},"group_of_quantity":0,"min_quantity":0,"max_quantity":"","exclude_order_quantity_value_rules":"no","exclude_category_quantity_rules":"no","combine_variations":"no","yoast_head":"<!-- This site is optimized with the Yoast SEO plugin v24.4 - https:\/\/yoast.com\/wordpress\/plugins\/seo\/ -->\n<title>pove100 - Illycaf\u00e9 | Premium Kaffee kaufen | Gastronomie, Firmen, Privat<\/title>\n<meta name=\"robots\" content=\"noindex, follow, max-snippet:-1, max-image-preview:large, max-video-preview:-1\" \/>\n<meta property=\"og:locale\" content=\"fr_FR\" \/>\n<meta property=\"og:type\" content=\"article\" \/>\n<meta property=\"og:title\" content=\"pove100 - Illycaf\u00e9 | Premium Kaffee kaufen | Gastronomie, Firmen, Privat\" \/>\n<meta property=\"og:description\" content=\"Carton doses Gourmet Venezia 100\" \/>\n<meta property=\"og:url\" content=\"https:\/\/dev3.illycafe.ch\/fr\/produit\/carton-doses-gourmet-venezia-100\/\" \/>\n<meta property=\"og:site_name\" content=\"Illycaf\u00e9 | Premium Kaffee kaufen | Gastronomie, Firmen, Privat\" \/>\n<meta property=\"article:modified_time\" content=\"2025-09-14T12:54:46+00:00\" \/>\n<meta property=\"og:image\" content=\"https:\/\/dev3.illycafe.ch\/wp-content\/uploads\/1160_0_1_ksport100-111-prdt058-002.jpg\" \/>\n\t<meta property=\"og:image:width\" content=\"350\" \/>\n\t<meta property=\"og:image:height\" content=\"534\" \/>\n\t<meta property=\"og:image:type\" content=\"image\/jpeg\" \/>\n<meta name=\"twitter:card\" content=\"summary_large_image\" \/>\n<script type=\"application\/ld+json\" class=\"yoast-schema-graph\">{\"@context\":\"https:\/\/schema.org\",\"@graph\":[{\"@type\":\"WebPage\",\"@id\":\"https:\/\/dev3.illycafe.ch\/fr\/produit\/carton-doses-gourmet-venezia-100\/\",\"url\":\"https:\/\/dev3.illycafe.ch\/fr\/produit\/carton-doses-gourmet-venezia-100\/\",\"name\":\"pove100 - Illycaf\u00e9 | Premium Kaffee kaufen | Gastronomie, Firmen, Privat\",\"isPartOf\":{\"@id\":\"https:\/\/dev3.illycafe.ch\/dev3.illycafe.ch\/#website\"},\"primaryImageOfPage\":{\"@id\":\"https:\/\/dev3.illycafe.ch\/fr\/produit\/carton-doses-gourmet-venezia-100\/#primaryimage\"},\"image\":{\"@id\":\"https:\/\/dev3.illycafe.ch\/fr\/produit\/carton-doses-gourmet-venezia-100\/#primaryimage\"},\"thumbnailUrl\":\"https:\/\/dev3.illycafe.ch\/wp-content\/uploads\/1160_0_1_ksport100-111-prdt058-002.jpg\",\"datePublished\":\"2025-02-06T09:25:30+00:00\",\"dateModified\":\"2025-09-14T12:54:46+00:00\",\"breadcrumb\":{\"@id\":\"https:\/\/dev3.illycafe.ch\/fr\/produit\/carton-doses-gourmet-venezia-100\/#breadcrumb\"},\"inLanguage\":\"fr-FR\",\"potentialAction\":[{\"@type\":\"ReadAction\",\"target\":[\"https:\/\/dev3.illycafe.ch\/fr\/produit\/carton-doses-gourmet-venezia-100\/\"]}]},{\"@type\":\"ImageObject\",\"inLanguage\":\"fr-FR\",\"@id\":\"https:\/\/dev3.illycafe.ch\/fr\/produit\/carton-doses-gourmet-venezia-100\/#primaryimage\",\"url\":\"https:\/\/dev3.illycafe.ch\/wp-content\/uploads\/1160_0_1_ksport100-111-prdt058-002.jpg\",\"contentUrl\":\"https:\/\/dev3.illycafe.ch\/wp-content\/uploads\/1160_0_1_ksport100-111-prdt058-002.jpg\",\"width\":350,\"height\":534},{\"@type\":\"BreadcrumbList\",\"@id\":\"https:\/\/dev3.illycafe.ch\/fr\/produit\/carton-doses-gourmet-venezia-100\/#breadcrumb\",\"itemListElement\":[{\"@type\":\"ListItem\",\"position\":1,\"name\":\"Accueil\",\"item\":\"https:\/\/dev3.illycafe.ch\/fr\/\"},{\"@type\":\"ListItem\",\"position\":2,\"name\":\"Boutique\",\"item\":\"https:\/\/dev3.illycafe.ch\/dev3.illycafe.ch\/fr\/boutique\/\"},{\"@type\":\"ListItem\",\"position\":3,\"name\":\"pove100\"}]},{\"@type\":\"WebSite\",\"@id\":\"https:\/\/dev3.illycafe.ch\/dev3.illycafe.ch\/#website\",\"url\":\"https:\/\/dev3.illycafe.ch\/dev3.illycafe.ch\/\",\"name\":\"Illycaf\u00e9 | Premium Kaffee kaufen | Gastronomie, Firmen, Privat\",\"description\":\"Italienische Kaffeekultur. Schweizer Qualit\u00e4t.\",\"potentialAction\":[{\"@type\":\"SearchAction\",\"target\":{\"@type\":\"EntryPoint\",\"urlTemplate\":\"https:\/\/dev3.illycafe.ch\/dev3.illycafe.ch\/?s={search_term_string}\"},\"query-input\":{\"@type\":\"PropertyValueSpecification\",\"valueRequired\":true,\"valueName\":\"search_term_string\"}}],\"inLanguage\":\"fr-FR\"}]}<\/script>\n<!-- \/ Yoast SEO plugin. -->","yoast_head_json":{"title":"pove100 - Illycaf\u00e9 | Premium Kaffee kaufen | Gastronomie, Firmen, Privat","robots":{"index":"noindex","follow":"follow","max-snippet":"max-snippet:-1","max-image-preview":"max-image-preview:large","max-video-preview":"max-video-preview:-1"},"og_locale":"fr_FR","og_type":"article","og_title":"pove100 - Illycaf\u00e9 | Premium Kaffee kaufen | Gastronomie, Firmen, Privat","og_description":"Carton doses Gourmet Venezia 100","og_url":"https:\/\/dev3.illycafe.ch\/fr\/produit\/carton-doses-gourmet-venezia-100\/","og_site_name":"Illycaf\u00e9 | Premium Kaffee kaufen | Gastronomie, Firmen, Privat","article_modified_time":"2025-09-14T12:54:46+00:00","og_image":[{"width":350,"height":534,"url":"https:\/\/dev3.illycafe.ch\/wp-content\/uploads\/1160_0_1_ksport100-111-prdt058-002.jpg","type":"image\/jpeg"}],"twitter_card":"summary_large_image","schema":{"@context":"https:\/\/schema.org","@graph":[{"@type":"WebPage","@id":"https:\/\/dev3.illycafe.ch\/fr\/produit\/carton-doses-gourmet-venezia-100\/","url":"https:\/\/dev3.illycafe.ch\/fr\/produit\/carton-doses-gourmet-venezia-100\/","name":"pove100 - Illycaf\u00e9 | Premium Kaffee kaufen | Gastronomie, Firmen, Privat","isPartOf":{"@id":"https:\/\/dev3.illycafe.ch\/dev3.illycafe.ch\/#website"},"primaryImageOfPage":{"@id":"https:\/\/dev3.illycafe.ch\/fr\/produit\/carton-doses-gourmet-venezia-100\/#primaryimage"},"image":{"@id":"https:\/\/dev3.illycafe.ch\/fr\/produit\/carton-doses-gourmet-venezia-100\/#primaryimage"},"thumbnailUrl":"https:\/\/dev3.illycafe.ch\/wp-content\/uploads\/1160_0_1_ksport100-111-prdt058-002.jpg","datePublished":"2025-02-06T09:25:30+00:00","dateModified":"2025-09-14T12:54:46+00:00","breadcrumb":{"@id":"https:\/\/dev3.illycafe.ch\/fr\/produit\/carton-doses-gourmet-venezia-100\/#breadcrumb"},"inLanguage":"fr-FR","potentialAction":[{"@type":"ReadAction","target":["https:\/\/dev3.illycafe.ch\/fr\/produit\/carton-doses-gourmet-venezia-100\/"]}]},{"@type":"ImageObject","inLanguage":"fr-FR","@id":"https:\/\/dev3.illycafe.ch\/fr\/produit\/carton-doses-gourmet-venezia-100\/#primaryimage","url":"https:\/\/dev3.illycafe.ch\/wp-content\/uploads\/1160_0_1_ksport100-111-prdt058-002.jpg","contentUrl":"https:\/\/dev3.illycafe.ch\/wp-content\/uploads\/1160_0_1_ksport100-111-prdt058-002.jpg","width":350,"height":534},{"@type":"BreadcrumbList","@id":"https:\/\/dev3.illycafe.ch\/fr\/produit\/carton-doses-gourmet-venezia-100\/#breadcrumb","itemListElement":[{"@type":"ListItem","position":1,"name":"Accueil","item":"https:\/\/dev3.illycafe.ch\/fr\/"},{"@type":"ListItem","position":2,"name":"Boutique","item":"https:\/\/dev3.illycafe.ch\/dev3.illycafe.ch\/fr\/boutique\/"},{"@type":"ListItem","position":3,"name":"pove100"}]},{"@type":"WebSite","@id":"https:\/\/dev3.illycafe.ch\/dev3.illycafe.ch\/#website","url":"https:\/\/dev3.illycafe.ch\/dev3.illycafe.ch\/","name":"Illycaf\u00e9 | Premium Kaffee kaufen | Gastronomie, Firmen, Privat","description":"Italienische Kaffeekultur. Schweizer Qualit\u00e4t.","potentialAction":[{"@type":"SearchAction","target":{"@type":"EntryPoint","urlTemplate":"https:\/\/dev3.illycafe.ch\/dev3.illycafe.ch\/?s={search_term_string}"},"query-input":{"@type":"PropertyValueSpecification","valueRequired":true,"valueName":"search_term_string"}}],"inLanguage":"fr-FR"}]}},"_links":{"self":[{"href":"https:\/\/dev3.illycafe.ch\/fr\/wp-json\/wp\/v2\/product\/219588","targetHints":{"allow":["GET"]}}],"collection":[{"href":"https:\/\/dev3.illycafe.ch\/fr\/wp-json\/wp\/v2\/product"}],"about":[{"href":"https:\/\/dev3.illycafe.ch\/fr\/wp-json\/wp\/v2\/types\/product"}],"replies":[{"embeddable":true,"href":"https:\/\/dev3.illycafe.ch\/fr\/wp-json\/wp\/v2\/comments?post=219588"}],"wp:featuredmedia":[{"embeddable":true,"href":"https:\/\/dev3.illycafe.ch\/fr\/wp-json\/wp\/v2\/media\/222023"}],"wp:attachment":[{"href":"https:\/\/dev3.illycafe.ch\/fr\/wp-json\/wp\/v2\/media?parent=219588"}],"wp:term":[{"taxonomy":"product_brand","embeddable":true,"href":"https:\/\/dev3.illycafe.ch\/fr\/wp-json\/wp\/v2\/product_brand?post=219588"},{"taxonomy":"product_cat","embeddable":true,"href":"https:\/\/dev3.illycafe.ch\/fr\/wp-json\/wp\/v2\/product_cat?post=219588"},{"taxonomy":"product_tag","embeddable":true,"href":"https:\/\/dev3.illycafe.ch\/fr\/wp-json\/wp\/v2\/product_tag?post=219588"}],"curies":[{"name":"wp","href":"https:\/\/api.w.org\/{rel}","templated":true}]}}