{"id":220197,"date":"2025-02-06T11:10:17","date_gmt":"2025-02-06T10:10:18","guid":{"rendered":"https:\/\/dev3.illycafe.ch\/produkt\/boite-professional-iperespresso\/"},"modified":"2026-03-25T14:40:07","modified_gmt":"2026-03-25T13:40:07","slug":"boite-professional-iperespresso","status":"publish","type":"product","link":"https:\/\/dev3.illycafe.ch\/fr\/produit\/boite-professional-iperespresso\/","title":{"rendered":"Iperespresso Professional Dispen"},"content":{"rendered":"<div class='html translation-block'>\n<p>\n      <span align=\"start\" style=\"letter-spacing:normal;text-indent:0px;text-transform:none;display:!important\"><font face=\"Open Sans, sans-serif\" size=\"18px\">La<br \/>\n      bo\u00eete \u00ab Iperespresso experience kit \u00bb est con\u00e7ue pour rendre votre<br \/>\n      exp\u00e9rience de d\u00e9gustation de caf\u00e9 \u00e0 la maison unique. Le kit se compose<br \/>\n      de deux tasses et deux soucoupes pour espresso en Luxion\u00ae cr\u00e9\u00e9es par<br \/>\n      Matteo Thun. Celles-ci mettent en valeur la cr\u00e8me de l\u2019espresso gr\u00e2ce \u00e0<br \/>\n      un jeu de transparence qui, avec les deux cuill\u00e8res \u00e0 caf\u00e9 en acier inox<br \/>\n      design, contribue \u00e0 rendre votre exp\u00e9rience de d\u00e9gustation unique.<\/font><\/span>\n    <\/p>\n<\/p><\/div>\n","protected":false},"excerpt":{"rendered":"<p>Bo\u00eete  Professional Iperespresso<\/p>\n","protected":false},"featured_media":0,"comment_status":"open","ping_status":"closed","template":"","meta":{"inline_featured_image":false},"product_brand":[],"product_cat":[1556,1565],"product_tag":[],"class_list":{"0":"post-220197","1":"product","2":"type-product","3":"status-publish","5":"product_cat-geschenke-2","6":"product_cat-shop-it-2","8":"first","9":"instock","10":"taxable","11":"shipping-taxable","12":"purchasable","13":"product-type-simple"},"group_of_quantity":0,"min_quantity":0,"max_quantity":"","exclude_order_quantity_value_rules":"no","exclude_category_quantity_rules":"no","combine_variations":"no","yoast_head":"<!-- This site is optimized with the Yoast SEO plugin v24.4 - https:\/\/yoast.com\/wordpress\/plugins\/seo\/ -->\n<title>Iperespresso Professional Dispen - Illycaf\u00e9 | Premium Kaffee kaufen | Gastronomie, Firmen, Privat<\/title>\n<meta name=\"robots\" content=\"noindex, follow, max-snippet:-1, max-image-preview:large, max-video-preview:-1\" \/>\n<meta property=\"og:locale\" content=\"fr_FR\" \/>\n<meta property=\"og:type\" content=\"article\" \/>\n<meta property=\"og:title\" content=\"Iperespresso Professional Dispen - Illycaf\u00e9 | Premium Kaffee kaufen | Gastronomie, Firmen, Privat\" \/>\n<meta property=\"og:description\" content=\"Bo\u00eete Professional Iperespresso\" \/>\n<meta property=\"og:url\" content=\"https:\/\/dev3.illycafe.ch\/fr\/produit\/boite-professional-iperespresso\/\" \/>\n<meta property=\"og:site_name\" content=\"Illycaf\u00e9 | Premium Kaffee kaufen | Gastronomie, Firmen, Privat\" \/>\n<meta property=\"article:modified_time\" content=\"2026-03-25T13:40:07+00:00\" \/>\n<meta name=\"twitter:card\" content=\"summary_large_image\" \/>\n<script type=\"application\/ld+json\" class=\"yoast-schema-graph\">{\"@context\":\"https:\/\/schema.org\",\"@graph\":[{\"@type\":\"WebPage\",\"@id\":\"https:\/\/dev3.illycafe.ch\/fr\/produit\/boite-professional-iperespresso\/\",\"url\":\"https:\/\/dev3.illycafe.ch\/fr\/produit\/boite-professional-iperespresso\/\",\"name\":\"Iperespresso Professional Dispen - Illycaf\u00e9 | Premium Kaffee kaufen | Gastronomie, Firmen, Privat\",\"isPartOf\":{\"@id\":\"https:\/\/dev3.illycafe.ch\/dev3.illycafe.ch\/#website\"},\"datePublished\":\"2025-02-06T10:10:18+00:00\",\"dateModified\":\"2026-03-25T13:40:07+00:00\",\"breadcrumb\":{\"@id\":\"https:\/\/dev3.illycafe.ch\/fr\/produit\/boite-professional-iperespresso\/#breadcrumb\"},\"inLanguage\":\"fr-FR\",\"potentialAction\":[{\"@type\":\"ReadAction\",\"target\":[\"https:\/\/dev3.illycafe.ch\/fr\/produit\/boite-professional-iperespresso\/\"]}]},{\"@type\":\"BreadcrumbList\",\"@id\":\"https:\/\/dev3.illycafe.ch\/fr\/produit\/boite-professional-iperespresso\/#breadcrumb\",\"itemListElement\":[{\"@type\":\"ListItem\",\"position\":1,\"name\":\"Accueil\",\"item\":\"https:\/\/dev3.illycafe.ch\/fr\/\"},{\"@type\":\"ListItem\",\"position\":2,\"name\":\"Boutique\",\"item\":\"https:\/\/dev3.illycafe.ch\/dev3.illycafe.ch\/fr\/boutique\/\"},{\"@type\":\"ListItem\",\"position\":3,\"name\":\"Iperespresso Professional Dispen\"}]},{\"@type\":\"WebSite\",\"@id\":\"https:\/\/dev3.illycafe.ch\/dev3.illycafe.ch\/#website\",\"url\":\"https:\/\/dev3.illycafe.ch\/dev3.illycafe.ch\/\",\"name\":\"Illycaf\u00e9 | Premium Kaffee kaufen | Gastronomie, Firmen, Privat\",\"description\":\"Italienische Kaffeekultur. Schweizer Qualit\u00e4t.\",\"potentialAction\":[{\"@type\":\"SearchAction\",\"target\":{\"@type\":\"EntryPoint\",\"urlTemplate\":\"https:\/\/dev3.illycafe.ch\/dev3.illycafe.ch\/?s={search_term_string}\"},\"query-input\":{\"@type\":\"PropertyValueSpecification\",\"valueRequired\":true,\"valueName\":\"search_term_string\"}}],\"inLanguage\":\"fr-FR\"}]}<\/script>\n<!-- \/ Yoast SEO plugin. -->","yoast_head_json":{"title":"Iperespresso Professional Dispen - Illycaf\u00e9 | Premium Kaffee kaufen | Gastronomie, Firmen, Privat","robots":{"index":"noindex","follow":"follow","max-snippet":"max-snippet:-1","max-image-preview":"max-image-preview:large","max-video-preview":"max-video-preview:-1"},"og_locale":"fr_FR","og_type":"article","og_title":"Iperespresso Professional Dispen - Illycaf\u00e9 | Premium Kaffee kaufen | Gastronomie, Firmen, Privat","og_description":"Bo\u00eete Professional Iperespresso","og_url":"https:\/\/dev3.illycafe.ch\/fr\/produit\/boite-professional-iperespresso\/","og_site_name":"Illycaf\u00e9 | Premium Kaffee kaufen | Gastronomie, Firmen, Privat","article_modified_time":"2026-03-25T13:40:07+00:00","twitter_card":"summary_large_image","schema":{"@context":"https:\/\/schema.org","@graph":[{"@type":"WebPage","@id":"https:\/\/dev3.illycafe.ch\/fr\/produit\/boite-professional-iperespresso\/","url":"https:\/\/dev3.illycafe.ch\/fr\/produit\/boite-professional-iperespresso\/","name":"Iperespresso Professional Dispen - Illycaf\u00e9 | Premium Kaffee kaufen | Gastronomie, Firmen, Privat","isPartOf":{"@id":"https:\/\/dev3.illycafe.ch\/dev3.illycafe.ch\/#website"},"datePublished":"2025-02-06T10:10:18+00:00","dateModified":"2026-03-25T13:40:07+00:00","breadcrumb":{"@id":"https:\/\/dev3.illycafe.ch\/fr\/produit\/boite-professional-iperespresso\/#breadcrumb"},"inLanguage":"fr-FR","potentialAction":[{"@type":"ReadAction","target":["https:\/\/dev3.illycafe.ch\/fr\/produit\/boite-professional-iperespresso\/"]}]},{"@type":"BreadcrumbList","@id":"https:\/\/dev3.illycafe.ch\/fr\/produit\/boite-professional-iperespresso\/#breadcrumb","itemListElement":[{"@type":"ListItem","position":1,"name":"Accueil","item":"https:\/\/dev3.illycafe.ch\/fr\/"},{"@type":"ListItem","position":2,"name":"Boutique","item":"https:\/\/dev3.illycafe.ch\/dev3.illycafe.ch\/fr\/boutique\/"},{"@type":"ListItem","position":3,"name":"Iperespresso Professional Dispen"}]},{"@type":"WebSite","@id":"https:\/\/dev3.illycafe.ch\/dev3.illycafe.ch\/#website","url":"https:\/\/dev3.illycafe.ch\/dev3.illycafe.ch\/","name":"Illycaf\u00e9 | Premium Kaffee kaufen | Gastronomie, Firmen, Privat","description":"Italienische Kaffeekultur. Schweizer Qualit\u00e4t.","potentialAction":[{"@type":"SearchAction","target":{"@type":"EntryPoint","urlTemplate":"https:\/\/dev3.illycafe.ch\/dev3.illycafe.ch\/?s={search_term_string}"},"query-input":{"@type":"PropertyValueSpecification","valueRequired":true,"valueName":"search_term_string"}}],"inLanguage":"fr-FR"}]}},"_links":{"self":[{"href":"https:\/\/dev3.illycafe.ch\/fr\/wp-json\/wp\/v2\/product\/220197","targetHints":{"allow":["GET"]}}],"collection":[{"href":"https:\/\/dev3.illycafe.ch\/fr\/wp-json\/wp\/v2\/product"}],"about":[{"href":"https:\/\/dev3.illycafe.ch\/fr\/wp-json\/wp\/v2\/types\/product"}],"replies":[{"embeddable":true,"href":"https:\/\/dev3.illycafe.ch\/fr\/wp-json\/wp\/v2\/comments?post=220197"}],"wp:attachment":[{"href":"https:\/\/dev3.illycafe.ch\/fr\/wp-json\/wp\/v2\/media?parent=220197"}],"wp:term":[{"taxonomy":"product_brand","embeddable":true,"href":"https:\/\/dev3.illycafe.ch\/fr\/wp-json\/wp\/v2\/product_brand?post=220197"},{"taxonomy":"product_cat","embeddable":true,"href":"https:\/\/dev3.illycafe.ch\/fr\/wp-json\/wp\/v2\/product_cat?post=220197"},{"taxonomy":"product_tag","embeddable":true,"href":"https:\/\/dev3.illycafe.ch\/fr\/wp-json\/wp\/v2\/product_tag?post=220197"}],"curies":[{"name":"wp","href":"https:\/\/api.w.org\/{rel}","templated":true}]}}