{"id":220200,"date":"2025-02-06T11:10:20","date_gmt":"2025-02-06T10:10:21","guid":{"rendered":"https:\/\/dev3.illycafe.ch\/produkt\/thermobecher-to-go-alessi-fuer-illy\/"},"modified":"2025-04-18T17:50:27","modified_gmt":"2025-04-18T15:50:27","slug":"thermobecher-to-go-alessi-fuer-illy","status":"publish","type":"product","link":"https:\/\/dev3.illycafe.ch\/fr\/produit\/thermobecher-to-go-alessi-fuer-illy\/","title":{"rendered":"Thermobecher To Go Alessi"},"content":{"rendered":"<section class=\"wpb-content-wrapper\"><p>[vc_row][vc_column][vc_column_text]LE DESIGN ET LE GO\u00dbT DU VOYAGE. Profitez du plaisir de voyager, toujours en prenant votre boisson chaude ou froide avec vous, conserv\u00e9 dans le mug de voyage que Alessi a cr\u00e9\u00e9 pour illy. Le produit contient un mug de voyage Alessi pour illy.[\/vc_column_text][\/vc_column][\/vc_row][vc_row el_class=&#8221;none-sub-products&#8221; el_id=&#8221;sub-product-acc&#8221; css=&#8221;.vc_custom_1722497764635{background-color: #f2e9da !important;}&#8221;][vc_column width=&#8221;1\/6&#8243;][\/vc_column][vc_column width=&#8221;2\/3&#8243; css=&#8221;.vc_custom_1722498426609{padding-top: 80px !important;padding-bottom: 80px !important;}&#8221;]<div class=\"eltdf-accordion-holder eltdf-ac-default  eltdf-toggle eltdf-ac-simple  clearfix\">\n\t<h4 class=\"eltdf-accordion-title\">\n    <span class=\"eltdf-accordion-mark\">\n\t\t<span class=\"eltdf_icon_plus icon_plus\"><\/span>\n\t\t<span class=\"eltdf_icon_minus icon_minus-06\"><\/span>\n\t<\/span>\n\t<span class=\"eltdf-tab-title\">D\u00e9tails du produit<\/span>\n<\/h4>\n<div class=\"eltdf-accordion-content\">\n\t<div class=\"eltdf-accordion-content-inner\">\n\t\t[vc_column_text css=&#8221;&#8221;]LE DESIGNER Giulio Iacchetti, dessinateur industriel depuis 1992 and cr\u00e9ateur du nouveau mug de voyage Alesi, a travaill\u00e9 pour diff\u00e9rentes marques, comme Alessi, Artemide, Ceramiche Refin, Danese, Fontana Arte, Foscarini, Magis, Moleskine ou Pandora design. Parmi ses caract\u00e9ristiques distinctives figure la recherche et la d\u00e9finition de nouveaux types d\u2019objets tels que le Moscardino, des couverts polyvalents biod\u00e9gradables. En 2009, il a gagn\u00e9 le \u00ab Prix de l\u2019innovation \u00bb qui lui a \u00e9t\u00e9 d\u00e9cern\u00e9 par le Pr\u00e9sident de la R\u00e9publique italienne pour le projet Eureka Coop, par lequel il a apport\u00e9 le design \u00e0 la grande distribution. En mai 2009, la Triennale de Milan a accueilli une exposition nomm\u00e9 \u00ab Giulio Iacchetti. Objets d\u00e9sob\u00e9issants \u00bb. Toujours attentif \u00e0 l\u2019\u00e9volution de la relation entre l\u2019artisanat et le design, il a lanc\u00e9 en novembre 2012 Internoitaliano, l&#8217;\u00ab usine diffuse \u00bb compos\u00e9e de nombreux ateliers artisanaux avec lesquels il signe et produit des meubles et accessoires inspir\u00e9s par le mode de vie italien. R\u00e9f\u00e9rence produit :22796[\/vc_column_text]\t<\/div>\n<\/div><h4 class=\"eltdf-accordion-title\">\n    <span class=\"eltdf-accordion-mark\">\n\t\t<span class=\"eltdf_icon_plus icon_plus\"><\/span>\n\t\t<span class=\"eltdf_icon_minus icon_minus-06\"><\/span>\n\t<\/span>\n\t<span class=\"eltdf-tab-title\">Exp\u00e9dition<\/span>\n<\/h4>\n<div class=\"eltdf-accordion-content\">\n\t<div class=\"eltdf-accordion-content-inner\">\n\t\t[vc_column_text css=&#8221;&#8221;]Livraison, frais de port, modes de paiementLivraison :Votre commande sera livr\u00e9e rapidement et de mani\u00e8re fiable. Nous travaillons avec SwissPost. Avec l&#8217;envoi de la marchandise, le risque est transf\u00e9r\u00e9 \u00e0 l&#8217;acheteur. Les informations sur la disponibilit\u00e9 et les d\u00e9lais de livraison \u00e9ventuels ne sont pas contraignantes, sauf si elles sont confirm\u00e9es par \u00e9crit par le vendeur. La livraison se fait soit par poste, soit selon le plan de tourn\u00e9e par camion, uniquement en Suisse. Le d\u00e9lai de livraison est g\u00e9n\u00e9ralement compris entre 3 et 5 jours. Si le client le demande express\u00e9ment, les commandes peuvent \u00eatre exp\u00e9di\u00e9es par service express ou coursier. Cependant, dans ces cas, les frais d&#8217;envoi seront toujours factur\u00e9s.Frais de port :Gratuit \u00e0 partir de Fr.100.00 Produits Illy Triest : Fr.10.25\/ TTC et gratuit \u00e0 partir de Fr.100.00 Produits Illy Suisse jusqu&#8217;\u00e0 1,5 kg Fr.9.50 TTC \/ \u00e0 partir de 1,6 kg Fr.10.25 TTC Capsules 1-7 pcs. Fr. 4.75 TTC Capsules 8-29 pcs. Fr. 5.40 TTC \u00e0 partir de 30 capsules, frais de port gratuits Les bo\u00eetes postales ne sont pas livr\u00e9es. Illycaf\u00e9 AG d\u00e9cline toute responsabilit\u00e9 en cas de retard de livraison caus\u00e9 par les entreprises de transport ou d&#8217;autres tiers. Les commandes pass\u00e9es le samedi, dimanche ou jour f\u00e9ri\u00e9 seront trait\u00e9es le jour ouvrable suivant au plus t\u00f4t. Il peut arriver que la commande soit exp\u00e9di\u00e9e en plusieurs colis qui peuvent arriver \u00e0 des dates diff\u00e9rentes.PaypalCarte de cr\u00e9dit : VISA, MASTERCARD, AMERICAN EXPRESS [\/vc_column_text]\t<\/div>\n<\/div><\/div>[\/vc_column][vc_column width=&#8221;1\/6&#8243;][\/vc_column][\/vc_row][vc_row el_class=&#8221;none-sub-products&#8221;][vc_column width=&#8221;1\/12&#8243;][\/vc_column][vc_column width=&#8221;10\/12&#8243;][vc_column_text]<div data-post-id=\"104373\" class=\"insert-page insert-page-104373 \"><style type=\"text\/css\" data-type=\"vc_custom-css\">div#illy-lovers-banner .titol-banner h4 {\r\n    font-size: 30px;\r\n    font-family: &#039;Manrope&#039;, sans-serif;\r\n    color: #512C1F !important;\r\n    font-weight: 500;\r\n    margin-top: 0px !important;\r\n    letter-spacing: 0px;\r\n}\r\n\r\ndiv#illy-lovers-banner .text-banner p{\r\n    font-family: &#039;Manrope&#039;, sans-serif;\r\n    color: #512c1f;\r\n    font-size: 16px;\r\n    font-weight: 500;\r\n}\r\n\r\na.btn-brown button {\r\n    background: #512c1f !important;\r\n    color: #fff !important;\r\n    letter-spacing: 0px;\r\n    border-radius: 5px !important;\r\n    padding: 8px 35px !important;\r\n    font-family: &#039;Manrope&#039;, sans-serif !important;\r\n    font-weight: 500;\r\n    font-size: 14px !important;\r\n    transition: linear 0.7s;\r\n    margin-top:10px !important;\r\n}\r\n\r\na.btn-brown button:hover {\r\n    box-shadow: inset 0px -100px 0px #D12420;\r\n\tcolor:#fff !important;\r\n}<\/style><style type=\"text\/css\" data-type=\"vc_shortcodes-custom-css\">.vc_custom_1723021922849{margin-top: 50px !important;margin-bottom: 80px !important;padding-top: 40px !important;padding-right: 30px !important;padding-bottom: 40px !important;padding-left: 30px !important;background: #ffffff url(https:\/\/dev3.illycafe.ch\/wp-content\/uploads\/img_04@2x.jpg?id=104376) !important;background-position: center !important;background-repeat: no-repeat !important;background-size: cover !important;}.vc_custom_1722931185055{margin-top: 0px !important;margin-bottom: 0px !important;margin-left: 0px !important;padding-top: 0px !important;padding-right: 0px !important;padding-bottom: 0px !important;padding-left: 0px !important;}<\/style><section class=\"wpb-content-wrapper\"><p>[vc_row css=&#8221;.vc_custom_1723021922849{margin-top: 50px !important;margin-bottom: 80px !important;padding-top: 40px !important;padding-right: 30px !important;padding-bottom: 40px !important;padding-left: 30px !important;background: #ffffff url(https:\/\/dev3.illycafe.ch\/wp-content\/uploads\/img_04@2x.jpg?id=104376) !important;background-position: center center;background-repeat: no-repeat !important;background-size: cover !important;}&#8221; el_id=&#8221;illy-lovers-banner&#8221;][vc_column css=&#8221;.vc_custom_1722931185055{margin-top: 0px !important;margin-bottom: 0px !important;margin-left: 0px !important;padding-top: 0px !important;padding-right: 0px !important;padding-bottom: 0px !important;padding-left: 0px !important;}&#8221;][vc_column_text el_class=&#8221;titol-banner&#8221;]<\/p>\n<h4>ILLY LOVERS<\/h4>\n<p>[\/vc_column_text][vc_column_text el_class=&#8221;text-banner&#8221;]Rejoignez la communaut\u00e9 et d\u00e9couvrez les surprises<br \/>\net les avantages exclusifs que nous vous r\u00e9servons.<\/p>\n<p>[\/vc_column_text][vc_raw_html]JTNDYSUyMGNsYXNzJTNEJTIyYnRuLWJyb3duJTIyJTNFJTNDYnV0dG9uJTNFSW5zY3JpdmVzLXZvdXMlMjBtYWludGVuYW50JTNDJTJGYnV0dG9uJTNFJTNDJTJGYSUzRQ==[\/vc_raw_html][\/vc_column][\/vc_row]<\/p>\n<\/section><\/div>[\/vc_column_text][\/vc_column][vc_column width=&#8221;1\/12&#8243;][\/vc_column][\/vc_row]<\/p>\n<\/section>","protected":false},"excerpt":{"rendered":"<p>Thermobecher To Go Alessi f\u00fcr illy<\/p>\n","protected":false},"featured_media":0,"comment_status":"open","ping_status":"closed","template":"","meta":{"inline_featured_image":false},"product_brand":[],"product_cat":[1596,1565],"product_tag":[],"class_list":{"0":"post-220200","1":"product","2":"type-product","3":"status-publish","5":"product_cat-accessoires-2","6":"product_cat-shop-it-2","8":"first","9":"instock","10":"taxable","11":"shipping-taxable","12":"purchasable","13":"product-type-simple"},"group_of_quantity":0,"min_quantity":0,"max_quantity":"","exclude_order_quantity_value_rules":"no","exclude_category_quantity_rules":"no","combine_variations":"no","yoast_head":"<!-- This site is optimized with the Yoast SEO plugin v24.4 - https:\/\/yoast.com\/wordpress\/plugins\/seo\/ -->\n<title>Thermobecher To Go Alessi - Illycaf\u00e9 | Premium Kaffee kaufen | Gastronomie, Firmen, Privat<\/title>\n<meta name=\"robots\" content=\"noindex, follow, max-snippet:-1, max-image-preview:large, max-video-preview:-1\" \/>\n<meta property=\"og:locale\" content=\"fr_FR\" \/>\n<meta property=\"og:type\" content=\"article\" \/>\n<meta property=\"og:title\" content=\"Thermobecher To Go Alessi - Illycaf\u00e9 | Premium Kaffee kaufen | Gastronomie, Firmen, Privat\" \/>\n<meta property=\"og:description\" content=\"Thermobecher To Go Alessi f\u00fcr illy\" \/>\n<meta property=\"og:url\" content=\"https:\/\/dev3.illycafe.ch\/fr\/produit\/thermobecher-to-go-alessi-fuer-illy\/\" \/>\n<meta property=\"og:site_name\" content=\"Illycaf\u00e9 | Premium Kaffee kaufen | Gastronomie, Firmen, Privat\" \/>\n<meta property=\"article:modified_time\" content=\"2025-04-18T15:50:27+00:00\" \/>\n<meta name=\"twitter:card\" content=\"summary_large_image\" \/>\n<meta name=\"twitter:label1\" content=\"Dur\u00e9e de lecture estim\u00e9e\" \/>\n\t<meta name=\"twitter:data1\" content=\"3 minutes\" \/>\n<script type=\"application\/ld+json\" class=\"yoast-schema-graph\">{\"@context\":\"https:\/\/schema.org\",\"@graph\":[{\"@type\":\"WebPage\",\"@id\":\"https:\/\/dev3.illycafe.ch\/fr\/produit\/thermobecher-to-go-alessi-fuer-illy\/\",\"url\":\"https:\/\/dev3.illycafe.ch\/fr\/produit\/thermobecher-to-go-alessi-fuer-illy\/\",\"name\":\"Thermobecher To Go Alessi - Illycaf\u00e9 | Premium Kaffee kaufen | Gastronomie, Firmen, Privat\",\"isPartOf\":{\"@id\":\"https:\/\/dev3.illycafe.ch\/dev3.illycafe.ch\/#website\"},\"datePublished\":\"2025-02-06T10:10:21+00:00\",\"dateModified\":\"2025-04-18T15:50:27+00:00\",\"breadcrumb\":{\"@id\":\"https:\/\/dev3.illycafe.ch\/fr\/produit\/thermobecher-to-go-alessi-fuer-illy\/#breadcrumb\"},\"inLanguage\":\"fr-FR\",\"potentialAction\":[{\"@type\":\"ReadAction\",\"target\":[\"https:\/\/dev3.illycafe.ch\/fr\/produit\/thermobecher-to-go-alessi-fuer-illy\/\"]}]},{\"@type\":\"BreadcrumbList\",\"@id\":\"https:\/\/dev3.illycafe.ch\/fr\/produit\/thermobecher-to-go-alessi-fuer-illy\/#breadcrumb\",\"itemListElement\":[{\"@type\":\"ListItem\",\"position\":1,\"name\":\"Accueil\",\"item\":\"https:\/\/dev3.illycafe.ch\/fr\/\"},{\"@type\":\"ListItem\",\"position\":2,\"name\":\"Boutique\",\"item\":\"https:\/\/dev3.illycafe.ch\/dev3.illycafe.ch\/fr\/boutique\/\"},{\"@type\":\"ListItem\",\"position\":3,\"name\":\"Thermobecher To Go Alessi\"}]},{\"@type\":\"WebSite\",\"@id\":\"https:\/\/dev3.illycafe.ch\/dev3.illycafe.ch\/#website\",\"url\":\"https:\/\/dev3.illycafe.ch\/dev3.illycafe.ch\/\",\"name\":\"Illycaf\u00e9 | Premium Kaffee kaufen | Gastronomie, Firmen, Privat\",\"description\":\"Italienische Kaffeekultur. Schweizer Qualit\u00e4t.\",\"potentialAction\":[{\"@type\":\"SearchAction\",\"target\":{\"@type\":\"EntryPoint\",\"urlTemplate\":\"https:\/\/dev3.illycafe.ch\/dev3.illycafe.ch\/?s={search_term_string}\"},\"query-input\":{\"@type\":\"PropertyValueSpecification\",\"valueRequired\":true,\"valueName\":\"search_term_string\"}}],\"inLanguage\":\"fr-FR\"}]}<\/script>\n<!-- \/ Yoast SEO plugin. -->","yoast_head_json":{"title":"Thermobecher To Go Alessi - Illycaf\u00e9 | Premium Kaffee kaufen | Gastronomie, Firmen, Privat","robots":{"index":"noindex","follow":"follow","max-snippet":"max-snippet:-1","max-image-preview":"max-image-preview:large","max-video-preview":"max-video-preview:-1"},"og_locale":"fr_FR","og_type":"article","og_title":"Thermobecher To Go Alessi - Illycaf\u00e9 | Premium Kaffee kaufen | Gastronomie, Firmen, Privat","og_description":"Thermobecher To Go Alessi f\u00fcr illy","og_url":"https:\/\/dev3.illycafe.ch\/fr\/produit\/thermobecher-to-go-alessi-fuer-illy\/","og_site_name":"Illycaf\u00e9 | Premium Kaffee kaufen | Gastronomie, Firmen, Privat","article_modified_time":"2025-04-18T15:50:27+00:00","twitter_card":"summary_large_image","twitter_misc":{"Dur\u00e9e de lecture estim\u00e9e":"3 minutes"},"schema":{"@context":"https:\/\/schema.org","@graph":[{"@type":"WebPage","@id":"https:\/\/dev3.illycafe.ch\/fr\/produit\/thermobecher-to-go-alessi-fuer-illy\/","url":"https:\/\/dev3.illycafe.ch\/fr\/produit\/thermobecher-to-go-alessi-fuer-illy\/","name":"Thermobecher To Go Alessi - Illycaf\u00e9 | Premium Kaffee kaufen | Gastronomie, Firmen, Privat","isPartOf":{"@id":"https:\/\/dev3.illycafe.ch\/dev3.illycafe.ch\/#website"},"datePublished":"2025-02-06T10:10:21+00:00","dateModified":"2025-04-18T15:50:27+00:00","breadcrumb":{"@id":"https:\/\/dev3.illycafe.ch\/fr\/produit\/thermobecher-to-go-alessi-fuer-illy\/#breadcrumb"},"inLanguage":"fr-FR","potentialAction":[{"@type":"ReadAction","target":["https:\/\/dev3.illycafe.ch\/fr\/produit\/thermobecher-to-go-alessi-fuer-illy\/"]}]},{"@type":"BreadcrumbList","@id":"https:\/\/dev3.illycafe.ch\/fr\/produit\/thermobecher-to-go-alessi-fuer-illy\/#breadcrumb","itemListElement":[{"@type":"ListItem","position":1,"name":"Accueil","item":"https:\/\/dev3.illycafe.ch\/fr\/"},{"@type":"ListItem","position":2,"name":"Boutique","item":"https:\/\/dev3.illycafe.ch\/dev3.illycafe.ch\/fr\/boutique\/"},{"@type":"ListItem","position":3,"name":"Thermobecher To Go Alessi"}]},{"@type":"WebSite","@id":"https:\/\/dev3.illycafe.ch\/dev3.illycafe.ch\/#website","url":"https:\/\/dev3.illycafe.ch\/dev3.illycafe.ch\/","name":"Illycaf\u00e9 | Premium Kaffee kaufen | Gastronomie, Firmen, Privat","description":"Italienische Kaffeekultur. Schweizer Qualit\u00e4t.","potentialAction":[{"@type":"SearchAction","target":{"@type":"EntryPoint","urlTemplate":"https:\/\/dev3.illycafe.ch\/dev3.illycafe.ch\/?s={search_term_string}"},"query-input":{"@type":"PropertyValueSpecification","valueRequired":true,"valueName":"search_term_string"}}],"inLanguage":"fr-FR"}]}},"_links":{"self":[{"href":"https:\/\/dev3.illycafe.ch\/fr\/wp-json\/wp\/v2\/product\/220200","targetHints":{"allow":["GET"]}}],"collection":[{"href":"https:\/\/dev3.illycafe.ch\/fr\/wp-json\/wp\/v2\/product"}],"about":[{"href":"https:\/\/dev3.illycafe.ch\/fr\/wp-json\/wp\/v2\/types\/product"}],"replies":[{"embeddable":true,"href":"https:\/\/dev3.illycafe.ch\/fr\/wp-json\/wp\/v2\/comments?post=220200"}],"wp:attachment":[{"href":"https:\/\/dev3.illycafe.ch\/fr\/wp-json\/wp\/v2\/media?parent=220200"}],"wp:term":[{"taxonomy":"product_brand","embeddable":true,"href":"https:\/\/dev3.illycafe.ch\/fr\/wp-json\/wp\/v2\/product_brand?post=220200"},{"taxonomy":"product_cat","embeddable":true,"href":"https:\/\/dev3.illycafe.ch\/fr\/wp-json\/wp\/v2\/product_cat?post=220200"},{"taxonomy":"product_tag","embeddable":true,"href":"https:\/\/dev3.illycafe.ch\/fr\/wp-json\/wp\/v2\/product_tag?post=220200"}],"curies":[{"name":"wp","href":"https:\/\/api.w.org\/{rel}","templated":true}]}}