{"id":220236,"date":"2025-02-06T11:10:52","date_gmt":"2025-02-06T10:10:56","guid":{"rendered":"https:\/\/dev3.illycafe.ch\/produkt\/boites-forte-moulu\/"},"modified":"2025-04-18T15:40:11","modified_gmt":"2025-04-18T13:40:11","slug":"boites-forte-moulu","status":"publish","type":"product","link":"https:\/\/dev3.illycafe.ch\/fr\/produit\/boites-forte-moulu\/","title":{"rendered":"doforte250gemahlen"},"content":{"rendered":"<section class=\"wpb-content-wrapper\"><p>[vc_row][vc_column][vc_column_text]Le caf\u00e9 torr\u00e9fi\u00e9 FORTE issu de l\u2019assemblage unique d\u2019illy 100% arabica d\u00e9livre un ar\u00f4me intense de pain grill\u00e9 et un puissant arri\u00e8re-go\u00fbt de chocolat noir.[\/vc_column_text][\/vc_column][\/vc_row][vc_row el_class=&#8221;none-sub-products&#8221; el_id=&#8221;sub-product&#8221; css=&#8221;.vc_custom_1723021695272{background-color: #ffffff !important;}&#8221;][vc_column width=&#8221;1\/6&#8243;][\/vc_column][vc_column width=&#8221;2\/3&#8243; css=&#8221;.vc_custom_1722498456585{padding-top: 32px !important;padding-bottom: 32px !important;}&#8221;][vc_column_text]Caract\u00e9ristiques principales[\/vc_column_text][vc_empty_space height=&#8221;35px&#8221;][vc_row_inner el_class=&#8221;row-icons&#8221;][vc_column_inner width=&#8221;1\/3&#8243; css=&#8221;.vc_custom_1723018477715{padding-right: 20px !important;padding-left: 20px !important;}&#8221;][vc_single_image image=&#8221;104380&#8243; img_size=&#8221;60&#215;60&#8243; alignment=&#8221;center&#8221;][vc_column_text]Le grain:Le meilleur 1% des meilleurs grains de caf\u00e9 arabica<br \/>\n[\/vc_column_text][vc_empty_space height=&#8221;15px&#8221;][\/vc_column_inner][vc_column_inner width=&#8221;1\/3&#8243; css=&#8221;.vc_custom_1723018486731{padding-right: 20px !important;padding-left: 20px !important;}&#8221;][vc_single_image image=&#8221;104388&#8243; img_size=&#8221;60&#215;60&#8243; alignment=&#8221;center&#8221;][vc_column_text]Pr\u00e9paration du caf\u00e9:Id\u00e9al pour votre espresso italien<br \/>\n[\/vc_column_text][vc_empty_space height=&#8221;15px&#8221;][\/vc_column_inner][vc_column_inner width=&#8221;1\/3&#8243; css=&#8221;.vc_custom_1723018493419{padding-right: 20px !important;padding-left: 20px !important;}&#8221;][vc_single_image image=&#8221;104385&#8243; img_size=&#8221;60&#215;60&#8243; alignment=&#8221;center&#8221;][vc_column_text css=&#8221;&#8221;]Adapt\u00e9 \u00e0:Id\u00e9al pour l\u2019espresso<br \/>\n[\/vc_column_text][vc_empty_space height=&#8221;15px&#8221;][\/vc_column_inner][\/vc_row_inner][\/vc_column][vc_column width=&#8221;1\/6&#8243;][\/vc_column][\/vc_row][vc_row el_class=&#8221;none-sub-products&#8221; el_id=&#8221;sub-product-acc&#8221; css=&#8221;.vc_custom_1722497764635{background-color: #f2e9da !important;}&#8221;][vc_column width=&#8221;1\/6&#8243;][\/vc_column][vc_column width=&#8221;2\/3&#8243; css=&#8221;.vc_custom_1722498426609{padding-top: 80px !important;padding-bottom: 80px !important;}&#8221;]<div class=\"eltdf-accordion-holder eltdf-ac-default  eltdf-toggle eltdf-ac-simple  clearfix\">\n\t<h4 class=\"eltdf-accordion-title\">\n    <span class=\"eltdf-accordion-mark\">\n\t\t<span class=\"eltdf_icon_plus icon_plus\"><\/span>\n\t\t<span class=\"eltdf_icon_minus icon_minus-06\"><\/span>\n\t<\/span>\n\t<span class=\"eltdf-tab-title\">D\u00e9tails du produit<\/span>\n<\/h4>\n<div class=\"eltdf-accordion-content\">\n\t<div class=\"eltdf-accordion-content-inner\">\n\t\t[vc_column_text css=&#8221;&#8221;]Le caf\u00e9 torr\u00e9fi\u00e9 FORTE issu de l\u2019assemblage unique d\u2019illy 100% arabica d\u00e9livre un ar\u00f4me intense de pain grill\u00e9 et un puissant arri\u00e8re-go\u00fbt de chocolat noir. R\u00e9f\u00e9rence produit :9973ME[\/vc_column_text][vc_row_inner el_id=&#8221;table-show&#8221; css=&#8221;.vc_custom_1724745708717{margin-top: 30px !important;}&#8221;][vc_column_inner width=&#8221;1\/2&#8243;][\/vc_column_inner][vc_column_inner width=&#8221;1\/2&#8243;][\/vc_column_inner][\/vc_row_inner]\t<\/div>\n<\/div><h4 class=\"eltdf-accordion-title\">\n    <span class=\"eltdf-accordion-mark\">\n\t\t<span class=\"eltdf_icon_plus icon_plus\"><\/span>\n\t\t<span class=\"eltdf_icon_minus icon_minus-06\"><\/span>\n\t<\/span>\n\t<span class=\"eltdf-tab-title\">Exp\u00e9dition<\/span>\n<\/h4>\n<div class=\"eltdf-accordion-content\">\n\t<div class=\"eltdf-accordion-content-inner\">\n\t\t[vc_column_text css=&#8221;&#8221;]Livraison, frais de port, modes de paiementLivraison :Votre commande sera livr\u00e9e rapidement et de mani\u00e8re fiable. Nous travaillons avec SwissPost. Avec l&#8217;envoi de la marchandise, le risque est transf\u00e9r\u00e9 \u00e0 l&#8217;acheteur. Les informations sur la disponibilit\u00e9 et les d\u00e9lais de livraison \u00e9ventuels ne sont pas contraignantes, sauf si elles sont confirm\u00e9es par \u00e9crit par le vendeur. La livraison se fait soit par poste, soit selon le plan de tourn\u00e9e par camion, uniquement en Suisse. Le d\u00e9lai de livraison est g\u00e9n\u00e9ralement compris entre 3 et 5 jours. Si le client le demande express\u00e9ment, les commandes peuvent \u00eatre exp\u00e9di\u00e9es par service express ou coursier. Cependant, dans ces cas, les frais d&#8217;envoi seront toujours factur\u00e9s.Frais de port :Gratuit \u00e0 partir de Fr.100.00 Produits Illy Triest : Fr.10.25\/ TTC et gratuit \u00e0 partir de Fr.100.00 Produits Illy Suisse jusqu&#8217;\u00e0 1,5 kg Fr.9.50 TTC \/ \u00e0 partir de 1,6 kg Fr.10.25 TTC Capsules 1-7 pcs. Fr. 4.75 TTC Capsules 8-29 pcs. Fr. 5.40 TTC \u00e0 partir de 30 capsules, frais de port gratuits Les bo\u00eetes postales ne sont pas livr\u00e9es. Illycaf\u00e9 AG d\u00e9cline toute responsabilit\u00e9 en cas de retard de livraison caus\u00e9 par les entreprises de transport ou d&#8217;autres tiers. Les commandes pass\u00e9es le samedi, dimanche ou jour f\u00e9ri\u00e9 seront trait\u00e9es le jour ouvrable suivant au plus t\u00f4t. Il peut arriver que la commande soit exp\u00e9di\u00e9e en plusieurs colis qui peuvent arriver \u00e0 des dates diff\u00e9rentes.PaypalCarte de cr\u00e9dit : VISA, MASTERCARD, AMERICAN EXPRESS [\/vc_column_text]\t<\/div>\n<\/div><\/div>[\/vc_column][vc_column width=&#8221;1\/6&#8243;][\/vc_column][\/vc_row][vc_row el_class=&#8221;none-sub-products&#8221;][vc_column css=&#8221;.vc_custom_1724747383466{margin-top: 0px !important;padding-top: 0px !important;}&#8221;][vc_column_text]<div data-post-id=\"104392\" class=\"insert-page insert-page-104392 \"><style type=\"text\/css\" data-type=\"vc_custom-css\">div#illy-banner .titol-banner h4 {\r\n    font-size: 38px;\r\n    font-family: &#039;Manrope&#039;, sans-serif;\r\n    color: #fff !important;\r\n    font-weight: 500;\r\n    margin-top: 0px !important;\r\n    letter-spacing: 0px;\r\n}<\/style><style type=\"text\/css\" data-type=\"vc_shortcodes-custom-css\">.vc_custom_1722935665281{padding-top: 300px !important;padding-bottom: 300px !important;background-image: url(https:\/\/dev3.illycafe.ch\/wp-content\/uploads\/img_01.jpg?id=104396) !important;background-position: center !important;background-repeat: no-repeat !important;background-size: cover !important;}.vc_custom_1722931185055{margin-top: 0px !important;margin-bottom: 0px !important;margin-left: 0px !important;padding-top: 0px !important;padding-right: 0px !important;padding-bottom: 0px !important;padding-left: 0px !important;}<\/style><section class=\"wpb-content-wrapper\"><p>[vc_row full_width=&#8221;stretch_row_content_no_spaces&#8221; css=&#8221;.vc_custom_1722935665281{padding-top: 300px !important;padding-bottom: 300px !important;background-image: url(https:\/\/dev3.illycafe.ch\/wp-content\/uploads\/img_01.jpg?id=104396) !important;background-position: center center;background-repeat: no-repeat !important;background-size: cover !important;}&#8221; el_id=&#8221;illy-banner&#8221;][vc_column css=&#8221;.vc_custom_1722931185055{margin-top: 0px !important;margin-bottom: 0px !important;margin-left: 0px !important;padding-top: 0px !important;padding-right: 0px !important;padding-bottom: 0px !important;padding-left: 0px !important;}&#8221;][vc_row_inner][vc_column_inner width=&#8221;1\/4&#8243;][\/vc_column_inner][vc_column_inner width=&#8221;1\/2&#8243;][vc_column_text el_class=&#8221;titol-banner&#8221;]<\/p>\n<h4 style=\"text-align: center;\">Pour vous offrir notre caf\u00e9, nous s\u00e9lectionnons uniquement les meilleurs caf\u00e9s arabica.<\/h4>\n<p>[\/vc_column_text][\/vc_column_inner][vc_column_inner width=&#8221;1\/4&#8243;][\/vc_column_inner][\/vc_row_inner][\/vc_column][\/vc_row]<\/p>\n<\/section><\/div>[\/vc_column_text][\/vc_column][\/vc_row][vc_row el_class=&#8221;none-sub-products&#8221;][vc_column css=&#8221;.vc_custom_1724747383466{margin-top: 0px !important;padding-top: 0px !important;}&#8221;][vc_column_text css=&#8221;&#8221;]<div data-post-id=\"186624\" class=\"insert-page insert-page-186624 \"><style type=\"text\/css\" data-type=\"vc_custom-css\">div#illy-banner .titol-banner h4 {\r\n    font-size: 38px;\r\n    font-family: &#039;Manrope&#039;, sans-serif;\r\n    color: #fff !important;\r\n    font-weight: 500;\r\n    margin-top: 0px !important;\r\n    letter-spacing: 0px;\r\n}<\/style><style type=\"text\/css\" data-type=\"vc_shortcodes-custom-css\">.vc_custom_1726818758499{padding-top: 300px !important;padding-bottom: 300px !important;background-image: url(https:\/\/dev3.illycafe.ch\/wp-content\/uploads\/img_09@2x-scaled.jpg?id=186627) !important;background-position: center !important;background-repeat: no-repeat !important;background-size: cover !important;}.vc_custom_1722931185055{margin-top: 0px !important;margin-bottom: 0px !important;margin-left: 0px !important;padding-top: 0px !important;padding-right: 0px !important;padding-bottom: 0px !important;padding-left: 0px !important;}<\/style><section class=\"wpb-content-wrapper\"><p>[vc_row full_width=&#8221;stretch_row_content_no_spaces&#8221; css=&#8221;.vc_custom_1726818758499{padding-top: 300px !important;padding-bottom: 300px !important;background-image: url(https:\/\/dev3.illycafe.ch\/wp-content\/uploads\/img_09@2x-scaled.jpg?id=186627) !important;background-position: center center;background-repeat: no-repeat !important;background-size: cover !important;}&#8221; el_id=&#8221;illy-banner&#8221;][vc_column css=&#8221;.vc_custom_1722931185055{margin-top: 0px !important;margin-bottom: 0px !important;margin-left: 0px !important;padding-top: 0px !important;padding-right: 0px !important;padding-bottom: 0px !important;padding-left: 0px !important;}&#8221;][vc_row_inner][vc_column_inner width=&#8221;1\/4&#8243;][\/vc_column_inner][vc_column_inner width=&#8221;1\/2&#8243;][vc_column_text css=&#8221;&#8221; el_class=&#8221;titol-banner&#8221;]<\/p>\n<h4 style=\"text-align: center;\">Le caf\u00e9 id\u00e9al pour la pr\u00e9paration espresso, d\u00e9licieux d\u00e8s l\u2019instant o\u00f9 vous ouvrez la bo\u00eete<\/h4>\n<p>[\/vc_column_text][\/vc_column_inner][vc_column_inner width=&#8221;1\/4&#8243;][\/vc_column_inner][\/vc_row_inner][\/vc_column][\/vc_row]<\/p>\n<\/section><\/div>[\/vc_column_text][\/vc_column][\/vc_row][vc_row el_class=&#8221;none-sub-products&#8221;][vc_column width=&#8221;1\/12&#8243;][\/vc_column][vc_column width=&#8221;10\/12&#8243;][vc_column_text]<div data-post-id=\"104373\" class=\"insert-page insert-page-104373 \"><style type=\"text\/css\" data-type=\"vc_custom-css\">div#illy-lovers-banner .titol-banner h4 {\r\n    font-size: 30px;\r\n    font-family: &#039;Manrope&#039;, sans-serif;\r\n    color: #512C1F !important;\r\n    font-weight: 500;\r\n    margin-top: 0px !important;\r\n    letter-spacing: 0px;\r\n}\r\n\r\ndiv#illy-lovers-banner .text-banner p{\r\n    font-family: &#039;Manrope&#039;, sans-serif;\r\n    color: #512c1f;\r\n    font-size: 16px;\r\n    font-weight: 500;\r\n}\r\n\r\na.btn-brown button {\r\n    background: #512c1f !important;\r\n    color: #fff !important;\r\n    letter-spacing: 0px;\r\n    border-radius: 5px !important;\r\n    padding: 8px 35px !important;\r\n    font-family: &#039;Manrope&#039;, sans-serif !important;\r\n    font-weight: 500;\r\n    font-size: 14px !important;\r\n    transition: linear 0.7s;\r\n    margin-top:10px !important;\r\n}\r\n\r\na.btn-brown button:hover {\r\n    box-shadow: inset 0px -100px 0px #D12420;\r\n\tcolor:#fff !important;\r\n}<\/style><style type=\"text\/css\" data-type=\"vc_shortcodes-custom-css\">.vc_custom_1723021922849{margin-top: 50px !important;margin-bottom: 80px !important;padding-top: 40px !important;padding-right: 30px !important;padding-bottom: 40px !important;padding-left: 30px !important;background: #ffffff url(https:\/\/dev3.illycafe.ch\/wp-content\/uploads\/img_04@2x.jpg?id=104376) !important;background-position: center !important;background-repeat: no-repeat !important;background-size: cover !important;}.vc_custom_1722931185055{margin-top: 0px !important;margin-bottom: 0px !important;margin-left: 0px !important;padding-top: 0px !important;padding-right: 0px !important;padding-bottom: 0px !important;padding-left: 0px !important;}<\/style><section class=\"wpb-content-wrapper\"><p>[vc_row css=&#8221;.vc_custom_1723021922849{margin-top: 50px !important;margin-bottom: 80px !important;padding-top: 40px !important;padding-right: 30px !important;padding-bottom: 40px !important;padding-left: 30px !important;background: #ffffff url(https:\/\/dev3.illycafe.ch\/wp-content\/uploads\/img_04@2x.jpg?id=104376) !important;background-position: center center;background-repeat: no-repeat !important;background-size: cover !important;}&#8221; el_id=&#8221;illy-lovers-banner&#8221;][vc_column css=&#8221;.vc_custom_1722931185055{margin-top: 0px !important;margin-bottom: 0px !important;margin-left: 0px !important;padding-top: 0px !important;padding-right: 0px !important;padding-bottom: 0px !important;padding-left: 0px !important;}&#8221;][vc_column_text el_class=&#8221;titol-banner&#8221;]<\/p>\n<h4>ILLY LOVERS<\/h4>\n<p>[\/vc_column_text][vc_column_text el_class=&#8221;text-banner&#8221;]Rejoignez la communaut\u00e9 et d\u00e9couvrez les surprises<br \/>\net les avantages exclusifs que nous vous r\u00e9servons.<\/p>\n<p>[\/vc_column_text][vc_raw_html]JTNDYSUyMGNsYXNzJTNEJTIyYnRuLWJyb3duJTIyJTNFJTNDYnV0dG9uJTNFSW5zY3JpdmVzLXZvdXMlMjBtYWludGVuYW50JTNDJTJGYnV0dG9uJTNFJTNDJTJGYSUzRQ==[\/vc_raw_html][\/vc_column][\/vc_row]<\/p>\n<\/section><\/div>[\/vc_column_text][\/vc_column][vc_column width=&#8221;1\/12&#8243;][\/vc_column][\/vc_row]<\/p>\n<\/section>","protected":false},"excerpt":{"rendered":"<p>Boites Forte moulu<\/p>\n","protected":false},"featured_media":0,"comment_status":"open","ping_status":"closed","template":"","meta":{"inline_featured_image":false},"product_brand":[],"product_cat":[1536,1565,1571],"product_tag":[],"class_list":{"0":"post-220236","1":"product","2":"type-product","3":"status-publish","5":"product_cat-kaffee-2","6":"product_cat-shop-it-2","7":"product_cat-gemahlener-kaffee-kaffee-2","9":"first","10":"instock","11":"taxable","12":"shipping-taxable","13":"purchasable","14":"product-type-simple"},"group_of_quantity":0,"min_quantity":0,"max_quantity":"","exclude_order_quantity_value_rules":"no","exclude_category_quantity_rules":"no","combine_variations":"no","yoast_head":"<!-- This site is optimized with the Yoast SEO plugin v24.4 - https:\/\/yoast.com\/wordpress\/plugins\/seo\/ -->\n<title>doforte250gemahlen - Illycaf\u00e9 | Premium Kaffee kaufen | Gastronomie, Firmen, Privat<\/title>\n<meta name=\"robots\" content=\"noindex, follow, max-snippet:-1, max-image-preview:large, max-video-preview:-1\" \/>\n<meta property=\"og:locale\" content=\"fr_FR\" \/>\n<meta property=\"og:type\" content=\"article\" \/>\n<meta property=\"og:title\" content=\"doforte250gemahlen - Illycaf\u00e9 | Premium Kaffee kaufen | Gastronomie, Firmen, Privat\" \/>\n<meta property=\"og:description\" content=\"Boites Forte moulu\" \/>\n<meta property=\"og:url\" content=\"https:\/\/dev3.illycafe.ch\/fr\/produit\/boites-forte-moulu\/\" \/>\n<meta property=\"og:site_name\" content=\"Illycaf\u00e9 | Premium Kaffee kaufen | Gastronomie, Firmen, Privat\" \/>\n<meta property=\"article:modified_time\" content=\"2025-04-18T13:40:11+00:00\" \/>\n<meta name=\"twitter:card\" content=\"summary_large_image\" \/>\n<meta name=\"twitter:label1\" content=\"Dur\u00e9e de lecture estim\u00e9e\" \/>\n\t<meta name=\"twitter:data1\" content=\"4 minutes\" \/>\n<script type=\"application\/ld+json\" class=\"yoast-schema-graph\">{\"@context\":\"https:\/\/schema.org\",\"@graph\":[{\"@type\":\"WebPage\",\"@id\":\"https:\/\/dev3.illycafe.ch\/fr\/produit\/boites-forte-moulu\/\",\"url\":\"https:\/\/dev3.illycafe.ch\/fr\/produit\/boites-forte-moulu\/\",\"name\":\"doforte250gemahlen - Illycaf\u00e9 | Premium Kaffee kaufen | Gastronomie, Firmen, Privat\",\"isPartOf\":{\"@id\":\"https:\/\/dev3.illycafe.ch\/dev3.illycafe.ch\/#website\"},\"datePublished\":\"2025-02-06T10:10:56+00:00\",\"dateModified\":\"2025-04-18T13:40:11+00:00\",\"breadcrumb\":{\"@id\":\"https:\/\/dev3.illycafe.ch\/fr\/produit\/boites-forte-moulu\/#breadcrumb\"},\"inLanguage\":\"fr-FR\",\"potentialAction\":[{\"@type\":\"ReadAction\",\"target\":[\"https:\/\/dev3.illycafe.ch\/fr\/produit\/boites-forte-moulu\/\"]}]},{\"@type\":\"BreadcrumbList\",\"@id\":\"https:\/\/dev3.illycafe.ch\/fr\/produit\/boites-forte-moulu\/#breadcrumb\",\"itemListElement\":[{\"@type\":\"ListItem\",\"position\":1,\"name\":\"Accueil\",\"item\":\"https:\/\/dev3.illycafe.ch\/fr\/\"},{\"@type\":\"ListItem\",\"position\":2,\"name\":\"Boutique\",\"item\":\"https:\/\/dev3.illycafe.ch\/dev3.illycafe.ch\/fr\/boutique\/\"},{\"@type\":\"ListItem\",\"position\":3,\"name\":\"doforte250gemahlen\"}]},{\"@type\":\"WebSite\",\"@id\":\"https:\/\/dev3.illycafe.ch\/dev3.illycafe.ch\/#website\",\"url\":\"https:\/\/dev3.illycafe.ch\/dev3.illycafe.ch\/\",\"name\":\"Illycaf\u00e9 | Premium Kaffee kaufen | Gastronomie, Firmen, Privat\",\"description\":\"Italienische Kaffeekultur. Schweizer Qualit\u00e4t.\",\"potentialAction\":[{\"@type\":\"SearchAction\",\"target\":{\"@type\":\"EntryPoint\",\"urlTemplate\":\"https:\/\/dev3.illycafe.ch\/dev3.illycafe.ch\/?s={search_term_string}\"},\"query-input\":{\"@type\":\"PropertyValueSpecification\",\"valueRequired\":true,\"valueName\":\"search_term_string\"}}],\"inLanguage\":\"fr-FR\"}]}<\/script>\n<!-- \/ Yoast SEO plugin. -->","yoast_head_json":{"title":"doforte250gemahlen - Illycaf\u00e9 | Premium Kaffee kaufen | Gastronomie, Firmen, Privat","robots":{"index":"noindex","follow":"follow","max-snippet":"max-snippet:-1","max-image-preview":"max-image-preview:large","max-video-preview":"max-video-preview:-1"},"og_locale":"fr_FR","og_type":"article","og_title":"doforte250gemahlen - Illycaf\u00e9 | Premium Kaffee kaufen | Gastronomie, Firmen, Privat","og_description":"Boites Forte moulu","og_url":"https:\/\/dev3.illycafe.ch\/fr\/produit\/boites-forte-moulu\/","og_site_name":"Illycaf\u00e9 | Premium Kaffee kaufen | Gastronomie, Firmen, Privat","article_modified_time":"2025-04-18T13:40:11+00:00","twitter_card":"summary_large_image","twitter_misc":{"Dur\u00e9e de lecture estim\u00e9e":"4 minutes"},"schema":{"@context":"https:\/\/schema.org","@graph":[{"@type":"WebPage","@id":"https:\/\/dev3.illycafe.ch\/fr\/produit\/boites-forte-moulu\/","url":"https:\/\/dev3.illycafe.ch\/fr\/produit\/boites-forte-moulu\/","name":"doforte250gemahlen - Illycaf\u00e9 | Premium Kaffee kaufen | Gastronomie, Firmen, Privat","isPartOf":{"@id":"https:\/\/dev3.illycafe.ch\/dev3.illycafe.ch\/#website"},"datePublished":"2025-02-06T10:10:56+00:00","dateModified":"2025-04-18T13:40:11+00:00","breadcrumb":{"@id":"https:\/\/dev3.illycafe.ch\/fr\/produit\/boites-forte-moulu\/#breadcrumb"},"inLanguage":"fr-FR","potentialAction":[{"@type":"ReadAction","target":["https:\/\/dev3.illycafe.ch\/fr\/produit\/boites-forte-moulu\/"]}]},{"@type":"BreadcrumbList","@id":"https:\/\/dev3.illycafe.ch\/fr\/produit\/boites-forte-moulu\/#breadcrumb","itemListElement":[{"@type":"ListItem","position":1,"name":"Accueil","item":"https:\/\/dev3.illycafe.ch\/fr\/"},{"@type":"ListItem","position":2,"name":"Boutique","item":"https:\/\/dev3.illycafe.ch\/dev3.illycafe.ch\/fr\/boutique\/"},{"@type":"ListItem","position":3,"name":"doforte250gemahlen"}]},{"@type":"WebSite","@id":"https:\/\/dev3.illycafe.ch\/dev3.illycafe.ch\/#website","url":"https:\/\/dev3.illycafe.ch\/dev3.illycafe.ch\/","name":"Illycaf\u00e9 | Premium Kaffee kaufen | Gastronomie, Firmen, Privat","description":"Italienische Kaffeekultur. Schweizer Qualit\u00e4t.","potentialAction":[{"@type":"SearchAction","target":{"@type":"EntryPoint","urlTemplate":"https:\/\/dev3.illycafe.ch\/dev3.illycafe.ch\/?s={search_term_string}"},"query-input":{"@type":"PropertyValueSpecification","valueRequired":true,"valueName":"search_term_string"}}],"inLanguage":"fr-FR"}]}},"_links":{"self":[{"href":"https:\/\/dev3.illycafe.ch\/fr\/wp-json\/wp\/v2\/product\/220236","targetHints":{"allow":["GET"]}}],"collection":[{"href":"https:\/\/dev3.illycafe.ch\/fr\/wp-json\/wp\/v2\/product"}],"about":[{"href":"https:\/\/dev3.illycafe.ch\/fr\/wp-json\/wp\/v2\/types\/product"}],"replies":[{"embeddable":true,"href":"https:\/\/dev3.illycafe.ch\/fr\/wp-json\/wp\/v2\/comments?post=220236"}],"wp:attachment":[{"href":"https:\/\/dev3.illycafe.ch\/fr\/wp-json\/wp\/v2\/media?parent=220236"}],"wp:term":[{"taxonomy":"product_brand","embeddable":true,"href":"https:\/\/dev3.illycafe.ch\/fr\/wp-json\/wp\/v2\/product_brand?post=220236"},{"taxonomy":"product_cat","embeddable":true,"href":"https:\/\/dev3.illycafe.ch\/fr\/wp-json\/wp\/v2\/product_cat?post=220236"},{"taxonomy":"product_tag","embeddable":true,"href":"https:\/\/dev3.illycafe.ch\/fr\/wp-json\/wp\/v2\/product_tag?post=220236"}],"curies":[{"name":"wp","href":"https:\/\/api.w.org\/{rel}","templated":true}]}}