{"id":220584,"date":"2025-02-06T12:19:33","date_gmt":"2025-02-06T11:19:33","guid":{"rendered":"https:\/\/dev3.illycafe.ch\/produkt\/coffee-b-intenso\/"},"modified":"2025-04-18T17:00:26","modified_gmt":"2025-04-18T15:00:26","slug":"coffee-b-intenso","status":"publish","type":"product","link":"https:\/\/dev3.illycafe.ch\/fr\/produit\/coffee-b-intenso\/","title":{"rendered":"coffeeBintenso"},"content":{"rendered":"<section class=\"wpb-content-wrapper\"><p>[vc_row][vc_column][vc_column_text]Un ar\u00f4me puissant aux notes envo\u00fbtantes de cacao et de fruits secs, avec un arri\u00e8re-go\u00fbt riche et cors\u00e9. Boules de caf\u00e9, 100% compostables \u00e0 domicile, \u00e0 la saveur que vous connaissez et appr\u00e9ciez, pour un plaisir entier. Un expresso \u00e0 l\u2019ar\u00f4me puissant, aux notes envo\u00fbtantes de cacao et de fruits secs, avec un arri\u00e8re-go\u00fbt riche et cors\u00e9. Uniquement 1% des meilleurs grains de caf\u00e9 arabica. *Boules de caf\u00e9 compostables \u00e0 domicile[\/vc_column_text][\/vc_column][\/vc_row][vc_row el_class=&#8221;none-sub-products&#8221; el_id=&#8221;sub-product&#8221; css=&#8221;.vc_custom_1723021695272{background-color: #ffffff !important;}&#8221;][vc_column width=&#8221;1\/6&#8243;][\/vc_column][vc_column width=&#8221;2\/3&#8243; css=&#8221;.vc_custom_1722498456585{padding-top: 32px !important;padding-bottom: 32px !important;}&#8221;][vc_column_text]<br \/>\nCaract\u00e9ristiques principales[\/vc_column_text][vc_empty_space height=&#8221;35px&#8221;][vc_row_inner el_class=&#8221;row-icons&#8221;][vc_column_inner width=&#8221;1\/3&#8243; css=&#8221;.vc_custom_1723018477715{padding-right: 20px !important;padding-left: 20px !important;}&#8221;][vc_single_image image=&#8221;104380&#8243; img_size=&#8221;60&#215;60&#8243; alignment=&#8221;center&#8221;][vc_column_text css=&#8221;&#8221;]Le grain:uniquement 1% des meilleurs grains de caf\u00e9 arabica<br \/>\n[\/vc_column_text][vc_empty_space height=&#8221;15px&#8221;][\/vc_column_inner][vc_column_inner width=&#8221;1\/3&#8243; css=&#8221;.vc_custom_1723018486731{padding-right: 20px !important;padding-left: 20px !important;}&#8221;][vc_single_image image=&#8221;104388&#8243; img_size=&#8221;60&#215;60&#8243; alignment=&#8221;center&#8221;][vc_column_text css=&#8221;&#8221;]Pr\u00e9paration du caf\u00e9:Id\u00e9al pour votre expresso<br \/>\n[\/vc_column_text][vc_empty_space height=&#8221;15px&#8221;][\/vc_column_inner][vc_column_inner width=&#8221;1\/3&#8243; css=&#8221;.vc_custom_1723018493419{padding-right: 20px !important;padding-left: 20px !important;}&#8221;][vc_single_image image=&#8221;104385&#8243; img_size=&#8221;60&#215;60&#8243; alignment=&#8221;center&#8221;][vc_column_text css=&#8221;&#8221;]Adapt\u00e9 \u00e0:Uniquement adapt\u00e9 aux machines \u00e0 caf\u00e9 compatibles avec CoffeeB<br \/>\n[\/vc_column_text][vc_empty_space height=&#8221;15px&#8221;][\/vc_column_inner][\/vc_row_inner][\/vc_column][vc_column width=&#8221;1\/6&#8243;][\/vc_column][\/vc_row][vc_row el_class=&#8221;none-sub-products&#8221; el_id=&#8221;sub-product-acc&#8221; css=&#8221;.vc_custom_1722497764635{background-color: #f2e9da !important;}&#8221;][vc_column width=&#8221;1\/6&#8243;][\/vc_column][vc_column width=&#8221;2\/3&#8243; css=&#8221;.vc_custom_1722498426609{padding-top: 80px !important;padding-bottom: 80px !important;}&#8221;]<div class=\"eltdf-accordion-holder eltdf-ac-default  eltdf-toggle eltdf-ac-simple  clearfix\">\n\t<h4 class=\"eltdf-accordion-title\">\n    <span class=\"eltdf-accordion-mark\">\n\t\t<span class=\"eltdf_icon_plus icon_plus\"><\/span>\n\t\t<span class=\"eltdf_icon_minus icon_minus-06\"><\/span>\n\t<\/span>\n\t<span class=\"eltdf-tab-title\">D\u00e9tails du produit<\/span>\n<\/h4>\n<div class=\"eltdf-accordion-content\">\n\t<div class=\"eltdf-accordion-content-inner\">\n\t\t[vc_column_text css=&#8221;&#8221;]Boules de caf\u00e9, 100% compostables \u00e0 domicile*, \u00e0 la saveur que vous connaissez et appr\u00e9ciez, pour un plaisir entier. Pour un expresso doux, \u00e0 la saveur onctueuse, aux notes d\u00e9licates de caramel, de fleur d\u2019oranger, de jasmin et \u00e0 l\u2019arri\u00e8re-go\u00fbt sucr\u00e9. *Boules de caf\u00e9 compostables \u00e0 domicile R\u00e9f\u00e9rence produit :24960ME[\/vc_column_text][vc_row_inner el_id=&#8221;table-show&#8221; css=&#8221;.vc_custom_1724745708717{margin-top: 30px !important;}&#8221;][vc_column_inner width=&#8221;1\/2&#8243;][\/vc_column_inner][vc_column_inner width=&#8221;1\/2&#8243;][\/vc_column_inner][\/vc_row_inner]\t<\/div>\n<\/div><h4 class=\"eltdf-accordion-title\">\n    <span class=\"eltdf-accordion-mark\">\n\t\t<span class=\"eltdf_icon_plus icon_plus\"><\/span>\n\t\t<span class=\"eltdf_icon_minus icon_minus-06\"><\/span>\n\t<\/span>\n\t<span class=\"eltdf-tab-title\">Exp\u00e9dition<\/span>\n<\/h4>\n<div class=\"eltdf-accordion-content\">\n\t<div class=\"eltdf-accordion-content-inner\">\n\t\t[vc_column_text]Livraison de la marchandiseLes produits sont livr\u00e9s par Illycaff\u00e8 uniquement et exclusivement en France M\u00e9tropolitaine, Corse, Monaco et le Luxembourg. illycaff\u00e8 exp\u00e9die les produits achet\u00e9s \u00e0 l\u2019adresse de destination indiqu\u00e9e au moment de l\u2019inscription. L\u2019adresse peut toujours \u00eatre modifi\u00e9e en acc\u00e9dant \u00e0 la section \u00ab mon compte \u00bb ou directement au moment de la commande. Nous n\u2019acceptons pas les exp\u00e9ditions \u00e0 des bo\u00eetes postales. illycaff\u00e8 effectuera l\u2019exp\u00e9dition des produits command\u00e9s par le Client, par transporteur, \u00e0 l\u2019adresse indiqu\u00e9e par ce dernier, dans un d\u00e9lais d\u2019environ 2 jours ouvrables suivant l\u2019acceptation de la commande. La livraison a g\u00e9n\u00e9ralement lieu dans un d\u00e9lais d\u2019environ 3 jours ouvrables suivant l\u2019exp\u00e9dition. Les d\u00e9lais indiqu\u00e9s pour la livraison des produits sont indicatifs. Les frais de livraison sont calcul\u00e9s en fonction des tarifs indiqu\u00e9s sur le Site Internet ou communiqu\u00e9s par le Service Clients au moment de l\u2019achat par t\u00e9l\u00e9phone. illycaff\u00e8 proc\u00e8de \u00e0 l\u2019exp\u00e9dition par l\u2019interm\u00e9diaire d\u2019un transporteur tiers, qui est en charge de la livraison. illycaff\u00e8 s\u2019engage \u00e0 collecter tous les signalements de non-livraison ou de retard de livraison des produits par l\u2019interm\u00e9diaire du Service Client et, si n\u00e9cessaire, \u00e0 aider le Client \u00e0 prot\u00e9ger ses droits \u00e0 l\u2019\u00e9gard du transporteur conform\u00e9ment \u00e0 la loi. Le transporteur n&#8217;effectue pas le service de livraison \u00e0 l&#8217;\u00e9tage. En fonction de la taille de votre commande, celle-ci peut \u00eatre divis\u00e9e en plusieurs envois qui sont envoy\u00e9s ensemble mais peuvent \u00eatre livr\u00e9s \u00e0 des jours diff\u00e9rents.[\/vc_column_text]\t<\/div>\n<\/div><\/div>[\/vc_column][vc_column width=&#8221;1\/6&#8243;][\/vc_column][\/vc_row][vc_row el_class=&#8221;none-sub-products&#8221;][vc_column css=&#8221;.vc_custom_1724747383466{margin-top: 0px !important;padding-top: 0px !important;}&#8221;][vc_column_text css=&#8221;&#8221;]<div data-post-id=\"187003\" class=\"insert-page insert-page-187003 \"><style type=\"text\/css\" data-type=\"vc_custom-css\">div#illy-banner .titol-banner h4 {\r\n    font-size: 38px;\r\n    font-family: &#039;Manrope&#039;, sans-serif;\r\n    color: #fff !important;\r\n    font-weight: 500;\r\n    margin-top: 0px !important;\r\n    letter-spacing: 0px;\r\n}<\/style><style type=\"text\/css\" data-type=\"vc_shortcodes-custom-css\">.vc_custom_1727856208525{padding-top: 300px !important;padding-bottom: 300px !important;background-image: url(https:\/\/dev3.illycafe.ch\/wp-content\/uploads\/66793cb73a8d6900081a4042.jpg.webp?id=187006) !important;background-position: center !important;background-repeat: no-repeat !important;background-size: cover !important;}.vc_custom_1722931185055{margin-top: 0px !important;margin-bottom: 0px !important;margin-left: 0px !important;padding-top: 0px !important;padding-right: 0px !important;padding-bottom: 0px !important;padding-left: 0px !important;}<\/style><section class=\"wpb-content-wrapper\"><p>[vc_row full_width=&#8221;stretch_row_content_no_spaces&#8221; css=&#8221;.vc_custom_1727856208525{padding-top: 300px !important;padding-bottom: 300px !important;background-image: url(https:\/\/dev3.illycafe.ch\/wp-content\/uploads\/66793cb73a8d6900081a4042.jpg.webp?id=187006) !important;background-position: center center;background-repeat: no-repeat !important;background-size: cover !important;}&#8221; el_id=&#8221;illy-banner&#8221;][vc_column css=&#8221;.vc_custom_1722931185055{margin-top: 0px !important;margin-bottom: 0px !important;margin-left: 0px !important;padding-top: 0px !important;padding-right: 0px !important;padding-bottom: 0px !important;padding-left: 0px !important;}&#8221;][vc_row_inner][vc_column_inner width=&#8221;1\/4&#8243;][\/vc_column_inner][vc_column_inner width=&#8221;1\/2&#8243;][vc_column_text css=&#8221;&#8221; el_class=&#8221;titol-banner&#8221;]<\/p>\n<h4 style=\"text-align: center;\">Pour vous offrir notre caf\u00e9, nous s\u00e9lectionnons uniquement les meilleurs caf\u00e9s arabica.<\/h4>\n<p>[\/vc_column_text][\/vc_column_inner][vc_column_inner width=&#8221;1\/4&#8243;][\/vc_column_inner][\/vc_row_inner][\/vc_column][\/vc_row]<\/p>\n<\/section><\/div>[\/vc_column_text][\/vc_column][\/vc_row][vc_row el_class=&#8221;none-sub-products&#8221;][vc_column css=&#8221;.vc_custom_1724747383466{margin-top: 0px !important;padding-top: 0px !important;}&#8221;][vc_column_text css=&#8221;&#8221;]<div data-post-id=\"104434\" class=\"insert-page insert-page-104434 \"><style type=\"text\/css\" data-type=\"vc_custom-css\">div#illy-banner .titol-banner h4 {\r\n    font-size: 38px;\r\n    font-family: &#039;Manrope&#039;, sans-serif;\r\n    color: #fff !important;\r\n    font-weight: 500;\r\n    margin-top: 0px !important;\r\n    letter-spacing: 0px;\r\n}\r\n\r\ndiv#illy-banner .titol-banner p {\r\n    font-size: 16px;\r\n    font-family: &#039;Manrope&#039;, sans-serif;\r\n    color: #fff !important;\r\n    font-weight: 500;\r\n    margin-top: 0px !important;\r\n    letter-spacing: 0px;\r\n}<\/style><style type=\"text\/css\" data-type=\"vc_shortcodes-custom-css\">.vc_custom_1723019349779{padding-top: 300px !important;padding-bottom: 300px !important;background-image: url(https:\/\/dev3.illycafe.ch\/wp-content\/uploads\/66793cb2365f990008ce72b2.jpg.webp?id=104436) !important;background-position: center !important;background-repeat: no-repeat !important;background-size: cover !important;}.vc_custom_1722931185055{margin-top: 0px !important;margin-bottom: 0px !important;margin-left: 0px !important;padding-top: 0px !important;padding-right: 0px !important;padding-bottom: 0px !important;padding-left: 0px !important;}<\/style><section class=\"wpb-content-wrapper\"><p>[vc_row full_width=&#8221;stretch_row_content_no_spaces&#8221; css=&#8221;.vc_custom_1723019349779{padding-top: 300px !important;padding-bottom: 300px !important;background-image: url(https:\/\/dev3.illycafe.ch\/wp-content\/uploads\/66793cb2365f990008ce72b2.jpg.webp?id=104436) !important;background-position: center center;background-repeat: no-repeat !important;background-size: cover !important;}&#8221; el_id=&#8221;illy-banner&#8221;][vc_column css=&#8221;.vc_custom_1722931185055{margin-top: 0px !important;margin-bottom: 0px !important;margin-left: 0px !important;padding-top: 0px !important;padding-right: 0px !important;padding-bottom: 0px !important;padding-left: 0px !important;}&#8221;][vc_row_inner][vc_column_inner width=&#8221;1\/4&#8243;][\/vc_column_inner][vc_column_inner width=&#8221;1\/2&#8243;][vc_column_text el_class=&#8221;titol-banner&#8221;]<\/p>\n<h4 style=\"text-align: center;\">Coffee Balls CoffeeB \u00e0 saveur \u00e9quilibr\u00e9e, 100 % compostables \u00e0 la maison*<\/h4>\n<p style=\"text-align: center;\"><em>*Boules de caf\u00e9 adapt\u00e9es au compostage domestique<\/em><\/p>\n<p>[\/vc_column_text][\/vc_column_inner][vc_column_inner width=&#8221;1\/4&#8243;][\/vc_column_inner][\/vc_row_inner][\/vc_column][\/vc_row]<\/p>\n<\/section><\/div>[\/vc_column_text][\/vc_column][\/vc_row][vc_row el_class=&#8221;none-sub-products&#8221;][vc_column width=&#8221;1\/12&#8243;][\/vc_column][vc_column width=&#8221;10\/12&#8243;][vc_column_text]<div data-post-id=\"104373\" class=\"insert-page insert-page-104373 \"><style type=\"text\/css\" data-type=\"vc_custom-css\">div#illy-lovers-banner .titol-banner h4 {\r\n    font-size: 30px;\r\n    font-family: &#039;Manrope&#039;, sans-serif;\r\n    color: #512C1F !important;\r\n    font-weight: 500;\r\n    margin-top: 0px !important;\r\n    letter-spacing: 0px;\r\n}\r\n\r\ndiv#illy-lovers-banner .text-banner p{\r\n    font-family: &#039;Manrope&#039;, sans-serif;\r\n    color: #512c1f;\r\n    font-size: 16px;\r\n    font-weight: 500;\r\n}\r\n\r\na.btn-brown button {\r\n    background: #512c1f !important;\r\n    color: #fff !important;\r\n    letter-spacing: 0px;\r\n    border-radius: 5px !important;\r\n    padding: 8px 35px !important;\r\n    font-family: &#039;Manrope&#039;, sans-serif !important;\r\n    font-weight: 500;\r\n    font-size: 14px !important;\r\n    transition: linear 0.7s;\r\n    margin-top:10px !important;\r\n}\r\n\r\na.btn-brown button:hover {\r\n    box-shadow: inset 0px -100px 0px #D12420;\r\n\tcolor:#fff !important;\r\n}<\/style><style type=\"text\/css\" data-type=\"vc_shortcodes-custom-css\">.vc_custom_1723021922849{margin-top: 50px !important;margin-bottom: 80px !important;padding-top: 40px !important;padding-right: 30px !important;padding-bottom: 40px !important;padding-left: 30px !important;background: #ffffff url(https:\/\/dev3.illycafe.ch\/wp-content\/uploads\/img_04@2x.jpg?id=104376) !important;background-position: center !important;background-repeat: no-repeat !important;background-size: cover !important;}.vc_custom_1722931185055{margin-top: 0px !important;margin-bottom: 0px !important;margin-left: 0px !important;padding-top: 0px !important;padding-right: 0px !important;padding-bottom: 0px !important;padding-left: 0px !important;}<\/style><section class=\"wpb-content-wrapper\"><p>[vc_row css=&#8221;.vc_custom_1723021922849{margin-top: 50px !important;margin-bottom: 80px !important;padding-top: 40px !important;padding-right: 30px !important;padding-bottom: 40px !important;padding-left: 30px !important;background: #ffffff url(https:\/\/dev3.illycafe.ch\/wp-content\/uploads\/img_04@2x.jpg?id=104376) !important;background-position: center center;background-repeat: no-repeat !important;background-size: cover !important;}&#8221; el_id=&#8221;illy-lovers-banner&#8221;][vc_column css=&#8221;.vc_custom_1722931185055{margin-top: 0px !important;margin-bottom: 0px !important;margin-left: 0px !important;padding-top: 0px !important;padding-right: 0px !important;padding-bottom: 0px !important;padding-left: 0px !important;}&#8221;][vc_column_text el_class=&#8221;titol-banner&#8221;]<\/p>\n<h4>ILLY LOVERS<\/h4>\n<p>[\/vc_column_text][vc_column_text el_class=&#8221;text-banner&#8221;]Rejoignez la communaut\u00e9 et d\u00e9couvrez les surprises<br \/>\net les avantages exclusifs que nous vous r\u00e9servons.<\/p>\n<p>[\/vc_column_text][vc_raw_html]JTNDYSUyMGNsYXNzJTNEJTIyYnRuLWJyb3duJTIyJTNFJTNDYnV0dG9uJTNFSW5zY3JpdmVzLXZvdXMlMjBtYWludGVuYW50JTNDJTJGYnV0dG9uJTNFJTNDJTJGYSUzRQ==[\/vc_raw_html][\/vc_column][\/vc_row]<\/p>\n<\/section><\/div>[\/vc_column_text][\/vc_column][vc_column width=&#8221;1\/12&#8243;][\/vc_column][\/vc_row]<\/p>\n<\/section>","protected":false},"excerpt":{"rendered":"<p>coffee B Intenso<\/p>\n","protected":false},"featured_media":0,"comment_status":"open","ping_status":"closed","template":"","meta":{"inline_featured_image":false},"product_brand":[],"product_cat":[1536,1565,1575],"product_tag":[],"class_list":{"0":"post-220584","1":"product","2":"type-product","3":"status-publish","5":"product_cat-kaffee-2","6":"product_cat-shop-it-2","7":"product_cat-coffee-b-balls-kaffee-2","9":"first","10":"instock","11":"taxable","12":"shipping-taxable","13":"purchasable","14":"product-type-simple"},"group_of_quantity":0,"min_quantity":0,"max_quantity":"","exclude_order_quantity_value_rules":"no","exclude_category_quantity_rules":"no","combine_variations":"no","yoast_head":"<!-- This site is optimized with the Yoast SEO plugin v24.4 - https:\/\/yoast.com\/wordpress\/plugins\/seo\/ -->\n<title>coffeeBintenso - Illycaf\u00e9 | Premium Kaffee kaufen | Gastronomie, Firmen, Privat<\/title>\n<meta name=\"robots\" content=\"noindex, follow, max-snippet:-1, max-image-preview:large, max-video-preview:-1\" \/>\n<meta property=\"og:locale\" content=\"fr_FR\" \/>\n<meta property=\"og:type\" content=\"article\" \/>\n<meta property=\"og:title\" content=\"coffeeBintenso - Illycaf\u00e9 | Premium Kaffee kaufen | Gastronomie, Firmen, Privat\" \/>\n<meta property=\"og:description\" content=\"coffee B Intenso\" \/>\n<meta property=\"og:url\" content=\"https:\/\/dev3.illycafe.ch\/fr\/produit\/coffee-b-intenso\/\" \/>\n<meta property=\"og:site_name\" content=\"Illycaf\u00e9 | Premium Kaffee kaufen | Gastronomie, Firmen, Privat\" \/>\n<meta property=\"article:modified_time\" content=\"2025-04-18T15:00:26+00:00\" \/>\n<meta name=\"twitter:card\" content=\"summary_large_image\" \/>\n<meta name=\"twitter:label1\" content=\"Dur\u00e9e de lecture estim\u00e9e\" \/>\n\t<meta name=\"twitter:data1\" content=\"4 minutes\" \/>\n<script type=\"application\/ld+json\" class=\"yoast-schema-graph\">{\"@context\":\"https:\/\/schema.org\",\"@graph\":[{\"@type\":\"WebPage\",\"@id\":\"https:\/\/dev3.illycafe.ch\/fr\/produit\/coffee-b-intenso\/\",\"url\":\"https:\/\/dev3.illycafe.ch\/fr\/produit\/coffee-b-intenso\/\",\"name\":\"coffeeBintenso - Illycaf\u00e9 | Premium Kaffee kaufen | Gastronomie, Firmen, Privat\",\"isPartOf\":{\"@id\":\"https:\/\/dev3.illycafe.ch\/dev3.illycafe.ch\/#website\"},\"datePublished\":\"2025-02-06T11:19:33+00:00\",\"dateModified\":\"2025-04-18T15:00:26+00:00\",\"breadcrumb\":{\"@id\":\"https:\/\/dev3.illycafe.ch\/fr\/produit\/coffee-b-intenso\/#breadcrumb\"},\"inLanguage\":\"fr-FR\",\"potentialAction\":[{\"@type\":\"ReadAction\",\"target\":[\"https:\/\/dev3.illycafe.ch\/fr\/produit\/coffee-b-intenso\/\"]}]},{\"@type\":\"BreadcrumbList\",\"@id\":\"https:\/\/dev3.illycafe.ch\/fr\/produit\/coffee-b-intenso\/#breadcrumb\",\"itemListElement\":[{\"@type\":\"ListItem\",\"position\":1,\"name\":\"Accueil\",\"item\":\"https:\/\/dev3.illycafe.ch\/fr\/\"},{\"@type\":\"ListItem\",\"position\":2,\"name\":\"Boutique\",\"item\":\"https:\/\/dev3.illycafe.ch\/dev3.illycafe.ch\/fr\/boutique\/\"},{\"@type\":\"ListItem\",\"position\":3,\"name\":\"coffeeBintenso\"}]},{\"@type\":\"WebSite\",\"@id\":\"https:\/\/dev3.illycafe.ch\/dev3.illycafe.ch\/#website\",\"url\":\"https:\/\/dev3.illycafe.ch\/dev3.illycafe.ch\/\",\"name\":\"Illycaf\u00e9 | Premium Kaffee kaufen | Gastronomie, Firmen, Privat\",\"description\":\"Italienische Kaffeekultur. Schweizer Qualit\u00e4t.\",\"potentialAction\":[{\"@type\":\"SearchAction\",\"target\":{\"@type\":\"EntryPoint\",\"urlTemplate\":\"https:\/\/dev3.illycafe.ch\/dev3.illycafe.ch\/?s={search_term_string}\"},\"query-input\":{\"@type\":\"PropertyValueSpecification\",\"valueRequired\":true,\"valueName\":\"search_term_string\"}}],\"inLanguage\":\"fr-FR\"}]}<\/script>\n<!-- \/ Yoast SEO plugin. -->","yoast_head_json":{"title":"coffeeBintenso - Illycaf\u00e9 | Premium Kaffee kaufen | Gastronomie, Firmen, Privat","robots":{"index":"noindex","follow":"follow","max-snippet":"max-snippet:-1","max-image-preview":"max-image-preview:large","max-video-preview":"max-video-preview:-1"},"og_locale":"fr_FR","og_type":"article","og_title":"coffeeBintenso - Illycaf\u00e9 | Premium Kaffee kaufen | Gastronomie, Firmen, Privat","og_description":"coffee B Intenso","og_url":"https:\/\/dev3.illycafe.ch\/fr\/produit\/coffee-b-intenso\/","og_site_name":"Illycaf\u00e9 | Premium Kaffee kaufen | Gastronomie, Firmen, Privat","article_modified_time":"2025-04-18T15:00:26+00:00","twitter_card":"summary_large_image","twitter_misc":{"Dur\u00e9e de lecture estim\u00e9e":"4 minutes"},"schema":{"@context":"https:\/\/schema.org","@graph":[{"@type":"WebPage","@id":"https:\/\/dev3.illycafe.ch\/fr\/produit\/coffee-b-intenso\/","url":"https:\/\/dev3.illycafe.ch\/fr\/produit\/coffee-b-intenso\/","name":"coffeeBintenso - Illycaf\u00e9 | Premium Kaffee kaufen | Gastronomie, Firmen, Privat","isPartOf":{"@id":"https:\/\/dev3.illycafe.ch\/dev3.illycafe.ch\/#website"},"datePublished":"2025-02-06T11:19:33+00:00","dateModified":"2025-04-18T15:00:26+00:00","breadcrumb":{"@id":"https:\/\/dev3.illycafe.ch\/fr\/produit\/coffee-b-intenso\/#breadcrumb"},"inLanguage":"fr-FR","potentialAction":[{"@type":"ReadAction","target":["https:\/\/dev3.illycafe.ch\/fr\/produit\/coffee-b-intenso\/"]}]},{"@type":"BreadcrumbList","@id":"https:\/\/dev3.illycafe.ch\/fr\/produit\/coffee-b-intenso\/#breadcrumb","itemListElement":[{"@type":"ListItem","position":1,"name":"Accueil","item":"https:\/\/dev3.illycafe.ch\/fr\/"},{"@type":"ListItem","position":2,"name":"Boutique","item":"https:\/\/dev3.illycafe.ch\/dev3.illycafe.ch\/fr\/boutique\/"},{"@type":"ListItem","position":3,"name":"coffeeBintenso"}]},{"@type":"WebSite","@id":"https:\/\/dev3.illycafe.ch\/dev3.illycafe.ch\/#website","url":"https:\/\/dev3.illycafe.ch\/dev3.illycafe.ch\/","name":"Illycaf\u00e9 | Premium Kaffee kaufen | Gastronomie, Firmen, Privat","description":"Italienische Kaffeekultur. Schweizer Qualit\u00e4t.","potentialAction":[{"@type":"SearchAction","target":{"@type":"EntryPoint","urlTemplate":"https:\/\/dev3.illycafe.ch\/dev3.illycafe.ch\/?s={search_term_string}"},"query-input":{"@type":"PropertyValueSpecification","valueRequired":true,"valueName":"search_term_string"}}],"inLanguage":"fr-FR"}]}},"_links":{"self":[{"href":"https:\/\/dev3.illycafe.ch\/fr\/wp-json\/wp\/v2\/product\/220584","targetHints":{"allow":["GET"]}}],"collection":[{"href":"https:\/\/dev3.illycafe.ch\/fr\/wp-json\/wp\/v2\/product"}],"about":[{"href":"https:\/\/dev3.illycafe.ch\/fr\/wp-json\/wp\/v2\/types\/product"}],"replies":[{"embeddable":true,"href":"https:\/\/dev3.illycafe.ch\/fr\/wp-json\/wp\/v2\/comments?post=220584"}],"wp:attachment":[{"href":"https:\/\/dev3.illycafe.ch\/fr\/wp-json\/wp\/v2\/media?parent=220584"}],"wp:term":[{"taxonomy":"product_brand","embeddable":true,"href":"https:\/\/dev3.illycafe.ch\/fr\/wp-json\/wp\/v2\/product_brand?post=220584"},{"taxonomy":"product_cat","embeddable":true,"href":"https:\/\/dev3.illycafe.ch\/fr\/wp-json\/wp\/v2\/product_cat?post=220584"},{"taxonomy":"product_tag","embeddable":true,"href":"https:\/\/dev3.illycafe.ch\/fr\/wp-json\/wp\/v2\/product_tag?post=220584"}],"curies":[{"name":"wp","href":"https:\/\/api.w.org\/{rel}","templated":true}]}}