{"id":220653,"date":"2025-02-06T12:22:52","date_gmt":"2025-02-06T11:22:55","guid":{"rendered":"https:\/\/dev3.illycafe.ch\/produkt\/illy-travel-mug-350ml-weiss\/"},"modified":"2025-10-30T14:40:29","modified_gmt":"2025-10-30T13:40:29","slug":"illy-travel-mug-350ml-weiss","status":"publish","type":"product","link":"https:\/\/dev3.illycafe.ch\/fr\/produit\/illy-travel-mug-350ml-weiss\/","title":{"rendered":"mug travel 350ml"},"content":{"rendered":"<section class=\"wpb-content-wrapper\"><div class='html translation-block'>\n<p>\n      [vc_row][vc_column][\/vc_column][\/vc_row][vc_row<br \/>\n      el_class&#061;&#034;none-sub-products&#034; el_id&#061;&#034;sub-product-acc&#034;<br \/>\n      css&#061;&#034;.vc_custom_1722497764635{background-color: #f2e9da<br \/>\n      !important;}&#034;][vc_column width&#061;&#034;1\/6&#034;][\/vc_column][vc_column width&#061;&#034;2\/3&#034;<br \/>\n      css&#061;&#034;.vc_custom_1722498426609{padding-top: 80px<br \/>\n      !important;padding-bottom: 80px !important;}&#034;]<div class=\"eltdf-accordion-holder eltdf-ac-default  eltdf-accordion eltdf-ac-boxed  clearfix\">\n\t<p class=\"eltdf-accordion-title\">\n    <span class=\"eltdf-accordion-mark\">\n\t\t<span class=\"eltdf_icon_plus icon_plus\"><\/span>\n\t\t<span class=\"eltdf_icon_minus icon_minus-06\"><\/span>\n\t<\/span>\n\t<span class=\"eltdf-tab-title\">Section<\/span>\n<\/p>\n<div class=\"eltdf-accordion-content\">\n\t<div class=\"eltdf-accordion-content-inner\">\n\t\t[vc_column_text<br \/>\n      css&#061;&#034;&#034;][\/vc_column_text][vc_row_inner<br \/>\n      el_id&#061;&#034;table-show&#034; css&#061;&#034;.vc_custom_1724745708717{margin-top: 30px<br \/>\n      !important;}&#034;][vc_column_inner<br \/>\n      width&#061;&#034;1\/2&#034;][\/vc_column_inner][vc_column_inner<br \/>\n      width&#061;&#034;1\/2&#034;][\/vc_column_inner][\/vc_row_inner]\t<\/div>\n<\/div><p class=\"eltdf-accordion-title\">\n    <span class=\"eltdf-accordion-mark\">\n\t\t<span class=\"eltdf_icon_plus icon_plus\"><\/span>\n\t\t<span class=\"eltdf_icon_minus icon_minus-06\"><\/span>\n\t<\/span>\n\t<span class=\"eltdf-tab-title\">Section<\/span>\n<\/p>\n<div class=\"eltdf-accordion-content\">\n\t<div class=\"eltdf-accordion-content-inner\">\n\t\t[vc_column_text]<strong>Livraison,<br \/>\n      frais de port, modes de paiement<\/strong> <strong>Livraison:<\/strong><br \/>\n      Votre commande sera livr\u00e9e rapidement et de mani\u00e8re fiable. Nous<br \/>\n      travaillons avec FedEx. Vous recevrez une confirmation d&#039;exp\u00e9dition d\u00e8s<br \/>\n      que votre commande quittera notre entrep\u00f4t. Les livraisons sont<br \/>\n      effectu\u00e9es exclusivement en Allemagne. Malheureusement, la livraison aux<br \/>\n      adresses de bo\u00eetes postales ou aux stations d&#039;emballage n&#039;est pas<br \/>\n      possible. Pour toutes les commandes sup\u00e9rieures \u00e0 60,00 \u20ac, la livraison<br \/>\n      en Allemagne est gratuite. illycaff\u00e8 ordonne la livraison des produits<br \/>\n      command\u00e9s par coursier \u00e0 l&#039;adresse indiqu\u00e9e dans un d\u00e9lai d&#039;environ 48<br \/>\n      heures ouvrables \u00e0 compter de la r\u00e9ception de la commande. D\u00e9lai de<br \/>\n      livraison environ 4 \u00e0 5 jours ouvr\u00e9s. Vous serez inform\u00e9 de l&#039;\u00e9tat de<br \/>\n      votre commande par email \u00e0 tout moment sur simple demande. La soci\u00e9t\u00e9<br \/>\n      illy et ses partenaires ne pourront \u00eatre tenus responsables de tout<br \/>\n      dommage d\u00fb \u00e0 un retard de transport. Les commandes re\u00e7ues le samedi, le<br \/>\n      dimanche ou les jours f\u00e9ri\u00e9s ne seront trait\u00e9es au plus t\u00f4t que le jour<br \/>\n      ouvrable suivant. Il peut arriver que la commande soit emball\u00e9e en<br \/>\n      plusieurs colis pouvant arriver \u00e0 des jours diff\u00e9rents. Paypal Carte de<br \/>\n      cr\u00e9dit : VISA, MASTERCARD, AMERICAN EXPRESS <strong>Commande en<br \/>\n      plusieurs colis<\/strong> Si vous commandez plusieurs produits chez illy,<br \/>\n      nous exp\u00e9dierons toujours vos articles le plus rapidement possible. Il<br \/>\n      peut arriver que ceux-ci soient envoy\u00e9s s\u00e9par\u00e9ment et r\u00e9partis en<br \/>\n      plusieurs<br \/>\n      colis.[\/vc_column_text]\t<\/div>\n<\/div><\/div>[\/vc_column][vc_column<br \/>\n      width&#061;&#034;1\/6&#034;][\/vc_column][\/vc_row][vc_row<br \/>\n      el_class&#061;&#034;none-sub-products&#034;][vc_column<br \/>\n      width&#061;&#034;1\/12&#034;][\/vc_column][vc_column<br \/>\n      width&#061;&#034;10\/12&#034;][vc_column_text][\/vc_column_text][\/vc_column][vc_column<br \/>\n      width&#061;&#034;1\/12&#034;][\/vc_column][\/vc_row]\n    <\/p>\n<\/p><\/div>\n<\/section>","protected":false},"excerpt":{"rendered":"<p>illy Travel Mug 350ml blanc<\/p>\n","protected":false},"featured_media":0,"comment_status":"open","ping_status":"closed","template":"","meta":{"inline_featured_image":false},"product_brand":[],"product_cat":[1565,1596],"product_tag":[],"class_list":{"0":"post-220653","1":"product","2":"type-product","3":"status-publish","5":"product_cat-shop-it-2","6":"product_cat-accessoires-2","8":"first","9":"instock","10":"taxable","11":"shipping-taxable","12":"purchasable","13":"product-type-simple"},"group_of_quantity":0,"min_quantity":0,"max_quantity":"","exclude_order_quantity_value_rules":"no","exclude_category_quantity_rules":"no","combine_variations":"no","yoast_head":"<!-- This site is optimized with the Yoast SEO plugin v24.4 - https:\/\/yoast.com\/wordpress\/plugins\/seo\/ -->\n<title>mug travel 350ml - Illycaf\u00e9 | Premium Kaffee kaufen | Gastronomie, Firmen, Privat<\/title>\n<meta name=\"robots\" content=\"noindex, follow, max-snippet:-1, max-image-preview:large, max-video-preview:-1\" \/>\n<meta property=\"og:locale\" content=\"fr_FR\" \/>\n<meta property=\"og:type\" content=\"article\" \/>\n<meta property=\"og:title\" content=\"mug travel 350ml - Illycaf\u00e9 | Premium Kaffee kaufen | Gastronomie, Firmen, Privat\" \/>\n<meta property=\"og:description\" content=\"illy Travel Mug 350ml blanc\" \/>\n<meta property=\"og:url\" content=\"https:\/\/dev3.illycafe.ch\/fr\/produit\/illy-travel-mug-350ml-weiss\/\" \/>\n<meta property=\"og:site_name\" content=\"Illycaf\u00e9 | Premium Kaffee kaufen | Gastronomie, Firmen, Privat\" \/>\n<meta property=\"article:modified_time\" content=\"2025-10-30T13:40:29+00:00\" \/>\n<meta name=\"twitter:card\" content=\"summary_large_image\" \/>\n<meta name=\"twitter:label1\" content=\"Dur\u00e9e de lecture estim\u00e9e\" \/>\n\t<meta name=\"twitter:data1\" content=\"2 minutes\" \/>\n<script type=\"application\/ld+json\" class=\"yoast-schema-graph\">{\"@context\":\"https:\/\/schema.org\",\"@graph\":[{\"@type\":\"WebPage\",\"@id\":\"https:\/\/dev3.illycafe.ch\/fr\/produit\/illy-travel-mug-350ml-weiss\/\",\"url\":\"https:\/\/dev3.illycafe.ch\/fr\/produit\/illy-travel-mug-350ml-weiss\/\",\"name\":\"mug travel 350ml - Illycaf\u00e9 | Premium Kaffee kaufen | Gastronomie, Firmen, Privat\",\"isPartOf\":{\"@id\":\"https:\/\/dev3.illycafe.ch\/dev3.illycafe.ch\/#website\"},\"datePublished\":\"2025-02-06T11:22:55+00:00\",\"dateModified\":\"2025-10-30T13:40:29+00:00\",\"breadcrumb\":{\"@id\":\"https:\/\/dev3.illycafe.ch\/fr\/produit\/illy-travel-mug-350ml-weiss\/#breadcrumb\"},\"inLanguage\":\"fr-FR\",\"potentialAction\":[{\"@type\":\"ReadAction\",\"target\":[\"https:\/\/dev3.illycafe.ch\/fr\/produit\/illy-travel-mug-350ml-weiss\/\"]}]},{\"@type\":\"BreadcrumbList\",\"@id\":\"https:\/\/dev3.illycafe.ch\/fr\/produit\/illy-travel-mug-350ml-weiss\/#breadcrumb\",\"itemListElement\":[{\"@type\":\"ListItem\",\"position\":1,\"name\":\"Accueil\",\"item\":\"https:\/\/dev3.illycafe.ch\/fr\/\"},{\"@type\":\"ListItem\",\"position\":2,\"name\":\"Boutique\",\"item\":\"https:\/\/dev3.illycafe.ch\/dev3.illycafe.ch\/fr\/boutique\/\"},{\"@type\":\"ListItem\",\"position\":3,\"name\":\"mug travel 350ml\"}]},{\"@type\":\"WebSite\",\"@id\":\"https:\/\/dev3.illycafe.ch\/dev3.illycafe.ch\/#website\",\"url\":\"https:\/\/dev3.illycafe.ch\/dev3.illycafe.ch\/\",\"name\":\"Illycaf\u00e9 | Premium Kaffee kaufen | Gastronomie, Firmen, Privat\",\"description\":\"Italienische Kaffeekultur. Schweizer Qualit\u00e4t.\",\"potentialAction\":[{\"@type\":\"SearchAction\",\"target\":{\"@type\":\"EntryPoint\",\"urlTemplate\":\"https:\/\/dev3.illycafe.ch\/dev3.illycafe.ch\/?s={search_term_string}\"},\"query-input\":{\"@type\":\"PropertyValueSpecification\",\"valueRequired\":true,\"valueName\":\"search_term_string\"}}],\"inLanguage\":\"fr-FR\"}]}<\/script>\n<!-- \/ Yoast SEO plugin. -->","yoast_head_json":{"title":"mug travel 350ml - Illycaf\u00e9 | Premium Kaffee kaufen | Gastronomie, Firmen, Privat","robots":{"index":"noindex","follow":"follow","max-snippet":"max-snippet:-1","max-image-preview":"max-image-preview:large","max-video-preview":"max-video-preview:-1"},"og_locale":"fr_FR","og_type":"article","og_title":"mug travel 350ml - Illycaf\u00e9 | Premium Kaffee kaufen | Gastronomie, Firmen, Privat","og_description":"illy Travel Mug 350ml blanc","og_url":"https:\/\/dev3.illycafe.ch\/fr\/produit\/illy-travel-mug-350ml-weiss\/","og_site_name":"Illycaf\u00e9 | Premium Kaffee kaufen | Gastronomie, Firmen, Privat","article_modified_time":"2025-10-30T13:40:29+00:00","twitter_card":"summary_large_image","twitter_misc":{"Dur\u00e9e de lecture estim\u00e9e":"2 minutes"},"schema":{"@context":"https:\/\/schema.org","@graph":[{"@type":"WebPage","@id":"https:\/\/dev3.illycafe.ch\/fr\/produit\/illy-travel-mug-350ml-weiss\/","url":"https:\/\/dev3.illycafe.ch\/fr\/produit\/illy-travel-mug-350ml-weiss\/","name":"mug travel 350ml - Illycaf\u00e9 | Premium Kaffee kaufen | Gastronomie, Firmen, Privat","isPartOf":{"@id":"https:\/\/dev3.illycafe.ch\/dev3.illycafe.ch\/#website"},"datePublished":"2025-02-06T11:22:55+00:00","dateModified":"2025-10-30T13:40:29+00:00","breadcrumb":{"@id":"https:\/\/dev3.illycafe.ch\/fr\/produit\/illy-travel-mug-350ml-weiss\/#breadcrumb"},"inLanguage":"fr-FR","potentialAction":[{"@type":"ReadAction","target":["https:\/\/dev3.illycafe.ch\/fr\/produit\/illy-travel-mug-350ml-weiss\/"]}]},{"@type":"BreadcrumbList","@id":"https:\/\/dev3.illycafe.ch\/fr\/produit\/illy-travel-mug-350ml-weiss\/#breadcrumb","itemListElement":[{"@type":"ListItem","position":1,"name":"Accueil","item":"https:\/\/dev3.illycafe.ch\/fr\/"},{"@type":"ListItem","position":2,"name":"Boutique","item":"https:\/\/dev3.illycafe.ch\/dev3.illycafe.ch\/fr\/boutique\/"},{"@type":"ListItem","position":3,"name":"mug travel 350ml"}]},{"@type":"WebSite","@id":"https:\/\/dev3.illycafe.ch\/dev3.illycafe.ch\/#website","url":"https:\/\/dev3.illycafe.ch\/dev3.illycafe.ch\/","name":"Illycaf\u00e9 | Premium Kaffee kaufen | Gastronomie, Firmen, Privat","description":"Italienische Kaffeekultur. Schweizer Qualit\u00e4t.","potentialAction":[{"@type":"SearchAction","target":{"@type":"EntryPoint","urlTemplate":"https:\/\/dev3.illycafe.ch\/dev3.illycafe.ch\/?s={search_term_string}"},"query-input":{"@type":"PropertyValueSpecification","valueRequired":true,"valueName":"search_term_string"}}],"inLanguage":"fr-FR"}]}},"_links":{"self":[{"href":"https:\/\/dev3.illycafe.ch\/fr\/wp-json\/wp\/v2\/product\/220653","targetHints":{"allow":["GET"]}}],"collection":[{"href":"https:\/\/dev3.illycafe.ch\/fr\/wp-json\/wp\/v2\/product"}],"about":[{"href":"https:\/\/dev3.illycafe.ch\/fr\/wp-json\/wp\/v2\/types\/product"}],"replies":[{"embeddable":true,"href":"https:\/\/dev3.illycafe.ch\/fr\/wp-json\/wp\/v2\/comments?post=220653"}],"wp:attachment":[{"href":"https:\/\/dev3.illycafe.ch\/fr\/wp-json\/wp\/v2\/media?parent=220653"}],"wp:term":[{"taxonomy":"product_brand","embeddable":true,"href":"https:\/\/dev3.illycafe.ch\/fr\/wp-json\/wp\/v2\/product_brand?post=220653"},{"taxonomy":"product_cat","embeddable":true,"href":"https:\/\/dev3.illycafe.ch\/fr\/wp-json\/wp\/v2\/product_cat?post=220653"},{"taxonomy":"product_tag","embeddable":true,"href":"https:\/\/dev3.illycafe.ch\/fr\/wp-json\/wp\/v2\/product_tag?post=220653"}],"curies":[{"name":"wp","href":"https:\/\/api.w.org\/{rel}","templated":true}]}}