{"id":220775,"date":"2025-02-21T10:55:19","date_gmt":"2025-02-21T09:55:22","guid":{"rendered":"https:\/\/dev3.illycafe.ch\/produkt\/iperespresso-casa-orzo-hordeum\/"},"modified":"2026-03-05T00:08:13","modified_gmt":"2026-03-04T23:08:13","slug":"iperespresso-casa-orzo-hordeum","status":"publish","type":"product","link":"https:\/\/dev3.illycafe.ch\/fr\/produit\/iperespresso-casa-orzo-hordeum\/","title":{"rendered":"iperorzo"},"content":{"rendered":"<div class='html translation-block'>\n<p>\n      <span align=\"start\" style=\"letter-spacing:normal;text-indent:0px;text-transform:none\"><font face=\"Open Sans, sans-serif\" size=\"3\">En<br \/>\n      parfait \u00e9quilibre entre acidit\u00e9 et amertume, la torr\u00e9faction moyenne<br \/>\n      donne au blend illy une d\u00e9licate note florale, qui s\u2019ajoute \u00e0 des<br \/>\n      senteurs de pain grill\u00e9, caramel et chocolat. <\/font><\/span>\n    <\/p>\n<p>\n      <span align=\"start\" style=\"letter-spacing:normal;text-indent:0px;text-transform:none\"><font face=\"Open Sans, sans-serif\" size=\"3\">Pour<br \/>\n      les amateurs de caf\u00e9 au go\u00fbt doux et harmonieux. <\/font><\/span>\n    <\/p>\n<p>\n      <span align=\"start\" style=\"letter-spacing:normal;text-indent:0px;text-transform:none\"><font face=\"Open Sans, sans-serif\" size=\"18px\">18<br \/>\n      capsules Iperespresso (120,6g).<\/font><\/span>\n    <\/p>\n<\/p><\/div>\n","protected":false},"excerpt":{"rendered":"<p>Iperespresso Casa Orzo Hordeum<\/p>\n","protected":false},"featured_media":222058,"comment_status":"open","ping_status":"closed","template":"","meta":{"inline_featured_image":false},"product_brand":[],"product_cat":[1536,1539,1565],"product_tag":[],"class_list":{"0":"post-220775","1":"product","2":"type-product","3":"status-publish","4":"has-post-thumbnail","6":"product_cat-kaffee-2","7":"product_cat-iperespresso-kapseln-kaffee-2","8":"product_cat-shop-it-2","10":"first","11":"instock","12":"taxable","13":"shipping-taxable","14":"purchasable","15":"product-type-simple"},"group_of_quantity":0,"min_quantity":0,"max_quantity":"","exclude_order_quantity_value_rules":"no","exclude_category_quantity_rules":"no","combine_variations":"no","yoast_head":"<!-- This site is optimized with the Yoast SEO plugin v24.4 - https:\/\/yoast.com\/wordpress\/plugins\/seo\/ -->\n<title>iperorzo - Illycaf\u00e9 | Premium Kaffee kaufen | Gastronomie, Firmen, Privat<\/title>\n<meta name=\"robots\" content=\"noindex, follow, max-snippet:-1, max-image-preview:large, max-video-preview:-1\" \/>\n<meta property=\"og:locale\" content=\"fr_FR\" \/>\n<meta property=\"og:type\" content=\"article\" \/>\n<meta property=\"og:title\" content=\"iperorzo - Illycaf\u00e9 | Premium Kaffee kaufen | Gastronomie, Firmen, Privat\" \/>\n<meta property=\"og:description\" content=\"Iperespresso Casa Orzo Hordeum\" \/>\n<meta property=\"og:url\" content=\"https:\/\/dev3.illycafe.ch\/fr\/produit\/iperespresso-casa-orzo-hordeum\/\" \/>\n<meta property=\"og:site_name\" content=\"Illycaf\u00e9 | Premium Kaffee kaufen | Gastronomie, Firmen, Privat\" \/>\n<meta property=\"article:modified_time\" content=\"2026-03-04T23:08:13+00:00\" \/>\n<meta property=\"og:image\" content=\"https:\/\/dev3.illycafe.ch\/wp-content\/uploads\/2370_0_1_8970me_high_1x_01.png\" \/>\n\t<meta property=\"og:image:width\" content=\"700\" \/>\n\t<meta property=\"og:image:height\" content=\"770\" \/>\n\t<meta property=\"og:image:type\" content=\"image\/png\" \/>\n<meta name=\"twitter:card\" content=\"summary_large_image\" \/>\n<script type=\"application\/ld+json\" class=\"yoast-schema-graph\">{\"@context\":\"https:\/\/schema.org\",\"@graph\":[{\"@type\":\"WebPage\",\"@id\":\"https:\/\/dev3.illycafe.ch\/fr\/produit\/iperespresso-casa-orzo-hordeum\/\",\"url\":\"https:\/\/dev3.illycafe.ch\/fr\/produit\/iperespresso-casa-orzo-hordeum\/\",\"name\":\"iperorzo - Illycaf\u00e9 | Premium Kaffee kaufen | Gastronomie, Firmen, Privat\",\"isPartOf\":{\"@id\":\"https:\/\/dev3.illycafe.ch\/dev3.illycafe.ch\/#website\"},\"primaryImageOfPage\":{\"@id\":\"https:\/\/dev3.illycafe.ch\/fr\/produit\/iperespresso-casa-orzo-hordeum\/#primaryimage\"},\"image\":{\"@id\":\"https:\/\/dev3.illycafe.ch\/fr\/produit\/iperespresso-casa-orzo-hordeum\/#primaryimage\"},\"thumbnailUrl\":\"https:\/\/dev3.illycafe.ch\/wp-content\/uploads\/2370_0_1_8970me_high_1x_01.png\",\"datePublished\":\"2025-02-21T09:55:22+00:00\",\"dateModified\":\"2026-03-04T23:08:13+00:00\",\"breadcrumb\":{\"@id\":\"https:\/\/dev3.illycafe.ch\/fr\/produit\/iperespresso-casa-orzo-hordeum\/#breadcrumb\"},\"inLanguage\":\"fr-FR\",\"potentialAction\":[{\"@type\":\"ReadAction\",\"target\":[\"https:\/\/dev3.illycafe.ch\/fr\/produit\/iperespresso-casa-orzo-hordeum\/\"]}]},{\"@type\":\"ImageObject\",\"inLanguage\":\"fr-FR\",\"@id\":\"https:\/\/dev3.illycafe.ch\/fr\/produit\/iperespresso-casa-orzo-hordeum\/#primaryimage\",\"url\":\"https:\/\/dev3.illycafe.ch\/wp-content\/uploads\/2370_0_1_8970me_high_1x_01.png\",\"contentUrl\":\"https:\/\/dev3.illycafe.ch\/wp-content\/uploads\/2370_0_1_8970me_high_1x_01.png\",\"width\":700,\"height\":770},{\"@type\":\"BreadcrumbList\",\"@id\":\"https:\/\/dev3.illycafe.ch\/fr\/produit\/iperespresso-casa-orzo-hordeum\/#breadcrumb\",\"itemListElement\":[{\"@type\":\"ListItem\",\"position\":1,\"name\":\"Accueil\",\"item\":\"https:\/\/dev3.illycafe.ch\/fr\/\"},{\"@type\":\"ListItem\",\"position\":2,\"name\":\"Boutique\",\"item\":\"https:\/\/dev3.illycafe.ch\/dev3.illycafe.ch\/fr\/boutique\/\"},{\"@type\":\"ListItem\",\"position\":3,\"name\":\"iperorzo\"}]},{\"@type\":\"WebSite\",\"@id\":\"https:\/\/dev3.illycafe.ch\/dev3.illycafe.ch\/#website\",\"url\":\"https:\/\/dev3.illycafe.ch\/dev3.illycafe.ch\/\",\"name\":\"Illycaf\u00e9 | Premium Kaffee kaufen | Gastronomie, Firmen, Privat\",\"description\":\"Italienische Kaffeekultur. Schweizer Qualit\u00e4t.\",\"potentialAction\":[{\"@type\":\"SearchAction\",\"target\":{\"@type\":\"EntryPoint\",\"urlTemplate\":\"https:\/\/dev3.illycafe.ch\/dev3.illycafe.ch\/?s={search_term_string}\"},\"query-input\":{\"@type\":\"PropertyValueSpecification\",\"valueRequired\":true,\"valueName\":\"search_term_string\"}}],\"inLanguage\":\"fr-FR\"}]}<\/script>\n<!-- \/ Yoast SEO plugin. -->","yoast_head_json":{"title":"iperorzo - Illycaf\u00e9 | Premium Kaffee kaufen | Gastronomie, Firmen, Privat","robots":{"index":"noindex","follow":"follow","max-snippet":"max-snippet:-1","max-image-preview":"max-image-preview:large","max-video-preview":"max-video-preview:-1"},"og_locale":"fr_FR","og_type":"article","og_title":"iperorzo - Illycaf\u00e9 | Premium Kaffee kaufen | Gastronomie, Firmen, Privat","og_description":"Iperespresso Casa Orzo Hordeum","og_url":"https:\/\/dev3.illycafe.ch\/fr\/produit\/iperespresso-casa-orzo-hordeum\/","og_site_name":"Illycaf\u00e9 | Premium Kaffee kaufen | Gastronomie, Firmen, Privat","article_modified_time":"2026-03-04T23:08:13+00:00","og_image":[{"width":700,"height":770,"url":"https:\/\/dev3.illycafe.ch\/wp-content\/uploads\/2370_0_1_8970me_high_1x_01.png","type":"image\/png"}],"twitter_card":"summary_large_image","schema":{"@context":"https:\/\/schema.org","@graph":[{"@type":"WebPage","@id":"https:\/\/dev3.illycafe.ch\/fr\/produit\/iperespresso-casa-orzo-hordeum\/","url":"https:\/\/dev3.illycafe.ch\/fr\/produit\/iperespresso-casa-orzo-hordeum\/","name":"iperorzo - Illycaf\u00e9 | Premium Kaffee kaufen | Gastronomie, Firmen, Privat","isPartOf":{"@id":"https:\/\/dev3.illycafe.ch\/dev3.illycafe.ch\/#website"},"primaryImageOfPage":{"@id":"https:\/\/dev3.illycafe.ch\/fr\/produit\/iperespresso-casa-orzo-hordeum\/#primaryimage"},"image":{"@id":"https:\/\/dev3.illycafe.ch\/fr\/produit\/iperespresso-casa-orzo-hordeum\/#primaryimage"},"thumbnailUrl":"https:\/\/dev3.illycafe.ch\/wp-content\/uploads\/2370_0_1_8970me_high_1x_01.png","datePublished":"2025-02-21T09:55:22+00:00","dateModified":"2026-03-04T23:08:13+00:00","breadcrumb":{"@id":"https:\/\/dev3.illycafe.ch\/fr\/produit\/iperespresso-casa-orzo-hordeum\/#breadcrumb"},"inLanguage":"fr-FR","potentialAction":[{"@type":"ReadAction","target":["https:\/\/dev3.illycafe.ch\/fr\/produit\/iperespresso-casa-orzo-hordeum\/"]}]},{"@type":"ImageObject","inLanguage":"fr-FR","@id":"https:\/\/dev3.illycafe.ch\/fr\/produit\/iperespresso-casa-orzo-hordeum\/#primaryimage","url":"https:\/\/dev3.illycafe.ch\/wp-content\/uploads\/2370_0_1_8970me_high_1x_01.png","contentUrl":"https:\/\/dev3.illycafe.ch\/wp-content\/uploads\/2370_0_1_8970me_high_1x_01.png","width":700,"height":770},{"@type":"BreadcrumbList","@id":"https:\/\/dev3.illycafe.ch\/fr\/produit\/iperespresso-casa-orzo-hordeum\/#breadcrumb","itemListElement":[{"@type":"ListItem","position":1,"name":"Accueil","item":"https:\/\/dev3.illycafe.ch\/fr\/"},{"@type":"ListItem","position":2,"name":"Boutique","item":"https:\/\/dev3.illycafe.ch\/dev3.illycafe.ch\/fr\/boutique\/"},{"@type":"ListItem","position":3,"name":"iperorzo"}]},{"@type":"WebSite","@id":"https:\/\/dev3.illycafe.ch\/dev3.illycafe.ch\/#website","url":"https:\/\/dev3.illycafe.ch\/dev3.illycafe.ch\/","name":"Illycaf\u00e9 | Premium Kaffee kaufen | Gastronomie, Firmen, Privat","description":"Italienische Kaffeekultur. Schweizer Qualit\u00e4t.","potentialAction":[{"@type":"SearchAction","target":{"@type":"EntryPoint","urlTemplate":"https:\/\/dev3.illycafe.ch\/dev3.illycafe.ch\/?s={search_term_string}"},"query-input":{"@type":"PropertyValueSpecification","valueRequired":true,"valueName":"search_term_string"}}],"inLanguage":"fr-FR"}]}},"_links":{"self":[{"href":"https:\/\/dev3.illycafe.ch\/fr\/wp-json\/wp\/v2\/product\/220775","targetHints":{"allow":["GET"]}}],"collection":[{"href":"https:\/\/dev3.illycafe.ch\/fr\/wp-json\/wp\/v2\/product"}],"about":[{"href":"https:\/\/dev3.illycafe.ch\/fr\/wp-json\/wp\/v2\/types\/product"}],"replies":[{"embeddable":true,"href":"https:\/\/dev3.illycafe.ch\/fr\/wp-json\/wp\/v2\/comments?post=220775"}],"wp:featuredmedia":[{"embeddable":true,"href":"https:\/\/dev3.illycafe.ch\/fr\/wp-json\/wp\/v2\/media\/222058"}],"wp:attachment":[{"href":"https:\/\/dev3.illycafe.ch\/fr\/wp-json\/wp\/v2\/media?parent=220775"}],"wp:term":[{"taxonomy":"product_brand","embeddable":true,"href":"https:\/\/dev3.illycafe.ch\/fr\/wp-json\/wp\/v2\/product_brand?post=220775"},{"taxonomy":"product_cat","embeddable":true,"href":"https:\/\/dev3.illycafe.ch\/fr\/wp-json\/wp\/v2\/product_cat?post=220775"},{"taxonomy":"product_tag","embeddable":true,"href":"https:\/\/dev3.illycafe.ch\/fr\/wp-json\/wp\/v2\/product_tag?post=220775"}],"curies":[{"name":"wp","href":"https:\/\/api.w.org\/{rel}","templated":true}]}}