{"id":220829,"date":"2025-03-11T09:47:18","date_gmt":"2025-03-11T08:47:19","guid":{"rendered":"https:\/\/dev3.illycafe.ch\/produkt\/illy-mug-350ml\/"},"modified":"2025-04-16T15:21:27","modified_gmt":"2025-04-16T13:21:27","slug":"illy-mug-350ml","status":"publish","type":"product","link":"https:\/\/dev3.illycafe.ch\/fr\/produit\/illy-mug-350ml\/","title":{"rendered":"mug 3dl"},"content":{"rendered":"<p>Profitez du plaisir de voyager, toujours en prenant votre boisson chaude ou froide avec vous, conserv\u00e9 dans le mug de voyage que Alessi a cr\u00e9\u00e9 pour illy. Le produit contient un mug de voyage Alessi pour illy.<\/p>\n","protected":false},"excerpt":{"rendered":"<p>illy Mug 350ml<\/p>\n","protected":false},"featured_media":0,"comment_status":"open","ping_status":"closed","template":"","meta":{"inline_featured_image":false},"product_brand":[],"product_cat":[1565,1596],"product_tag":[],"class_list":{"0":"post-220829","1":"product","2":"type-product","3":"status-publish","5":"product_cat-shop-it-2","6":"product_cat-accessoires-2","8":"first","9":"instock","10":"taxable","11":"shipping-taxable","12":"purchasable","13":"product-type-simple"},"group_of_quantity":0,"min_quantity":0,"max_quantity":"","exclude_order_quantity_value_rules":"no","exclude_category_quantity_rules":"no","combine_variations":"no","yoast_head":"<!-- This site is optimized with the Yoast SEO plugin v24.4 - https:\/\/yoast.com\/wordpress\/plugins\/seo\/ -->\n<title>mug 3dl - Illycaf\u00e9 | Premium Kaffee kaufen | Gastronomie, Firmen, Privat<\/title>\n<meta name=\"robots\" content=\"noindex, follow, max-snippet:-1, max-image-preview:large, max-video-preview:-1\" \/>\n<meta property=\"og:locale\" content=\"fr_FR\" \/>\n<meta property=\"og:type\" content=\"article\" \/>\n<meta property=\"og:title\" content=\"mug 3dl - Illycaf\u00e9 | Premium Kaffee kaufen | Gastronomie, Firmen, Privat\" \/>\n<meta property=\"og:description\" content=\"illy Mug 350ml\" \/>\n<meta property=\"og:url\" content=\"https:\/\/dev3.illycafe.ch\/fr\/produit\/illy-mug-350ml\/\" \/>\n<meta property=\"og:site_name\" content=\"Illycaf\u00e9 | Premium Kaffee kaufen | Gastronomie, Firmen, Privat\" \/>\n<meta property=\"article:modified_time\" content=\"2025-04-16T13:21:27+00:00\" \/>\n<meta name=\"twitter:card\" content=\"summary_large_image\" \/>\n<script type=\"application\/ld+json\" class=\"yoast-schema-graph\">{\"@context\":\"https:\/\/schema.org\",\"@graph\":[{\"@type\":\"WebPage\",\"@id\":\"https:\/\/dev3.illycafe.ch\/fr\/produit\/illy-mug-350ml\/\",\"url\":\"https:\/\/dev3.illycafe.ch\/fr\/produit\/illy-mug-350ml\/\",\"name\":\"mug 3dl - Illycaf\u00e9 | Premium Kaffee kaufen | Gastronomie, Firmen, Privat\",\"isPartOf\":{\"@id\":\"https:\/\/dev3.illycafe.ch\/dev3.illycafe.ch\/#website\"},\"datePublished\":\"2025-03-11T08:47:19+00:00\",\"dateModified\":\"2025-04-16T13:21:27+00:00\",\"breadcrumb\":{\"@id\":\"https:\/\/dev3.illycafe.ch\/fr\/produit\/illy-mug-350ml\/#breadcrumb\"},\"inLanguage\":\"fr-FR\",\"potentialAction\":[{\"@type\":\"ReadAction\",\"target\":[\"https:\/\/dev3.illycafe.ch\/fr\/produit\/illy-mug-350ml\/\"]}]},{\"@type\":\"BreadcrumbList\",\"@id\":\"https:\/\/dev3.illycafe.ch\/fr\/produit\/illy-mug-350ml\/#breadcrumb\",\"itemListElement\":[{\"@type\":\"ListItem\",\"position\":1,\"name\":\"Accueil\",\"item\":\"https:\/\/dev3.illycafe.ch\/fr\/\"},{\"@type\":\"ListItem\",\"position\":2,\"name\":\"Boutique\",\"item\":\"https:\/\/dev3.illycafe.ch\/dev3.illycafe.ch\/fr\/boutique\/\"},{\"@type\":\"ListItem\",\"position\":3,\"name\":\"mug 3dl\"}]},{\"@type\":\"WebSite\",\"@id\":\"https:\/\/dev3.illycafe.ch\/dev3.illycafe.ch\/#website\",\"url\":\"https:\/\/dev3.illycafe.ch\/dev3.illycafe.ch\/\",\"name\":\"Illycaf\u00e9 | Premium Kaffee kaufen | Gastronomie, Firmen, Privat\",\"description\":\"Italienische Kaffeekultur. Schweizer Qualit\u00e4t.\",\"potentialAction\":[{\"@type\":\"SearchAction\",\"target\":{\"@type\":\"EntryPoint\",\"urlTemplate\":\"https:\/\/dev3.illycafe.ch\/dev3.illycafe.ch\/?s={search_term_string}\"},\"query-input\":{\"@type\":\"PropertyValueSpecification\",\"valueRequired\":true,\"valueName\":\"search_term_string\"}}],\"inLanguage\":\"fr-FR\"}]}<\/script>\n<!-- \/ Yoast SEO plugin. -->","yoast_head_json":{"title":"mug 3dl - Illycaf\u00e9 | Premium Kaffee kaufen | Gastronomie, Firmen, Privat","robots":{"index":"noindex","follow":"follow","max-snippet":"max-snippet:-1","max-image-preview":"max-image-preview:large","max-video-preview":"max-video-preview:-1"},"og_locale":"fr_FR","og_type":"article","og_title":"mug 3dl - Illycaf\u00e9 | Premium Kaffee kaufen | Gastronomie, Firmen, Privat","og_description":"illy Mug 350ml","og_url":"https:\/\/dev3.illycafe.ch\/fr\/produit\/illy-mug-350ml\/","og_site_name":"Illycaf\u00e9 | Premium Kaffee kaufen | Gastronomie, Firmen, Privat","article_modified_time":"2025-04-16T13:21:27+00:00","twitter_card":"summary_large_image","schema":{"@context":"https:\/\/schema.org","@graph":[{"@type":"WebPage","@id":"https:\/\/dev3.illycafe.ch\/fr\/produit\/illy-mug-350ml\/","url":"https:\/\/dev3.illycafe.ch\/fr\/produit\/illy-mug-350ml\/","name":"mug 3dl - Illycaf\u00e9 | Premium Kaffee kaufen | Gastronomie, Firmen, Privat","isPartOf":{"@id":"https:\/\/dev3.illycafe.ch\/dev3.illycafe.ch\/#website"},"datePublished":"2025-03-11T08:47:19+00:00","dateModified":"2025-04-16T13:21:27+00:00","breadcrumb":{"@id":"https:\/\/dev3.illycafe.ch\/fr\/produit\/illy-mug-350ml\/#breadcrumb"},"inLanguage":"fr-FR","potentialAction":[{"@type":"ReadAction","target":["https:\/\/dev3.illycafe.ch\/fr\/produit\/illy-mug-350ml\/"]}]},{"@type":"BreadcrumbList","@id":"https:\/\/dev3.illycafe.ch\/fr\/produit\/illy-mug-350ml\/#breadcrumb","itemListElement":[{"@type":"ListItem","position":1,"name":"Accueil","item":"https:\/\/dev3.illycafe.ch\/fr\/"},{"@type":"ListItem","position":2,"name":"Boutique","item":"https:\/\/dev3.illycafe.ch\/dev3.illycafe.ch\/fr\/boutique\/"},{"@type":"ListItem","position":3,"name":"mug 3dl"}]},{"@type":"WebSite","@id":"https:\/\/dev3.illycafe.ch\/dev3.illycafe.ch\/#website","url":"https:\/\/dev3.illycafe.ch\/dev3.illycafe.ch\/","name":"Illycaf\u00e9 | Premium Kaffee kaufen | Gastronomie, Firmen, Privat","description":"Italienische Kaffeekultur. Schweizer Qualit\u00e4t.","potentialAction":[{"@type":"SearchAction","target":{"@type":"EntryPoint","urlTemplate":"https:\/\/dev3.illycafe.ch\/dev3.illycafe.ch\/?s={search_term_string}"},"query-input":{"@type":"PropertyValueSpecification","valueRequired":true,"valueName":"search_term_string"}}],"inLanguage":"fr-FR"}]}},"_links":{"self":[{"href":"https:\/\/dev3.illycafe.ch\/fr\/wp-json\/wp\/v2\/product\/220829","targetHints":{"allow":["GET"]}}],"collection":[{"href":"https:\/\/dev3.illycafe.ch\/fr\/wp-json\/wp\/v2\/product"}],"about":[{"href":"https:\/\/dev3.illycafe.ch\/fr\/wp-json\/wp\/v2\/types\/product"}],"replies":[{"embeddable":true,"href":"https:\/\/dev3.illycafe.ch\/fr\/wp-json\/wp\/v2\/comments?post=220829"}],"wp:attachment":[{"href":"https:\/\/dev3.illycafe.ch\/fr\/wp-json\/wp\/v2\/media?parent=220829"}],"wp:term":[{"taxonomy":"product_brand","embeddable":true,"href":"https:\/\/dev3.illycafe.ch\/fr\/wp-json\/wp\/v2\/product_brand?post=220829"},{"taxonomy":"product_cat","embeddable":true,"href":"https:\/\/dev3.illycafe.ch\/fr\/wp-json\/wp\/v2\/product_cat?post=220829"},{"taxonomy":"product_tag","embeddable":true,"href":"https:\/\/dev3.illycafe.ch\/fr\/wp-json\/wp\/v2\/product_tag?post=220829"}],"curies":[{"name":"wp","href":"https:\/\/api.w.org\/{rel}","templated":true}]}}