{"id":221698,"date":"2025-05-11T18:00:12","date_gmt":"2025-05-11T16:00:17","guid":{"rendered":"https:\/\/dev3.illycafe.ch\/produkt\/km-triest-silenzio\/"},"modified":"2025-05-11T18:00:19","modified_gmt":"2025-05-11T16:00:19","slug":"km-triest-silenzio","status":"publish","type":"product","link":"https:\/\/dev3.illycafe.ch\/fr\/produit\/km-triest-silenzio\/","title":{"rendered":"KM triest silenzio"},"content":{"rendered":"","protected":false},"excerpt":{"rendered":"<p>moulin \u00e0 caf\u00e9 MIGNON SILENZIO<\/p>\n","protected":false},"featured_media":0,"comment_status":"open","ping_status":"closed","template":"","meta":{"inline_featured_image":false},"product_brand":[],"product_cat":[1565,1596],"product_tag":[],"class_list":{"0":"post-221698","1":"product","2":"type-product","3":"status-publish","5":"product_cat-shop-it-2","6":"product_cat-accessoires-2","8":"first","9":"instock","10":"featured","11":"taxable","12":"shipping-taxable","13":"purchasable","14":"product-type-simple"},"group_of_quantity":0,"min_quantity":0,"max_quantity":"","exclude_order_quantity_value_rules":"no","exclude_category_quantity_rules":"no","combine_variations":"no","yoast_head":"<!-- This site is optimized with the Yoast SEO plugin v24.4 - https:\/\/yoast.com\/wordpress\/plugins\/seo\/ -->\n<title>KM triest silenzio - Illycaf\u00e9 | Premium Kaffee kaufen | Gastronomie, Firmen, Privat<\/title>\n<meta name=\"robots\" content=\"noindex, follow, max-snippet:-1, max-image-preview:large, max-video-preview:-1\" \/>\n<meta property=\"og:locale\" content=\"fr_FR\" \/>\n<meta property=\"og:type\" content=\"article\" \/>\n<meta property=\"og:title\" content=\"KM triest silenzio - Illycaf\u00e9 | Premium Kaffee kaufen | Gastronomie, Firmen, Privat\" \/>\n<meta property=\"og:description\" content=\"moulin \u00e0 caf\u00e9 MIGNON SILENZIO\" \/>\n<meta property=\"og:url\" content=\"https:\/\/dev3.illycafe.ch\/fr\/produit\/km-triest-silenzio\/\" \/>\n<meta property=\"og:site_name\" content=\"Illycaf\u00e9 | Premium Kaffee kaufen | Gastronomie, Firmen, Privat\" \/>\n<meta property=\"article:modified_time\" content=\"2025-05-11T16:00:19+00:00\" \/>\n<meta name=\"twitter:card\" content=\"summary_large_image\" \/>\n<script type=\"application\/ld+json\" class=\"yoast-schema-graph\">{\"@context\":\"https:\/\/schema.org\",\"@graph\":[{\"@type\":\"WebPage\",\"@id\":\"https:\/\/dev3.illycafe.ch\/fr\/produit\/km-triest-silenzio\/\",\"url\":\"https:\/\/dev3.illycafe.ch\/fr\/produit\/km-triest-silenzio\/\",\"name\":\"KM triest silenzio - Illycaf\u00e9 | Premium Kaffee kaufen | Gastronomie, Firmen, Privat\",\"isPartOf\":{\"@id\":\"https:\/\/dev3.illycafe.ch\/dev3.illycafe.ch\/#website\"},\"datePublished\":\"2025-05-11T16:00:17+00:00\",\"dateModified\":\"2025-05-11T16:00:19+00:00\",\"breadcrumb\":{\"@id\":\"https:\/\/dev3.illycafe.ch\/fr\/produit\/km-triest-silenzio\/#breadcrumb\"},\"inLanguage\":\"fr-FR\",\"potentialAction\":[{\"@type\":\"ReadAction\",\"target\":[\"https:\/\/dev3.illycafe.ch\/fr\/produit\/km-triest-silenzio\/\"]}]},{\"@type\":\"BreadcrumbList\",\"@id\":\"https:\/\/dev3.illycafe.ch\/fr\/produit\/km-triest-silenzio\/#breadcrumb\",\"itemListElement\":[{\"@type\":\"ListItem\",\"position\":1,\"name\":\"Accueil\",\"item\":\"https:\/\/dev3.illycafe.ch\/fr\/\"},{\"@type\":\"ListItem\",\"position\":2,\"name\":\"Boutique\",\"item\":\"https:\/\/dev3.illycafe.ch\/dev3.illycafe.ch\/fr\/boutique\/\"},{\"@type\":\"ListItem\",\"position\":3,\"name\":\"KM triest silenzio\"}]},{\"@type\":\"WebSite\",\"@id\":\"https:\/\/dev3.illycafe.ch\/dev3.illycafe.ch\/#website\",\"url\":\"https:\/\/dev3.illycafe.ch\/dev3.illycafe.ch\/\",\"name\":\"Illycaf\u00e9 | Premium Kaffee kaufen | Gastronomie, Firmen, Privat\",\"description\":\"Italienische Kaffeekultur. Schweizer Qualit\u00e4t.\",\"potentialAction\":[{\"@type\":\"SearchAction\",\"target\":{\"@type\":\"EntryPoint\",\"urlTemplate\":\"https:\/\/dev3.illycafe.ch\/dev3.illycafe.ch\/?s={search_term_string}\"},\"query-input\":{\"@type\":\"PropertyValueSpecification\",\"valueRequired\":true,\"valueName\":\"search_term_string\"}}],\"inLanguage\":\"fr-FR\"}]}<\/script>\n<!-- \/ Yoast SEO plugin. -->","yoast_head_json":{"title":"KM triest silenzio - Illycaf\u00e9 | Premium Kaffee kaufen | Gastronomie, Firmen, Privat","robots":{"index":"noindex","follow":"follow","max-snippet":"max-snippet:-1","max-image-preview":"max-image-preview:large","max-video-preview":"max-video-preview:-1"},"og_locale":"fr_FR","og_type":"article","og_title":"KM triest silenzio - Illycaf\u00e9 | Premium Kaffee kaufen | Gastronomie, Firmen, Privat","og_description":"moulin \u00e0 caf\u00e9 MIGNON SILENZIO","og_url":"https:\/\/dev3.illycafe.ch\/fr\/produit\/km-triest-silenzio\/","og_site_name":"Illycaf\u00e9 | Premium Kaffee kaufen | Gastronomie, Firmen, Privat","article_modified_time":"2025-05-11T16:00:19+00:00","twitter_card":"summary_large_image","schema":{"@context":"https:\/\/schema.org","@graph":[{"@type":"WebPage","@id":"https:\/\/dev3.illycafe.ch\/fr\/produit\/km-triest-silenzio\/","url":"https:\/\/dev3.illycafe.ch\/fr\/produit\/km-triest-silenzio\/","name":"KM triest silenzio - Illycaf\u00e9 | Premium Kaffee kaufen | Gastronomie, Firmen, Privat","isPartOf":{"@id":"https:\/\/dev3.illycafe.ch\/dev3.illycafe.ch\/#website"},"datePublished":"2025-05-11T16:00:17+00:00","dateModified":"2025-05-11T16:00:19+00:00","breadcrumb":{"@id":"https:\/\/dev3.illycafe.ch\/fr\/produit\/km-triest-silenzio\/#breadcrumb"},"inLanguage":"fr-FR","potentialAction":[{"@type":"ReadAction","target":["https:\/\/dev3.illycafe.ch\/fr\/produit\/km-triest-silenzio\/"]}]},{"@type":"BreadcrumbList","@id":"https:\/\/dev3.illycafe.ch\/fr\/produit\/km-triest-silenzio\/#breadcrumb","itemListElement":[{"@type":"ListItem","position":1,"name":"Accueil","item":"https:\/\/dev3.illycafe.ch\/fr\/"},{"@type":"ListItem","position":2,"name":"Boutique","item":"https:\/\/dev3.illycafe.ch\/dev3.illycafe.ch\/fr\/boutique\/"},{"@type":"ListItem","position":3,"name":"KM triest silenzio"}]},{"@type":"WebSite","@id":"https:\/\/dev3.illycafe.ch\/dev3.illycafe.ch\/#website","url":"https:\/\/dev3.illycafe.ch\/dev3.illycafe.ch\/","name":"Illycaf\u00e9 | Premium Kaffee kaufen | Gastronomie, Firmen, Privat","description":"Italienische Kaffeekultur. Schweizer Qualit\u00e4t.","potentialAction":[{"@type":"SearchAction","target":{"@type":"EntryPoint","urlTemplate":"https:\/\/dev3.illycafe.ch\/dev3.illycafe.ch\/?s={search_term_string}"},"query-input":{"@type":"PropertyValueSpecification","valueRequired":true,"valueName":"search_term_string"}}],"inLanguage":"fr-FR"}]}},"_links":{"self":[{"href":"https:\/\/dev3.illycafe.ch\/fr\/wp-json\/wp\/v2\/product\/221698","targetHints":{"allow":["GET"]}}],"collection":[{"href":"https:\/\/dev3.illycafe.ch\/fr\/wp-json\/wp\/v2\/product"}],"about":[{"href":"https:\/\/dev3.illycafe.ch\/fr\/wp-json\/wp\/v2\/types\/product"}],"replies":[{"embeddable":true,"href":"https:\/\/dev3.illycafe.ch\/fr\/wp-json\/wp\/v2\/comments?post=221698"}],"wp:attachment":[{"href":"https:\/\/dev3.illycafe.ch\/fr\/wp-json\/wp\/v2\/media?parent=221698"}],"wp:term":[{"taxonomy":"product_brand","embeddable":true,"href":"https:\/\/dev3.illycafe.ch\/fr\/wp-json\/wp\/v2\/product_brand?post=221698"},{"taxonomy":"product_cat","embeddable":true,"href":"https:\/\/dev3.illycafe.ch\/fr\/wp-json\/wp\/v2\/product_cat?post=221698"},{"taxonomy":"product_tag","embeddable":true,"href":"https:\/\/dev3.illycafe.ch\/fr\/wp-json\/wp\/v2\/product_tag?post=221698"}],"curies":[{"name":"wp","href":"https:\/\/api.w.org\/{rel}","templated":true}]}}