{"id":221879,"date":"2025-07-16T08:50:10","date_gmt":"2025-07-16T06:50:13","guid":{"rendered":"https:\/\/dev3.illycafe.ch\/produkt\/iperclassicofilterflow100\/"},"modified":"2025-07-16T09:00:16","modified_gmt":"2025-07-16T07:00:16","slug":"iperclassicofilterflow100","status":"publish","type":"product","link":"https:\/\/dev3.illycafe.ch\/fr\/produit\/iperclassicofilterflow100\/","title":{"rendered":"iperclassicofilterflow100"},"content":{"rendered":"<section class=\"wpb-content-wrapper\"><div class='html translation-block'>\n<p>\n      [vc_row][vc_column][vc_column_text]La saveur nuanc\u00e9e du caf\u00e9 CLASSICO<br \/>\n      issu de l\u2019assemblage unique d\u2019illy 100% arabica d\u00e9livre de subtiles<br \/>\n      notes de caramel, de fleur d\u2019oranger et de jasmin, suivies d\u2019un<br \/>\n      arri\u00e8re-go\u00fbt sucr\u00e9. Pour les amateurs de caf\u00e9 \u00e0 l\u2019ar\u00f4me doux et<br \/>\n      onctueux. Le paquet contient 100 capsules de caf\u00e9 torr\u00e9fi\u00e9 classico<br \/>\n      emball\u00e9es individuellement.[\/vc_column_text][\/vc_column][\/vc_row][vc_row<br \/>\n      el_class&#061;&#034;none-sub-products&#034; el_id&#061;&#034;sub-product&#034;<br \/>\n      css&#061;&#034;.vc_custom_1723021695272{background-color: #ffffff<br \/>\n      !important;}&#034;][vc_column width&#061;&#034;1\/6&#034;][\/vc_column][vc_column width&#061;&#034;2\/3&#034;<br \/>\n      css&#061;&#034;.vc_custom_1722498456585{padding-top: 32px<br \/>\n      !important;padding-bottom: 32px !important;}&#034;][vc_column_text]\n    <\/p>\n<h2 align=\"center\">\n      Caract\u00e9ristiques principales<br \/>\n    <\/h2>\n<p>    [\/vc_column_text][vc_empty_space height&#061;&#034;35px&#034;][vc_row_inner<br \/>\n    el_class&#061;&#034;row-icons&#034;][vc_column_inner width&#061;&#034;1\/3&#034;<br \/>\n    css&#061;&#034;.vc_custom_1723018477715{padding-right: 20px !important;padding-left:<br \/>\n    20px !important;}&#034;][vc_single_image image&#061;&#034;104380&#034; img_size&#061;&#034;60&#215;60&#034;<br \/>\n    alignment&#061;&#034;center&#034;][vc_column_text]<\/p>\n<h6 align=\"center\">\n      <strong>Le grain:<\/strong><br \/>\n    <\/h6>\n<p align=\"center\">\n      Le meilleur 1% des meilleurs grains de caf\u00e9 arabica\n    <\/p>\n<p>    [\/vc_column_text][vc_empty_space<br \/>\n    height&#061;&#034;15px&#034;][\/vc_column_inner][vc_column_inner width&#061;&#034;1\/3&#034;<br \/>\n    css&#061;&#034;.vc_custom_1723018486731{padding-right: 20px !important;padding-left:<br \/>\n    20px !important;}&#034;][vc_single_image image&#061;&#034;104388&#034; img_size&#061;&#034;60&#215;60&#034;<br \/>\n    alignment&#061;&#034;center&#034;][vc_column_text]<\/p>\n<h6 align=\"center\">\n      <strong>Pr\u00e9paration du caf\u00e9:<\/strong><br \/>\n    <\/h6>\n<p align=\"center\">\n      Id\u00e9al pour votre espresso italien\n    <\/p>\n<p>    [\/vc_column_text][vc_empty_space<br \/>\n    height&#061;&#034;15px&#034;][\/vc_column_inner][vc_column_inner width&#061;&#034;1\/3&#034;<br \/>\n    css&#061;&#034;.vc_custom_1723018493419{padding-right: 20px !important;padding-left:<br \/>\n    20px !important;}&#034;][vc_single_image image&#061;&#034;104385&#034; img_size&#061;&#034;60&#215;60&#034;<br \/>\n    alignment&#061;&#034;center&#034;][vc_column_text]<\/p>\n<h6 align=\"center\">\n      <strong>Adapt\u00e9 \u00e0:<\/strong><br \/>\n    <\/h6>\n<p align=\"center\">\n      Uniquement adapt\u00e9e aux machines illy Iperespresso\n    <\/p>\n<p>    [\/vc_column_text][vc_empty_space<br \/>\n    height&#061;&#034;15px&#034;][\/vc_column_inner][\/vc_row_inner][\/vc_column][vc_column<br \/>\n    width&#061;&#034;1\/6&#034;][\/vc_column][\/vc_row][vc_row el_class&#061;&#034;none-sub-products&#034;<br \/>\n    el_id&#061;&#034;sub-product-acc&#034; css&#061;&#034;.vc_custom_1722497764635{background-color:<br \/>\n    #f2e9da !important;}&#034;][vc_column width&#061;&#034;1\/6&#034;][\/vc_column][vc_column<br \/>\n    width&#061;&#034;2\/3&#034; css&#061;&#034;.vc_custom_1722498426609{padding-top: 80px<br \/>\n    !important;padding-bottom: 80px !important;}&#034;]<div class=\"eltdf-accordion-holder eltdf-ac-default  eltdf-accordion eltdf-ac-boxed  clearfix\">\n\t<p class=\"eltdf-accordion-title\">\n    <span class=\"eltdf-accordion-mark\">\n\t\t<span class=\"eltdf_icon_plus icon_plus\"><\/span>\n\t\t<span class=\"eltdf_icon_minus icon_minus-06\"><\/span>\n\t<\/span>\n\t<span class=\"eltdf-tab-title\">Section<\/span>\n<\/p>\n<div class=\"eltdf-accordion-content\">\n\t<div class=\"eltdf-accordion-content-inner\">\n\t\t[vc_column_text css&#061;&#034;&#034;]Profitez d\u2019un caf\u00e9 digne<br \/>\n    des plus grands baristas avec les capsules Iperespresso de caf\u00e9 torr\u00e9fi\u00e9<br \/>\n    CLASSICO. Pour un caf\u00e9 doux, \u00e0 la saveur onctueuse, aux notes d\u00e9licates de<br \/>\n    caramel, de fleur d\u2019oranger, de jasmin et \u00e0 l\u2019arri\u00e8re-go\u00fbt sucr\u00e9.<br \/>\n    R\u00e9f\u00e9rence produit: <strong>8862<\/strong>[\/vc_column_text][vc_row_inner<br \/>\n    el_id&#061;&#034;table-show&#034; css&#061;&#034;.vc_custom_1724745708717{margin-top: 30px<br \/>\n    !important;}&#034;][vc_column_inner width&#061;&#034;1\/2&#034;][\/vc_column_inner][vc_column_inner<br \/>\n    width&#061;&#034;1\/2&#034;][\/vc_column_inner][\/vc_row_inner]\t<\/div>\n<\/div><p class=\"eltdf-accordion-title\">\n    <span class=\"eltdf-accordion-mark\">\n\t\t<span class=\"eltdf_icon_plus icon_plus\"><\/span>\n\t\t<span class=\"eltdf_icon_minus icon_minus-06\"><\/span>\n\t<\/span>\n\t<span class=\"eltdf-tab-title\">Section<\/span>\n<\/p>\n<div class=\"eltdf-accordion-content\">\n\t<div class=\"eltdf-accordion-content-inner\">\n\t\t[vc_column_text css&#061;&#034;&#034;]Livraison, frais<br \/>\n    de port, modes de paiement <strong>Livraison :<\/strong> Votre commande<br \/>\n    sera livr\u00e9e rapidement et de mani\u00e8re fiable. Nous travaillons avec<br \/>\n    SwissPost. Avec l&#039;envoi de la marchandise, le risque est transf\u00e9r\u00e9 \u00e0<br \/>\n    l&#039;acheteur. Les informations sur la disponibilit\u00e9 et les d\u00e9lais de<br \/>\n    livraison \u00e9ventuels ne sont pas contraignantes, sauf si elles sont<br \/>\n    confirm\u00e9es par \u00e9crit par le vendeur. La livraison se fait soit par poste,<br \/>\n    soit selon le plan de tourn\u00e9e par camion, uniquement en Suisse. Le d\u00e9lai<br \/>\n    de livraison est g\u00e9n\u00e9ralement compris entre 3 et 5 jours. Si le client le<br \/>\n    demande express\u00e9ment, les commandes peuvent \u00eatre exp\u00e9di\u00e9es par service<br \/>\n    express ou coursier. Cependant, dans ces cas, les frais d&#039;envoi seront<br \/>\n    toujours factur\u00e9s. <strong>Frais de port :<\/strong> Gratuit \u00e0<br \/>\n    partir de Fr.100.00 Produits Illy Triest : Fr.10.25\/ TTC et gratuit \u00e0<br \/>\n    partir de Fr.100.00 Produits Illy Suisse jusqu&#039;\u00e0 1,5 kg Fr.9.50 TTC \/ \u00e0<br \/>\n    partir de 1,6 kg Fr.10.25 TTC Capsules 1-7 pcs. Fr. 4.75 TTC Capsules 8-29<br \/>\n    pcs. Fr. 5.40 TTC \u00e0 partir de 30 capsules, frais de port gratuits Les<br \/>\n    bo\u00eetes postales ne sont pas livr\u00e9es. Illycaf\u00e9 AG d\u00e9cline toute<br \/>\n    responsabilit\u00e9 en cas de retard de livraison caus\u00e9 par les entreprises de<br \/>\n    transport ou d&#039;autres tiers. Les commandes pass\u00e9es le samedi, dimanche ou<br \/>\n    jour f\u00e9ri\u00e9 seront trait\u00e9es le jour ouvrable suivant au plus t\u00f4t. Il peut<br \/>\n    arriver que la commande soit exp\u00e9di\u00e9e en plusieurs colis qui peuvent<br \/>\n    arriver \u00e0 des dates diff\u00e9rentes. <strong>Paypal<\/strong><br \/>\n    Carte de cr\u00e9dit : VISA, MASTERCARD, AMERICAN EXPRESS<br \/>\n    [\/vc_column_text]\t<\/div>\n<\/div><\/div>[\/vc_column][vc_column<br \/>\n    width&#061;&#034;1\/6&#034;][\/vc_column][\/vc_row][vc_row<br \/>\n    el_class&#061;&#034;none-sub-products&#034;][vc_column<br \/>\n    css&#061;&#034;.vc_custom_1724747383466{margin-top: 0px !important;padding-top: 0px<br \/>\n    !important;}&#034;][vc_column_text][\/vc_column_text][\/vc_column][\/vc_row][vc_row<br \/>\n    el_class&#061;&#034;none-sub-products&#034;][vc_column<br \/>\n    css&#061;&#034;.vc_custom_1724747383466{margin-top: 0px !important;padding-top: 0px<br \/>\n    !important;}&#034;][vc_column_text css&#061;&#034;&#034;][\/vc_column_text][\/vc_column][\/vc_row][vc_row<br \/>\n    el_class&#061;&#034;none-sub-products&#034;][vc_column<br \/>\n    width&#061;&#034;1\/12&#034;][\/vc_column][vc_column width&#061;&#034;10\/12&#034;][vc_column_text][\/vc_column_text][\/vc_column][vc_column<br \/>\n    width&#061;&#034;1\/12&#034;][\/vc_column][\/vc_row]\n  <\/div>\n<\/section>","protected":false},"excerpt":{"rendered":"<p>Iperespresso FLOW Classico Filter Cubo<\/p>\n","protected":false},"featured_media":221275,"comment_status":"open","ping_status":"closed","template":"","meta":{"inline_featured_image":false},"product_brand":[],"product_cat":[1536,1539,1565],"product_tag":[],"class_list":{"0":"post-221879","1":"product","2":"type-product","3":"status-publish","4":"has-post-thumbnail","6":"product_cat-kaffee-2","7":"product_cat-iperespresso-kapseln-kaffee-2","8":"product_cat-shop-it-2","10":"first","11":"instock","12":"taxable","13":"shipping-taxable","14":"purchasable","15":"product-type-simple"},"group_of_quantity":0,"min_quantity":0,"max_quantity":"","exclude_order_quantity_value_rules":"no","exclude_category_quantity_rules":"no","combine_variations":"no","yoast_head":"<!-- This site is optimized with the Yoast SEO plugin v24.4 - https:\/\/yoast.com\/wordpress\/plugins\/seo\/ -->\n<title>iperclassicofilterflow100 - Illycaf\u00e9 | Premium Kaffee kaufen | Gastronomie, Firmen, Privat<\/title>\n<meta name=\"robots\" content=\"noindex, follow, max-snippet:-1, max-image-preview:large, max-video-preview:-1\" \/>\n<meta property=\"og:locale\" content=\"fr_FR\" \/>\n<meta property=\"og:type\" content=\"article\" \/>\n<meta property=\"og:title\" content=\"iperclassicofilterflow100 - Illycaf\u00e9 | Premium Kaffee kaufen | Gastronomie, Firmen, Privat\" \/>\n<meta property=\"og:description\" content=\"Iperespresso FLOW Classico Filter Cubo\" \/>\n<meta property=\"og:url\" content=\"https:\/\/dev3.illycafe.ch\/fr\/produit\/iperclassicofilterflow100\/\" \/>\n<meta property=\"og:site_name\" content=\"Illycaf\u00e9 | Premium Kaffee kaufen | Gastronomie, Firmen, Privat\" \/>\n<meta property=\"article:modified_time\" content=\"2025-07-16T07:00:16+00:00\" \/>\n<meta property=\"og:image\" content=\"https:\/\/dev3.illycafe.ch\/wp-content\/uploads\/2062_0_2020_classico-iperespresso-single-capsule_website_1500x1500_eng-3.jpg\" \/>\n\t<meta property=\"og:image:width\" content=\"1500\" \/>\n\t<meta property=\"og:image:height\" content=\"1500\" \/>\n\t<meta property=\"og:image:type\" content=\"image\/jpeg\" \/>\n<meta name=\"twitter:card\" content=\"summary_large_image\" \/>\n<meta name=\"twitter:label1\" content=\"Dur\u00e9e de lecture estim\u00e9e\" \/>\n\t<meta name=\"twitter:data1\" content=\"4 minutes\" \/>\n<script type=\"application\/ld+json\" class=\"yoast-schema-graph\">{\"@context\":\"https:\/\/schema.org\",\"@graph\":[{\"@type\":\"WebPage\",\"@id\":\"https:\/\/dev3.illycafe.ch\/fr\/produit\/iperclassicofilterflow100\/\",\"url\":\"https:\/\/dev3.illycafe.ch\/fr\/produit\/iperclassicofilterflow100\/\",\"name\":\"iperclassicofilterflow100 - Illycaf\u00e9 | Premium Kaffee kaufen | Gastronomie, Firmen, Privat\",\"isPartOf\":{\"@id\":\"https:\/\/dev3.illycafe.ch\/dev3.illycafe.ch\/#website\"},\"primaryImageOfPage\":{\"@id\":\"https:\/\/dev3.illycafe.ch\/fr\/produit\/iperclassicofilterflow100\/#primaryimage\"},\"image\":{\"@id\":\"https:\/\/dev3.illycafe.ch\/fr\/produit\/iperclassicofilterflow100\/#primaryimage\"},\"thumbnailUrl\":\"https:\/\/dev3.illycafe.ch\/wp-content\/uploads\/2062_0_2020_classico-iperespresso-single-capsule_website_1500x1500_eng-3.jpg\",\"datePublished\":\"2025-07-16T06:50:13+00:00\",\"dateModified\":\"2025-07-16T07:00:16+00:00\",\"breadcrumb\":{\"@id\":\"https:\/\/dev3.illycafe.ch\/fr\/produit\/iperclassicofilterflow100\/#breadcrumb\"},\"inLanguage\":\"fr-FR\",\"potentialAction\":[{\"@type\":\"ReadAction\",\"target\":[\"https:\/\/dev3.illycafe.ch\/fr\/produit\/iperclassicofilterflow100\/\"]}]},{\"@type\":\"ImageObject\",\"inLanguage\":\"fr-FR\",\"@id\":\"https:\/\/dev3.illycafe.ch\/fr\/produit\/iperclassicofilterflow100\/#primaryimage\",\"url\":\"https:\/\/dev3.illycafe.ch\/wp-content\/uploads\/2062_0_2020_classico-iperespresso-single-capsule_website_1500x1500_eng-3.jpg\",\"contentUrl\":\"https:\/\/dev3.illycafe.ch\/wp-content\/uploads\/2062_0_2020_classico-iperespresso-single-capsule_website_1500x1500_eng-3.jpg\",\"width\":1500,\"height\":1500},{\"@type\":\"BreadcrumbList\",\"@id\":\"https:\/\/dev3.illycafe.ch\/fr\/produit\/iperclassicofilterflow100\/#breadcrumb\",\"itemListElement\":[{\"@type\":\"ListItem\",\"position\":1,\"name\":\"Accueil\",\"item\":\"https:\/\/dev3.illycafe.ch\/fr\/\"},{\"@type\":\"ListItem\",\"position\":2,\"name\":\"Boutique\",\"item\":\"https:\/\/dev3.illycafe.ch\/dev3.illycafe.ch\/fr\/boutique\/\"},{\"@type\":\"ListItem\",\"position\":3,\"name\":\"iperclassicofilterflow100\"}]},{\"@type\":\"WebSite\",\"@id\":\"https:\/\/dev3.illycafe.ch\/dev3.illycafe.ch\/#website\",\"url\":\"https:\/\/dev3.illycafe.ch\/dev3.illycafe.ch\/\",\"name\":\"Illycaf\u00e9 | Premium Kaffee kaufen | Gastronomie, Firmen, Privat\",\"description\":\"Italienische Kaffeekultur. Schweizer Qualit\u00e4t.\",\"potentialAction\":[{\"@type\":\"SearchAction\",\"target\":{\"@type\":\"EntryPoint\",\"urlTemplate\":\"https:\/\/dev3.illycafe.ch\/dev3.illycafe.ch\/?s={search_term_string}\"},\"query-input\":{\"@type\":\"PropertyValueSpecification\",\"valueRequired\":true,\"valueName\":\"search_term_string\"}}],\"inLanguage\":\"fr-FR\"}]}<\/script>\n<!-- \/ Yoast SEO plugin. -->","yoast_head_json":{"title":"iperclassicofilterflow100 - Illycaf\u00e9 | Premium Kaffee kaufen | Gastronomie, Firmen, Privat","robots":{"index":"noindex","follow":"follow","max-snippet":"max-snippet:-1","max-image-preview":"max-image-preview:large","max-video-preview":"max-video-preview:-1"},"og_locale":"fr_FR","og_type":"article","og_title":"iperclassicofilterflow100 - Illycaf\u00e9 | Premium Kaffee kaufen | Gastronomie, Firmen, Privat","og_description":"Iperespresso FLOW Classico Filter Cubo","og_url":"https:\/\/dev3.illycafe.ch\/fr\/produit\/iperclassicofilterflow100\/","og_site_name":"Illycaf\u00e9 | Premium Kaffee kaufen | Gastronomie, Firmen, Privat","article_modified_time":"2025-07-16T07:00:16+00:00","og_image":[{"width":1500,"height":1500,"url":"https:\/\/dev3.illycafe.ch\/wp-content\/uploads\/2062_0_2020_classico-iperespresso-single-capsule_website_1500x1500_eng-3.jpg","type":"image\/jpeg"}],"twitter_card":"summary_large_image","twitter_misc":{"Dur\u00e9e de lecture estim\u00e9e":"4 minutes"},"schema":{"@context":"https:\/\/schema.org","@graph":[{"@type":"WebPage","@id":"https:\/\/dev3.illycafe.ch\/fr\/produit\/iperclassicofilterflow100\/","url":"https:\/\/dev3.illycafe.ch\/fr\/produit\/iperclassicofilterflow100\/","name":"iperclassicofilterflow100 - Illycaf\u00e9 | Premium Kaffee kaufen | Gastronomie, Firmen, Privat","isPartOf":{"@id":"https:\/\/dev3.illycafe.ch\/dev3.illycafe.ch\/#website"},"primaryImageOfPage":{"@id":"https:\/\/dev3.illycafe.ch\/fr\/produit\/iperclassicofilterflow100\/#primaryimage"},"image":{"@id":"https:\/\/dev3.illycafe.ch\/fr\/produit\/iperclassicofilterflow100\/#primaryimage"},"thumbnailUrl":"https:\/\/dev3.illycafe.ch\/wp-content\/uploads\/2062_0_2020_classico-iperespresso-single-capsule_website_1500x1500_eng-3.jpg","datePublished":"2025-07-16T06:50:13+00:00","dateModified":"2025-07-16T07:00:16+00:00","breadcrumb":{"@id":"https:\/\/dev3.illycafe.ch\/fr\/produit\/iperclassicofilterflow100\/#breadcrumb"},"inLanguage":"fr-FR","potentialAction":[{"@type":"ReadAction","target":["https:\/\/dev3.illycafe.ch\/fr\/produit\/iperclassicofilterflow100\/"]}]},{"@type":"ImageObject","inLanguage":"fr-FR","@id":"https:\/\/dev3.illycafe.ch\/fr\/produit\/iperclassicofilterflow100\/#primaryimage","url":"https:\/\/dev3.illycafe.ch\/wp-content\/uploads\/2062_0_2020_classico-iperespresso-single-capsule_website_1500x1500_eng-3.jpg","contentUrl":"https:\/\/dev3.illycafe.ch\/wp-content\/uploads\/2062_0_2020_classico-iperespresso-single-capsule_website_1500x1500_eng-3.jpg","width":1500,"height":1500},{"@type":"BreadcrumbList","@id":"https:\/\/dev3.illycafe.ch\/fr\/produit\/iperclassicofilterflow100\/#breadcrumb","itemListElement":[{"@type":"ListItem","position":1,"name":"Accueil","item":"https:\/\/dev3.illycafe.ch\/fr\/"},{"@type":"ListItem","position":2,"name":"Boutique","item":"https:\/\/dev3.illycafe.ch\/dev3.illycafe.ch\/fr\/boutique\/"},{"@type":"ListItem","position":3,"name":"iperclassicofilterflow100"}]},{"@type":"WebSite","@id":"https:\/\/dev3.illycafe.ch\/dev3.illycafe.ch\/#website","url":"https:\/\/dev3.illycafe.ch\/dev3.illycafe.ch\/","name":"Illycaf\u00e9 | Premium Kaffee kaufen | Gastronomie, Firmen, Privat","description":"Italienische Kaffeekultur. Schweizer Qualit\u00e4t.","potentialAction":[{"@type":"SearchAction","target":{"@type":"EntryPoint","urlTemplate":"https:\/\/dev3.illycafe.ch\/dev3.illycafe.ch\/?s={search_term_string}"},"query-input":{"@type":"PropertyValueSpecification","valueRequired":true,"valueName":"search_term_string"}}],"inLanguage":"fr-FR"}]}},"_links":{"self":[{"href":"https:\/\/dev3.illycafe.ch\/fr\/wp-json\/wp\/v2\/product\/221879","targetHints":{"allow":["GET"]}}],"collection":[{"href":"https:\/\/dev3.illycafe.ch\/fr\/wp-json\/wp\/v2\/product"}],"about":[{"href":"https:\/\/dev3.illycafe.ch\/fr\/wp-json\/wp\/v2\/types\/product"}],"replies":[{"embeddable":true,"href":"https:\/\/dev3.illycafe.ch\/fr\/wp-json\/wp\/v2\/comments?post=221879"}],"wp:featuredmedia":[{"embeddable":true,"href":"https:\/\/dev3.illycafe.ch\/fr\/wp-json\/wp\/v2\/media\/221275"}],"wp:attachment":[{"href":"https:\/\/dev3.illycafe.ch\/fr\/wp-json\/wp\/v2\/media?parent=221879"}],"wp:term":[{"taxonomy":"product_brand","embeddable":true,"href":"https:\/\/dev3.illycafe.ch\/fr\/wp-json\/wp\/v2\/product_brand?post=221879"},{"taxonomy":"product_cat","embeddable":true,"href":"https:\/\/dev3.illycafe.ch\/fr\/wp-json\/wp\/v2\/product_cat?post=221879"},{"taxonomy":"product_tag","embeddable":true,"href":"https:\/\/dev3.illycafe.ch\/fr\/wp-json\/wp\/v2\/product_tag?post=221879"}],"curies":[{"name":"wp","href":"https:\/\/api.w.org\/{rel}","templated":true}]}}