{"id":222672,"date":"2025-11-18T17:10:23","date_gmt":"2025-11-18T16:10:24","guid":{"rendered":"https:\/\/dev3.illycafe.ch\/produkt\/et-art-john-armleder-a-4cap\/"},"modified":"2025-11-24T11:10:14","modified_gmt":"2025-11-24T10:10:14","slug":"et-art-john-armleder-a-4cap","status":"publish","type":"product","link":"https:\/\/dev3.illycafe.ch\/fr\/produit\/et-art-john-armleder-a-4cap\/","title":{"rendered":"et Art John Armleder  \u00e0 4Espr"},"content":{"rendered":"<section class=\"wpb-content-wrapper\"><div class='html translation-block'>\n<p>\n      [vc_row el_class&#061;&#034;none-sub-products&#034; el_id&#061;&#034;sub-product-acc&#034;<br \/>\n      css&#061;&#034;.vc_custom_1722497764635{background-color: #f2e9da<br \/>\n      !important;}&#034;][vc_column width&#061;&#034;1\/6&#034;][\/vc_column][vc_column width&#061;&#034;2\/3&#034;<br \/>\n      css&#061;&#034;.vc_custom_1722498426609{padding-top: 80px<br \/>\n      !important;padding-bottom: 80px !important;}&#034;]<div class=\"eltdf-accordion-holder eltdf-ac-default  eltdf-accordion eltdf-ac-boxed  clearfix\">\n\t<p class=\"eltdf-accordion-title\">\n    <span class=\"eltdf-accordion-mark\">\n\t\t<span class=\"eltdf_icon_plus icon_plus\"><\/span>\n\t\t<span class=\"eltdf_icon_minus icon_minus-06\"><\/span>\n\t<\/span>\n\t<span class=\"eltdf-tab-title\">Section<\/span>\n<\/p>\n<div class=\"eltdf-accordion-content\">\n\t<div class=\"eltdf-accordion-content-inner\">\n\t\t[vc_column_text css&#061;&#034;&#034;]Ensemble de 4 tasses \u00e0<br \/>\n      espresso de l\u2019illy Art Collection Judy Chicago Pour cette illy Art<br \/>\n      Collection, Judy Chicago a dot\u00e9 les formes \u00e9l\u00e9gantes de l\u2019embl\u00e9matique<br \/>\n      tasse \u00e0 espresso de touches sensuelles qui permet \u00e0 l\u2019artiste de se<br \/>\n      d\u00e9marquer gr\u00e2ce \u00e0 la s\u00e9rie Great Ladies. Cet ensemble d\u2019\u0153uvres est<br \/>\n      consacr\u00e9 \u00e0 des femmes qui ont jou\u00e9 un r\u00f4le fondamental dans l\u2019histoire<br \/>\n      de l\u2019art, de la litt\u00e9rature et de la politique. R\u00e9f\u00e9rence produit : <strong>24625<\/strong>[\/vc_column_text]\t<\/div>\n<\/div><p class=\"eltdf-accordion-title\">\n    <span class=\"eltdf-accordion-mark\">\n\t\t<span class=\"eltdf_icon_plus icon_plus\"><\/span>\n\t\t<span class=\"eltdf_icon_minus icon_minus-06\"><\/span>\n\t<\/span>\n\t<span class=\"eltdf-tab-title\">Section<\/span>\n<\/p>\n<div class=\"eltdf-accordion-content\">\n\t<div class=\"eltdf-accordion-content-inner\">\n\t\t[vc_column_text css&#061;&#034;&#034;]Livraison,<br \/>\n      frais de port, modes de paiement <strong>Livraison :<\/strong> Votre<br \/>\n      commande sera livr\u00e9e rapidement et de mani\u00e8re fiable. Nous travaillons<br \/>\n      avec SwissPost. Avec l&#039;envoi de la marchandise, le risque est transf\u00e9r\u00e9<br \/>\n      \u00e0 l&#039;acheteur. Les informations sur la disponibilit\u00e9 et les d\u00e9lais de<br \/>\n      livraison \u00e9ventuels ne sont pas contraignantes, sauf si elles sont<br \/>\n      confirm\u00e9es par \u00e9crit par le vendeur. La livraison se fait soit par<br \/>\n      poste, soit selon le plan de tourn\u00e9e par camion, uniquement en Suisse.<br \/>\n      Le d\u00e9lai de livraison est g\u00e9n\u00e9ralement compris entre 3 et 5 jours. Si le<br \/>\n      client le demande express\u00e9ment, les commandes peuvent \u00eatre exp\u00e9di\u00e9es par<br \/>\n      service express ou coursier. Cependant, dans ces cas, les frais d&#039;envoi<br \/>\n      seront toujours factur\u00e9s. <strong>Frais de port :<\/strong><br \/>\n      Gratuit \u00e0 partir de Fr.100.00 Produits Illy Triest : Fr.10.25\/ TTC et<br \/>\n      gratuit \u00e0 partir de Fr.100.00 Produits Illy Suisse jusqu&#039;\u00e0 1,5 kg<br \/>\n      Fr.9.50 TTC \/ \u00e0 partir de 1,6 kg Fr.10.25 TTC Capsules 1-7 pcs. Fr. 4.75<br \/>\n      TTC Capsules 8-29 pcs. Fr. 5.40 TTC \u00e0 partir de 30 capsules, frais de<br \/>\n      port gratuits Les bo\u00eetes postales ne sont pas livr\u00e9es. Illycaf\u00e9 AG<br \/>\n      d\u00e9cline toute responsabilit\u00e9 en cas de retard de livraison caus\u00e9 par les<br \/>\n      entreprises de transport ou d&#039;autres tiers. Les commandes pass\u00e9es le<br \/>\n      samedi, dimanche ou jour f\u00e9ri\u00e9 seront trait\u00e9es le jour ouvrable suivant<br \/>\n      au plus t\u00f4t. Il peut arriver que la commande soit exp\u00e9di\u00e9e en plusieurs<br \/>\n      colis qui peuvent arriver \u00e0 des dates diff\u00e9rentes. <strong>Paypal<\/strong><br \/>\n      Carte de cr\u00e9dit : VISA, MASTERCARD, AMERICAN EXPRESS<br \/>\n      [\/vc_column_text]\t<\/div>\n<\/div><\/div>[\/vc_column][vc_column<br \/>\n      width&#061;&#034;1\/6&#034;][\/vc_column][\/vc_row][vc_row<br \/>\n      el_class&#061;&#034;none-sub-products&#034;][vc_column<br \/>\n      width&#061;&#034;1\/12&#034;][\/vc_column][vc_column<br \/>\n      width&#061;&#034;10\/12&#034;][vc_column_text][\/vc_column_text][\/vc_column][vc_column<br \/>\n      width&#061;&#034;1\/12&#034;][\/vc_column][\/vc_row]\n    <\/p>\n<\/p><\/div>\n<\/section>","protected":false},"excerpt":{"rendered":"<p>Espresso-Tasses illy Art Collection<\/p>\n","protected":false},"featured_media":0,"comment_status":"open","ping_status":"closed","template":"","meta":{"inline_featured_image":false},"product_brand":[],"product_cat":[1559,1565,1602],"product_tag":[],"class_list":{"0":"post-222672","1":"product","2":"type-product","3":"status-publish","5":"product_cat-art-collection-2","6":"product_cat-shop-it-2","7":"product_cat-espressotassen-art-collection-2","9":"first","10":"instock","11":"taxable","12":"shipping-taxable","13":"purchasable","14":"product-type-simple"},"group_of_quantity":0,"min_quantity":0,"max_quantity":"","exclude_order_quantity_value_rules":"no","exclude_category_quantity_rules":"no","combine_variations":"no","yoast_head":"<!-- This site is optimized with the Yoast SEO plugin v24.4 - https:\/\/yoast.com\/wordpress\/plugins\/seo\/ -->\n<title>et Art John Armleder \u00e0 4Espr - Illycaf\u00e9 | Premium Kaffee kaufen | Gastronomie, Firmen, Privat<\/title>\n<meta name=\"robots\" content=\"noindex, follow, max-snippet:-1, max-image-preview:large, max-video-preview:-1\" \/>\n<meta property=\"og:locale\" content=\"fr_FR\" \/>\n<meta property=\"og:type\" content=\"article\" \/>\n<meta property=\"og:title\" content=\"et Art John Armleder \u00e0 4Espr - Illycaf\u00e9 | Premium Kaffee kaufen | Gastronomie, Firmen, Privat\" \/>\n<meta property=\"og:description\" content=\"Espresso-Tasses illy Art Collection\" \/>\n<meta property=\"og:url\" content=\"https:\/\/dev3.illycafe.ch\/fr\/produit\/et-art-john-armleder-a-4cap\/\" \/>\n<meta property=\"og:site_name\" content=\"Illycaf\u00e9 | Premium Kaffee kaufen | Gastronomie, Firmen, Privat\" \/>\n<meta property=\"article:modified_time\" content=\"2025-11-24T10:10:14+00:00\" \/>\n<meta name=\"twitter:card\" content=\"summary_large_image\" \/>\n<meta name=\"twitter:label1\" content=\"Dur\u00e9e de lecture estim\u00e9e\" \/>\n\t<meta name=\"twitter:data1\" content=\"2 minutes\" \/>\n<script type=\"application\/ld+json\" class=\"yoast-schema-graph\">{\"@context\":\"https:\/\/schema.org\",\"@graph\":[{\"@type\":\"WebPage\",\"@id\":\"https:\/\/dev3.illycafe.ch\/fr\/produit\/et-art-john-armleder-a-4cap\/\",\"url\":\"https:\/\/dev3.illycafe.ch\/fr\/produit\/et-art-john-armleder-a-4cap\/\",\"name\":\"et Art John Armleder \u00e0 4Espr - Illycaf\u00e9 | Premium Kaffee kaufen | Gastronomie, Firmen, Privat\",\"isPartOf\":{\"@id\":\"https:\/\/dev3.illycafe.ch\/dev3.illycafe.ch\/#website\"},\"datePublished\":\"2025-11-18T16:10:24+00:00\",\"dateModified\":\"2025-11-24T10:10:14+00:00\",\"breadcrumb\":{\"@id\":\"https:\/\/dev3.illycafe.ch\/fr\/produit\/et-art-john-armleder-a-4cap\/#breadcrumb\"},\"inLanguage\":\"fr-FR\",\"potentialAction\":[{\"@type\":\"ReadAction\",\"target\":[\"https:\/\/dev3.illycafe.ch\/fr\/produit\/et-art-john-armleder-a-4cap\/\"]}]},{\"@type\":\"BreadcrumbList\",\"@id\":\"https:\/\/dev3.illycafe.ch\/fr\/produit\/et-art-john-armleder-a-4cap\/#breadcrumb\",\"itemListElement\":[{\"@type\":\"ListItem\",\"position\":1,\"name\":\"Accueil\",\"item\":\"https:\/\/dev3.illycafe.ch\/fr\/\"},{\"@type\":\"ListItem\",\"position\":2,\"name\":\"Boutique\",\"item\":\"https:\/\/dev3.illycafe.ch\/dev3.illycafe.ch\/fr\/boutique\/\"},{\"@type\":\"ListItem\",\"position\":3,\"name\":\"et Art John Armleder \u00e0 4Espr\"}]},{\"@type\":\"WebSite\",\"@id\":\"https:\/\/dev3.illycafe.ch\/dev3.illycafe.ch\/#website\",\"url\":\"https:\/\/dev3.illycafe.ch\/dev3.illycafe.ch\/\",\"name\":\"Illycaf\u00e9 | Premium Kaffee kaufen | Gastronomie, Firmen, Privat\",\"description\":\"Italienische Kaffeekultur. Schweizer Qualit\u00e4t.\",\"potentialAction\":[{\"@type\":\"SearchAction\",\"target\":{\"@type\":\"EntryPoint\",\"urlTemplate\":\"https:\/\/dev3.illycafe.ch\/dev3.illycafe.ch\/?s={search_term_string}\"},\"query-input\":{\"@type\":\"PropertyValueSpecification\",\"valueRequired\":true,\"valueName\":\"search_term_string\"}}],\"inLanguage\":\"fr-FR\"}]}<\/script>\n<!-- \/ Yoast SEO plugin. -->","yoast_head_json":{"title":"et Art John Armleder \u00e0 4Espr - Illycaf\u00e9 | Premium Kaffee kaufen | Gastronomie, Firmen, Privat","robots":{"index":"noindex","follow":"follow","max-snippet":"max-snippet:-1","max-image-preview":"max-image-preview:large","max-video-preview":"max-video-preview:-1"},"og_locale":"fr_FR","og_type":"article","og_title":"et Art John Armleder \u00e0 4Espr - Illycaf\u00e9 | Premium Kaffee kaufen | Gastronomie, Firmen, Privat","og_description":"Espresso-Tasses illy Art Collection","og_url":"https:\/\/dev3.illycafe.ch\/fr\/produit\/et-art-john-armleder-a-4cap\/","og_site_name":"Illycaf\u00e9 | Premium Kaffee kaufen | Gastronomie, Firmen, Privat","article_modified_time":"2025-11-24T10:10:14+00:00","twitter_card":"summary_large_image","twitter_misc":{"Dur\u00e9e de lecture estim\u00e9e":"2 minutes"},"schema":{"@context":"https:\/\/schema.org","@graph":[{"@type":"WebPage","@id":"https:\/\/dev3.illycafe.ch\/fr\/produit\/et-art-john-armleder-a-4cap\/","url":"https:\/\/dev3.illycafe.ch\/fr\/produit\/et-art-john-armleder-a-4cap\/","name":"et Art John Armleder \u00e0 4Espr - Illycaf\u00e9 | Premium Kaffee kaufen | Gastronomie, Firmen, Privat","isPartOf":{"@id":"https:\/\/dev3.illycafe.ch\/dev3.illycafe.ch\/#website"},"datePublished":"2025-11-18T16:10:24+00:00","dateModified":"2025-11-24T10:10:14+00:00","breadcrumb":{"@id":"https:\/\/dev3.illycafe.ch\/fr\/produit\/et-art-john-armleder-a-4cap\/#breadcrumb"},"inLanguage":"fr-FR","potentialAction":[{"@type":"ReadAction","target":["https:\/\/dev3.illycafe.ch\/fr\/produit\/et-art-john-armleder-a-4cap\/"]}]},{"@type":"BreadcrumbList","@id":"https:\/\/dev3.illycafe.ch\/fr\/produit\/et-art-john-armleder-a-4cap\/#breadcrumb","itemListElement":[{"@type":"ListItem","position":1,"name":"Accueil","item":"https:\/\/dev3.illycafe.ch\/fr\/"},{"@type":"ListItem","position":2,"name":"Boutique","item":"https:\/\/dev3.illycafe.ch\/dev3.illycafe.ch\/fr\/boutique\/"},{"@type":"ListItem","position":3,"name":"et Art John Armleder \u00e0 4Espr"}]},{"@type":"WebSite","@id":"https:\/\/dev3.illycafe.ch\/dev3.illycafe.ch\/#website","url":"https:\/\/dev3.illycafe.ch\/dev3.illycafe.ch\/","name":"Illycaf\u00e9 | Premium Kaffee kaufen | Gastronomie, Firmen, Privat","description":"Italienische Kaffeekultur. Schweizer Qualit\u00e4t.","potentialAction":[{"@type":"SearchAction","target":{"@type":"EntryPoint","urlTemplate":"https:\/\/dev3.illycafe.ch\/dev3.illycafe.ch\/?s={search_term_string}"},"query-input":{"@type":"PropertyValueSpecification","valueRequired":true,"valueName":"search_term_string"}}],"inLanguage":"fr-FR"}]}},"_links":{"self":[{"href":"https:\/\/dev3.illycafe.ch\/fr\/wp-json\/wp\/v2\/product\/222672","targetHints":{"allow":["GET"]}}],"collection":[{"href":"https:\/\/dev3.illycafe.ch\/fr\/wp-json\/wp\/v2\/product"}],"about":[{"href":"https:\/\/dev3.illycafe.ch\/fr\/wp-json\/wp\/v2\/types\/product"}],"replies":[{"embeddable":true,"href":"https:\/\/dev3.illycafe.ch\/fr\/wp-json\/wp\/v2\/comments?post=222672"}],"wp:attachment":[{"href":"https:\/\/dev3.illycafe.ch\/fr\/wp-json\/wp\/v2\/media?parent=222672"}],"wp:term":[{"taxonomy":"product_brand","embeddable":true,"href":"https:\/\/dev3.illycafe.ch\/fr\/wp-json\/wp\/v2\/product_brand?post=222672"},{"taxonomy":"product_cat","embeddable":true,"href":"https:\/\/dev3.illycafe.ch\/fr\/wp-json\/wp\/v2\/product_cat?post=222672"},{"taxonomy":"product_tag","embeddable":true,"href":"https:\/\/dev3.illycafe.ch\/fr\/wp-json\/wp\/v2\/product_tag?post=222672"}],"curies":[{"name":"wp","href":"https:\/\/api.w.org\/{rel}","templated":true}]}}