{"id":222678,"date":"2025-12-08T10:20:16","date_gmt":"2025-12-08T09:20:17","guid":{"rendered":"https:\/\/dev3.illycafe.ch\/produkt\/docl250gemahlen\/"},"modified":"2025-12-08T10:20:18","modified_gmt":"2025-12-08T09:20:18","slug":"docl250gemahlen","status":"publish","type":"product","link":"https:\/\/dev3.illycafe.ch\/fr\/produit\/docl250gemahlen\/","title":{"rendered":"docl250gemahlen"},"content":{"rendered":"<div class='html translation-block'>\n<p>\n      <span align=\"start\" style=\"letter-spacing:normal;text-indent:0px;text-transform:none;display:!important\"><font face=\"Open Sans, sans-serif\" size=\"3\">La<br \/>\n      saveur nuanc\u00e9e du caf\u00e9 CLASSICO issu de l\u2019assemblage unique d\u2019illy 100%<br \/>\n      arabica d\u00e9livre de subtiles notes de caramel, de fleur d\u2019oranger et de<br \/>\n      jasmin, suivies d\u2019un arri\u00e8re-go\u00fbt sucr\u00e9.<br \/>\n<\/font><\/span>    <\/p>\n<p>\n      <span align=\"start\" style=\"letter-spacing:normal;text-indent:0px;text-transform:none;display:!important\"><font face=\"Open Sans, sans-serif\" size=\"3\">Pour<br \/>\n      les amateurs de caf\u00e9 \u00e0 l\u2019ar\u00f4me doux et onctueux.<\/font><\/span>\n    <\/p>\n<\/p><\/div>\n","protected":false},"excerpt":{"rendered":"<p>Boites Classico moulu<\/p>\n","protected":false},"featured_media":221341,"comment_status":"open","ping_status":"closed","template":"","meta":{"inline_featured_image":false},"product_brand":[],"product_cat":[1536,1565,1571],"product_tag":[],"class_list":{"0":"post-222678","1":"product","2":"type-product","3":"status-publish","4":"has-post-thumbnail","6":"product_cat-kaffee-2","7":"product_cat-shop-it-2","8":"product_cat-gemahlener-kaffee-kaffee-2","10":"first","11":"instock","12":"taxable","13":"shipping-taxable","14":"purchasable","15":"product-type-simple"},"group_of_quantity":0,"min_quantity":0,"max_quantity":"","exclude_order_quantity_value_rules":"no","exclude_category_quantity_rules":"no","combine_variations":"no","yoast_head":"<!-- This site is optimized with the Yoast SEO plugin v24.4 - https:\/\/yoast.com\/wordpress\/plugins\/seo\/ -->\n<title>docl250gemahlen - Illycaf\u00e9 | Premium Kaffee kaufen | Gastronomie, Firmen, Privat<\/title>\n<meta name=\"robots\" content=\"noindex, follow, max-snippet:-1, max-image-preview:large, max-video-preview:-1\" \/>\n<meta property=\"og:locale\" content=\"fr_FR\" \/>\n<meta property=\"og:type\" content=\"article\" \/>\n<meta property=\"og:title\" content=\"docl250gemahlen - Illycaf\u00e9 | Premium Kaffee kaufen | Gastronomie, Firmen, Privat\" \/>\n<meta property=\"og:description\" content=\"Boites Classico moulu\" \/>\n<meta property=\"og:url\" content=\"https:\/\/dev3.illycafe.ch\/fr\/produit\/docl250gemahlen\/\" \/>\n<meta property=\"og:site_name\" content=\"Illycaf\u00e9 | Premium Kaffee kaufen | Gastronomie, Firmen, Privat\" \/>\n<meta property=\"article:modified_time\" content=\"2025-12-08T09:20:18+00:00\" \/>\n<meta property=\"og:image\" content=\"https:\/\/dev3.illycafe.ch\/wp-content\/uploads\/2208_0_2018_ground_espresso_250g_classico_3d_front_coffee_italy_low-3.jpg\" \/>\n\t<meta property=\"og:image:width\" content=\"1500\" \/>\n\t<meta property=\"og:image:height\" content=\"1500\" \/>\n\t<meta property=\"og:image:type\" content=\"image\/jpeg\" \/>\n<meta name=\"twitter:card\" content=\"summary_large_image\" \/>\n<script type=\"application\/ld+json\" class=\"yoast-schema-graph\">{\"@context\":\"https:\/\/schema.org\",\"@graph\":[{\"@type\":\"WebPage\",\"@id\":\"https:\/\/dev3.illycafe.ch\/fr\/produit\/docl250gemahlen\/\",\"url\":\"https:\/\/dev3.illycafe.ch\/fr\/produit\/docl250gemahlen\/\",\"name\":\"docl250gemahlen - Illycaf\u00e9 | Premium Kaffee kaufen | Gastronomie, Firmen, Privat\",\"isPartOf\":{\"@id\":\"https:\/\/dev3.illycafe.ch\/dev3.illycafe.ch\/#website\"},\"primaryImageOfPage\":{\"@id\":\"https:\/\/dev3.illycafe.ch\/fr\/produit\/docl250gemahlen\/#primaryimage\"},\"image\":{\"@id\":\"https:\/\/dev3.illycafe.ch\/fr\/produit\/docl250gemahlen\/#primaryimage\"},\"thumbnailUrl\":\"https:\/\/dev3.illycafe.ch\/wp-content\/uploads\/2208_0_2018_ground_espresso_250g_classico_3d_front_coffee_italy_low-3.jpg\",\"datePublished\":\"2025-12-08T09:20:17+00:00\",\"dateModified\":\"2025-12-08T09:20:18+00:00\",\"breadcrumb\":{\"@id\":\"https:\/\/dev3.illycafe.ch\/fr\/produit\/docl250gemahlen\/#breadcrumb\"},\"inLanguage\":\"fr-FR\",\"potentialAction\":[{\"@type\":\"ReadAction\",\"target\":[\"https:\/\/dev3.illycafe.ch\/fr\/produit\/docl250gemahlen\/\"]}]},{\"@type\":\"ImageObject\",\"inLanguage\":\"fr-FR\",\"@id\":\"https:\/\/dev3.illycafe.ch\/fr\/produit\/docl250gemahlen\/#primaryimage\",\"url\":\"https:\/\/dev3.illycafe.ch\/wp-content\/uploads\/2208_0_2018_ground_espresso_250g_classico_3d_front_coffee_italy_low-3.jpg\",\"contentUrl\":\"https:\/\/dev3.illycafe.ch\/wp-content\/uploads\/2208_0_2018_ground_espresso_250g_classico_3d_front_coffee_italy_low-3.jpg\",\"width\":1500,\"height\":1500},{\"@type\":\"BreadcrumbList\",\"@id\":\"https:\/\/dev3.illycafe.ch\/fr\/produit\/docl250gemahlen\/#breadcrumb\",\"itemListElement\":[{\"@type\":\"ListItem\",\"position\":1,\"name\":\"Accueil\",\"item\":\"https:\/\/dev3.illycafe.ch\/fr\/\"},{\"@type\":\"ListItem\",\"position\":2,\"name\":\"Boutique\",\"item\":\"https:\/\/dev3.illycafe.ch\/dev3.illycafe.ch\/fr\/boutique\/\"},{\"@type\":\"ListItem\",\"position\":3,\"name\":\"docl250gemahlen\"}]},{\"@type\":\"WebSite\",\"@id\":\"https:\/\/dev3.illycafe.ch\/dev3.illycafe.ch\/#website\",\"url\":\"https:\/\/dev3.illycafe.ch\/dev3.illycafe.ch\/\",\"name\":\"Illycaf\u00e9 | Premium Kaffee kaufen | Gastronomie, Firmen, Privat\",\"description\":\"Italienische Kaffeekultur. Schweizer Qualit\u00e4t.\",\"potentialAction\":[{\"@type\":\"SearchAction\",\"target\":{\"@type\":\"EntryPoint\",\"urlTemplate\":\"https:\/\/dev3.illycafe.ch\/dev3.illycafe.ch\/?s={search_term_string}\"},\"query-input\":{\"@type\":\"PropertyValueSpecification\",\"valueRequired\":true,\"valueName\":\"search_term_string\"}}],\"inLanguage\":\"fr-FR\"}]}<\/script>\n<!-- \/ Yoast SEO plugin. -->","yoast_head_json":{"title":"docl250gemahlen - Illycaf\u00e9 | Premium Kaffee kaufen | Gastronomie, Firmen, Privat","robots":{"index":"noindex","follow":"follow","max-snippet":"max-snippet:-1","max-image-preview":"max-image-preview:large","max-video-preview":"max-video-preview:-1"},"og_locale":"fr_FR","og_type":"article","og_title":"docl250gemahlen - Illycaf\u00e9 | Premium Kaffee kaufen | Gastronomie, Firmen, Privat","og_description":"Boites Classico moulu","og_url":"https:\/\/dev3.illycafe.ch\/fr\/produit\/docl250gemahlen\/","og_site_name":"Illycaf\u00e9 | Premium Kaffee kaufen | Gastronomie, Firmen, Privat","article_modified_time":"2025-12-08T09:20:18+00:00","og_image":[{"width":1500,"height":1500,"url":"https:\/\/dev3.illycafe.ch\/wp-content\/uploads\/2208_0_2018_ground_espresso_250g_classico_3d_front_coffee_italy_low-3.jpg","type":"image\/jpeg"}],"twitter_card":"summary_large_image","schema":{"@context":"https:\/\/schema.org","@graph":[{"@type":"WebPage","@id":"https:\/\/dev3.illycafe.ch\/fr\/produit\/docl250gemahlen\/","url":"https:\/\/dev3.illycafe.ch\/fr\/produit\/docl250gemahlen\/","name":"docl250gemahlen - Illycaf\u00e9 | Premium Kaffee kaufen | Gastronomie, Firmen, Privat","isPartOf":{"@id":"https:\/\/dev3.illycafe.ch\/dev3.illycafe.ch\/#website"},"primaryImageOfPage":{"@id":"https:\/\/dev3.illycafe.ch\/fr\/produit\/docl250gemahlen\/#primaryimage"},"image":{"@id":"https:\/\/dev3.illycafe.ch\/fr\/produit\/docl250gemahlen\/#primaryimage"},"thumbnailUrl":"https:\/\/dev3.illycafe.ch\/wp-content\/uploads\/2208_0_2018_ground_espresso_250g_classico_3d_front_coffee_italy_low-3.jpg","datePublished":"2025-12-08T09:20:17+00:00","dateModified":"2025-12-08T09:20:18+00:00","breadcrumb":{"@id":"https:\/\/dev3.illycafe.ch\/fr\/produit\/docl250gemahlen\/#breadcrumb"},"inLanguage":"fr-FR","potentialAction":[{"@type":"ReadAction","target":["https:\/\/dev3.illycafe.ch\/fr\/produit\/docl250gemahlen\/"]}]},{"@type":"ImageObject","inLanguage":"fr-FR","@id":"https:\/\/dev3.illycafe.ch\/fr\/produit\/docl250gemahlen\/#primaryimage","url":"https:\/\/dev3.illycafe.ch\/wp-content\/uploads\/2208_0_2018_ground_espresso_250g_classico_3d_front_coffee_italy_low-3.jpg","contentUrl":"https:\/\/dev3.illycafe.ch\/wp-content\/uploads\/2208_0_2018_ground_espresso_250g_classico_3d_front_coffee_italy_low-3.jpg","width":1500,"height":1500},{"@type":"BreadcrumbList","@id":"https:\/\/dev3.illycafe.ch\/fr\/produit\/docl250gemahlen\/#breadcrumb","itemListElement":[{"@type":"ListItem","position":1,"name":"Accueil","item":"https:\/\/dev3.illycafe.ch\/fr\/"},{"@type":"ListItem","position":2,"name":"Boutique","item":"https:\/\/dev3.illycafe.ch\/dev3.illycafe.ch\/fr\/boutique\/"},{"@type":"ListItem","position":3,"name":"docl250gemahlen"}]},{"@type":"WebSite","@id":"https:\/\/dev3.illycafe.ch\/dev3.illycafe.ch\/#website","url":"https:\/\/dev3.illycafe.ch\/dev3.illycafe.ch\/","name":"Illycaf\u00e9 | Premium Kaffee kaufen | Gastronomie, Firmen, Privat","description":"Italienische Kaffeekultur. Schweizer Qualit\u00e4t.","potentialAction":[{"@type":"SearchAction","target":{"@type":"EntryPoint","urlTemplate":"https:\/\/dev3.illycafe.ch\/dev3.illycafe.ch\/?s={search_term_string}"},"query-input":{"@type":"PropertyValueSpecification","valueRequired":true,"valueName":"search_term_string"}}],"inLanguage":"fr-FR"}]}},"_links":{"self":[{"href":"https:\/\/dev3.illycafe.ch\/fr\/wp-json\/wp\/v2\/product\/222678","targetHints":{"allow":["GET"]}}],"collection":[{"href":"https:\/\/dev3.illycafe.ch\/fr\/wp-json\/wp\/v2\/product"}],"about":[{"href":"https:\/\/dev3.illycafe.ch\/fr\/wp-json\/wp\/v2\/types\/product"}],"replies":[{"embeddable":true,"href":"https:\/\/dev3.illycafe.ch\/fr\/wp-json\/wp\/v2\/comments?post=222678"}],"wp:featuredmedia":[{"embeddable":true,"href":"https:\/\/dev3.illycafe.ch\/fr\/wp-json\/wp\/v2\/media\/221341"}],"wp:attachment":[{"href":"https:\/\/dev3.illycafe.ch\/fr\/wp-json\/wp\/v2\/media?parent=222678"}],"wp:term":[{"taxonomy":"product_brand","embeddable":true,"href":"https:\/\/dev3.illycafe.ch\/fr\/wp-json\/wp\/v2\/product_brand?post=222678"},{"taxonomy":"product_cat","embeddable":true,"href":"https:\/\/dev3.illycafe.ch\/fr\/wp-json\/wp\/v2\/product_cat?post=222678"},{"taxonomy":"product_tag","embeddable":true,"href":"https:\/\/dev3.illycafe.ch\/fr\/wp-json\/wp\/v2\/product_tag?post=222678"}],"curies":[{"name":"wp","href":"https:\/\/api.w.org\/{rel}","templated":true}]}}