{"id":190376,"date":"2024-11-12T11:54:43","date_gmt":"2024-11-12T10:54:43","guid":{"rendered":"https:\/\/dev3.illycafe.ch\/?page_id=190376"},"modified":"2024-11-20T12:57:36","modified_gmt":"2024-11-20T11:57:36","slug":"sebastiao-salgado","status":"publish","type":"page","link":"https:\/\/dev3.illycafe.ch\/it\/sostenibilita\/sebastiao-salgado\/","title":{"rendered":"Sebastiao Salgado"},"content":{"rendered":"<section class=\"wpb-content-wrapper\"><p>[vc_row full_width=&#8221;stretch_row_content&#8221; equal_height=&#8221;yes&#8221; content_placement=&#8221;middle&#8221; css=&#8221;.vc_custom_1712224698213{background-color: #ffffff !important;background-position: center center;background-repeat: no-repeat !important;background-size: cover !important;}&#8221; el_id=&#8221;header-landing&#8221;][vc_column css=&#8221;.vc_custom_1712830450267{margin-top: 0px !important;padding-top: 0px !important;}&#8221;][vc_row_inner equal_height=&#8221;yes&#8221; content_placement=&#8221;middle&#8221; css=&#8221;.vc_custom_1701945095396{padding-top: 15px !important;padding-bottom: 15px !important;}&#8221;][vc_column_inner width=&#8221;2\/12&#8243;][vc_single_image image=&#8221;44806&#8243; img_size=&#8221;full&#8221; alignment=&#8221;center&#8221; el_class=&#8221;logo-landing&#8221;][\/vc_column_inner][vc_column_inner width=&#8221;8\/12&#8243;][vc_column_text css=&#8221;&#8221;]<\/p>\n<div class=\"menu-landing\"><a href=\"https:\/\/dev3.illycafe.ch\/it\/shop\/?shop=illy-s-p-a&amp;categoria=caffe-in-grani,caffe-macinato,caffe-in-cialde-e-s-e,caffe-in-capsule-iperespresso,caffe-arabica-selection,caffe-solubile-it\" target=\"_blank\" rel=\"noopener\">CAF\u00c8<\/a><a href=\"https:\/\/dev3.illycafe.ch\/it\/prodotto\/macchina-da-caffe-a-capsule-x1-iperespresso-anniversary-1935\/\" target=\"_blank\" rel=\"noopener\">MACCHINA PER IL CAFF\u00c8<\/a><a href=\"https:\/\/dev3.illycafe.ch\/it\/shop\/?shop=illy-s-p-a&amp;categoria=gift-accessori\" target=\"_blank\" rel=\"noopener\">REGALI E ACCESSORI<\/a><a href=\"https:\/\/dev3.illycafe.ch\/it\/shop\/?shop=illy-s-p-a&amp;categoria=promozioni\" target=\"_blank\" rel=\"noopener\">OFFERTE<\/a><\/div>\n<p>[\/vc_column_text][\/vc_column_inner][vc_column_inner width=&#8221;2\/12&#8243;][vc_column_text css=&#8221;&#8221;]\n<div class=\"wpml-ls-statics-shortcode_actions wpml-ls wpml-ls-legacy-list-horizontal\">\n\t<ul><li class=\"wpml-ls-slot-shortcode_actions wpml-ls-item wpml-ls-item-de wpml-ls-first-item wpml-ls-item-legacy-list-horizontal\">\n\t\t\t\t<a href=\"https:\/\/dev3.illycafe.ch\/\" class=\"wpml-ls-link\">\n                                                        <img decoding=\"async\"\n            class=\"wpml-ls-flag\"\n            src=\"https:\/\/dev3.illycafe.ch\/wp-content\/plugins\/sitepress-multilingual-cms\/res\/flags\/de.png\"\n            alt=\"DE\"\n            width=18\n            height=12\n    \/><\/a>\n\t\t\t<\/li><li class=\"wpml-ls-slot-shortcode_actions wpml-ls-item wpml-ls-item-fr wpml-ls-item-legacy-list-horizontal\">\n\t\t\t\t<a href=\"https:\/\/dev3.illycafe.ch\/fr\/\" class=\"wpml-ls-link\">\n                                                        <img decoding=\"async\"\n            class=\"wpml-ls-flag\"\n            src=\"https:\/\/dev3.illycafe.ch\/wp-content\/plugins\/sitepress-multilingual-cms\/res\/flags\/fr.png\"\n            alt=\"FR\"\n            width=18\n            height=12\n    \/><\/a>\n\t\t\t<\/li><li class=\"wpml-ls-slot-shortcode_actions wpml-ls-item wpml-ls-item-it wpml-ls-current-language wpml-ls-last-item wpml-ls-item-legacy-list-horizontal\">\n\t\t\t\t<a href=\"https:\/\/dev3.illycafe.ch\/it\/\" class=\"wpml-ls-link\">\n                                                        <img decoding=\"async\"\n            class=\"wpml-ls-flag\"\n            src=\"https:\/\/dev3.illycafe.ch\/wp-content\/plugins\/sitepress-multilingual-cms\/res\/flags\/it.png\"\n            alt=\"IT\"\n            width=18\n            height=12\n    \/><\/a>\n\t\t\t<\/li><\/ul>\n<\/div>\n[\/vc_column_text][\/vc_column_inner][\/vc_row_inner][\/vc_column][\/vc_row][vc_row full_width=&#8221;stretch_row_content_no_spaces&#8221; content_placement=&#8221;middle&#8221; css=&#8221;.vc_custom_1731401410293{border-bottom-width: 0px !important;background-position: center center;background-repeat: no-repeat !important;background-size: cover !important;}&#8221; el_class=&#8221;slider&#8221;][vc_column css=&#8221;.vc_custom_1731401371144{margin-top: 0px !important;padding-top: 0px !important;}&#8221;][vc_video link=&#8221;https:\/\/www.youtube.com\/watch?v=X73m3lUZ_f0&#8243; align=&#8221;center&#8221; css=&#8221;&#8221; el_class=&#8221;video-landing&#8221;][\/vc_column][\/vc_row][vc_row full_width=&#8221;stretch_row&#8221; css=&#8221;.vc_custom_1727683266961{background-color: #FFFFFF !important;}&#8221;][vc_column css=&#8221;.vc_custom_1719389360265{margin-top: 0px !important;padding-top: 0px !important;}&#8221;][vc_empty_space height=&#8221;50px&#8221;][vc_row_inner content_placement=&#8221;middle&#8221;][vc_column_inner width=&#8221;1\/6&#8243; css=&#8221;.vc_custom_1719390181991{padding-top: 30px !important;padding-right: 30px !important;padding-bottom: 30px !important;padding-left: 30px !important;}&#8221;][\/vc_column_inner][vc_column_inner width=&#8221;2\/3&#8243;][vc_column_text css=&#8221;&#8221; el_class=&#8221;subtitle brown&#8221;]<\/p>\n<p style=\"text-align: center;\">Profumo di sogno<\/p>\n<p>[\/vc_column_text][vc_column_text css=&#8221;.vc_custom_1731409018418{margin-top: 0px !important;}&#8221; el_class=&#8221;titol-h3 brown&#8221;]<\/p>\n<h3 style=\"text-align: center;\">Viaggio nei Paesi coltivatori di caff\u00e8 con Sebasti\u00e3o Salgado<\/h3>\n<p>[\/vc_column_text][vc_empty_space height=&#8221;30px&#8221;][vc_column_text css=&#8221;&#8221; el_class=&#8221;text-landing brown&#8221;]<\/p>\n<p style=\"text-align: center;\">Brasile, India, Indonesia, Etiopia, Guatemala, Cina, Colombia, Costa Rica, El Salvador e Tanzania: un viaggio nei principali Paesi da dove acquistiamo il nostro caff\u00e8.<\/p>\n<p style=\"text-align: center;\">Nato dall\u2019incontro tra il fotografo Sebasti\u00e3o Salgado e illycaff\u00e8, \u00e8 il pi\u00f9 grande reportage mai realizzato dedicato al mondo del caff\u00e8. Si fonda sulla condivisione di un valore comune: lo sviluppo sostenibile, che per noi rappresenta un principio fondamentale e il mezzo attraverso il quale abbiamo scelto di mantenere il nostro primato qualitativo.<\/p>\n<p style=\"text-align: center;\">Al centro delle fotografie di Salgado c\u2019\u00e8 l\u2019ambiente, ma in primo piano ci sono le persone, i loro gesti, i loro sguardi, la loro dignit\u00e0.<\/p>\n<p style=\"text-align: center;\">Ci ricordano costantemente di guardare alla terra, e ai 25 milioni di famiglie che in pi\u00f9 di 70 Paesi del mondo lavorano il caff\u00e8, con gratitudine, i coltivatori sono i nostri alleati nella sfida straordinaria di produrre il migliore caff\u00e8 del mondo, nel rispetto reciproco e per la felicit\u00e0 di tutti.<\/p>\n<p style=\"text-align: center;\">Salgado nasce nel 1944 in Brasile, nello stato del Minas Gerais, la regione del caff\u00e8 in Brasile. Dopo l\u2019universit\u00e0 si trasferisce a Parigi e poi a Londra, dove lavora come economista per l\u2019Organizzazione Internazionale del Caff\u00e8. La sua vocazione si traduce presto in una scelta di vita. Nel 1973 intraprende la carriera di fotografo, che lo porter\u00e0 a documentare la vita dei contadini latinoamericani, africani e le loro migrazioni.<\/p>\n<p>[\/vc_column_text][\/vc_column_inner][vc_column_inner width=&#8221;1\/6&#8243;][\/vc_column_inner][\/vc_row_inner][vc_empty_space height=&#8221;50px&#8221;][\/vc_column][\/vc_row][vc_row full_width=&#8221;stretch_row_content_no_spaces&#8221; css=&#8221;.vc_custom_1731401082408{background-color: #FFFFFF !important;}&#8221;][vc_column css=&#8221;.vc_custom_1719389360265{margin-top: 0px !important;padding-top: 0px !important;}&#8221;][vc_empty_space height=&#8221;50px&#8221;][vc_row_inner content_placement=&#8221;middle&#8221;][vc_column_inner css=&#8221;.vc_custom_1719390181991{padding-top: 30px !important;padding-right: 30px !important;padding-bottom: 30px !important;padding-left: 30px !important;}&#8221;][vc_images_carousel images=&#8221;190377,190380,190383,190386,190389,190392,190395&#8243; img_size=&#8221;full&#8221; onclick=&#8221;link_no&#8221; speed=&#8221;2000&#8243; slides_per_view=&#8221;2&#8243; autoplay=&#8221;yes&#8221; partial_view=&#8221;yes&#8221; wrap=&#8221;yes&#8221; css=&#8221;&#8221;][\/vc_column_inner][\/vc_row_inner][\/vc_column][\/vc_row][vc_row full_width=&#8221;stretch_row&#8221; css=&#8221;.vc_custom_1719389983250{background-color: #f6f0ec !important;}&#8221; el_class=&#8221;newsletter&#8221;][vc_column css=&#8221;.vc_custom_1712226941419{padding-top: 0pc !important;padding-bottom: 0px !important;}&#8221;][vc_row_inner css=&#8221;.vc_custom_1712226909859{padding-top: 50px !important;padding-bottom: 50px !important;}&#8221;][vc_column_inner width=&#8221;1\/6&#8243;][\/vc_column_inner][vc_column_inner width=&#8221;2\/3&#8243;][vc_column_text css=&#8221;&#8221; el_class=&#8221;titol-h2 brown&#8221;]<\/p>\n<h2 style=\"text-align: center;\">ISCRIVITI ALLA NEWSLETTER<\/h2>\n<p>[\/vc_column_text][vc_column_text css=&#8221;&#8221; el_class=&#8221;text-landing brown&#8221;]<\/p>\n<p style=\"text-align: center;\">Entra a far parte del mondo illy e scopri tutti i vantaggi a te riservati.<\/p>\n<p>[\/vc_column_text][vc_column_text css=&#8221;&#8221;]<\/p>\n<p style=\"text-align: center;\">\n<div class=\"wpcf7 no-js\" id=\"wpcf7-f103184-o1\" lang=\"en-US\" dir=\"ltr\" data-wpcf7-id=\"103184\">\n<div class=\"screen-reader-response\"><p role=\"status\" aria-live=\"polite\" aria-atomic=\"true\"><\/p> <ul><\/ul><\/div>\n<form action=\"\/it\/wp-json\/wp\/v2\/pages\/190376#wpcf7-f103184-o1\" method=\"post\" class=\"wpcf7-form init\" aria-label=\"Contact form\" novalidate=\"novalidate\" data-status=\"init\">\n<div style=\"display: none;\">\n<input type=\"hidden\" name=\"_wpcf7\" value=\"103184\" \/>\n<input type=\"hidden\" name=\"_wpcf7_version\" value=\"6.0.3\" \/>\n<input type=\"hidden\" name=\"_wpcf7_locale\" value=\"en_US\" \/>\n<input type=\"hidden\" name=\"_wpcf7_unit_tag\" value=\"wpcf7-f103184-o1\" \/>\n<input type=\"hidden\" name=\"_wpcf7_container_post\" value=\"0\" \/>\n<input type=\"hidden\" name=\"_wpcf7_posted_data_hash\" value=\"\" \/>\n<\/div>\n<p><span class=\"wpcf7-form-control-wrap\" data-name=\"your-email\"><input size=\"40\" maxlength=\"400\" class=\"wpcf7-form-control wpcf7-email wpcf7-validates-as-required wpcf7-text wpcf7-validates-as-email\" autocomplete=\"email\" aria-required=\"true\" aria-invalid=\"false\" placeholder=\"Inserisci il tuo indirizzo email\" value=\"\" type=\"email\" name=\"your-email\" \/><\/span>\n<\/p>\n<p class=\"newsletter-text\">Ho letto l'informativa sul trattamento dei dati.\n<\/p>\n<div class=\"news-acceptance\">\n\t<p><span class=\"wpcf7-form-control-wrap\" data-name=\"acceptance-961\"><span class=\"wpcf7-form-control wpcf7-acceptance\"><span class=\"wpcf7-list-item\"><label><input type=\"checkbox\" name=\"acceptance-961\" value=\"1\" aria-invalid=\"false\" \/><span class=\"wpcf7-list-item-label\">Acconsento al trattamento dei miei dati per ricevere comunicazioni di marketing su prodotti, servizi, promozioni e iniziative legate al marchio illy e ai prodotti e iniziative offerti sui siti e sulle app illycaff\u00e8 (Finalit\u00e0 2 A della Privacy Policy).<\/span><\/label><\/span><\/span><\/span>\n\t<\/p>\n<\/div>\n<p><input class=\"wpcf7-form-control wpcf7-submit has-spinner\" type=\"submit\" value=\"INVIA\" \/>\n<\/p><input type='hidden' class='wpcf7-pum' value='{\"closepopup\":false,\"closedelay\":0,\"openpopup\":false,\"openpopup_id\":0}' \/><div class=\"wpcf7-response-output\" aria-hidden=\"true\"><\/div>\n<\/form>\n<\/div>\n<p>[\/vc_column_text][\/vc_column_inner][vc_column_inner width=&#8221;1\/6&#8243;][\/vc_column_inner][\/vc_row_inner][\/vc_column][\/vc_row]<\/p>\n<\/section>","protected":false},"excerpt":{"rendered":"<p>[vc_row full_width=&#8221;stretch_row_content&#8221; equal_height=&#8221;yes&#8221; content_placement=&#8221;middle&#8221; css=&#8221;.vc_custom_1712224698213{background-color: #ffffff !important;background-position: center center;background-repeat: no-repeat !important;background-size: cover !important;}&#8221; el_id=&#8221;header-landing&#8221;][vc_column css=&#8221;.vc_custom_1712830450267{margin-top: 0px !important;padding-top: 0px !important;}&#8221;][vc_row_inner equal_height=&#8221;yes&#8221; content_placement=&#8221;middle&#8221; css=&#8221;.vc_custom_1701945095396{padding-top: 15px !important;padding-bottom: 15px !important;}&#8221;][vc_column_inner width=&#8221;2\/12&#8243;][vc_single_image image=&#8221;44806&#8243; img_size=&#8221;full&#8221; alignment=&#8221;center&#8221; el_class=&#8221;logo-landing&#8221;][\/vc_column_inner][vc_column_inner width=&#8221;8\/12&#8243;][vc_column_text css=&#8221;&#8221;] CAF\u00c8MACCHINA PER IL CAFF\u00c8REGALI E ACCESSORIOFFERTE [\/vc_column_text][\/vc_column_inner][vc_column_inner width=&#8221;2\/12&#8243;][vc_column_text css=&#8221;&#8221;][\/vc_column_text][\/vc_column_inner][\/vc_row_inner][\/vc_column][\/vc_row][vc_row full_width=&#8221;stretch_row_content_no_spaces&#8221; content_placement=&#8221;middle&#8221; css=&#8221;.vc_custom_1731401410293{border-bottom-width: 0px !important;background-position: center center;background-repeat: no-repeat !important;background-size: cover !important;}&#8221; el_class=&#8221;slider&#8221;][vc_column css=&#8221;.vc_custom_1731401371144{margin-top: 0px !important;padding-top: 0px !important;}&#8221;][vc_video link=&#8221;https:\/\/www.youtube.com\/watch?v=X73m3lUZ_f0&#8243; align=&#8221;center&#8221; css=&#8221;&#8221; el_class=&#8221;video-landing&#8221;][\/vc_column][\/vc_row][vc_row full_width=&#8221;stretch_row&#8221; css=&#8221;.vc_custom_1727683266961{background-color: #FFFFFF !important;}&#8221;][vc_column css=&#8221;.vc_custom_1719389360265{margin-top: 0px !important;padding-top: 0px !important;}&#8221;][vc_empty_space [&hellip;]<\/p>\n","protected":false},"author":5358,"featured_media":0,"parent":190226,"menu_order":0,"comment_status":"closed","ping_status":"closed","template":"","meta":{"inline_featured_image":false,"footnotes":""},"class_list":["post-190376","page","type-page","status-publish","hentry"],"yoast_head":"<!-- This site is optimized with the Yoast SEO plugin v24.4 - https:\/\/yoast.com\/wordpress\/plugins\/seo\/ -->\n<title>Sebastiao Salgado - Illycaf\u00e9 | Premium Kaffee kaufen | Gastronomie, Firmen, Privat<\/title>\n<meta name=\"robots\" content=\"noindex, follow, max-snippet:-1, max-image-preview:large, max-video-preview:-1\" \/>\n<meta property=\"og:locale\" content=\"it_IT\" \/>\n<meta property=\"og:type\" content=\"article\" \/>\n<meta property=\"og:title\" content=\"Sebastiao Salgado - Illycaf\u00e9 | Premium Kaffee kaufen | Gastronomie, Firmen, Privat\" \/>\n<meta property=\"og:description\" content=\"[vc_row full_width=&#8221;stretch_row_content&#8221; equal_height=&#8221;yes&#8221; content_placement=&#8221;middle&#8221; css=&#8221;.vc_custom_1712224698213{background-color: #ffffff !important;background-position: center center;background-repeat: no-repeat !important;background-size: cover !important;}&#8221; el_id=&#8221;header-landing&#8221;][vc_column css=&#8221;.vc_custom_1712830450267{margin-top: 0px !important;padding-top: 0px !important;}&#8221;][vc_row_inner equal_height=&#8221;yes&#8221; content_placement=&#8221;middle&#8221; css=&#8221;.vc_custom_1701945095396{padding-top: 15px !important;padding-bottom: 15px !important;}&#8221;][vc_column_inner width=&#8221;2\/12&#8243;][vc_single_image image=&#8221;44806&#8243; img_size=&#8221;full&#8221; alignment=&#8221;center&#8221; el_class=&#8221;logo-landing&#8221;][\/vc_column_inner][vc_column_inner width=&#8221;8\/12&#8243;][vc_column_text css=&#8221;&#8221;] CAF\u00c8MACCHINA PER IL CAFF\u00c8REGALI E ACCESSORIOFFERTE [\/vc_column_text][\/vc_column_inner][vc_column_inner width=&#8221;2\/12&#8243;][vc_column_text css=&#8221;&#8221;][\/vc_column_text][\/vc_column_inner][\/vc_row_inner][\/vc_column][\/vc_row][vc_row full_width=&#8221;stretch_row_content_no_spaces&#8221; content_placement=&#8221;middle&#8221; css=&#8221;.vc_custom_1731401410293{border-bottom-width: 0px !important;background-position: center center;background-repeat: no-repeat !important;background-size: cover !important;}&#8221; el_class=&#8221;slider&#8221;][vc_column css=&#8221;.vc_custom_1731401371144{margin-top: 0px !important;padding-top: 0px !important;}&#8221;][vc_video link=&#8221;https:\/\/www.youtube.com\/watch?v=X73m3lUZ_f0&#8243; align=&#8221;center&#8221; css=&#8221;&#8221; el_class=&#8221;video-landing&#8221;][\/vc_column][\/vc_row][vc_row full_width=&#8221;stretch_row&#8221; css=&#8221;.vc_custom_1727683266961{background-color: #FFFFFF !important;}&#8221;][vc_column css=&#8221;.vc_custom_1719389360265{margin-top: 0px !important;padding-top: 0px !important;}&#8221;][vc_empty_space [&hellip;]\" \/>\n<meta property=\"og:url\" content=\"https:\/\/dev3.illycafe.ch\/dev3.illycafe.ch\/it\/sostenibilita\/sebastiao-salgado\/\" \/>\n<meta property=\"og:site_name\" content=\"Illycaf\u00e9 | Premium Kaffee kaufen | Gastronomie, Firmen, Privat\" \/>\n<meta property=\"article:modified_time\" content=\"2024-11-20T11:57:36+00:00\" \/>\n<meta name=\"twitter:card\" content=\"summary_large_image\" \/>\n<meta name=\"twitter:label1\" content=\"Tempo di lettura stimato\" \/>\n\t<meta name=\"twitter:data1\" content=\"2 minuti\" \/>\n<script type=\"application\/ld+json\" class=\"yoast-schema-graph\">{\"@context\":\"https:\/\/schema.org\",\"@graph\":[{\"@type\":\"WebPage\",\"@id\":\"https:\/\/dev3.illycafe.ch\/dev3.illycafe.ch\/it\/sostenibilita\/sebastiao-salgado\/\",\"url\":\"https:\/\/dev3.illycafe.ch\/dev3.illycafe.ch\/it\/sostenibilita\/sebastiao-salgado\/\",\"name\":\"Sebastiao Salgado - Illycaf\u00e9 | Premium Kaffee kaufen | Gastronomie, Firmen, Privat\",\"isPartOf\":{\"@id\":\"https:\/\/dev3.illycafe.ch\/dev3.illycafe.ch\/#website\"},\"datePublished\":\"2024-11-12T10:54:43+00:00\",\"dateModified\":\"2024-11-20T11:57:36+00:00\",\"breadcrumb\":{\"@id\":\"https:\/\/dev3.illycafe.ch\/dev3.illycafe.ch\/it\/sostenibilita\/sebastiao-salgado\/#breadcrumb\"},\"inLanguage\":\"it-IT\",\"potentialAction\":[{\"@type\":\"ReadAction\",\"target\":[\"https:\/\/dev3.illycafe.ch\/dev3.illycafe.ch\/it\/sostenibilita\/sebastiao-salgado\/\"]}]},{\"@type\":\"BreadcrumbList\",\"@id\":\"https:\/\/dev3.illycafe.ch\/dev3.illycafe.ch\/it\/sostenibilita\/sebastiao-salgado\/#breadcrumb\",\"itemListElement\":[{\"@type\":\"ListItem\",\"position\":1,\"name\":\"Home\",\"item\":\"https:\/\/dev3.illycafe.ch\/it\/\"},{\"@type\":\"ListItem\",\"position\":2,\"name\":\"Sostenibilit\u00e0\",\"item\":\"https:\/\/dev3.illycafe.ch\/dev3.illycafe.ch\/it\/sostenibilita\/\"},{\"@type\":\"ListItem\",\"position\":3,\"name\":\"Sebastiao Salgado\"}]},{\"@type\":\"WebSite\",\"@id\":\"https:\/\/dev3.illycafe.ch\/dev3.illycafe.ch\/#website\",\"url\":\"https:\/\/dev3.illycafe.ch\/dev3.illycafe.ch\/\",\"name\":\"Illycaf\u00e9 | Premium Kaffee kaufen | Gastronomie, Firmen, Privat\",\"description\":\"Italienische Kaffeekultur. Schweizer Qualit\u00e4t.\",\"potentialAction\":[{\"@type\":\"SearchAction\",\"target\":{\"@type\":\"EntryPoint\",\"urlTemplate\":\"https:\/\/dev3.illycafe.ch\/dev3.illycafe.ch\/?s={search_term_string}\"},\"query-input\":{\"@type\":\"PropertyValueSpecification\",\"valueRequired\":true,\"valueName\":\"search_term_string\"}}],\"inLanguage\":\"it-IT\"}]}<\/script>\n<!-- \/ Yoast SEO plugin. -->","yoast_head_json":{"title":"Sebastiao Salgado - Illycaf\u00e9 | Premium Kaffee kaufen | Gastronomie, Firmen, Privat","robots":{"index":"noindex","follow":"follow","max-snippet":"max-snippet:-1","max-image-preview":"max-image-preview:large","max-video-preview":"max-video-preview:-1"},"og_locale":"it_IT","og_type":"article","og_title":"Sebastiao Salgado - Illycaf\u00e9 | Premium Kaffee kaufen | Gastronomie, Firmen, Privat","og_description":"[vc_row full_width=&#8221;stretch_row_content&#8221; equal_height=&#8221;yes&#8221; content_placement=&#8221;middle&#8221; css=&#8221;.vc_custom_1712224698213{background-color: #ffffff !important;background-position: center center;background-repeat: no-repeat !important;background-size: cover !important;}&#8221; el_id=&#8221;header-landing&#8221;][vc_column css=&#8221;.vc_custom_1712830450267{margin-top: 0px !important;padding-top: 0px !important;}&#8221;][vc_row_inner equal_height=&#8221;yes&#8221; content_placement=&#8221;middle&#8221; css=&#8221;.vc_custom_1701945095396{padding-top: 15px !important;padding-bottom: 15px !important;}&#8221;][vc_column_inner width=&#8221;2\/12&#8243;][vc_single_image image=&#8221;44806&#8243; img_size=&#8221;full&#8221; alignment=&#8221;center&#8221; el_class=&#8221;logo-landing&#8221;][\/vc_column_inner][vc_column_inner width=&#8221;8\/12&#8243;][vc_column_text css=&#8221;&#8221;] CAF\u00c8MACCHINA PER IL CAFF\u00c8REGALI E ACCESSORIOFFERTE [\/vc_column_text][\/vc_column_inner][vc_column_inner width=&#8221;2\/12&#8243;][vc_column_text css=&#8221;&#8221;][\/vc_column_text][\/vc_column_inner][\/vc_row_inner][\/vc_column][\/vc_row][vc_row full_width=&#8221;stretch_row_content_no_spaces&#8221; content_placement=&#8221;middle&#8221; css=&#8221;.vc_custom_1731401410293{border-bottom-width: 0px !important;background-position: center center;background-repeat: no-repeat !important;background-size: cover !important;}&#8221; el_class=&#8221;slider&#8221;][vc_column css=&#8221;.vc_custom_1731401371144{margin-top: 0px !important;padding-top: 0px !important;}&#8221;][vc_video link=&#8221;https:\/\/www.youtube.com\/watch?v=X73m3lUZ_f0&#8243; align=&#8221;center&#8221; css=&#8221;&#8221; el_class=&#8221;video-landing&#8221;][\/vc_column][\/vc_row][vc_row full_width=&#8221;stretch_row&#8221; css=&#8221;.vc_custom_1727683266961{background-color: #FFFFFF !important;}&#8221;][vc_column css=&#8221;.vc_custom_1719389360265{margin-top: 0px !important;padding-top: 0px !important;}&#8221;][vc_empty_space [&hellip;]","og_url":"https:\/\/dev3.illycafe.ch\/dev3.illycafe.ch\/it\/sostenibilita\/sebastiao-salgado\/","og_site_name":"Illycaf\u00e9 | Premium Kaffee kaufen | Gastronomie, Firmen, Privat","article_modified_time":"2024-11-20T11:57:36+00:00","twitter_card":"summary_large_image","twitter_misc":{"Tempo di lettura stimato":"2 minuti"},"schema":{"@context":"https:\/\/schema.org","@graph":[{"@type":"WebPage","@id":"https:\/\/dev3.illycafe.ch\/dev3.illycafe.ch\/it\/sostenibilita\/sebastiao-salgado\/","url":"https:\/\/dev3.illycafe.ch\/dev3.illycafe.ch\/it\/sostenibilita\/sebastiao-salgado\/","name":"Sebastiao Salgado - Illycaf\u00e9 | Premium Kaffee kaufen | Gastronomie, Firmen, Privat","isPartOf":{"@id":"https:\/\/dev3.illycafe.ch\/dev3.illycafe.ch\/#website"},"datePublished":"2024-11-12T10:54:43+00:00","dateModified":"2024-11-20T11:57:36+00:00","breadcrumb":{"@id":"https:\/\/dev3.illycafe.ch\/dev3.illycafe.ch\/it\/sostenibilita\/sebastiao-salgado\/#breadcrumb"},"inLanguage":"it-IT","potentialAction":[{"@type":"ReadAction","target":["https:\/\/dev3.illycafe.ch\/dev3.illycafe.ch\/it\/sostenibilita\/sebastiao-salgado\/"]}]},{"@type":"BreadcrumbList","@id":"https:\/\/dev3.illycafe.ch\/dev3.illycafe.ch\/it\/sostenibilita\/sebastiao-salgado\/#breadcrumb","itemListElement":[{"@type":"ListItem","position":1,"name":"Home","item":"https:\/\/dev3.illycafe.ch\/it\/"},{"@type":"ListItem","position":2,"name":"Sostenibilit\u00e0","item":"https:\/\/dev3.illycafe.ch\/dev3.illycafe.ch\/it\/sostenibilita\/"},{"@type":"ListItem","position":3,"name":"Sebastiao Salgado"}]},{"@type":"WebSite","@id":"https:\/\/dev3.illycafe.ch\/dev3.illycafe.ch\/#website","url":"https:\/\/dev3.illycafe.ch\/dev3.illycafe.ch\/","name":"Illycaf\u00e9 | Premium Kaffee kaufen | Gastronomie, Firmen, Privat","description":"Italienische Kaffeekultur. Schweizer Qualit\u00e4t.","potentialAction":[{"@type":"SearchAction","target":{"@type":"EntryPoint","urlTemplate":"https:\/\/dev3.illycafe.ch\/dev3.illycafe.ch\/?s={search_term_string}"},"query-input":{"@type":"PropertyValueSpecification","valueRequired":true,"valueName":"search_term_string"}}],"inLanguage":"it-IT"}]}},"_links":{"self":[{"href":"https:\/\/dev3.illycafe.ch\/it\/wp-json\/wp\/v2\/pages\/190376","targetHints":{"allow":["GET"]}}],"collection":[{"href":"https:\/\/dev3.illycafe.ch\/it\/wp-json\/wp\/v2\/pages"}],"about":[{"href":"https:\/\/dev3.illycafe.ch\/it\/wp-json\/wp\/v2\/types\/page"}],"author":[{"embeddable":true,"href":"https:\/\/dev3.illycafe.ch\/it\/wp-json\/wp\/v2\/users\/5358"}],"replies":[{"embeddable":true,"href":"https:\/\/dev3.illycafe.ch\/it\/wp-json\/wp\/v2\/comments?post=190376"}],"version-history":[{"count":0,"href":"https:\/\/dev3.illycafe.ch\/it\/wp-json\/wp\/v2\/pages\/190376\/revisions"}],"up":[{"embeddable":true,"href":"https:\/\/dev3.illycafe.ch\/it\/wp-json\/wp\/v2\/pages\/190226"}],"wp:attachment":[{"href":"https:\/\/dev3.illycafe.ch\/it\/wp-json\/wp\/v2\/media?parent=190376"}],"curies":[{"name":"wp","href":"https:\/\/api.w.org\/{rel}","templated":true}]}}