{"id":22971,"date":"2018-02-22T17:49:13","date_gmt":"2018-02-22T16:49:13","guid":{"rendered":"https:\/\/dev3.illycafe.ch\/impressum\/"},"modified":"2020-12-11T10:28:02","modified_gmt":"2020-12-11T09:28:02","slug":"note-legali","status":"publish","type":"page","link":"https:\/\/dev3.illycafe.ch\/it\/note-legali\/","title":{"rendered":"Note legali"},"content":{"rendered":"<h4>Indirizzo di contatto<\/h4>\n<p>Illycaf\u00e9 AG<br \/>\nWiesengrundstrasse 1<br \/>\n8800 Thalwil<br \/>\nSvizzeraz<\/p>\n<p>E-Mail:\u00a0<a href=\"mailto:info@illycafe.ch\" target=\"_blank\" rel=\"noopener\">info@illycafe.ch<\/a><\/p>\n<h4>Persone autorizzate a rappresentare<\/h4>\n<p>Secondo l&#8217;iscrizione attuale nel registro di commercio svizzero.<\/p>\n<h4>Iscrizione nel registro di commercio<\/h4>\n<p>Ragione sociale registrata: Illycaf\u00e9 AG<br \/>\nregistro di commercio: CHE-101.190.145<\/p>\n<h4>Clausola di\u00a0<a href=\"https:\/\/context.reverso.net\/%C3%BCbersetzung\/italienisch-deutsch\/esclusione+della+responsabilit%C3%A0\">esclusione della responsabilit\u00e0<\/a><\/h4>\n<p>Illycaf\u00e9 AG non si assume alcuna responsabilit\u00e0 in merito alla correttezza, accuratezza, attualit\u00e0, affidabilit\u00e0 e completezza delle informazioni fornite.<\/p>\n<p>Sono escluse rivendicazioni di responsabilit\u00e0 nei confronti dell\u2019Illycaf\u00e9 AG per danni materiali o immateriali derivanti dall&#8217;accesso, dall&#8217;uso o dal mancato uso delle informazioni pubblicate, dall&#8217;uso improprio della connessione o da difetti tecnici.<\/p>\n<p>Tutte le offerte non sono vincolanti. Parti delle offerte o la pubblicazione completa, comprese tutte le informazioni, possono essere completate, modificate o cancellate parzialmente o completamente dall\u2019Illycaf\u00e9 AG senza preavviso.<\/p>\n<h4>Esclusione di responsabilit\u00e0 per i Links<\/h4>\n<p>I riferimenti e i link a siti web di terzi sono al di fuori della nostra area di responsabilit\u00e0. Rifiutiamo qualsiasi responsabilit\u00e0 per tali siti web. L&#8217;accesso e l&#8217;utilizzo di tali siti web sono a solo rischio e pericolo dell&#8217;utente.<\/p>\n<h4>Copyright<\/h4>\n<p>I diritti d&#8217;autore e tutti gli altri diritti su contenuti, immagini, foto o altri file di questo sito web appartengono esclusivamente a <strong>Illycaf\u00e9 AG<\/strong> o ai titolari dei diritti appositamente nominati. Per la riproduzione di qualsiasi elemento, il consenso scritto del titolare del diritto d&#8217;autore deve essere ottenuto in anticipo.<\/p>\n<p>&nbsp;<\/p>\n<p>Fonte: <a href=\"https:\/\/www.swissanwalt.ch\/\" target=\"_blank\" rel=\"noopener\">SwissAnwalt<\/a> und modificazione da parte di Illycaf\u00e9 AG<\/p>\n","protected":false},"excerpt":{"rendered":"<p>Indirizzo di contatto Illycaf\u00e9 AG Wiesengrundstrasse 1 8800 Thalwil Svizzeraz E-Mail:\u00a0info@illycafe.ch Persone autorizzate a rappresentare Secondo l&#8217;iscrizione attuale nel registro di commercio svizzero. Iscrizione nel registro di commercio Ragione sociale registrata: Illycaf\u00e9 AG registro di commercio: CHE-101.190.145 Clausola di\u00a0esclusione della responsabilit\u00e0 Illycaf\u00e9 AG non si assume alcuna responsabilit\u00e0 in merito alla correttezza, accuratezza, attualit\u00e0, affidabilit\u00e0 e completezza delle informazioni fornite. Sono escluse rivendicazioni di responsabilit\u00e0 nei confronti dell\u2019Illycaf\u00e9 AG per danni materiali [&hellip;]<\/p>\n","protected":false},"author":3166,"featured_media":0,"parent":0,"menu_order":82,"comment_status":"closed","ping_status":"closed","template":"","meta":{"inline_featured_image":false,"footnotes":""},"class_list":["post-22971","page","type-page","status-publish","hentry"],"yoast_head":"<!-- This site is optimized with the Yoast SEO plugin v24.4 - https:\/\/yoast.com\/wordpress\/plugins\/seo\/ -->\n<title>Note legali - Illycaf\u00e9 | Premium Kaffee kaufen | Gastronomie, Firmen, Privat<\/title>\n<meta name=\"robots\" content=\"noindex, follow, max-snippet:-1, max-image-preview:large, max-video-preview:-1\" \/>\n<meta property=\"og:locale\" content=\"it_IT\" \/>\n<meta property=\"og:type\" content=\"article\" \/>\n<meta property=\"og:title\" content=\"Note legali - Illycaf\u00e9 | Premium Kaffee kaufen | Gastronomie, Firmen, Privat\" \/>\n<meta property=\"og:description\" content=\"Indirizzo di contatto Illycaf\u00e9 AG Wiesengrundstrasse 1 8800 Thalwil Svizzeraz E-Mail:\u00a0info@illycafe.ch Persone autorizzate a rappresentare Secondo l&#8217;iscrizione attuale nel registro di commercio svizzero. Iscrizione nel registro di commercio Ragione sociale registrata: Illycaf\u00e9 AG registro di commercio: CHE-101.190.145 Clausola di\u00a0esclusione della responsabilit\u00e0 Illycaf\u00e9 AG non si assume alcuna responsabilit\u00e0 in merito alla correttezza, accuratezza, attualit\u00e0, affidabilit\u00e0 e completezza delle informazioni fornite. Sono escluse rivendicazioni di responsabilit\u00e0 nei confronti dell\u2019Illycaf\u00e9 AG per danni materiali [&hellip;]\" \/>\n<meta property=\"og:url\" content=\"https:\/\/dev3.illycafe.ch\/dev3.illycafe.ch\/it\/note-legali\/\" \/>\n<meta property=\"og:site_name\" content=\"Illycaf\u00e9 | Premium Kaffee kaufen | Gastronomie, Firmen, Privat\" \/>\n<meta property=\"article:modified_time\" content=\"2020-12-11T09:28:02+00:00\" \/>\n<meta name=\"twitter:card\" content=\"summary_large_image\" \/>\n<meta name=\"twitter:label1\" content=\"Tempo di lettura stimato\" \/>\n\t<meta name=\"twitter:data1\" content=\"1 minuto\" \/>\n<script type=\"application\/ld+json\" class=\"yoast-schema-graph\">{\"@context\":\"https:\/\/schema.org\",\"@graph\":[{\"@type\":\"WebPage\",\"@id\":\"https:\/\/dev3.illycafe.ch\/dev3.illycafe.ch\/it\/note-legali\/\",\"url\":\"https:\/\/dev3.illycafe.ch\/dev3.illycafe.ch\/it\/note-legali\/\",\"name\":\"Note legali - Illycaf\u00e9 | Premium Kaffee kaufen | Gastronomie, Firmen, Privat\",\"isPartOf\":{\"@id\":\"https:\/\/dev3.illycafe.ch\/dev3.illycafe.ch\/#website\"},\"datePublished\":\"2018-02-22T16:49:13+00:00\",\"dateModified\":\"2020-12-11T09:28:02+00:00\",\"breadcrumb\":{\"@id\":\"https:\/\/dev3.illycafe.ch\/dev3.illycafe.ch\/it\/note-legali\/#breadcrumb\"},\"inLanguage\":\"it-IT\",\"potentialAction\":[{\"@type\":\"ReadAction\",\"target\":[\"https:\/\/dev3.illycafe.ch\/dev3.illycafe.ch\/it\/note-legali\/\"]}]},{\"@type\":\"BreadcrumbList\",\"@id\":\"https:\/\/dev3.illycafe.ch\/dev3.illycafe.ch\/it\/note-legali\/#breadcrumb\",\"itemListElement\":[{\"@type\":\"ListItem\",\"position\":1,\"name\":\"Home\",\"item\":\"https:\/\/dev3.illycafe.ch\/it\/\"},{\"@type\":\"ListItem\",\"position\":2,\"name\":\"Note legali\"}]},{\"@type\":\"WebSite\",\"@id\":\"https:\/\/dev3.illycafe.ch\/dev3.illycafe.ch\/#website\",\"url\":\"https:\/\/dev3.illycafe.ch\/dev3.illycafe.ch\/\",\"name\":\"Illycaf\u00e9 | Premium Kaffee kaufen | Gastronomie, Firmen, Privat\",\"description\":\"Italienische Kaffeekultur. Schweizer Qualit\u00e4t.\",\"potentialAction\":[{\"@type\":\"SearchAction\",\"target\":{\"@type\":\"EntryPoint\",\"urlTemplate\":\"https:\/\/dev3.illycafe.ch\/dev3.illycafe.ch\/?s={search_term_string}\"},\"query-input\":{\"@type\":\"PropertyValueSpecification\",\"valueRequired\":true,\"valueName\":\"search_term_string\"}}],\"inLanguage\":\"it-IT\"}]}<\/script>\n<!-- \/ Yoast SEO plugin. -->","yoast_head_json":{"title":"Note legali - Illycaf\u00e9 | Premium Kaffee kaufen | Gastronomie, Firmen, Privat","robots":{"index":"noindex","follow":"follow","max-snippet":"max-snippet:-1","max-image-preview":"max-image-preview:large","max-video-preview":"max-video-preview:-1"},"og_locale":"it_IT","og_type":"article","og_title":"Note legali - Illycaf\u00e9 | Premium Kaffee kaufen | Gastronomie, Firmen, Privat","og_description":"Indirizzo di contatto Illycaf\u00e9 AG Wiesengrundstrasse 1 8800 Thalwil Svizzeraz E-Mail:\u00a0info@illycafe.ch Persone autorizzate a rappresentare Secondo l&#8217;iscrizione attuale nel registro di commercio svizzero. Iscrizione nel registro di commercio Ragione sociale registrata: Illycaf\u00e9 AG registro di commercio: CHE-101.190.145 Clausola di\u00a0esclusione della responsabilit\u00e0 Illycaf\u00e9 AG non si assume alcuna responsabilit\u00e0 in merito alla correttezza, accuratezza, attualit\u00e0, affidabilit\u00e0 e completezza delle informazioni fornite. Sono escluse rivendicazioni di responsabilit\u00e0 nei confronti dell\u2019Illycaf\u00e9 AG per danni materiali [&hellip;]","og_url":"https:\/\/dev3.illycafe.ch\/dev3.illycafe.ch\/it\/note-legali\/","og_site_name":"Illycaf\u00e9 | Premium Kaffee kaufen | Gastronomie, Firmen, Privat","article_modified_time":"2020-12-11T09:28:02+00:00","twitter_card":"summary_large_image","twitter_misc":{"Tempo di lettura stimato":"1 minuto"},"schema":{"@context":"https:\/\/schema.org","@graph":[{"@type":"WebPage","@id":"https:\/\/dev3.illycafe.ch\/dev3.illycafe.ch\/it\/note-legali\/","url":"https:\/\/dev3.illycafe.ch\/dev3.illycafe.ch\/it\/note-legali\/","name":"Note legali - Illycaf\u00e9 | Premium Kaffee kaufen | Gastronomie, Firmen, Privat","isPartOf":{"@id":"https:\/\/dev3.illycafe.ch\/dev3.illycafe.ch\/#website"},"datePublished":"2018-02-22T16:49:13+00:00","dateModified":"2020-12-11T09:28:02+00:00","breadcrumb":{"@id":"https:\/\/dev3.illycafe.ch\/dev3.illycafe.ch\/it\/note-legali\/#breadcrumb"},"inLanguage":"it-IT","potentialAction":[{"@type":"ReadAction","target":["https:\/\/dev3.illycafe.ch\/dev3.illycafe.ch\/it\/note-legali\/"]}]},{"@type":"BreadcrumbList","@id":"https:\/\/dev3.illycafe.ch\/dev3.illycafe.ch\/it\/note-legali\/#breadcrumb","itemListElement":[{"@type":"ListItem","position":1,"name":"Home","item":"https:\/\/dev3.illycafe.ch\/it\/"},{"@type":"ListItem","position":2,"name":"Note legali"}]},{"@type":"WebSite","@id":"https:\/\/dev3.illycafe.ch\/dev3.illycafe.ch\/#website","url":"https:\/\/dev3.illycafe.ch\/dev3.illycafe.ch\/","name":"Illycaf\u00e9 | Premium Kaffee kaufen | Gastronomie, Firmen, Privat","description":"Italienische Kaffeekultur. Schweizer Qualit\u00e4t.","potentialAction":[{"@type":"SearchAction","target":{"@type":"EntryPoint","urlTemplate":"https:\/\/dev3.illycafe.ch\/dev3.illycafe.ch\/?s={search_term_string}"},"query-input":{"@type":"PropertyValueSpecification","valueRequired":true,"valueName":"search_term_string"}}],"inLanguage":"it-IT"}]}},"_links":{"self":[{"href":"https:\/\/dev3.illycafe.ch\/it\/wp-json\/wp\/v2\/pages\/22971","targetHints":{"allow":["GET"]}}],"collection":[{"href":"https:\/\/dev3.illycafe.ch\/it\/wp-json\/wp\/v2\/pages"}],"about":[{"href":"https:\/\/dev3.illycafe.ch\/it\/wp-json\/wp\/v2\/types\/page"}],"author":[{"embeddable":true,"href":"https:\/\/dev3.illycafe.ch\/it\/wp-json\/wp\/v2\/users\/3166"}],"replies":[{"embeddable":true,"href":"https:\/\/dev3.illycafe.ch\/it\/wp-json\/wp\/v2\/comments?post=22971"}],"version-history":[{"count":0,"href":"https:\/\/dev3.illycafe.ch\/it\/wp-json\/wp\/v2\/pages\/22971\/revisions"}],"wp:attachment":[{"href":"https:\/\/dev3.illycafe.ch\/it\/wp-json\/wp\/v2\/media?parent=22971"}],"curies":[{"name":"wp","href":"https:\/\/api.w.org\/{rel}","templated":true}]}}