{"id":23162,"date":"2020-08-21T11:27:08","date_gmt":"2020-08-21T09:27:08","guid":{"rendered":"https:\/\/dev3.illycafe.ch\/engagement\/"},"modified":"2025-04-03T11:43:00","modified_gmt":"2025-04-03T09:43:00","slug":"impegno","status":"publish","type":"page","link":"https:\/\/dev3.illycafe.ch\/it\/impegno\/","title":{"rendered":"Il nostro impegno"},"content":{"rendered":"<section class=\"wpb-content-wrapper\"><p>[vc_row row_content_width=&#8221;grid&#8221; content_text_aligment=&#8221;center&#8221; css=&#8221;.vc_custom_1610376781335{padding-bottom: 40px !important;}&#8221;][vc_column width=&#8221;5\/6&#8243; offset=&#8221;vc_col-lg-offset-3 vc_col-lg-6 vc_col-md-offset-2 vc_col-md-8 vc_col-sm-offset-1 vc_col-xs-12&#8243;][vc_single_image image=&#8221;21043&#8243; img_size=&#8221;full&#8221; alignment=&#8221;center&#8221;]<div class=\"eltdf-section-title-holder  \" style=\"text-align: center\">\n\t<div class=\"eltdf-st-inner\">\n\t\t\t\t\t<h2 class=\"eltdf-st-title\" >\n\t\t\t\tQualit\u00e0 senza compromessi\t\t\t<\/h2>\n\t\t\t\t\t<\/div>\n<\/div>[vc_column_text]Illycaf\u00e9 si impegna a favore del commercio equosolidale su scala mondiale ed \u00e8 partner delle seguenti organizzazioni:[\/vc_column_text][\/vc_column][\/vc_row][vc_row row_content_width=&#8221;grid&#8221; css=&#8221;.vc_custom_1610376789858{padding-bottom: 40px !important;}&#8221;][vc_column width=&#8221;1\/3&#8243; css=&#8221;.vc_custom_1607679502426{padding-bottom: 80px !important;}&#8221;]<div class=\"eltdf-iwt clearfix  eltdf-iwt-icon-top eltdf-iwt-icon-medium \">\n\t<div class=\"eltdf-iwt-icon\">\n\t\t\t\t\t\t\t\t\t<span class=\"eltdf-iwt-custom-icon\">\n\t\t\t\t\t<img loading=\"lazy\" decoding=\"async\" width=\"120\" height=\"137\" src=\"https:\/\/dev3.illycafe.ch\/wp-content\/uploads\/Logo_Kosher_w.jpg\" class=\"attachment-full size-full\" alt=\"Illycaf\u00e9 Logo Kosher\" \/>\t\t\t\t\t\t\t\t\t<\/span>\n\t\t\t\t\t\t<\/div>\n\t<div class=\"eltdf-iwt-content\" >\n\t\t\t\t\t<h5 class=\"eltdf-iwt-title\" >\n\t\t\t\t\t\t\t\t<span class=\"eltdf-iwt-title-text\">Kosher<\/span>\n\t\t\t\t\t\t\t<\/h5>\n\t\t\t\t\t\t\t<p class=\"eltdf-iwt-text\" >Tutte le variet\u00e0 di caff\u00e8 Illycaf\u00e9 soddisfano le rigorose direttive e possono essere chiamate kosher.<\/p>\n\t\t\t<\/div>\n<\/div>[\/vc_column][vc_column width=&#8221;1\/3&#8243; css=&#8221;.vc_custom_1607679509268{padding-bottom: 80px !important;}&#8221;]<div class=\"eltdf-iwt clearfix  eltdf-iwt-icon-top eltdf-iwt-icon-small \">\n\t<div class=\"eltdf-iwt-icon\">\n\t\t\t\t\t<a itemprop=\"url\" href=\"https:\/\/www.maxhavelaar.ch\/\" target=\"_blank\">\n\t\t\t\t\t\t\t\t\t<span class=\"eltdf-iwt-custom-icon\">\n\t\t\t\t\t<img loading=\"lazy\" decoding=\"async\" width=\"120\" height=\"120\" src=\"https:\/\/dev3.illycafe.ch\/wp-content\/uploads\/logo_fairtrade-max-havelaar-3.png\" class=\"attachment-full size-full\" alt=\"Logo Max Havelaar Fair Trade\" srcset=\"https:\/\/dev3.illycafe.ch\/wp-content\/uploads\/logo_fairtrade-max-havelaar-3.png 120w, https:\/\/dev3.illycafe.ch\/wp-content\/uploads\/logo_fairtrade-max-havelaar-3-100x100.png 100w\" sizes=\"auto, (max-width: 120px) 100vw, 120px\" \/>\t\t\t\t\t\t\t\t\t<\/span>\n\t\t\t\t\t\t\t\t<\/a>\n\t\t\t<\/div>\n\t<div class=\"eltdf-iwt-content\" >\n\t\t\t\t\t<h5 class=\"eltdf-iwt-title\" style=\"margin-top: -7px\">\n\t\t\t\t\t\t\t\t\t<a itemprop=\"url\" href=\"https:\/\/www.maxhavelaar.ch\/\" target=\"_blank\">\n\t\t\t\t\t\t\t\t<span class=\"eltdf-iwt-title-text\">Max Havelaar<\/span>\n\t\t\t\t\t\t\t\t\t<\/a>\n\t\t\t\t\t\t\t<\/h5>\n\t\t\t\t\t<\/div>\n<\/div>[vc_column_text]<\/p>\n<p style=\"text-align: center;\">La Fondazione Max Havelaar (Svizzera) conferisce il suo marchio di qualit\u00e0 ai prodotti del commercio equo e solidale. L\u2019organizzazione promuove il commercio equo e solidale presso produttori e lavoratori delle zone pi\u00f9 svantaggiate. Illycaf\u00e9 sostiene la Fondazione con le linee di prodotti <a href=\"https:\/\/illycafe.ch\/it\/prodotto\/max-havelaar-milano\/\">Max Havelaar Milano<\/a> e <a href=\"https:\/\/illycafe.ch\/it\/prodotto\/max-havelaar-venezia\/\">Max Havelaar Venezia<\/a>. Una selezione dei migliori caff\u00e8 dall\u2019America centrale e meridionale e dall\u2019Africa orientale. Parte del ricavato delle vendite \u00e8 destinato, tramite la Fondazione, a progetti di sviluppo locali.<\/p>\n<p>[\/vc_column_text][\/vc_column][vc_column width=&#8221;1\/3&#8243;]<div class=\"eltdf-iwt clearfix  eltdf-iwt-icon-top eltdf-iwt-icon-small \">\n\t<div class=\"eltdf-iwt-icon\">\n\t\t\t\t\t<a itemprop=\"url\" href=\"https:\/\/swisssca.ch\/\" target=\"_blank\">\n\t\t\t\t\t\t\t\t\t<span class=\"eltdf-iwt-custom-icon\">\n\t\t\t\t\t<img loading=\"lazy\" decoding=\"async\" width=\"120\" height=\"120\" src=\"https:\/\/dev3.illycafe.ch\/wp-content\/uploads\/logo_specialty_coffee_association_switzerland-1-1.jpg\" class=\"attachment-full size-full\" alt=\"Logo Specialty Coffee Asscociation Switzerland\" srcset=\"https:\/\/dev3.illycafe.ch\/wp-content\/uploads\/logo_specialty_coffee_association_switzerland-1-1.jpg 120w, https:\/\/dev3.illycafe.ch\/wp-content\/uploads\/logo_specialty_coffee_association_switzerland-1-1-100x100.jpg 100w\" sizes=\"auto, (max-width: 120px) 100vw, 120px\" \/>\t\t\t\t\t\t\t\t\t<\/span>\n\t\t\t\t\t\t\t\t<\/a>\n\t\t\t<\/div>\n\t<div class=\"eltdf-iwt-content\" >\n\t\t\t\t\t<h5 class=\"eltdf-iwt-title\" style=\"margin-top: -7px\">\n\t\t\t\t\t\t\t\t\t<a itemprop=\"url\" href=\"https:\/\/swisssca.ch\/\" target=\"_blank\">\n\t\t\t\t\t\t\t\t<span class=\"eltdf-iwt-title-text\">Specialty Coffee Association (SCA) Switzerland<\/span>\n\t\t\t\t\t\t\t\t\t<\/a>\n\t\t\t\t\t\t\t<\/h5>\n\t\t\t\t\t\t\t<p class=\"eltdf-iwt-text\" >L\u2019associazione SCA \u00e8 impegnata nella promozione in Svizzera del consumo consapevole e dell\u2019eccellenza nel mondo del caff\u00e8. In quest\u2019ottica, \u201cspecialty coffee\u201d \u00e8 sinonimo di caff\u00e8 di alta qualit\u00e0, ovvero caff\u00e8 dal gusto unico e coltivato in condizioni ottimali.<\/p>\n\t\t\t<\/div>\n<\/div>[\/vc_column][\/vc_row][vc_row disable_element=&#8221;yes&#8221; row_content_width=&#8221;grid&#8221; content_text_aligment=&#8221;center&#8221; css=&#8221;.vc_custom_1743673368685{padding-bottom: 40px !important;}&#8221; el_class=&#8221;dis-none&#8221;][vc_column width=&#8221;5\/6&#8243; offset=&#8221;vc_col-lg-offset-3 vc_col-lg-6 vc_col-md-offset-2 vc_col-md-8 vc_col-sm-offset-1 vc_col-xs-12&#8243;]<div class=\"eltdf-iwt clearfix  eltdf-iwt-icon-top eltdf-iwt-icon-small \">\n\t<div class=\"eltdf-iwt-icon\">\n\t\t\t\t\t<a itemprop=\"url\" href=\"https:\/\/www.rainforest-alliance.org\/\" target=\"_blank\">\n\t\t\t\t\t\t\t\t\t<span class=\"eltdf-iwt-custom-icon\">\n\t\t\t\t\t<img loading=\"lazy\" decoding=\"async\" width=\"120\" height=\"120\" src=\"https:\/\/dev3.illycafe.ch\/wp-content\/uploads\/rainforest-alliance-120x120-1.png\" class=\"attachment-full size-full\" alt=\"\" srcset=\"https:\/\/dev3.illycafe.ch\/wp-content\/uploads\/rainforest-alliance-120x120-1.png 120w, https:\/\/dev3.illycafe.ch\/wp-content\/uploads\/rainforest-alliance-120x120-1-100x100.png 100w\" sizes=\"auto, (max-width: 120px) 100vw, 120px\" \/>\t\t\t\t\t\t\t\t\t<\/span>\n\t\t\t\t\t\t\t\t<\/a>\n\t\t\t<\/div>\n\t<div class=\"eltdf-iwt-content\" >\n\t\t\t\t\t<h5 class=\"eltdf-iwt-title\" style=\"margin-top: -7px\">\n\t\t\t\t\t\t\t\t\t<a itemprop=\"url\" href=\"https:\/\/www.rainforest-alliance.org\/\" target=\"_blank\">\n\t\t\t\t\t\t\t\t<span class=\"eltdf-iwt-title-text\">Rainforest Alliance<\/span>\n\t\t\t\t\t\t\t\t\t<\/a>\n\t\t\t\t\t\t\t<\/h5>\n\t\t\t\t\t<\/div>\n<\/div>[vc_column_text]<\/p>\n<p style=\"text-align: center;\">Dal 2002, l\u2019organizzazione no-profit UTZ promuove con successo la produzione sostenibile e socialmente responsabile di caff\u00e8, t\u00e8 e cacao. I severi requisiti posti da UTZ a coltivatori e produttori sono volti a garantire non solo metodi di coltivazione sostenibili, ma anche condizioni di lavoro eque. Illycaf\u00e9 \u00e8 stata una delle prime torrefazioni svizzere a collaborare con UTZ.<\/p>\n<p>[\/vc_column_text][\/vc_column][\/vc_row][vc_row row_content_width=&#8221;grid&#8221; disable_background_image=&#8221;&#8221; simple_background_image=&#8221;21399&#8243; css=&#8221;.vc_custom_1599587349038{margin-top: 30px !important;padding-top: 30px !important;padding-bottom: 30px !important;background-image;background-position: center center;: url(https:\/\/illycafe.ch\/wp-content\/uploads\/revslider\/landing-bakcground-img-1.jpg?id=21399) !important;}&#8221; el_class=&#8221;call-action-box&#8221;][vc_column offset=&#8221;vc_col-lg-11 vc_col-md-12 vc_col-xs-12&#8243;]<div class=\"eltdf-call-to-action-holder  eltdf-normal-layout  eltdf-three-quarters-columns\">\n\t<div class=\"eltdf-cta-inner \">\n\t\t<div class=\"eltdf-cta-text-holder\">\n\t\t\t<div class=\"eltdf-cta-text\">\n<h5 style=\"text-align: right;\">Avete domande sui nostri impegni? Siamo a vostra completa disposizione.<\/h5>\n<\/div>\n\t\t<\/div>\n\t\t<div class=\"eltdf-cta-button-holder\" >\n\t\t\t<div class=\"eltdf-cta-button\"><a itemprop=\"url\" href=\"\/it\/contatto\/\" target=\"_self\" style=\"color: #ffffff;background-color: #be9c79\" class=\"eltdf-btn eltdf-btn-medium eltdf-btn-solid eltdf-btn-custom-hover-color eltdf-btn-dash\" data-hover-color=\"#ffffff\" >    <span class=\"eltdf-btn-text\">Contatto<\/span>\t<\/a><\/div>\n\t\t<\/div>\n\t<\/div>\n<\/div>[\/vc_column][\/vc_row]<\/p>\n<\/section>","protected":false},"excerpt":{"rendered":"<p>[vc_row row_content_width=&#8221;grid&#8221; content_text_aligment=&#8221;center&#8221; css=&#8221;.vc_custom_1610376781335{padding-bottom: 40px !important;}&#8221;][vc_column width=&#8221;5\/6&#8243; offset=&#8221;vc_col-lg-offset-3 vc_col-lg-6 vc_col-md-offset-2 vc_col-md-8 vc_col-sm-offset-1 vc_col-xs-12&#8243;][vc_single_image image=&#8221;21043&#8243; img_size=&#8221;full&#8221; alignment=&#8221;center&#8221;][vc_column_text]Illycaf\u00e9 si impegna a favore del commercio equosolidale su scala mondiale ed \u00e8 partner delle seguenti organizzazioni:[\/vc_column_text][\/vc_column][\/vc_row][vc_row row_content_width=&#8221;grid&#8221; css=&#8221;.vc_custom_1610376789858{padding-bottom: 40px !important;}&#8221;][vc_column width=&#8221;1\/3&#8243; css=&#8221;.vc_custom_1607679502426{padding-bottom: 80px !important;}&#8221;][\/vc_column][vc_column width=&#8221;1\/3&#8243; css=&#8221;.vc_custom_1607679509268{padding-bottom: 80px !important;}&#8221;][vc_column_text] La Fondazione Max Havelaar (Svizzera) conferisce il suo marchio di qualit\u00e0 ai prodotti del commercio equo e solidale. L\u2019organizzazione promuove il commercio equo e solidale presso produttori e [&hellip;]<\/p>\n","protected":false},"author":3165,"featured_media":0,"parent":0,"menu_order":23,"comment_status":"closed","ping_status":"closed","template":"full-width.php","meta":{"inline_featured_image":false,"footnotes":""},"class_list":["post-23162","page","type-page","status-publish","hentry"],"yoast_head":"<!-- This site is optimized with the Yoast SEO plugin v24.4 - https:\/\/yoast.com\/wordpress\/plugins\/seo\/ -->\n<title>Il nostro impegno - Illycaf\u00e9 | Premium Kaffee kaufen | Gastronomie, Firmen, Privat<\/title>\n<meta name=\"robots\" content=\"noindex, follow, max-snippet:-1, max-image-preview:large, max-video-preview:-1\" \/>\n<meta property=\"og:locale\" content=\"it_IT\" \/>\n<meta property=\"og:type\" content=\"article\" \/>\n<meta property=\"og:title\" content=\"Il nostro impegno - Illycaf\u00e9 | Premium Kaffee kaufen | Gastronomie, Firmen, Privat\" \/>\n<meta property=\"og:description\" content=\"[vc_row row_content_width=&#8221;grid&#8221; content_text_aligment=&#8221;center&#8221; css=&#8221;.vc_custom_1610376781335{padding-bottom: 40px !important;}&#8221;][vc_column width=&#8221;5\/6&#8243; offset=&#8221;vc_col-lg-offset-3 vc_col-lg-6 vc_col-md-offset-2 vc_col-md-8 vc_col-sm-offset-1 vc_col-xs-12&#8243;][vc_single_image image=&#8221;21043&#8243; img_size=&#8221;full&#8221; alignment=&#8221;center&#8221;][vc_column_text]Illycaf\u00e9 si impegna a favore del commercio equosolidale su scala mondiale ed \u00e8 partner delle seguenti organizzazioni:[\/vc_column_text][\/vc_column][\/vc_row][vc_row row_content_width=&#8221;grid&#8221; css=&#8221;.vc_custom_1610376789858{padding-bottom: 40px !important;}&#8221;][vc_column width=&#8221;1\/3&#8243; css=&#8221;.vc_custom_1607679502426{padding-bottom: 80px !important;}&#8221;][\/vc_column][vc_column width=&#8221;1\/3&#8243; css=&#8221;.vc_custom_1607679509268{padding-bottom: 80px !important;}&#8221;][vc_column_text] La Fondazione Max Havelaar (Svizzera) conferisce il suo marchio di qualit\u00e0 ai prodotti del commercio equo e solidale. L\u2019organizzazione promuove il commercio equo e solidale presso produttori e [&hellip;]\" \/>\n<meta property=\"og:url\" content=\"https:\/\/dev3.illycafe.ch\/it\/impegno\/\" \/>\n<meta property=\"og:site_name\" content=\"Illycaf\u00e9 | Premium Kaffee kaufen | Gastronomie, Firmen, Privat\" \/>\n<meta property=\"article:modified_time\" content=\"2025-04-03T09:43:00+00:00\" \/>\n<meta name=\"twitter:card\" content=\"summary_large_image\" \/>\n<meta name=\"twitter:label1\" content=\"Tempo di lettura stimato\" \/>\n\t<meta name=\"twitter:data1\" content=\"2 minuti\" \/>\n<script type=\"application\/ld+json\" class=\"yoast-schema-graph\">{\"@context\":\"https:\/\/schema.org\",\"@graph\":[{\"@type\":\"WebPage\",\"@id\":\"https:\/\/dev3.illycafe.ch\/it\/impegno\/\",\"url\":\"https:\/\/dev3.illycafe.ch\/it\/impegno\/\",\"name\":\"Il nostro impegno - Illycaf\u00e9 | Premium Kaffee kaufen | Gastronomie, Firmen, Privat\",\"isPartOf\":{\"@id\":\"https:\/\/dev3.illycafe.ch\/dev3.illycafe.ch\/#website\"},\"datePublished\":\"2020-08-21T09:27:08+00:00\",\"dateModified\":\"2025-04-03T09:43:00+00:00\",\"breadcrumb\":{\"@id\":\"https:\/\/dev3.illycafe.ch\/it\/impegno\/#breadcrumb\"},\"inLanguage\":\"it-IT\",\"potentialAction\":[{\"@type\":\"ReadAction\",\"target\":[\"https:\/\/dev3.illycafe.ch\/it\/impegno\/\"]}]},{\"@type\":\"BreadcrumbList\",\"@id\":\"https:\/\/dev3.illycafe.ch\/it\/impegno\/#breadcrumb\",\"itemListElement\":[{\"@type\":\"ListItem\",\"position\":1,\"name\":\"Home\",\"item\":\"https:\/\/dev3.illycafe.ch\/it\/\"},{\"@type\":\"ListItem\",\"position\":2,\"name\":\"Il nostro impegno\"}]},{\"@type\":\"WebSite\",\"@id\":\"https:\/\/dev3.illycafe.ch\/dev3.illycafe.ch\/#website\",\"url\":\"https:\/\/dev3.illycafe.ch\/dev3.illycafe.ch\/\",\"name\":\"Illycaf\u00e9 | Premium Kaffee kaufen | Gastronomie, Firmen, Privat\",\"description\":\"Italienische Kaffeekultur. Schweizer Qualit\u00e4t.\",\"potentialAction\":[{\"@type\":\"SearchAction\",\"target\":{\"@type\":\"EntryPoint\",\"urlTemplate\":\"https:\/\/dev3.illycafe.ch\/dev3.illycafe.ch\/?s={search_term_string}\"},\"query-input\":{\"@type\":\"PropertyValueSpecification\",\"valueRequired\":true,\"valueName\":\"search_term_string\"}}],\"inLanguage\":\"it-IT\"}]}<\/script>\n<!-- \/ Yoast SEO plugin. -->","yoast_head_json":{"title":"Il nostro impegno - Illycaf\u00e9 | Premium Kaffee kaufen | Gastronomie, Firmen, Privat","robots":{"index":"noindex","follow":"follow","max-snippet":"max-snippet:-1","max-image-preview":"max-image-preview:large","max-video-preview":"max-video-preview:-1"},"og_locale":"it_IT","og_type":"article","og_title":"Il nostro impegno - Illycaf\u00e9 | Premium Kaffee kaufen | Gastronomie, Firmen, Privat","og_description":"[vc_row row_content_width=&#8221;grid&#8221; content_text_aligment=&#8221;center&#8221; css=&#8221;.vc_custom_1610376781335{padding-bottom: 40px !important;}&#8221;][vc_column width=&#8221;5\/6&#8243; offset=&#8221;vc_col-lg-offset-3 vc_col-lg-6 vc_col-md-offset-2 vc_col-md-8 vc_col-sm-offset-1 vc_col-xs-12&#8243;][vc_single_image image=&#8221;21043&#8243; img_size=&#8221;full&#8221; alignment=&#8221;center&#8221;][vc_column_text]Illycaf\u00e9 si impegna a favore del commercio equosolidale su scala mondiale ed \u00e8 partner delle seguenti organizzazioni:[\/vc_column_text][\/vc_column][\/vc_row][vc_row row_content_width=&#8221;grid&#8221; css=&#8221;.vc_custom_1610376789858{padding-bottom: 40px !important;}&#8221;][vc_column width=&#8221;1\/3&#8243; css=&#8221;.vc_custom_1607679502426{padding-bottom: 80px !important;}&#8221;][\/vc_column][vc_column width=&#8221;1\/3&#8243; css=&#8221;.vc_custom_1607679509268{padding-bottom: 80px !important;}&#8221;][vc_column_text] La Fondazione Max Havelaar (Svizzera) conferisce il suo marchio di qualit\u00e0 ai prodotti del commercio equo e solidale. L\u2019organizzazione promuove il commercio equo e solidale presso produttori e [&hellip;]","og_url":"https:\/\/dev3.illycafe.ch\/it\/impegno\/","og_site_name":"Illycaf\u00e9 | Premium Kaffee kaufen | Gastronomie, Firmen, Privat","article_modified_time":"2025-04-03T09:43:00+00:00","twitter_card":"summary_large_image","twitter_misc":{"Tempo di lettura stimato":"2 minuti"},"schema":{"@context":"https:\/\/schema.org","@graph":[{"@type":"WebPage","@id":"https:\/\/dev3.illycafe.ch\/it\/impegno\/","url":"https:\/\/dev3.illycafe.ch\/it\/impegno\/","name":"Il nostro impegno - Illycaf\u00e9 | Premium Kaffee kaufen | Gastronomie, Firmen, Privat","isPartOf":{"@id":"https:\/\/dev3.illycafe.ch\/dev3.illycafe.ch\/#website"},"datePublished":"2020-08-21T09:27:08+00:00","dateModified":"2025-04-03T09:43:00+00:00","breadcrumb":{"@id":"https:\/\/dev3.illycafe.ch\/it\/impegno\/#breadcrumb"},"inLanguage":"it-IT","potentialAction":[{"@type":"ReadAction","target":["https:\/\/dev3.illycafe.ch\/it\/impegno\/"]}]},{"@type":"BreadcrumbList","@id":"https:\/\/dev3.illycafe.ch\/it\/impegno\/#breadcrumb","itemListElement":[{"@type":"ListItem","position":1,"name":"Home","item":"https:\/\/dev3.illycafe.ch\/it\/"},{"@type":"ListItem","position":2,"name":"Il nostro impegno"}]},{"@type":"WebSite","@id":"https:\/\/dev3.illycafe.ch\/dev3.illycafe.ch\/#website","url":"https:\/\/dev3.illycafe.ch\/dev3.illycafe.ch\/","name":"Illycaf\u00e9 | Premium Kaffee kaufen | Gastronomie, Firmen, Privat","description":"Italienische Kaffeekultur. Schweizer Qualit\u00e4t.","potentialAction":[{"@type":"SearchAction","target":{"@type":"EntryPoint","urlTemplate":"https:\/\/dev3.illycafe.ch\/dev3.illycafe.ch\/?s={search_term_string}"},"query-input":{"@type":"PropertyValueSpecification","valueRequired":true,"valueName":"search_term_string"}}],"inLanguage":"it-IT"}]}},"_links":{"self":[{"href":"https:\/\/dev3.illycafe.ch\/it\/wp-json\/wp\/v2\/pages\/23162","targetHints":{"allow":["GET"]}}],"collection":[{"href":"https:\/\/dev3.illycafe.ch\/it\/wp-json\/wp\/v2\/pages"}],"about":[{"href":"https:\/\/dev3.illycafe.ch\/it\/wp-json\/wp\/v2\/types\/page"}],"author":[{"embeddable":true,"href":"https:\/\/dev3.illycafe.ch\/it\/wp-json\/wp\/v2\/users\/3165"}],"replies":[{"embeddable":true,"href":"https:\/\/dev3.illycafe.ch\/it\/wp-json\/wp\/v2\/comments?post=23162"}],"version-history":[{"count":0,"href":"https:\/\/dev3.illycafe.ch\/it\/wp-json\/wp\/v2\/pages\/23162\/revisions"}],"wp:attachment":[{"href":"https:\/\/dev3.illycafe.ch\/it\/wp-json\/wp\/v2\/media?parent=23162"}],"curies":[{"name":"wp","href":"https:\/\/api.w.org\/{rel}","templated":true}]}}