{"id":219507,"date":"2025-02-06T10:21:48","date_gmt":"2025-02-06T09:21:56","guid":{"rendered":"https:\/\/dev3.illycafe.ch\/produkt\/prodotto-5\/"},"modified":"2026-01-07T16:40:13","modified_gmt":"2026-01-07T15:40:13","slug":"219507","status":"publish","type":"product","link":"https:\/\/dev3.illycafe.ch\/it\/prodotto\/219507\/","title":{"rendered":"cm500"},"content":{"rendered":"<div class='html translation-block'>\n<p>\n      <span align=\"start\" style=\"letter-spacing:normal;text-indent:0px;text-transform:none;display:!important\"><font face=\"Open Sans, sans-serif\" size=\"18px\">Spesso<br \/>\n      gli appassionati del caff\u00e8 sono amanti delle bevande al cioccolato!<br \/>\n      Chocolat Marta \u00e8 una bevanda semplicemente deliziosa<\/font><\/span><font face=\"Open Sans, sans-serif\" size=\"18px\"><br style=\"letter-spacing:normal;text-indent:0px;text-transform:none\" \/><span align=\"start\" style=\"letter-spacing:normal;text-indent:0px;text-transform:none;display:!important\">proveniente<br \/>\n      dalla Svizzera Francese dove Marta Tombolan ha attribuito il suo nome a<br \/>\n      questa specialit\u00e0. Prima di introdurre questa delizia nel nostro<br \/>\n      assortimento, Chocolat Marta era servita esclusivamente al bistrot di<br \/>\n      Marta Tombolan \u201c\u201dLe Barbare\u201d\u201d di Losanna. La polvere di cacao di prima<br \/>\n      qualit\u00e0 e addolcita seguendo una ricetta segreta ed \u00e8 anche aromatizzata<br \/>\n      con cannella e vaniglia. <\/span><\/font>\n    <\/p>\n<p>\n      <strong style=\"background-position: center center;background-repeat:repeat;background-attachment:scroll;border-top-style:none;border-top-width:0px;border-right-style:none;border-right-width:0px;border-bottom-style:none;border-bottom-width:0px;border-left-style:none;border-left-width:0px;margin-top:0px;margin-right:0px;margin-bottom:0px;margin-left:0px;padding-top:0px;padding-right:0px;padding-bottom:0px;padding-left:0px;letter-spacing:normal;text-indent:0px;text-transform:none\"><b><font face=\"Open Sans, sans-serif\" size=\"18px\">Degustazione<\/font><\/b><\/strong><font face=\"Open Sans, sans-serif\" size=\"18px\"><br style=\"letter-spacing:normal;text-indent:0px;text-transform:none\" \/><span align=\"start\" style=\"letter-spacing:normal;text-indent:0px;text-transform:none;display:!important\">Diluita<br \/>\n      con latte caldo o freddo o semplicemente con acqua: la Chocolat Marta \u00e8<br \/>\n      una bevanda divina che incanta l\u2019appassionato con il suo gusto intenso e<br \/>\n      la sua consistenza cremosa. <\/span><\/font>\n    <\/p>\n<p>\n      <strong style=\"background-position: center center;background-repeat:repeat;background-attachment:scroll;border-top-style:none;border-top-width:0px;border-right-style:none;border-right-width:0px;border-bottom-style:none;border-bottom-width:0px;border-left-style:none;border-left-width:0px;margin-top:0px;margin-right:0px;margin-bottom:0px;margin-left:0px;padding-top:0px;padding-right:0px;padding-bottom:0px;padding-left:0px;letter-spacing:normal;text-indent:0px;text-transform:none\"><b><font face=\"Open Sans, sans-serif\" size=\"18px\">Composizione<\/font><\/b><\/strong><font face=\"Open Sans, sans-serif\" size=\"18px\"><br style=\"letter-spacing:normal;text-indent:0px;text-transform:none\" \/><span align=\"start\" style=\"letter-spacing:normal;text-indent:0px;text-transform:none;display:!important\">Zucchero,<br \/>\n      cacao 23%, amido, vaniglia, cannella<\/span><\/font>\n    <\/p>\n<\/p><\/div>\n","protected":false},"excerpt":{"rendered":"<p>Spesso gli appassionati del caff\u00e8 sono amanti delle bevande al cioccolato! Chocolat Marta \u00e8 una bevanda semplicemente deliziosaproveniente dalla Svizzera Francese dove Marta Tombolan ha attribuito il suo nome a questa specialit\u00e0. Prima di introdurre questa delizia nel nostro assortimento, Chocolat Marta era servita esclusivamente al bistrot di Marta Tombolan \u201c\u201dLe Barbare\u201d\u201d di Losanna. La polvere di cacao di prima qualit\u00e0 e addolcita seguendo una ricetta segreta ed \u00e8 anche aromatizzata con [&hellip;]<\/p>\n","protected":false},"featured_media":0,"comment_status":"open","ping_status":"closed","template":"","meta":{"inline_featured_image":false},"product_brand":[],"product_cat":[1495,1563],"product_tag":[],"class_list":{"0":"post-219507","1":"product","2":"type-product","3":"status-publish","5":"product_cat-kakaopulver-3","6":"product_cat-shop-ch-3","8":"first","9":"instock","10":"taxable","11":"shipping-taxable","12":"purchasable","13":"product-type-simple"},"group_of_quantity":0,"min_quantity":0,"max_quantity":"","exclude_order_quantity_value_rules":"no","exclude_category_quantity_rules":"no","combine_variations":"no","yoast_head":"<!-- This site is optimized with the Yoast SEO plugin v24.4 - https:\/\/yoast.com\/wordpress\/plugins\/seo\/ -->\n<title>cm500 - Illycaf\u00e9 | Premium Kaffee kaufen | Gastronomie, Firmen, Privat<\/title>\n<meta name=\"robots\" content=\"noindex, follow, max-snippet:-1, max-image-preview:large, max-video-preview:-1\" \/>\n<meta property=\"og:locale\" content=\"it_IT\" \/>\n<meta property=\"og:type\" content=\"article\" \/>\n<meta property=\"og:title\" content=\"cm500 - Illycaf\u00e9 | Premium Kaffee kaufen | Gastronomie, Firmen, Privat\" \/>\n<meta property=\"og:description\" content=\"Spesso gli appassionati del caff\u00e8 sono amanti delle bevande al cioccolato! Chocolat Marta \u00e8 una bevanda semplicemente deliziosaproveniente dalla Svizzera Francese dove Marta Tombolan ha attribuito il suo nome a questa specialit\u00e0. Prima di introdurre questa delizia nel nostro assortimento, Chocolat Marta era servita esclusivamente al bistrot di Marta Tombolan \u201c\u201dLe Barbare\u201d\u201d di Losanna. La polvere di cacao di prima qualit\u00e0 e addolcita seguendo una ricetta segreta ed \u00e8 anche aromatizzata con [&hellip;]\" \/>\n<meta property=\"og:url\" content=\"https:\/\/dev3.illycafe.ch\/it\/prodotto\/219507\/\" \/>\n<meta property=\"og:site_name\" content=\"Illycaf\u00e9 | Premium Kaffee kaufen | Gastronomie, Firmen, Privat\" \/>\n<meta property=\"article:modified_time\" content=\"2026-01-07T15:40:13+00:00\" \/>\n<meta name=\"twitter:card\" content=\"summary_large_image\" \/>\n<meta name=\"twitter:label1\" content=\"Tempo di lettura stimato\" \/>\n\t<meta name=\"twitter:data1\" content=\"1 minuto\" \/>\n<script type=\"application\/ld+json\" class=\"yoast-schema-graph\">{\"@context\":\"https:\/\/schema.org\",\"@graph\":[{\"@type\":\"WebPage\",\"@id\":\"https:\/\/dev3.illycafe.ch\/it\/prodotto\/219507\/\",\"url\":\"https:\/\/dev3.illycafe.ch\/it\/prodotto\/219507\/\",\"name\":\"cm500 - Illycaf\u00e9 | Premium Kaffee kaufen | Gastronomie, Firmen, Privat\",\"isPartOf\":{\"@id\":\"https:\/\/dev3.illycafe.ch\/dev3.illycafe.ch\/#website\"},\"datePublished\":\"2025-02-06T09:21:56+00:00\",\"dateModified\":\"2026-01-07T15:40:13+00:00\",\"breadcrumb\":{\"@id\":\"https:\/\/dev3.illycafe.ch\/it\/prodotto\/219507\/#breadcrumb\"},\"inLanguage\":\"it-IT\",\"potentialAction\":[{\"@type\":\"ReadAction\",\"target\":[\"https:\/\/dev3.illycafe.ch\/it\/prodotto\/219507\/\"]}]},{\"@type\":\"BreadcrumbList\",\"@id\":\"https:\/\/dev3.illycafe.ch\/it\/prodotto\/219507\/#breadcrumb\",\"itemListElement\":[{\"@type\":\"ListItem\",\"position\":1,\"name\":\"Home\",\"item\":\"https:\/\/dev3.illycafe.ch\/it\/\"},{\"@type\":\"ListItem\",\"position\":2,\"name\":\"Shop\",\"item\":\"https:\/\/dev3.illycafe.ch\/dev3.illycafe.ch\/it\/shop\/\"},{\"@type\":\"ListItem\",\"position\":3,\"name\":\"cm500\"}]},{\"@type\":\"WebSite\",\"@id\":\"https:\/\/dev3.illycafe.ch\/dev3.illycafe.ch\/#website\",\"url\":\"https:\/\/dev3.illycafe.ch\/dev3.illycafe.ch\/\",\"name\":\"Illycaf\u00e9 | Premium Kaffee kaufen | Gastronomie, Firmen, Privat\",\"description\":\"Italienische Kaffeekultur. Schweizer Qualit\u00e4t.\",\"potentialAction\":[{\"@type\":\"SearchAction\",\"target\":{\"@type\":\"EntryPoint\",\"urlTemplate\":\"https:\/\/dev3.illycafe.ch\/dev3.illycafe.ch\/?s={search_term_string}\"},\"query-input\":{\"@type\":\"PropertyValueSpecification\",\"valueRequired\":true,\"valueName\":\"search_term_string\"}}],\"inLanguage\":\"it-IT\"}]}<\/script>\n<!-- \/ Yoast SEO plugin. -->","yoast_head_json":{"title":"cm500 - Illycaf\u00e9 | Premium Kaffee kaufen | Gastronomie, Firmen, Privat","robots":{"index":"noindex","follow":"follow","max-snippet":"max-snippet:-1","max-image-preview":"max-image-preview:large","max-video-preview":"max-video-preview:-1"},"og_locale":"it_IT","og_type":"article","og_title":"cm500 - Illycaf\u00e9 | Premium Kaffee kaufen | Gastronomie, Firmen, Privat","og_description":"Spesso gli appassionati del caff\u00e8 sono amanti delle bevande al cioccolato! Chocolat Marta \u00e8 una bevanda semplicemente deliziosaproveniente dalla Svizzera Francese dove Marta Tombolan ha attribuito il suo nome a questa specialit\u00e0. Prima di introdurre questa delizia nel nostro assortimento, Chocolat Marta era servita esclusivamente al bistrot di Marta Tombolan \u201c\u201dLe Barbare\u201d\u201d di Losanna. La polvere di cacao di prima qualit\u00e0 e addolcita seguendo una ricetta segreta ed \u00e8 anche aromatizzata con [&hellip;]","og_url":"https:\/\/dev3.illycafe.ch\/it\/prodotto\/219507\/","og_site_name":"Illycaf\u00e9 | Premium Kaffee kaufen | Gastronomie, Firmen, Privat","article_modified_time":"2026-01-07T15:40:13+00:00","twitter_card":"summary_large_image","twitter_misc":{"Tempo di lettura stimato":"1 minuto"},"schema":{"@context":"https:\/\/schema.org","@graph":[{"@type":"WebPage","@id":"https:\/\/dev3.illycafe.ch\/it\/prodotto\/219507\/","url":"https:\/\/dev3.illycafe.ch\/it\/prodotto\/219507\/","name":"cm500 - Illycaf\u00e9 | Premium Kaffee kaufen | Gastronomie, Firmen, Privat","isPartOf":{"@id":"https:\/\/dev3.illycafe.ch\/dev3.illycafe.ch\/#website"},"datePublished":"2025-02-06T09:21:56+00:00","dateModified":"2026-01-07T15:40:13+00:00","breadcrumb":{"@id":"https:\/\/dev3.illycafe.ch\/it\/prodotto\/219507\/#breadcrumb"},"inLanguage":"it-IT","potentialAction":[{"@type":"ReadAction","target":["https:\/\/dev3.illycafe.ch\/it\/prodotto\/219507\/"]}]},{"@type":"BreadcrumbList","@id":"https:\/\/dev3.illycafe.ch\/it\/prodotto\/219507\/#breadcrumb","itemListElement":[{"@type":"ListItem","position":1,"name":"Home","item":"https:\/\/dev3.illycafe.ch\/it\/"},{"@type":"ListItem","position":2,"name":"Shop","item":"https:\/\/dev3.illycafe.ch\/dev3.illycafe.ch\/it\/shop\/"},{"@type":"ListItem","position":3,"name":"cm500"}]},{"@type":"WebSite","@id":"https:\/\/dev3.illycafe.ch\/dev3.illycafe.ch\/#website","url":"https:\/\/dev3.illycafe.ch\/dev3.illycafe.ch\/","name":"Illycaf\u00e9 | Premium Kaffee kaufen | Gastronomie, Firmen, Privat","description":"Italienische Kaffeekultur. Schweizer Qualit\u00e4t.","potentialAction":[{"@type":"SearchAction","target":{"@type":"EntryPoint","urlTemplate":"https:\/\/dev3.illycafe.ch\/dev3.illycafe.ch\/?s={search_term_string}"},"query-input":{"@type":"PropertyValueSpecification","valueRequired":true,"valueName":"search_term_string"}}],"inLanguage":"it-IT"}]}},"_links":{"self":[{"href":"https:\/\/dev3.illycafe.ch\/it\/wp-json\/wp\/v2\/product\/219507","targetHints":{"allow":["GET"]}}],"collection":[{"href":"https:\/\/dev3.illycafe.ch\/it\/wp-json\/wp\/v2\/product"}],"about":[{"href":"https:\/\/dev3.illycafe.ch\/it\/wp-json\/wp\/v2\/types\/product"}],"replies":[{"embeddable":true,"href":"https:\/\/dev3.illycafe.ch\/it\/wp-json\/wp\/v2\/comments?post=219507"}],"wp:attachment":[{"href":"https:\/\/dev3.illycafe.ch\/it\/wp-json\/wp\/v2\/media?parent=219507"}],"wp:term":[{"taxonomy":"product_brand","embeddable":true,"href":"https:\/\/dev3.illycafe.ch\/it\/wp-json\/wp\/v2\/product_brand?post=219507"},{"taxonomy":"product_cat","embeddable":true,"href":"https:\/\/dev3.illycafe.ch\/it\/wp-json\/wp\/v2\/product_cat?post=219507"},{"taxonomy":"product_tag","embeddable":true,"href":"https:\/\/dev3.illycafe.ch\/it\/wp-json\/wp\/v2\/product_tag?post=219507"}],"curies":[{"name":"wp","href":"https:\/\/api.w.org\/{rel}","templated":true}]}}