{"id":219644,"date":"2025-02-06T10:26:27","date_gmt":"2025-02-06T09:29:22","guid":{"rendered":"https:\/\/dev3.illycafe.ch\/produkt\/prodotto-14\/"},"modified":"2026-01-29T17:11:03","modified_gmt":"2026-01-29T16:11:03","slug":"219644","status":"publish","type":"product","link":"https:\/\/dev3.illycafe.ch\/it\/prodotto\/219644\/","title":{"rendered":"havev1kg"},"content":{"rendered":"<div class='html translation-block'>\n<p>\n      <span align=\"start\" style=\"letter-spacing:normal;text-indent:0px;text-transform:none;display:!important\"><font face=\"Open Sans, sans-serif\" size=\"18px\">La<br \/>\n      fondazione Max Havelaar (Svizzera) contrassegna i prodotti equo solidali<br \/>\n      con il proprio sigillo di qualit\u00e0 promuovendo in tal modo il commercio<br \/>\n      equo con produttori, lavoratrici e lavoratori delle regioni povere del<br \/>\n      sud. La certificazione garantisce il sostentamento delle famiglie<br \/>\n      locali. Il caff\u00e8 pu\u00f2 essere pertanto coltivato nel rispetto<br \/>\n      dell\u2019ambiente e della variet\u00e0 delle specie in coltivazioni miste. <\/font><\/span>\n    <\/p>\n<p>\n      <span align=\"start\" style=\"letter-spacing:normal;text-indent:0px;text-transform:none;display:!important\"><font face=\"Open Sans, sans-serif\" size=\"18px\">Questa<br \/>\n      miscela classica ed equilibrata, composta da una selezione delle variet\u00e0<br \/>\n      di caff\u00e8 pi\u00f9 pregiate del Centro e Sud America e dell\u2019Africa orientale,<br \/>\n      \u00e8 ricca di aromi pieni e speziati. Spiccano al palato gli aromi fruttati<br \/>\n      e delicati e le note speziate. Un caff\u00e8 dedicato a tutti i buongustai<br \/>\n      che desiderano assaporare un caff\u00e8 eccellente consapevoli della propria<br \/>\n      responsabilit\u00e0 sociale. <\/font><\/span>\n    <\/p>\n<p>\n      <strong style=\"background-position: center center;background-repeat:repeat;background-attachment:scroll;border-top-style:none;border-top-width:0px;border-right-style:none;border-right-width:0px;border-bottom-style:none;border-bottom-width:0px;border-left-style:none;border-left-width:0px;margin-top:0px;margin-right:0px;margin-bottom:0px;margin-left:0px;padding-top:0px;padding-right:0px;padding-bottom:0px;padding-left:0px;letter-spacing:normal;text-indent:0px;text-transform:none\"><b><font face=\"Open Sans, sans-serif\" size=\"18px\">Provenienze<\/font><\/b><\/strong><font face=\"Open Sans, sans-serif\" size=\"18px\"><br style=\"letter-spacing:normal;text-indent:0px;text-transform:none\" \/><span align=\"start\" style=\"letter-spacing:normal;text-indent:0px;text-transform:none;display:!important\">Brasile,<br \/>\n      Africa orientale, Centro America<\/span><\/font>\n    <\/p>\n<\/p><\/div>\n","protected":false},"excerpt":{"rendered":"<p>La fondazione Max Havelaar (Svizzera) contrassegna i prodotti equo solidali con il proprio sigillo di qualit\u00e0 promuovendo in tal modo il commercio equo con produttori, lavoratrici e lavoratori delle regioni povere del sud. La certificazione garantisce il sostentamento delle famiglie locali. Il caff\u00e8 pu\u00f2 essere pertanto coltivato nel rispetto dell\u2019ambiente e della variet\u00e0 delle specie in coltivazioni miste. Questa miscela classica ed equilibrata, composta da una selezione delle variet\u00e0 di caff\u00e8 pi\u00f9 [&hellip;]<\/p>\n","protected":false},"featured_media":221970,"comment_status":"open","ping_status":"closed","template":"","meta":{"inline_featured_image":false},"product_brand":[],"product_cat":[1462,1516,1563],"product_tag":[],"class_list":{"0":"post-219644","1":"product","2":"type-product","3":"status-publish","4":"has-post-thumbnail","6":"product_cat-bohnen-3","7":"product_cat-max-havelaar-bohnen-3","8":"product_cat-shop-ch-3","10":"first","11":"instock","12":"taxable","13":"shipping-taxable","14":"purchasable","15":"product-type-simple"},"group_of_quantity":0,"min_quantity":0,"max_quantity":"","exclude_order_quantity_value_rules":"no","exclude_category_quantity_rules":"no","combine_variations":"no","yoast_head":"<!-- This site is optimized with the Yoast SEO plugin v24.4 - https:\/\/yoast.com\/wordpress\/plugins\/seo\/ -->\n<title>havev1kg - Illycaf\u00e9 | Premium Kaffee kaufen | Gastronomie, Firmen, Privat<\/title>\n<meta name=\"robots\" content=\"noindex, follow, max-snippet:-1, max-image-preview:large, max-video-preview:-1\" \/>\n<meta property=\"og:locale\" content=\"it_IT\" \/>\n<meta property=\"og:type\" content=\"article\" \/>\n<meta property=\"og:title\" content=\"havev1kg - Illycaf\u00e9 | Premium Kaffee kaufen | Gastronomie, Firmen, Privat\" \/>\n<meta property=\"og:description\" content=\"La fondazione Max Havelaar (Svizzera) contrassegna i prodotti equo solidali con il proprio sigillo di qualit\u00e0 promuovendo in tal modo il commercio equo con produttori, lavoratrici e lavoratori delle regioni povere del sud. La certificazione garantisce il sostentamento delle famiglie locali. Il caff\u00e8 pu\u00f2 essere pertanto coltivato nel rispetto dell\u2019ambiente e della variet\u00e0 delle specie in coltivazioni miste. Questa miscela classica ed equilibrata, composta da una selezione delle variet\u00e0 di caff\u00e8 pi\u00f9 [&hellip;]\" \/>\n<meta property=\"og:url\" content=\"https:\/\/dev3.illycafe.ch\/it\/prodotto\/219644\/\" \/>\n<meta property=\"og:site_name\" content=\"Illycaf\u00e9 | Premium Kaffee kaufen | Gastronomie, Firmen, Privat\" \/>\n<meta property=\"article:modified_time\" content=\"2026-01-29T16:11:03+00:00\" \/>\n<meta property=\"og:image\" content=\"https:\/\/dev3.illycafe.ch\/wp-content\/uploads\/1625_0_1_kha301-200-max-havelaar-venezia-bohnen-1kg-2024.png\" \/>\n\t<meta property=\"og:image:width\" content=\"350\" \/>\n\t<meta property=\"og:image:height\" content=\"534\" \/>\n\t<meta property=\"og:image:type\" content=\"image\/png\" \/>\n<meta name=\"twitter:card\" content=\"summary_large_image\" \/>\n<meta name=\"twitter:label1\" content=\"Tempo di lettura stimato\" \/>\n\t<meta name=\"twitter:data1\" content=\"1 minuto\" \/>\n<script type=\"application\/ld+json\" class=\"yoast-schema-graph\">{\"@context\":\"https:\/\/schema.org\",\"@graph\":[{\"@type\":\"WebPage\",\"@id\":\"https:\/\/dev3.illycafe.ch\/it\/prodotto\/219644\/\",\"url\":\"https:\/\/dev3.illycafe.ch\/it\/prodotto\/219644\/\",\"name\":\"havev1kg - Illycaf\u00e9 | Premium Kaffee kaufen | Gastronomie, Firmen, Privat\",\"isPartOf\":{\"@id\":\"https:\/\/dev3.illycafe.ch\/dev3.illycafe.ch\/#website\"},\"primaryImageOfPage\":{\"@id\":\"https:\/\/dev3.illycafe.ch\/it\/prodotto\/219644\/#primaryimage\"},\"image\":{\"@id\":\"https:\/\/dev3.illycafe.ch\/it\/prodotto\/219644\/#primaryimage\"},\"thumbnailUrl\":\"https:\/\/dev3.illycafe.ch\/wp-content\/uploads\/1625_0_1_kha301-200-max-havelaar-venezia-bohnen-1kg-2024.png\",\"datePublished\":\"2025-02-06T09:29:22+00:00\",\"dateModified\":\"2026-01-29T16:11:03+00:00\",\"breadcrumb\":{\"@id\":\"https:\/\/dev3.illycafe.ch\/it\/prodotto\/219644\/#breadcrumb\"},\"inLanguage\":\"it-IT\",\"potentialAction\":[{\"@type\":\"ReadAction\",\"target\":[\"https:\/\/dev3.illycafe.ch\/it\/prodotto\/219644\/\"]}]},{\"@type\":\"ImageObject\",\"inLanguage\":\"it-IT\",\"@id\":\"https:\/\/dev3.illycafe.ch\/it\/prodotto\/219644\/#primaryimage\",\"url\":\"https:\/\/dev3.illycafe.ch\/wp-content\/uploads\/1625_0_1_kha301-200-max-havelaar-venezia-bohnen-1kg-2024.png\",\"contentUrl\":\"https:\/\/dev3.illycafe.ch\/wp-content\/uploads\/1625_0_1_kha301-200-max-havelaar-venezia-bohnen-1kg-2024.png\",\"width\":350,\"height\":534},{\"@type\":\"BreadcrumbList\",\"@id\":\"https:\/\/dev3.illycafe.ch\/it\/prodotto\/219644\/#breadcrumb\",\"itemListElement\":[{\"@type\":\"ListItem\",\"position\":1,\"name\":\"Home\",\"item\":\"https:\/\/dev3.illycafe.ch\/it\/\"},{\"@type\":\"ListItem\",\"position\":2,\"name\":\"Shop\",\"item\":\"https:\/\/dev3.illycafe.ch\/dev3.illycafe.ch\/it\/shop\/\"},{\"@type\":\"ListItem\",\"position\":3,\"name\":\"havev1kg\"}]},{\"@type\":\"WebSite\",\"@id\":\"https:\/\/dev3.illycafe.ch\/dev3.illycafe.ch\/#website\",\"url\":\"https:\/\/dev3.illycafe.ch\/dev3.illycafe.ch\/\",\"name\":\"Illycaf\u00e9 | Premium Kaffee kaufen | Gastronomie, Firmen, Privat\",\"description\":\"Italienische Kaffeekultur. Schweizer Qualit\u00e4t.\",\"potentialAction\":[{\"@type\":\"SearchAction\",\"target\":{\"@type\":\"EntryPoint\",\"urlTemplate\":\"https:\/\/dev3.illycafe.ch\/dev3.illycafe.ch\/?s={search_term_string}\"},\"query-input\":{\"@type\":\"PropertyValueSpecification\",\"valueRequired\":true,\"valueName\":\"search_term_string\"}}],\"inLanguage\":\"it-IT\"}]}<\/script>\n<!-- \/ Yoast SEO plugin. -->","yoast_head_json":{"title":"havev1kg - Illycaf\u00e9 | Premium Kaffee kaufen | Gastronomie, Firmen, Privat","robots":{"index":"noindex","follow":"follow","max-snippet":"max-snippet:-1","max-image-preview":"max-image-preview:large","max-video-preview":"max-video-preview:-1"},"og_locale":"it_IT","og_type":"article","og_title":"havev1kg - Illycaf\u00e9 | Premium Kaffee kaufen | Gastronomie, Firmen, Privat","og_description":"La fondazione Max Havelaar (Svizzera) contrassegna i prodotti equo solidali con il proprio sigillo di qualit\u00e0 promuovendo in tal modo il commercio equo con produttori, lavoratrici e lavoratori delle regioni povere del sud. La certificazione garantisce il sostentamento delle famiglie locali. Il caff\u00e8 pu\u00f2 essere pertanto coltivato nel rispetto dell\u2019ambiente e della variet\u00e0 delle specie in coltivazioni miste. Questa miscela classica ed equilibrata, composta da una selezione delle variet\u00e0 di caff\u00e8 pi\u00f9 [&hellip;]","og_url":"https:\/\/dev3.illycafe.ch\/it\/prodotto\/219644\/","og_site_name":"Illycaf\u00e9 | Premium Kaffee kaufen | Gastronomie, Firmen, Privat","article_modified_time":"2026-01-29T16:11:03+00:00","og_image":[{"width":350,"height":534,"url":"https:\/\/dev3.illycafe.ch\/wp-content\/uploads\/1625_0_1_kha301-200-max-havelaar-venezia-bohnen-1kg-2024.png","type":"image\/png"}],"twitter_card":"summary_large_image","twitter_misc":{"Tempo di lettura stimato":"1 minuto"},"schema":{"@context":"https:\/\/schema.org","@graph":[{"@type":"WebPage","@id":"https:\/\/dev3.illycafe.ch\/it\/prodotto\/219644\/","url":"https:\/\/dev3.illycafe.ch\/it\/prodotto\/219644\/","name":"havev1kg - Illycaf\u00e9 | Premium Kaffee kaufen | Gastronomie, Firmen, Privat","isPartOf":{"@id":"https:\/\/dev3.illycafe.ch\/dev3.illycafe.ch\/#website"},"primaryImageOfPage":{"@id":"https:\/\/dev3.illycafe.ch\/it\/prodotto\/219644\/#primaryimage"},"image":{"@id":"https:\/\/dev3.illycafe.ch\/it\/prodotto\/219644\/#primaryimage"},"thumbnailUrl":"https:\/\/dev3.illycafe.ch\/wp-content\/uploads\/1625_0_1_kha301-200-max-havelaar-venezia-bohnen-1kg-2024.png","datePublished":"2025-02-06T09:29:22+00:00","dateModified":"2026-01-29T16:11:03+00:00","breadcrumb":{"@id":"https:\/\/dev3.illycafe.ch\/it\/prodotto\/219644\/#breadcrumb"},"inLanguage":"it-IT","potentialAction":[{"@type":"ReadAction","target":["https:\/\/dev3.illycafe.ch\/it\/prodotto\/219644\/"]}]},{"@type":"ImageObject","inLanguage":"it-IT","@id":"https:\/\/dev3.illycafe.ch\/it\/prodotto\/219644\/#primaryimage","url":"https:\/\/dev3.illycafe.ch\/wp-content\/uploads\/1625_0_1_kha301-200-max-havelaar-venezia-bohnen-1kg-2024.png","contentUrl":"https:\/\/dev3.illycafe.ch\/wp-content\/uploads\/1625_0_1_kha301-200-max-havelaar-venezia-bohnen-1kg-2024.png","width":350,"height":534},{"@type":"BreadcrumbList","@id":"https:\/\/dev3.illycafe.ch\/it\/prodotto\/219644\/#breadcrumb","itemListElement":[{"@type":"ListItem","position":1,"name":"Home","item":"https:\/\/dev3.illycafe.ch\/it\/"},{"@type":"ListItem","position":2,"name":"Shop","item":"https:\/\/dev3.illycafe.ch\/dev3.illycafe.ch\/it\/shop\/"},{"@type":"ListItem","position":3,"name":"havev1kg"}]},{"@type":"WebSite","@id":"https:\/\/dev3.illycafe.ch\/dev3.illycafe.ch\/#website","url":"https:\/\/dev3.illycafe.ch\/dev3.illycafe.ch\/","name":"Illycaf\u00e9 | Premium Kaffee kaufen | Gastronomie, Firmen, Privat","description":"Italienische Kaffeekultur. Schweizer Qualit\u00e4t.","potentialAction":[{"@type":"SearchAction","target":{"@type":"EntryPoint","urlTemplate":"https:\/\/dev3.illycafe.ch\/dev3.illycafe.ch\/?s={search_term_string}"},"query-input":{"@type":"PropertyValueSpecification","valueRequired":true,"valueName":"search_term_string"}}],"inLanguage":"it-IT"}]}},"_links":{"self":[{"href":"https:\/\/dev3.illycafe.ch\/it\/wp-json\/wp\/v2\/product\/219644","targetHints":{"allow":["GET"]}}],"collection":[{"href":"https:\/\/dev3.illycafe.ch\/it\/wp-json\/wp\/v2\/product"}],"about":[{"href":"https:\/\/dev3.illycafe.ch\/it\/wp-json\/wp\/v2\/types\/product"}],"replies":[{"embeddable":true,"href":"https:\/\/dev3.illycafe.ch\/it\/wp-json\/wp\/v2\/comments?post=219644"}],"wp:featuredmedia":[{"embeddable":true,"href":"https:\/\/dev3.illycafe.ch\/it\/wp-json\/wp\/v2\/media\/221970"}],"wp:attachment":[{"href":"https:\/\/dev3.illycafe.ch\/it\/wp-json\/wp\/v2\/media?parent=219644"}],"wp:term":[{"taxonomy":"product_brand","embeddable":true,"href":"https:\/\/dev3.illycafe.ch\/it\/wp-json\/wp\/v2\/product_brand?post=219644"},{"taxonomy":"product_cat","embeddable":true,"href":"https:\/\/dev3.illycafe.ch\/it\/wp-json\/wp\/v2\/product_cat?post=219644"},{"taxonomy":"product_tag","embeddable":true,"href":"https:\/\/dev3.illycafe.ch\/it\/wp-json\/wp\/v2\/product_tag?post=219644"}],"curies":[{"name":"wp","href":"https:\/\/api.w.org\/{rel}","templated":true}]}}