{"id":219729,"date":"2025-02-06T10:32:03","date_gmt":"2025-02-06T09:32:16","guid":{"rendered":"https:\/\/dev3.illycafe.ch\/produkt\/prodotto-14\/"},"modified":"2026-01-29T17:10:14","modified_gmt":"2026-01-29T16:10:14","slug":"219729","status":"publish","type":"product","link":"https:\/\/dev3.illycafe.ch\/it\/prodotto\/219729\/","title":{"rendered":"goungutz250"},"content":{"rendered":"<div class='html translation-block'>\n<p>\n      <span align=\"start\" style=\"letter-spacing:normal;text-indent:0px;text-transform:none;display:!important\"><font face=\"Open Sans, sans-serif\" size=\"18px\">Torrefazione<br \/>\n      scura e raffinata \u2013 Gourmet Napoli \u00e8 la miscela italiana per eccellenza.<br \/>\n      Il gusto terroso e potente con note dolci di cioccolato soddisfa le<br \/>\n      papille dell\u2019appassionato pi\u00f9 esigente. Un caff\u00e8 dal gusto fresco e<br \/>\n      persistente grazie ad una piacevole nota acida. <\/font><\/span>\n    <\/p>\n<p>\n      <span align=\"start\" style=\"letter-spacing:normal;text-indent:0px;text-transform:none;display:!important\"><font face=\"Open Sans, sans-serif\" size=\"18px\">Un<br \/>\n      caff\u00e8 con gran carattere per gli amanti dell\u2019espresso e del ristretto<br \/>\n      che vogliono godere sino all\u2019ultimo sorso dell\u2019aroma speziato e di una<br \/>\n      bella crema. <\/font><\/span>\n    <\/p>\n<p>\n      <strong style=\"background-position: center center;background-repeat:repeat;background-attachment:scroll;border-top-style:none;border-top-width:0px;border-right-style:none;border-right-width:0px;border-bottom-style:none;border-bottom-width:0px;border-left-style:none;border-left-width:0px;margin-top:0px;margin-right:0px;margin-bottom:0px;margin-left:0px;padding-top:0px;padding-right:0px;padding-bottom:0px;padding-left:0px;letter-spacing:normal;text-indent:0px;text-transform:none\"><b><font face=\"Open Sans, sans-serif\" size=\"18px\">Provenienze<\/font><\/b><\/strong><font face=\"Open Sans, sans-serif\" size=\"18px\"><br style=\"letter-spacing:normal;text-indent:0px;text-transform:none\" \/><span align=\"start\" style=\"letter-spacing:normal;text-indent:0px;text-transform:none;display:!important\">Brasile,<br \/>\n      Guatemala, Africa orientale, India<\/span><\/font>\n    <\/p>\n<\/p><\/div>\n","protected":false},"excerpt":{"rendered":"<p>Torrefazione scura e raffinata \u2013 Gourmet Napoli \u00e8 la miscela italiana per eccellenza. Il gusto terroso e potente con note dolci di cioccolato soddisfa le papille dell\u2019appassionato pi\u00f9 esigente. Un caff\u00e8 dal gusto fresco e persistente grazie ad una piacevole nota acida. Un caff\u00e8 con gran carattere per gli amanti dell\u2019espresso e del ristretto che vogliono godere sino all\u2019ultimo sorso dell\u2019aroma speziato e di una bella crema. ProvenienzeBrasile, Guatemala, Africa orientale, India<\/p>\n","protected":false},"featured_media":221961,"comment_status":"open","ping_status":"closed","template":"","meta":{"inline_featured_image":false},"product_brand":[],"product_cat":[1477,1525,1563],"product_tag":[],"class_list":{"0":"post-219729","1":"product","2":"type-product","3":"status-publish","4":"has-post-thumbnail","6":"product_cat-gemahlen-3","7":"product_cat-gourmet-gemahlen-3","8":"product_cat-shop-ch-3","10":"first","11":"instock","12":"taxable","13":"shipping-taxable","14":"purchasable","15":"product-type-simple"},"group_of_quantity":0,"min_quantity":0,"max_quantity":"","exclude_order_quantity_value_rules":"no","exclude_category_quantity_rules":"no","combine_variations":"no","yoast_head":"<!-- This site is optimized with the Yoast SEO plugin v24.4 - https:\/\/yoast.com\/wordpress\/plugins\/seo\/ -->\n<title>goungutz250 - Illycaf\u00e9 | Premium Kaffee kaufen | Gastronomie, Firmen, Privat<\/title>\n<meta name=\"robots\" content=\"noindex, follow, max-snippet:-1, max-image-preview:large, max-video-preview:-1\" \/>\n<meta property=\"og:locale\" content=\"it_IT\" \/>\n<meta property=\"og:type\" content=\"article\" \/>\n<meta property=\"og:title\" content=\"goungutz250 - Illycaf\u00e9 | Premium Kaffee kaufen | Gastronomie, Firmen, Privat\" \/>\n<meta property=\"og:description\" content=\"Torrefazione scura e raffinata \u2013 Gourmet Napoli \u00e8 la miscela italiana per eccellenza. Il gusto terroso e potente con note dolci di cioccolato soddisfa le papille dell\u2019appassionato pi\u00f9 esigente. Un caff\u00e8 dal gusto fresco e persistente grazie ad una piacevole nota acida. Un caff\u00e8 con gran carattere per gli amanti dell\u2019espresso e del ristretto che vogliono godere sino all\u2019ultimo sorso dell\u2019aroma speziato e di una bella crema. ProvenienzeBrasile, Guatemala, Africa orientale, India\" \/>\n<meta property=\"og:url\" content=\"https:\/\/dev3.illycafe.ch\/it\/prodotto\/219729\/\" \/>\n<meta property=\"og:site_name\" content=\"Illycaf\u00e9 | Premium Kaffee kaufen | Gastronomie, Firmen, Privat\" \/>\n<meta property=\"article:modified_time\" content=\"2026-01-29T16:10:14+00:00\" \/>\n<meta property=\"og:image\" content=\"https:\/\/dev3.illycafe.ch\/wp-content\/uploads\/1653_0_1_kgoutz534-100-gourmet-ground-coffee-napoli-250g.png\" \/>\n\t<meta property=\"og:image:width\" content=\"350\" \/>\n\t<meta property=\"og:image:height\" content=\"458\" \/>\n\t<meta property=\"og:image:type\" content=\"image\/png\" \/>\n<meta name=\"twitter:card\" content=\"summary_large_image\" \/>\n<script type=\"application\/ld+json\" class=\"yoast-schema-graph\">{\"@context\":\"https:\/\/schema.org\",\"@graph\":[{\"@type\":\"WebPage\",\"@id\":\"https:\/\/dev3.illycafe.ch\/it\/prodotto\/219729\/\",\"url\":\"https:\/\/dev3.illycafe.ch\/it\/prodotto\/219729\/\",\"name\":\"goungutz250 - Illycaf\u00e9 | Premium Kaffee kaufen | Gastronomie, Firmen, Privat\",\"isPartOf\":{\"@id\":\"https:\/\/dev3.illycafe.ch\/dev3.illycafe.ch\/#website\"},\"primaryImageOfPage\":{\"@id\":\"https:\/\/dev3.illycafe.ch\/it\/prodotto\/219729\/#primaryimage\"},\"image\":{\"@id\":\"https:\/\/dev3.illycafe.ch\/it\/prodotto\/219729\/#primaryimage\"},\"thumbnailUrl\":\"https:\/\/dev3.illycafe.ch\/wp-content\/uploads\/1653_0_1_kgoutz534-100-gourmet-ground-coffee-napoli-250g.png\",\"datePublished\":\"2025-02-06T09:32:16+00:00\",\"dateModified\":\"2026-01-29T16:10:14+00:00\",\"breadcrumb\":{\"@id\":\"https:\/\/dev3.illycafe.ch\/it\/prodotto\/219729\/#breadcrumb\"},\"inLanguage\":\"it-IT\",\"potentialAction\":[{\"@type\":\"ReadAction\",\"target\":[\"https:\/\/dev3.illycafe.ch\/it\/prodotto\/219729\/\"]}]},{\"@type\":\"ImageObject\",\"inLanguage\":\"it-IT\",\"@id\":\"https:\/\/dev3.illycafe.ch\/it\/prodotto\/219729\/#primaryimage\",\"url\":\"https:\/\/dev3.illycafe.ch\/wp-content\/uploads\/1653_0_1_kgoutz534-100-gourmet-ground-coffee-napoli-250g.png\",\"contentUrl\":\"https:\/\/dev3.illycafe.ch\/wp-content\/uploads\/1653_0_1_kgoutz534-100-gourmet-ground-coffee-napoli-250g.png\",\"width\":350,\"height\":458},{\"@type\":\"BreadcrumbList\",\"@id\":\"https:\/\/dev3.illycafe.ch\/it\/prodotto\/219729\/#breadcrumb\",\"itemListElement\":[{\"@type\":\"ListItem\",\"position\":1,\"name\":\"Home\",\"item\":\"https:\/\/dev3.illycafe.ch\/it\/\"},{\"@type\":\"ListItem\",\"position\":2,\"name\":\"Shop\",\"item\":\"https:\/\/dev3.illycafe.ch\/dev3.illycafe.ch\/it\/shop\/\"},{\"@type\":\"ListItem\",\"position\":3,\"name\":\"goungutz250\"}]},{\"@type\":\"WebSite\",\"@id\":\"https:\/\/dev3.illycafe.ch\/dev3.illycafe.ch\/#website\",\"url\":\"https:\/\/dev3.illycafe.ch\/dev3.illycafe.ch\/\",\"name\":\"Illycaf\u00e9 | Premium Kaffee kaufen | Gastronomie, Firmen, Privat\",\"description\":\"Italienische Kaffeekultur. Schweizer Qualit\u00e4t.\",\"potentialAction\":[{\"@type\":\"SearchAction\",\"target\":{\"@type\":\"EntryPoint\",\"urlTemplate\":\"https:\/\/dev3.illycafe.ch\/dev3.illycafe.ch\/?s={search_term_string}\"},\"query-input\":{\"@type\":\"PropertyValueSpecification\",\"valueRequired\":true,\"valueName\":\"search_term_string\"}}],\"inLanguage\":\"it-IT\"}]}<\/script>\n<!-- \/ Yoast SEO plugin. -->","yoast_head_json":{"title":"goungutz250 - Illycaf\u00e9 | Premium Kaffee kaufen | Gastronomie, Firmen, Privat","robots":{"index":"noindex","follow":"follow","max-snippet":"max-snippet:-1","max-image-preview":"max-image-preview:large","max-video-preview":"max-video-preview:-1"},"og_locale":"it_IT","og_type":"article","og_title":"goungutz250 - Illycaf\u00e9 | Premium Kaffee kaufen | Gastronomie, Firmen, Privat","og_description":"Torrefazione scura e raffinata \u2013 Gourmet Napoli \u00e8 la miscela italiana per eccellenza. Il gusto terroso e potente con note dolci di cioccolato soddisfa le papille dell\u2019appassionato pi\u00f9 esigente. Un caff\u00e8 dal gusto fresco e persistente grazie ad una piacevole nota acida. Un caff\u00e8 con gran carattere per gli amanti dell\u2019espresso e del ristretto che vogliono godere sino all\u2019ultimo sorso dell\u2019aroma speziato e di una bella crema. ProvenienzeBrasile, Guatemala, Africa orientale, India","og_url":"https:\/\/dev3.illycafe.ch\/it\/prodotto\/219729\/","og_site_name":"Illycaf\u00e9 | Premium Kaffee kaufen | Gastronomie, Firmen, Privat","article_modified_time":"2026-01-29T16:10:14+00:00","og_image":[{"width":350,"height":458,"url":"https:\/\/dev3.illycafe.ch\/wp-content\/uploads\/1653_0_1_kgoutz534-100-gourmet-ground-coffee-napoli-250g.png","type":"image\/png"}],"twitter_card":"summary_large_image","schema":{"@context":"https:\/\/schema.org","@graph":[{"@type":"WebPage","@id":"https:\/\/dev3.illycafe.ch\/it\/prodotto\/219729\/","url":"https:\/\/dev3.illycafe.ch\/it\/prodotto\/219729\/","name":"goungutz250 - Illycaf\u00e9 | Premium Kaffee kaufen | Gastronomie, Firmen, Privat","isPartOf":{"@id":"https:\/\/dev3.illycafe.ch\/dev3.illycafe.ch\/#website"},"primaryImageOfPage":{"@id":"https:\/\/dev3.illycafe.ch\/it\/prodotto\/219729\/#primaryimage"},"image":{"@id":"https:\/\/dev3.illycafe.ch\/it\/prodotto\/219729\/#primaryimage"},"thumbnailUrl":"https:\/\/dev3.illycafe.ch\/wp-content\/uploads\/1653_0_1_kgoutz534-100-gourmet-ground-coffee-napoli-250g.png","datePublished":"2025-02-06T09:32:16+00:00","dateModified":"2026-01-29T16:10:14+00:00","breadcrumb":{"@id":"https:\/\/dev3.illycafe.ch\/it\/prodotto\/219729\/#breadcrumb"},"inLanguage":"it-IT","potentialAction":[{"@type":"ReadAction","target":["https:\/\/dev3.illycafe.ch\/it\/prodotto\/219729\/"]}]},{"@type":"ImageObject","inLanguage":"it-IT","@id":"https:\/\/dev3.illycafe.ch\/it\/prodotto\/219729\/#primaryimage","url":"https:\/\/dev3.illycafe.ch\/wp-content\/uploads\/1653_0_1_kgoutz534-100-gourmet-ground-coffee-napoli-250g.png","contentUrl":"https:\/\/dev3.illycafe.ch\/wp-content\/uploads\/1653_0_1_kgoutz534-100-gourmet-ground-coffee-napoli-250g.png","width":350,"height":458},{"@type":"BreadcrumbList","@id":"https:\/\/dev3.illycafe.ch\/it\/prodotto\/219729\/#breadcrumb","itemListElement":[{"@type":"ListItem","position":1,"name":"Home","item":"https:\/\/dev3.illycafe.ch\/it\/"},{"@type":"ListItem","position":2,"name":"Shop","item":"https:\/\/dev3.illycafe.ch\/dev3.illycafe.ch\/it\/shop\/"},{"@type":"ListItem","position":3,"name":"goungutz250"}]},{"@type":"WebSite","@id":"https:\/\/dev3.illycafe.ch\/dev3.illycafe.ch\/#website","url":"https:\/\/dev3.illycafe.ch\/dev3.illycafe.ch\/","name":"Illycaf\u00e9 | Premium Kaffee kaufen | Gastronomie, Firmen, Privat","description":"Italienische Kaffeekultur. Schweizer Qualit\u00e4t.","potentialAction":[{"@type":"SearchAction","target":{"@type":"EntryPoint","urlTemplate":"https:\/\/dev3.illycafe.ch\/dev3.illycafe.ch\/?s={search_term_string}"},"query-input":{"@type":"PropertyValueSpecification","valueRequired":true,"valueName":"search_term_string"}}],"inLanguage":"it-IT"}]}},"_links":{"self":[{"href":"https:\/\/dev3.illycafe.ch\/it\/wp-json\/wp\/v2\/product\/219729","targetHints":{"allow":["GET"]}}],"collection":[{"href":"https:\/\/dev3.illycafe.ch\/it\/wp-json\/wp\/v2\/product"}],"about":[{"href":"https:\/\/dev3.illycafe.ch\/it\/wp-json\/wp\/v2\/types\/product"}],"replies":[{"embeddable":true,"href":"https:\/\/dev3.illycafe.ch\/it\/wp-json\/wp\/v2\/comments?post=219729"}],"wp:featuredmedia":[{"embeddable":true,"href":"https:\/\/dev3.illycafe.ch\/it\/wp-json\/wp\/v2\/media\/221961"}],"wp:attachment":[{"href":"https:\/\/dev3.illycafe.ch\/it\/wp-json\/wp\/v2\/media?parent=219729"}],"wp:term":[{"taxonomy":"product_brand","embeddable":true,"href":"https:\/\/dev3.illycafe.ch\/it\/wp-json\/wp\/v2\/product_brand?post=219729"},{"taxonomy":"product_cat","embeddable":true,"href":"https:\/\/dev3.illycafe.ch\/it\/wp-json\/wp\/v2\/product_cat?post=219729"},{"taxonomy":"product_tag","embeddable":true,"href":"https:\/\/dev3.illycafe.ch\/it\/wp-json\/wp\/v2\/product_tag?post=219729"}],"curies":[{"name":"wp","href":"https:\/\/api.w.org\/{rel}","templated":true}]}}