{"id":219816,"date":"2025-02-06T10:37:28","date_gmt":"2025-02-06T09:37:33","guid":{"rendered":"https:\/\/dev3.illycafe.ch\/produkt\/prodotto-18\/"},"modified":"2026-01-29T17:10:54","modified_gmt":"2026-01-29T16:10:54","slug":"219816","status":"publish","type":"product","link":"https:\/\/dev3.illycafe.ch\/it\/prodotto\/219816\/","title":{"rendered":"Desita500"},"content":{"rendered":"<div class='html translation-block'>\n<p>\n      <span align=\"start\" style=\"letter-spacing:normal;text-indent:0px;text-transform:none;display:!important\"><font face=\"Open Sans, sans-serif\" size=\"18px\">Un<br \/>\n      caff\u00e8 dal carattere forte per gli amanti dell\u2019espresso e del Caf\u00e9 Cr\u00e8me<br \/>\n      Single Origin che vogliono assaporare i sapori esclusivi di questa<br \/>\n      variet\u00e0 unica di Arabica. La bella dolcezza, il leggero aroma di limone<br \/>\n      e la fine nota di cioccolato lusingano il palato. I sapori incidono<br \/>\n      sulla tazza molto piacevole e armoniosa. Questa variet\u00e0 unica convince<br \/>\n      per la sua speciale alta qualit\u00e0. <\/font><\/span>\n    <\/p>\n<p>\n      Il caff\u00e8 certificato Utz, prodotto con chicchi di caff\u00e8 100% Arabica di<br \/>\n      un unico tipo, \u00e8 disponibile in sacchi da 500 grammi.\n    <\/p>\n<p>\n      <span align=\"start\" style=\"letter-spacing:normal;text-indent:0px;text-transform:none;display:!important\"><font face=\"Open Sans, sans-serif\" size=\"18px\">Il<br \/>\n      caff\u00e8 proviene da Jima, una fresca regione montuosa dell\u2019Etiopia<br \/>\n      sudoccidentale, nota per le sue buone condizioni per la maturazione<br \/>\n      lenta delle ciliege di<\/font><\/span><font face=\"Open Sans, sans-serif\" size=\"18px\">\u00a0<span align=\"start\" style=\"letter-spacing:normal;text-indent:0px;text-transform:none;display:!important\">caff\u00e8.<br \/>\n      <\/span><\/font>\n    <\/p>\n<p>\n      \u00a0\n    <\/p>\n<p>\n      <strong style=\"background-position: center center;background-repeat:repeat;background-attachment:scroll;border-top-style:none;border-top-width:0px;border-right-style:none;border-right-width:0px;border-bottom-style:none;border-bottom-width:0px;border-left-style:none;border-left-width:0px;margin-top:0px;margin-right:0px;margin-bottom:0px;margin-left:0px;padding-top:0px;padding-right:0px;padding-bottom:0px;padding-left:0px;letter-spacing:normal;text-indent:0px;text-transform:none\"><b><font face=\"Open Sans, sans-serif\" size=\"18px\">Provenienze<\/font><\/b><\/strong><font face=\"Open Sans, sans-serif\" size=\"18px\"><br style=\"letter-spacing:normal;text-indent:0px;text-transform:none\" \/><span align=\"start\" style=\"letter-spacing:normal;text-indent:0px;text-transform:none;display:!important\">Jima<\/span><\/font>\n    <\/p>\n<p>\n  <\/div>\n","protected":false},"excerpt":{"rendered":"<p>Un caff\u00e8 dal carattere forte per gli amanti dell\u2019espresso e del Caf\u00e9 Cr\u00e8me Single Origin che vogliono assaporare i sapori esclusivi di questa variet\u00e0 unica di Arabica. La bella dolcezza, il leggero aroma di limone e la fine nota di cioccolato lusingano il palato. I sapori incidono sulla tazza molto piacevole e armoniosa. Questa variet\u00e0 unica convince per la sua speciale alta qualit\u00e0. Il caff\u00e8 certificato Utz, prodotto con chicchi di caff\u00e8 [&hellip;]<\/p>\n","protected":false},"featured_media":221943,"comment_status":"open","ping_status":"closed","template":"","meta":{"inline_featured_image":false},"product_brand":[],"product_cat":[1462,1531,1563],"product_tag":[],"class_list":{"0":"post-219816","1":"product","2":"type-product","3":"status-publish","4":"has-post-thumbnail","6":"product_cat-bohnen-3","7":"product_cat-single-origin-bohnen-3","8":"product_cat-shop-ch-3","10":"first","11":"instock","12":"taxable","13":"shipping-taxable","14":"purchasable","15":"product-type-simple"},"group_of_quantity":0,"min_quantity":0,"max_quantity":"","exclude_order_quantity_value_rules":"no","exclude_category_quantity_rules":"no","combine_variations":"no","yoast_head":"<!-- This site is optimized with the Yoast SEO plugin v24.4 - https:\/\/yoast.com\/wordpress\/plugins\/seo\/ -->\n<title>Desita500 - Illycaf\u00e9 | Premium Kaffee kaufen | Gastronomie, Firmen, Privat<\/title>\n<meta name=\"robots\" content=\"noindex, follow, max-snippet:-1, max-image-preview:large, max-video-preview:-1\" \/>\n<meta property=\"og:locale\" content=\"it_IT\" \/>\n<meta property=\"og:type\" content=\"article\" \/>\n<meta property=\"og:title\" content=\"Desita500 - Illycaf\u00e9 | Premium Kaffee kaufen | Gastronomie, Firmen, Privat\" \/>\n<meta property=\"og:description\" content=\"Un caff\u00e8 dal carattere forte per gli amanti dell\u2019espresso e del Caf\u00e9 Cr\u00e8me Single Origin che vogliono assaporare i sapori esclusivi di questa variet\u00e0 unica di Arabica. La bella dolcezza, il leggero aroma di limone e la fine nota di cioccolato lusingano il palato. I sapori incidono sulla tazza molto piacevole e armoniosa. Questa variet\u00e0 unica convince per la sua speciale alta qualit\u00e0. Il caff\u00e8 certificato Utz, prodotto con chicchi di caff\u00e8 [&hellip;]\" \/>\n<meta property=\"og:url\" content=\"https:\/\/dev3.illycafe.ch\/it\/prodotto\/219816\/\" \/>\n<meta property=\"og:site_name\" content=\"Illycaf\u00e9 | Premium Kaffee kaufen | Gastronomie, Firmen, Privat\" \/>\n<meta property=\"article:modified_time\" content=\"2026-01-29T16:10:54+00:00\" \/>\n<meta property=\"og:image\" content=\"https:\/\/dev3.illycafe.ch\/wp-content\/uploads\/1945_0_1_kdesita403-100-fesita-illy-limu-single-origin-bohnen-500g-2024.png\" \/>\n\t<meta property=\"og:image:width\" content=\"350\" \/>\n\t<meta property=\"og:image:height\" content=\"534\" \/>\n\t<meta property=\"og:image:type\" content=\"image\/png\" \/>\n<meta name=\"twitter:card\" content=\"summary_large_image\" \/>\n<meta name=\"twitter:label1\" content=\"Tempo di lettura stimato\" \/>\n\t<meta name=\"twitter:data1\" content=\"1 minuto\" \/>\n<script type=\"application\/ld+json\" class=\"yoast-schema-graph\">{\"@context\":\"https:\/\/schema.org\",\"@graph\":[{\"@type\":\"WebPage\",\"@id\":\"https:\/\/dev3.illycafe.ch\/it\/prodotto\/219816\/\",\"url\":\"https:\/\/dev3.illycafe.ch\/it\/prodotto\/219816\/\",\"name\":\"Desita500 - Illycaf\u00e9 | Premium Kaffee kaufen | Gastronomie, Firmen, Privat\",\"isPartOf\":{\"@id\":\"https:\/\/dev3.illycafe.ch\/dev3.illycafe.ch\/#website\"},\"primaryImageOfPage\":{\"@id\":\"https:\/\/dev3.illycafe.ch\/it\/prodotto\/219816\/#primaryimage\"},\"image\":{\"@id\":\"https:\/\/dev3.illycafe.ch\/it\/prodotto\/219816\/#primaryimage\"},\"thumbnailUrl\":\"https:\/\/dev3.illycafe.ch\/wp-content\/uploads\/1945_0_1_kdesita403-100-fesita-illy-limu-single-origin-bohnen-500g-2024.png\",\"datePublished\":\"2025-02-06T09:37:33+00:00\",\"dateModified\":\"2026-01-29T16:10:54+00:00\",\"breadcrumb\":{\"@id\":\"https:\/\/dev3.illycafe.ch\/it\/prodotto\/219816\/#breadcrumb\"},\"inLanguage\":\"it-IT\",\"potentialAction\":[{\"@type\":\"ReadAction\",\"target\":[\"https:\/\/dev3.illycafe.ch\/it\/prodotto\/219816\/\"]}]},{\"@type\":\"ImageObject\",\"inLanguage\":\"it-IT\",\"@id\":\"https:\/\/dev3.illycafe.ch\/it\/prodotto\/219816\/#primaryimage\",\"url\":\"https:\/\/dev3.illycafe.ch\/wp-content\/uploads\/1945_0_1_kdesita403-100-fesita-illy-limu-single-origin-bohnen-500g-2024.png\",\"contentUrl\":\"https:\/\/dev3.illycafe.ch\/wp-content\/uploads\/1945_0_1_kdesita403-100-fesita-illy-limu-single-origin-bohnen-500g-2024.png\",\"width\":350,\"height\":534},{\"@type\":\"BreadcrumbList\",\"@id\":\"https:\/\/dev3.illycafe.ch\/it\/prodotto\/219816\/#breadcrumb\",\"itemListElement\":[{\"@type\":\"ListItem\",\"position\":1,\"name\":\"Home\",\"item\":\"https:\/\/dev3.illycafe.ch\/it\/\"},{\"@type\":\"ListItem\",\"position\":2,\"name\":\"Shop\",\"item\":\"https:\/\/dev3.illycafe.ch\/dev3.illycafe.ch\/it\/shop\/\"},{\"@type\":\"ListItem\",\"position\":3,\"name\":\"Desita500\"}]},{\"@type\":\"WebSite\",\"@id\":\"https:\/\/dev3.illycafe.ch\/dev3.illycafe.ch\/#website\",\"url\":\"https:\/\/dev3.illycafe.ch\/dev3.illycafe.ch\/\",\"name\":\"Illycaf\u00e9 | Premium Kaffee kaufen | Gastronomie, Firmen, Privat\",\"description\":\"Italienische Kaffeekultur. Schweizer Qualit\u00e4t.\",\"potentialAction\":[{\"@type\":\"SearchAction\",\"target\":{\"@type\":\"EntryPoint\",\"urlTemplate\":\"https:\/\/dev3.illycafe.ch\/dev3.illycafe.ch\/?s={search_term_string}\"},\"query-input\":{\"@type\":\"PropertyValueSpecification\",\"valueRequired\":true,\"valueName\":\"search_term_string\"}}],\"inLanguage\":\"it-IT\"}]}<\/script>\n<!-- \/ Yoast SEO plugin. -->","yoast_head_json":{"title":"Desita500 - Illycaf\u00e9 | Premium Kaffee kaufen | Gastronomie, Firmen, Privat","robots":{"index":"noindex","follow":"follow","max-snippet":"max-snippet:-1","max-image-preview":"max-image-preview:large","max-video-preview":"max-video-preview:-1"},"og_locale":"it_IT","og_type":"article","og_title":"Desita500 - Illycaf\u00e9 | Premium Kaffee kaufen | Gastronomie, Firmen, Privat","og_description":"Un caff\u00e8 dal carattere forte per gli amanti dell\u2019espresso e del Caf\u00e9 Cr\u00e8me Single Origin che vogliono assaporare i sapori esclusivi di questa variet\u00e0 unica di Arabica. La bella dolcezza, il leggero aroma di limone e la fine nota di cioccolato lusingano il palato. I sapori incidono sulla tazza molto piacevole e armoniosa. Questa variet\u00e0 unica convince per la sua speciale alta qualit\u00e0. Il caff\u00e8 certificato Utz, prodotto con chicchi di caff\u00e8 [&hellip;]","og_url":"https:\/\/dev3.illycafe.ch\/it\/prodotto\/219816\/","og_site_name":"Illycaf\u00e9 | Premium Kaffee kaufen | Gastronomie, Firmen, Privat","article_modified_time":"2026-01-29T16:10:54+00:00","og_image":[{"width":350,"height":534,"url":"https:\/\/dev3.illycafe.ch\/wp-content\/uploads\/1945_0_1_kdesita403-100-fesita-illy-limu-single-origin-bohnen-500g-2024.png","type":"image\/png"}],"twitter_card":"summary_large_image","twitter_misc":{"Tempo di lettura stimato":"1 minuto"},"schema":{"@context":"https:\/\/schema.org","@graph":[{"@type":"WebPage","@id":"https:\/\/dev3.illycafe.ch\/it\/prodotto\/219816\/","url":"https:\/\/dev3.illycafe.ch\/it\/prodotto\/219816\/","name":"Desita500 - Illycaf\u00e9 | Premium Kaffee kaufen | Gastronomie, Firmen, Privat","isPartOf":{"@id":"https:\/\/dev3.illycafe.ch\/dev3.illycafe.ch\/#website"},"primaryImageOfPage":{"@id":"https:\/\/dev3.illycafe.ch\/it\/prodotto\/219816\/#primaryimage"},"image":{"@id":"https:\/\/dev3.illycafe.ch\/it\/prodotto\/219816\/#primaryimage"},"thumbnailUrl":"https:\/\/dev3.illycafe.ch\/wp-content\/uploads\/1945_0_1_kdesita403-100-fesita-illy-limu-single-origin-bohnen-500g-2024.png","datePublished":"2025-02-06T09:37:33+00:00","dateModified":"2026-01-29T16:10:54+00:00","breadcrumb":{"@id":"https:\/\/dev3.illycafe.ch\/it\/prodotto\/219816\/#breadcrumb"},"inLanguage":"it-IT","potentialAction":[{"@type":"ReadAction","target":["https:\/\/dev3.illycafe.ch\/it\/prodotto\/219816\/"]}]},{"@type":"ImageObject","inLanguage":"it-IT","@id":"https:\/\/dev3.illycafe.ch\/it\/prodotto\/219816\/#primaryimage","url":"https:\/\/dev3.illycafe.ch\/wp-content\/uploads\/1945_0_1_kdesita403-100-fesita-illy-limu-single-origin-bohnen-500g-2024.png","contentUrl":"https:\/\/dev3.illycafe.ch\/wp-content\/uploads\/1945_0_1_kdesita403-100-fesita-illy-limu-single-origin-bohnen-500g-2024.png","width":350,"height":534},{"@type":"BreadcrumbList","@id":"https:\/\/dev3.illycafe.ch\/it\/prodotto\/219816\/#breadcrumb","itemListElement":[{"@type":"ListItem","position":1,"name":"Home","item":"https:\/\/dev3.illycafe.ch\/it\/"},{"@type":"ListItem","position":2,"name":"Shop","item":"https:\/\/dev3.illycafe.ch\/dev3.illycafe.ch\/it\/shop\/"},{"@type":"ListItem","position":3,"name":"Desita500"}]},{"@type":"WebSite","@id":"https:\/\/dev3.illycafe.ch\/dev3.illycafe.ch\/#website","url":"https:\/\/dev3.illycafe.ch\/dev3.illycafe.ch\/","name":"Illycaf\u00e9 | Premium Kaffee kaufen | Gastronomie, Firmen, Privat","description":"Italienische Kaffeekultur. Schweizer Qualit\u00e4t.","potentialAction":[{"@type":"SearchAction","target":{"@type":"EntryPoint","urlTemplate":"https:\/\/dev3.illycafe.ch\/dev3.illycafe.ch\/?s={search_term_string}"},"query-input":{"@type":"PropertyValueSpecification","valueRequired":true,"valueName":"search_term_string"}}],"inLanguage":"it-IT"}]}},"_links":{"self":[{"href":"https:\/\/dev3.illycafe.ch\/it\/wp-json\/wp\/v2\/product\/219816","targetHints":{"allow":["GET"]}}],"collection":[{"href":"https:\/\/dev3.illycafe.ch\/it\/wp-json\/wp\/v2\/product"}],"about":[{"href":"https:\/\/dev3.illycafe.ch\/it\/wp-json\/wp\/v2\/types\/product"}],"replies":[{"embeddable":true,"href":"https:\/\/dev3.illycafe.ch\/it\/wp-json\/wp\/v2\/comments?post=219816"}],"wp:featuredmedia":[{"embeddable":true,"href":"https:\/\/dev3.illycafe.ch\/it\/wp-json\/wp\/v2\/media\/221943"}],"wp:attachment":[{"href":"https:\/\/dev3.illycafe.ch\/it\/wp-json\/wp\/v2\/media?parent=219816"}],"wp:term":[{"taxonomy":"product_brand","embeddable":true,"href":"https:\/\/dev3.illycafe.ch\/it\/wp-json\/wp\/v2\/product_brand?post=219816"},{"taxonomy":"product_cat","embeddable":true,"href":"https:\/\/dev3.illycafe.ch\/it\/wp-json\/wp\/v2\/product_cat?post=219816"},{"taxonomy":"product_tag","embeddable":true,"href":"https:\/\/dev3.illycafe.ch\/it\/wp-json\/wp\/v2\/product_tag?post=219816"}],"curies":[{"name":"wp","href":"https:\/\/api.w.org\/{rel}","templated":true}]}}