{"id":220177,"date":"2025-02-06T11:09:51","date_gmt":"2025-02-06T10:09:53","guid":{"rendered":"https:\/\/dev3.illycafe.ch\/produkt\/prodotto-29\/"},"modified":"2025-04-18T18:00:50","modified_gmt":"2025-04-18T16:00:50","slug":"220177","status":"publish","type":"product","link":"https:\/\/dev3.illycafe.ch\/it\/prodotto\/220177\/","title":{"rendered":"et Art Pascale M.Tayou"},"content":{"rendered":"<section class=\"wpb-content-wrapper\"><p>[vc_row][vc_column][vc_column_text]Set da 2 tazzine da espresso della illy Art Collection Pascale Marthine Tayou. Diverse forme caratteristiche del lavoro dell\u2019artista sono state utilizzate e combinate per questa illy Art Collection. Mescolando ispirazioni nate da culture e geografie diverse, l\u2019arte di Pascale Marthine Tayou \u00e8 un omaggio colorato e vivace a una vita piena di nuove possibilit\u00e0.[\/vc_column_text][\/vc_column][\/vc_row][vc_row el_class=&#8221;none-sub-products&#8221; el_id=&#8221;sub-product-acc&#8221; css=&#8221;.vc_custom_1722497764635{background-color: #f2e9da !important;}&#8221;][vc_column width=&#8221;1\/6&#8243;][\/vc_column][vc_column width=&#8221;2\/3&#8243; css=&#8221;.vc_custom_1722498426609{padding-top: 80px !important;padding-bottom: 80px !important;}&#8221;]<div class=\"eltdf-accordion-holder eltdf-ac-default  eltdf-toggle eltdf-ac-simple  clearfix\">\n\t<h4 class=\"eltdf-accordion-title\">\n    <span class=\"eltdf-accordion-mark\">\n\t\t<span class=\"eltdf_icon_plus icon_plus\"><\/span>\n\t\t<span class=\"eltdf_icon_minus icon_minus-06\"><\/span>\n\t<\/span>\n\t<span class=\"eltdf-tab-title\">Dettagli del prodotto<\/span>\n<\/h4>\n<div class=\"eltdf-accordion-content\">\n\t<div class=\"eltdf-accordion-content-inner\">\n\t\t[vc_column_text css=&#8221;&#8221;]Rif. prodotto:24346[\/vc_column_text]\t<\/div>\n<\/div><h4 class=\"eltdf-accordion-title\">\n    <span class=\"eltdf-accordion-mark\">\n\t\t<span class=\"eltdf_icon_plus icon_plus\"><\/span>\n\t\t<span class=\"eltdf_icon_minus icon_minus-06\"><\/span>\n\t<\/span>\n\t<span class=\"eltdf-tab-title\">Spedizione<\/span>\n<\/h4>\n<div class=\"eltdf-accordion-content\">\n\t<div class=\"eltdf-accordion-content-inner\">\n\t\t[vc_column_text css=&#8221;&#8221;]Consegna, Costi di spedizione, Metodi di pagamentoConsegna:Il tuo ordine verr\u00e0 consegnato in modo rapido e affidabile. Collaboriamo con SwissPost. Con la spedizione della merce, il rischio passa al compratore. Le informazioni sulla disponibilit\u00e0 e sui tempi di consegna non sono vincolanti, a meno che non siano confermate per iscritto dal venditore. La consegna avviene o tramite posta o secondo il piano di itinerari tramite camion, solo all&#8217;interno della Svizzera. Il tempo di consegna \u00e8 generalmente tra 3 e 5 giorni. Se il cliente lo richiede espressamente, gli ordini saranno spediti tramite servizio espresso o corriere. In questi casi, per\u00f2, le spese di spedizione verranno sempre addebitate.Costi di spedizione:Spedizione gratuita per ordini superiori a Fr.100.00 Prodotti Illy Triest: Fr.10.25 \/ IVA inclusa e spedizione gratuita da Fr.100.00 Prodotti Illy Svizzera fino a 1,5 kg Fr.9.50 IVA inclusa \/ oltre 1,6 kg Fr.10.25 IVA inclusa Capsule da 1 a 7 pezzi Fr.4.75 IVA inclusa Capsule da 8 a 29 pezzi Fr.5.40 IVA inclusa Da 30 capsule spedizione gratuita Gli indirizzi di caselle postali non vengono serviti. Illycaf\u00e9 AG non \u00e8 responsabile per ritardi nelle consegne causati da aziende di trasporto o altri terzi. Gli ordini effettuati di sabato, domenica o durante i giorni festivi verranno elaborati al pi\u00f9 presto il giorno lavorativo successivo. Pu\u00f2 succedere che l&#8217;ordine venga confezionato in pi\u00f9 pacchi che potrebbero arrivare in giorni diversi.PaypalCarta di credito: VISA, MASTERCARD, AMERICAN EXPRESS [\/vc_column_text]\t<\/div>\n<\/div><\/div>[\/vc_column][vc_column width=&#8221;1\/6&#8243;][\/vc_column][\/vc_row][vc_row el_class=&#8221;none-sub-products&#8221;][vc_column width=&#8221;1\/12&#8243;][\/vc_column][vc_column width=&#8221;10\/12&#8243;][vc_column_text]<div data-post-id=\"104374\" class=\"insert-page insert-page-104374 \"><style type=\"text\/css\" data-type=\"vc_custom-css\">div#illy-lovers-banner .titol-banner h4 {\r\n    font-size: 30px;\r\n    font-family: &#039;Manrope&#039;, sans-serif;\r\n    color: #512C1F !important;\r\n    font-weight: 500;\r\n    margin-top: 0px !important;\r\n    letter-spacing: 0px;\r\n}\r\n\r\ndiv#illy-lovers-banner .text-banner p{\r\n    font-family: &#039;Manrope&#039;, sans-serif;\r\n    color: #512c1f;\r\n    font-size: 16px;\r\n    font-weight: 500;\r\n}\r\n\r\na.btn-brown button {\r\n    background: #512c1f !important;\r\n    color: #fff !important;\r\n    letter-spacing: 0px;\r\n    border-radius: 5px !important;\r\n    padding: 8px 35px !important;\r\n    font-family: &#039;Manrope&#039;, sans-serif !important;\r\n    font-weight: 500;\r\n    font-size: 14px !important;\r\n    transition: linear 0.7s;\r\n    margin-top:10px !important;\r\n}\r\n\r\na.btn-brown button:hover {\r\n    box-shadow: inset 0px -100px 0px #D12420;\r\n\tcolor:#fff !important;\r\n}<\/style><style type=\"text\/css\" data-type=\"vc_shortcodes-custom-css\">.vc_custom_1723021922849{margin-top: 50px !important;margin-bottom: 80px !important;padding-top: 40px !important;padding-right: 30px !important;padding-bottom: 40px !important;padding-left: 30px !important;background: #ffffff url(https:\/\/dev3.illycafe.ch\/wp-content\/uploads\/img_04@2x.jpg?id=104376) !important;background-position: center !important;background-repeat: no-repeat !important;background-size: cover !important;}.vc_custom_1722931185055{margin-top: 0px !important;margin-bottom: 0px !important;margin-left: 0px !important;padding-top: 0px !important;padding-right: 0px !important;padding-bottom: 0px !important;padding-left: 0px !important;}<\/style><section class=\"wpb-content-wrapper\"><p>[vc_row css=&#8221;.vc_custom_1723021922849{margin-top: 50px !important;margin-bottom: 80px !important;padding-top: 40px !important;padding-right: 30px !important;padding-bottom: 40px !important;padding-left: 30px !important;background: #ffffff url(https:\/\/dev3.illycafe.ch\/wp-content\/uploads\/img_04@2x.jpg?id=104376) !important;background-position: center center;background-repeat: no-repeat !important;background-size: cover !important;}&#8221; el_id=&#8221;illy-lovers-banner&#8221;][vc_column css=&#8221;.vc_custom_1722931185055{margin-top: 0px !important;margin-bottom: 0px !important;margin-left: 0px !important;padding-top: 0px !important;padding-right: 0px !important;padding-bottom: 0px !important;padding-left: 0px !important;}&#8221;][vc_column_text el_class=&#8221;titol-banner&#8221;]<\/p>\n<h4>ILLY LOVERS<\/h4>\n<p>[\/vc_column_text][vc_column_text el_class=&#8221;text-banner&#8221;]Entra a far parte della community e scopri le sorprese<br \/>\ne i vantaggi esclusivi riservati a te.[\/vc_column_text][vc_raw_html]JTNDYSUyMGNsYXNzJTNEJTIyYnRuLWJyb3duJTIyJTNFJTNDYnV0dG9uJTNFSW5zY3JpYml0aSUyMG9yYSUzQyUyRmJ1dHRvbiUzRSUzQyUyRmElM0U=[\/vc_raw_html][\/vc_column][\/vc_row]<\/p>\n<\/section><\/div>[\/vc_column_text][\/vc_column][vc_column width=&#8221;1\/12&#8243;][\/vc_column][\/vc_row]<\/p>\n<\/section>","protected":false},"excerpt":{"rendered":"<p>[vc_row][vc_column][vc_column_text]Set da 2 tazzine da espresso della illy Art Collection Pascale Marthine Tayou. Diverse forme caratteristiche del lavoro dell\u2019artista sono state utilizzate e combinate per questa illy Art Collection. Mescolando ispirazioni nate da culture e geografie diverse, l\u2019arte di Pascale Marthine Tayou \u00e8 un omaggio colorato e vivace a una vita piena di nuove possibilit\u00e0.[\/vc_column_text][\/vc_column][\/vc_row][vc_row el_class=&#8221;none-sub-products&#8221; el_id=&#8221;sub-product-acc&#8221; css=&#8221;.vc_custom_1722497764635{background-color: #f2e9da !important;}&#8221;][vc_column width=&#8221;1\/6&#8243;][\/vc_column][vc_column width=&#8221;2\/3&#8243; css=&#8221;.vc_custom_1722498426609{padding-top: 80px !important;padding-bottom: 80px !important;}&#8221;][\/vc_column][vc_column width=&#8221;1\/6&#8243;][\/vc_column][\/vc_row][vc_row el_class=&#8221;none-sub-products&#8221;][vc_column width=&#8221;1\/12&#8243;][\/vc_column][vc_column width=&#8221;10\/12&#8243;][vc_column_text][\/vc_column_text][\/vc_column][vc_column width=&#8221;1\/12&#8243;][\/vc_column][\/vc_row]<\/p>\n","protected":false},"featured_media":0,"comment_status":"open","ping_status":"closed","template":"","meta":{"inline_featured_image":false},"product_brand":[],"product_cat":[1603,1560,1566],"product_tag":[],"class_list":{"0":"post-220177","1":"product","2":"type-product","3":"status-publish","5":"product_cat-espressotassen-art-collection-3","6":"product_cat-art-collection-3","7":"product_cat-shop-it-3","9":"first","10":"instock","11":"taxable","12":"shipping-taxable","13":"purchasable","14":"product-type-simple"},"group_of_quantity":0,"min_quantity":0,"max_quantity":"","exclude_order_quantity_value_rules":"no","exclude_category_quantity_rules":"no","combine_variations":"no","yoast_head":"<!-- This site is optimized with the Yoast SEO plugin v24.4 - https:\/\/yoast.com\/wordpress\/plugins\/seo\/ -->\n<title>et Art Pascale M.Tayou - Illycaf\u00e9 | Premium Kaffee kaufen | Gastronomie, Firmen, Privat<\/title>\n<meta name=\"robots\" content=\"noindex, follow, max-snippet:-1, max-image-preview:large, max-video-preview:-1\" \/>\n<meta property=\"og:locale\" content=\"it_IT\" \/>\n<meta property=\"og:type\" content=\"article\" \/>\n<meta property=\"og:title\" content=\"et Art Pascale M.Tayou - Illycaf\u00e9 | Premium Kaffee kaufen | Gastronomie, Firmen, Privat\" \/>\n<meta property=\"og:description\" content=\"[vc_row][vc_column][vc_column_text]Set da 2 tazzine da espresso della illy Art Collection Pascale Marthine Tayou. Diverse forme caratteristiche del lavoro dell\u2019artista sono state utilizzate e combinate per questa illy Art Collection. Mescolando ispirazioni nate da culture e geografie diverse, l\u2019arte di Pascale Marthine Tayou \u00e8 un omaggio colorato e vivace a una vita piena di nuove possibilit\u00e0.[\/vc_column_text][\/vc_column][\/vc_row][vc_row el_class=&#8221;none-sub-products&#8221; el_id=&#8221;sub-product-acc&#8221; css=&#8221;.vc_custom_1722497764635{background-color: #f2e9da !important;}&#8221;][vc_column width=&#8221;1\/6&#8243;][\/vc_column][vc_column width=&#8221;2\/3&#8243; css=&#8221;.vc_custom_1722498426609{padding-top: 80px !important;padding-bottom: 80px !important;}&#8221;][\/vc_column][vc_column width=&#8221;1\/6&#8243;][\/vc_column][\/vc_row][vc_row el_class=&#8221;none-sub-products&#8221;][vc_column width=&#8221;1\/12&#8243;][\/vc_column][vc_column width=&#8221;10\/12&#8243;][vc_column_text][\/vc_column_text][\/vc_column][vc_column width=&#8221;1\/12&#8243;][\/vc_column][\/vc_row]\" \/>\n<meta property=\"og:url\" content=\"https:\/\/dev3.illycafe.ch\/it\/prodotto\/220177\/\" \/>\n<meta property=\"og:site_name\" content=\"Illycaf\u00e9 | Premium Kaffee kaufen | Gastronomie, Firmen, Privat\" \/>\n<meta property=\"article:modified_time\" content=\"2025-04-18T16:00:50+00:00\" \/>\n<meta name=\"twitter:card\" content=\"summary_large_image\" \/>\n<meta name=\"twitter:label1\" content=\"Tempo di lettura stimato\" \/>\n\t<meta name=\"twitter:data1\" content=\"2 minuti\" \/>\n<script type=\"application\/ld+json\" class=\"yoast-schema-graph\">{\"@context\":\"https:\/\/schema.org\",\"@graph\":[{\"@type\":\"WebPage\",\"@id\":\"https:\/\/dev3.illycafe.ch\/it\/prodotto\/220177\/\",\"url\":\"https:\/\/dev3.illycafe.ch\/it\/prodotto\/220177\/\",\"name\":\"et Art Pascale M.Tayou - Illycaf\u00e9 | Premium Kaffee kaufen | Gastronomie, Firmen, Privat\",\"isPartOf\":{\"@id\":\"https:\/\/dev3.illycafe.ch\/dev3.illycafe.ch\/#website\"},\"datePublished\":\"2025-02-06T10:09:53+00:00\",\"dateModified\":\"2025-04-18T16:00:50+00:00\",\"breadcrumb\":{\"@id\":\"https:\/\/dev3.illycafe.ch\/it\/prodotto\/220177\/#breadcrumb\"},\"inLanguage\":\"it-IT\",\"potentialAction\":[{\"@type\":\"ReadAction\",\"target\":[\"https:\/\/dev3.illycafe.ch\/it\/prodotto\/220177\/\"]}]},{\"@type\":\"BreadcrumbList\",\"@id\":\"https:\/\/dev3.illycafe.ch\/it\/prodotto\/220177\/#breadcrumb\",\"itemListElement\":[{\"@type\":\"ListItem\",\"position\":1,\"name\":\"Home\",\"item\":\"https:\/\/dev3.illycafe.ch\/it\/\"},{\"@type\":\"ListItem\",\"position\":2,\"name\":\"Shop\",\"item\":\"https:\/\/dev3.illycafe.ch\/dev3.illycafe.ch\/it\/shop\/\"},{\"@type\":\"ListItem\",\"position\":3,\"name\":\"et Art Pascale M.Tayou\"}]},{\"@type\":\"WebSite\",\"@id\":\"https:\/\/dev3.illycafe.ch\/dev3.illycafe.ch\/#website\",\"url\":\"https:\/\/dev3.illycafe.ch\/dev3.illycafe.ch\/\",\"name\":\"Illycaf\u00e9 | Premium Kaffee kaufen | Gastronomie, Firmen, Privat\",\"description\":\"Italienische Kaffeekultur. Schweizer Qualit\u00e4t.\",\"potentialAction\":[{\"@type\":\"SearchAction\",\"target\":{\"@type\":\"EntryPoint\",\"urlTemplate\":\"https:\/\/dev3.illycafe.ch\/dev3.illycafe.ch\/?s={search_term_string}\"},\"query-input\":{\"@type\":\"PropertyValueSpecification\",\"valueRequired\":true,\"valueName\":\"search_term_string\"}}],\"inLanguage\":\"it-IT\"}]}<\/script>\n<!-- \/ Yoast SEO plugin. -->","yoast_head_json":{"title":"et Art Pascale M.Tayou - Illycaf\u00e9 | Premium Kaffee kaufen | Gastronomie, Firmen, Privat","robots":{"index":"noindex","follow":"follow","max-snippet":"max-snippet:-1","max-image-preview":"max-image-preview:large","max-video-preview":"max-video-preview:-1"},"og_locale":"it_IT","og_type":"article","og_title":"et Art Pascale M.Tayou - Illycaf\u00e9 | Premium Kaffee kaufen | Gastronomie, Firmen, Privat","og_description":"[vc_row][vc_column][vc_column_text]Set da 2 tazzine da espresso della illy Art Collection Pascale Marthine Tayou. Diverse forme caratteristiche del lavoro dell\u2019artista sono state utilizzate e combinate per questa illy Art Collection. Mescolando ispirazioni nate da culture e geografie diverse, l\u2019arte di Pascale Marthine Tayou \u00e8 un omaggio colorato e vivace a una vita piena di nuove possibilit\u00e0.[\/vc_column_text][\/vc_column][\/vc_row][vc_row el_class=&#8221;none-sub-products&#8221; el_id=&#8221;sub-product-acc&#8221; css=&#8221;.vc_custom_1722497764635{background-color: #f2e9da !important;}&#8221;][vc_column width=&#8221;1\/6&#8243;][\/vc_column][vc_column width=&#8221;2\/3&#8243; css=&#8221;.vc_custom_1722498426609{padding-top: 80px !important;padding-bottom: 80px !important;}&#8221;][\/vc_column][vc_column width=&#8221;1\/6&#8243;][\/vc_column][\/vc_row][vc_row el_class=&#8221;none-sub-products&#8221;][vc_column width=&#8221;1\/12&#8243;][\/vc_column][vc_column width=&#8221;10\/12&#8243;][vc_column_text][\/vc_column_text][\/vc_column][vc_column width=&#8221;1\/12&#8243;][\/vc_column][\/vc_row]","og_url":"https:\/\/dev3.illycafe.ch\/it\/prodotto\/220177\/","og_site_name":"Illycaf\u00e9 | Premium Kaffee kaufen | Gastronomie, Firmen, Privat","article_modified_time":"2025-04-18T16:00:50+00:00","twitter_card":"summary_large_image","twitter_misc":{"Tempo di lettura stimato":"2 minuti"},"schema":{"@context":"https:\/\/schema.org","@graph":[{"@type":"WebPage","@id":"https:\/\/dev3.illycafe.ch\/it\/prodotto\/220177\/","url":"https:\/\/dev3.illycafe.ch\/it\/prodotto\/220177\/","name":"et Art Pascale M.Tayou - Illycaf\u00e9 | Premium Kaffee kaufen | Gastronomie, Firmen, Privat","isPartOf":{"@id":"https:\/\/dev3.illycafe.ch\/dev3.illycafe.ch\/#website"},"datePublished":"2025-02-06T10:09:53+00:00","dateModified":"2025-04-18T16:00:50+00:00","breadcrumb":{"@id":"https:\/\/dev3.illycafe.ch\/it\/prodotto\/220177\/#breadcrumb"},"inLanguage":"it-IT","potentialAction":[{"@type":"ReadAction","target":["https:\/\/dev3.illycafe.ch\/it\/prodotto\/220177\/"]}]},{"@type":"BreadcrumbList","@id":"https:\/\/dev3.illycafe.ch\/it\/prodotto\/220177\/#breadcrumb","itemListElement":[{"@type":"ListItem","position":1,"name":"Home","item":"https:\/\/dev3.illycafe.ch\/it\/"},{"@type":"ListItem","position":2,"name":"Shop","item":"https:\/\/dev3.illycafe.ch\/dev3.illycafe.ch\/it\/shop\/"},{"@type":"ListItem","position":3,"name":"et Art Pascale M.Tayou"}]},{"@type":"WebSite","@id":"https:\/\/dev3.illycafe.ch\/dev3.illycafe.ch\/#website","url":"https:\/\/dev3.illycafe.ch\/dev3.illycafe.ch\/","name":"Illycaf\u00e9 | Premium Kaffee kaufen | Gastronomie, Firmen, Privat","description":"Italienische Kaffeekultur. Schweizer Qualit\u00e4t.","potentialAction":[{"@type":"SearchAction","target":{"@type":"EntryPoint","urlTemplate":"https:\/\/dev3.illycafe.ch\/dev3.illycafe.ch\/?s={search_term_string}"},"query-input":{"@type":"PropertyValueSpecification","valueRequired":true,"valueName":"search_term_string"}}],"inLanguage":"it-IT"}]}},"_links":{"self":[{"href":"https:\/\/dev3.illycafe.ch\/it\/wp-json\/wp\/v2\/product\/220177","targetHints":{"allow":["GET"]}}],"collection":[{"href":"https:\/\/dev3.illycafe.ch\/it\/wp-json\/wp\/v2\/product"}],"about":[{"href":"https:\/\/dev3.illycafe.ch\/it\/wp-json\/wp\/v2\/types\/product"}],"replies":[{"embeddable":true,"href":"https:\/\/dev3.illycafe.ch\/it\/wp-json\/wp\/v2\/comments?post=220177"}],"wp:attachment":[{"href":"https:\/\/dev3.illycafe.ch\/it\/wp-json\/wp\/v2\/media?parent=220177"}],"wp:term":[{"taxonomy":"product_brand","embeddable":true,"href":"https:\/\/dev3.illycafe.ch\/it\/wp-json\/wp\/v2\/product_brand?post=220177"},{"taxonomy":"product_cat","embeddable":true,"href":"https:\/\/dev3.illycafe.ch\/it\/wp-json\/wp\/v2\/product_cat?post=220177"},{"taxonomy":"product_tag","embeddable":true,"href":"https:\/\/dev3.illycafe.ch\/it\/wp-json\/wp\/v2\/product_tag?post=220177"}],"curies":[{"name":"wp","href":"https:\/\/api.w.org\/{rel}","templated":true}]}}