{"id":220276,"date":"2025-02-06T12:03:07","date_gmt":"2025-02-06T11:03:17","guid":{"rendered":"https:\/\/dev3.illycafe.ch\/produkt\/prodotto-36\/"},"modified":"2025-09-15T04:55:00","modified_gmt":"2025-09-15T02:55:00","slug":"220276","status":"publish","type":"product","link":"https:\/\/dev3.illycafe.ch\/it\/prodotto\/220276\/","title":{"rendered":"docostarica250Bohnen"},"content":{"rendered":"<section class=\"wpb-content-wrapper\"><div class='html translation-block'>\n<p>\n      [vc_row][vc_column][vc_column_text]Il caff\u00e8 illy Costa Rica Arabica<br \/>\n      Selection \u00e8 caratterizzato da note dolci di miele, caramello e vaniglia,<br \/>\n      con sentori di agrumi e note di cioccolato e frutta<br \/>\n      secca.[\/vc_column_text][\/vc_column][\/vc_row][vc_row<br \/>\n      el_class&#061;&#034;none-sub-products&#034; el_id&#061;&#034;sub-product&#034;<br \/>\n      css&#061;&#034;.vc_custom_1723021695272{background-color: #ffffff<br \/>\n      !important;}&#034;][vc_column width&#061;&#034;1\/6&#034;][\/vc_column][vc_column width&#061;&#034;2\/3&#034;<br \/>\n      css&#061;&#034;.vc_custom_1722498456585{padding-top: 32px<br \/>\n      !important;padding-bottom: 32px !important;}&#034;][vc_column_text]\n    <\/p>\n<h2 align=\"center\">\n      Caratteristiche principali<br \/>\n    <\/h2>\n<p>    [\/vc_column_text][vc_empty_space height&#061;&#034;35px&#034;][vc_row_inner<br \/>\n    el_class&#061;&#034;row-icons&#034;][vc_column_inner width&#061;&#034;1\/3&#034;<br \/>\n    css&#061;&#034;.vc_custom_1723018477715{padding-right: 20px !important;padding-left:<br \/>\n    20px !important;}&#034;][vc_single_image image&#061;&#034;104380&#034; img_size&#061;&#034;60&#215;60&#034;<br \/>\n    alignment&#061;&#034;center&#034;][vc_column_text]<\/p>\n<h6 align=\"center\">\n      <strong>Il chicco:<\/strong><br \/>\n    <\/h6>\n<p align=\"center\">\n      Solo l\u20191% dei migliori chicchi di Arabica\n    <\/p>\n<p>    [\/vc_column_text][vc_empty_space<br \/>\n    height&#061;&#034;15px&#034;][\/vc_column_inner][vc_column_inner width&#061;&#034;1\/3&#034;<br \/>\n    css&#061;&#034;.vc_custom_1723018486731{padding-right: 20px !important;padding-left:<br \/>\n    20px !important;}&#034;][vc_single_image image&#061;&#034;104388&#034; img_size&#061;&#034;60&#215;60&#034;<br \/>\n    alignment&#061;&#034;center&#034;][vc_column_text css&#061;&#034;&#034;]<\/p>\n<h6 align=\"center\">\n      <strong>Preparazione del caff\u00e8:<\/strong><br \/>\n    <\/h6>\n<p align=\"center\">\n      Ideale per moka, filtro, Espresso e lungo\n    <\/p>\n<p>    [\/vc_column_text][vc_empty_space<br \/>\n    height&#061;&#034;15px&#034;][\/vc_column_inner][vc_column_inner width&#061;&#034;1\/3&#034;<br \/>\n    css&#061;&#034;.vc_custom_1723018493419{padding-right: 20px !important;padding-left:<br \/>\n    20px !important;}&#034;][vc_single_image image&#061;&#034;104385&#034; img_size&#061;&#034;60&#215;60&#034;<br \/>\n    alignment&#061;&#034;center&#034;][vc_column_text css&#061;&#034;&#034;]<\/p>\n<h6 align=\"center\">\n      <strong>Ideale per:<\/strong><br \/>\n    <\/h6>\n<p align=\"center\">\n      Adatto a tutte le preparazioni che preferisci\n    <\/p>\n<p>    [\/vc_column_text][vc_empty_space<br \/>\n    height&#061;&#034;15px&#034;][\/vc_column_inner][\/vc_row_inner][\/vc_column][vc_column<br \/>\n    width&#061;&#034;1\/6&#034;][\/vc_column][\/vc_row][vc_row el_class&#061;&#034;none-sub-products&#034;<br \/>\n    el_id&#061;&#034;sub-product-acc&#034; css&#061;&#034;.vc_custom_1722497764635{background-color:<br \/>\n    #f2e9da !important;}&#034;][vc_column width&#061;&#034;1\/6&#034;][\/vc_column][vc_column<br \/>\n    width&#061;&#034;2\/3&#034; css&#061;&#034;.vc_custom_1722498426609{padding-top: 80px<br \/>\n    !important;padding-bottom: 80px !important;}&#034;]<div class=\"eltdf-accordion-holder eltdf-ac-default  eltdf-accordion eltdf-ac-boxed  clearfix\">\n\t<p class=\"eltdf-accordion-title\">\n    <span class=\"eltdf-accordion-mark\">\n\t\t<span class=\"eltdf_icon_plus icon_plus\"><\/span>\n\t\t<span class=\"eltdf_icon_minus icon_minus-06\"><\/span>\n\t<\/span>\n\t<span class=\"eltdf-tab-title\">Section<\/span>\n<\/p>\n<div class=\"eltdf-accordion-content\">\n\t<div class=\"eltdf-accordion-content-inner\">\n\t\t[vc_column_text css&#061;&#034;&#034;]Arabica Selection \u00e8<br \/>\n    il viaggio nel gusto che ti porta a scoprire ogni diversa nota aromatica<br \/>\n    tipica dei singoli Paesi di provenienza che compongono il nostro blend.<br \/>\n    Come Arabica Selection Costa Rica, il caff\u00e8 dal gusto dolce, con note di<br \/>\n    caramello, cioccolato e vaniglia. Rif. prodotto:<br \/>\n    9980ST[\/vc_column_text][vc_row_inner<br \/>\n    el_id&#061;&#034;table-show&#034; css&#061;&#034;.vc_custom_1724745708717{margin-top: 30px<br \/>\n    !important;}&#034;][vc_column_inner width&#061;&#034;1\/2&#034;][\/vc_column_inner][vc_column_inner<br \/>\n    width&#061;&#034;1\/2&#034;][\/vc_column_inner][\/vc_row_inner]\t<\/div>\n<\/div><p class=\"eltdf-accordion-title\">\n    <span class=\"eltdf-accordion-mark\">\n\t\t<span class=\"eltdf_icon_plus icon_plus\"><\/span>\n\t\t<span class=\"eltdf_icon_minus icon_minus-06\"><\/span>\n\t<\/span>\n\t<span class=\"eltdf-tab-title\">Section<\/span>\n<\/p>\n<div class=\"eltdf-accordion-content\">\n\t<div class=\"eltdf-accordion-content-inner\">\n\t\t[vc_column_text css&#061;&#034;&#034;]Consegna, Costi<br \/>\n    di spedizione, Metodi di pagamento <strong>Consegna:<\/strong> Il tuo<br \/>\n    ordine verr\u00e0 consegnato in modo rapido e affidabile. Collaboriamo con<br \/>\n    SwissPost. Con la spedizione della merce, il rischio passa al compratore.<br \/>\n    Le informazioni sulla disponibilit\u00e0 e sui tempi di consegna non sono<br \/>\n    vincolanti, a meno che non siano confermate per iscritto dal venditore. La<br \/>\n    consegna avviene o tramite posta o secondo il piano di itinerari tramite<br \/>\n    camion, solo all&#039;interno della Svizzera. Il tempo di consegna \u00e8<br \/>\n    generalmente tra 3 e 5 giorni. Se il cliente lo richiede espressamente,<br \/>\n    gli ordini saranno spediti tramite servizio espresso o corriere. In questi<br \/>\n    casi, per\u00f2, le spese di spedizione verranno sempre addebitate. <strong>Costi<br \/>\n    di spedizione:<\/strong> Spedizione gratuita per ordini superiori a<br \/>\n    Fr.100.00 Prodotti Illy Triest: Fr.10.25 \/ IVA inclusa e spedizione<br \/>\n    gratuita da Fr.100.00 Prodotti Illy Svizzera fino a 1,5 kg Fr.9.50 IVA<br \/>\n    inclusa \/ oltre 1,6 kg Fr.10.25 IVA inclusa Capsule da 1 a 7 pezzi Fr.4.75<br \/>\n    IVA inclusa Capsule da 8 a 29 pezzi Fr.5.40 IVA inclusa Da 30 capsule<br \/>\n    spedizione gratuita Gli indirizzi di caselle postali non vengono serviti.<br \/>\n    Illycaf\u00e9 AG non \u00e8 responsabile per ritardi nelle consegne causati da<br \/>\n    aziende di trasporto o altri terzi. Gli ordini effettuati di sabato,<br \/>\n    domenica o durante i giorni festivi verranno elaborati al pi\u00f9 presto il<br \/>\n    giorno lavorativo successivo. Pu\u00f2 succedere che l&#039;ordine venga<br \/>\n    confezionato in pi\u00f9 pacchi che potrebbero arrivare in giorni diversi. <strong>Paypal<\/strong><br \/>\n    Carta di credito: VISA, MASTERCARD, AMERICAN EXPRESS<br \/>\n    [\/vc_column_text]\t<\/div>\n<\/div><\/div>[\/vc_column][vc_column<br \/>\n    width&#061;&#034;1\/6&#034;][\/vc_column][\/vc_row][vc_row<br \/>\n    el_class&#061;&#034;none-sub-products&#034;][vc_column<br \/>\n    css&#061;&#034;.vc_custom_1724744877829{margin-top: 0px !important;padding-top: 0px<br \/>\n    !important;}&#034;][vc_column_text][\/vc_column_text][\/vc_column][\/vc_row][vc_row<br \/>\n    el_class&#061;&#034;none-sub-products&#034;<br \/>\n    css&#061;&#034;.vc_custom_1724749387435{border-top-width: 2px<br \/>\n    !important;border-top-color: #ffffff !important;border-top-style: solid<br \/>\n    !important;}&#034;][vc_column css&#061;&#034;.vc_custom_1724744877829{margin-top: 0px<br \/>\n    !important;padding-top: 0px !important;}&#034;][vc_column_text css&#061;&#034;&#034;][\/vc_column_text][\/vc_column][\/vc_row][vc_row<br \/>\n    el_class&#061;&#034;none-sub-products&#034;][vc_column<br \/>\n    width&#061;&#034;1\/12&#034;][\/vc_column][vc_column width&#061;&#034;10\/12&#034;][vc_column_text][\/vc_column_text][\/vc_column][vc_column<br \/>\n    width&#061;&#034;1\/12&#034;][\/vc_column][\/vc_row]\n  <\/div>\n<\/section>","protected":false},"excerpt":{"rendered":"<p>[vc_row][vc_column][vc_column_text]Il caff\u00e8 illy Costa Rica Arabica Selection \u00e8 caratterizzato da note dolci di miele, caramello e vaniglia, con sentori di agrumi e note di cioccolato e frutta secca.[\/vc_column_text][\/vc_column][\/vc_row][vc_row el_class&#061;&#034;none-sub-products&#034; el_id&#061;&#034;sub-product&#034; css&#061;&#034;.vc_custom_1723021695272{background-color: #ffffff !important;}&#034;][vc_column width&#061;&#034;1\/6&#034;][\/vc_column][vc_column width&#061;&#034;2\/3&#034; css&#061;&#034;.vc_custom_1722498456585{padding-top: 32px !important;padding-bottom: 32px !important;}&#034;][vc_column_text] Caratteristiche principali [\/vc_column_text][vc_empty_space height&#061;&#034;35px&#034;][vc_row_inner el_class&#061;&#034;row-icons&#034;][vc_column_inner width&#061;&#034;1\/3&#034; css&#061;&#034;.vc_custom_1723018477715{padding-right: 20px !important;padding-left: 20px !important;}&#034;][vc_single_image image&#061;&#034;104380&#034; img_size&#061;&#034;60&#215;60&#034; alignment&#061;&#034;center&#034;][vc_column_text] Il chicco: Solo l\u20191% dei migliori chicchi di Arabica [\/vc_column_text][vc_empty_space height&#061;&#034;15px&#034;][\/vc_column_inner][vc_column_inner width&#061;&#034;1\/3&#034; css&#061;&#034;.vc_custom_1723018486731{padding-right: 20px !important;padding-left: 20px !important;}&#034;][vc_single_image image&#061;&#034;104388&#034; [&hellip;]<\/p>\n","protected":false},"featured_media":0,"comment_status":"open","ping_status":"closed","template":"","meta":{"inline_featured_image":false},"product_brand":[],"product_cat":[1537,1566,1570],"product_tag":[],"class_list":{"0":"post-220276","1":"product","2":"type-product","3":"status-publish","5":"product_cat-kaffee-3","6":"product_cat-shop-it-3","7":"product_cat-espressobohnen-kaffee-3","9":"first","10":"instock","11":"taxable","12":"shipping-taxable","13":"purchasable","14":"product-type-simple"},"group_of_quantity":0,"min_quantity":0,"max_quantity":"","exclude_order_quantity_value_rules":"no","exclude_category_quantity_rules":"no","combine_variations":"no","yoast_head":"<!-- This site is optimized with the Yoast SEO plugin v24.4 - https:\/\/yoast.com\/wordpress\/plugins\/seo\/ -->\n<title>docostarica250Bohnen - Illycaf\u00e9 | Premium Kaffee kaufen | Gastronomie, Firmen, Privat<\/title>\n<meta name=\"robots\" content=\"noindex, follow, max-snippet:-1, max-image-preview:large, max-video-preview:-1\" \/>\n<meta property=\"og:locale\" content=\"it_IT\" \/>\n<meta property=\"og:type\" content=\"article\" \/>\n<meta property=\"og:title\" content=\"docostarica250Bohnen - Illycaf\u00e9 | Premium Kaffee kaufen | Gastronomie, Firmen, Privat\" \/>\n<meta property=\"og:description\" content=\"[vc_row][vc_column][vc_column_text]Il caff\u00e8 illy Costa Rica Arabica Selection \u00e8 caratterizzato da note dolci di miele, caramello e vaniglia, con sentori di agrumi e note di cioccolato e frutta secca.[\/vc_column_text][\/vc_column][\/vc_row][vc_row el_class&#061;&#034;none-sub-products&#034; el_id&#061;&#034;sub-product&#034; css&#061;&#034;.vc_custom_1723021695272{background-color: #ffffff !important;}&#034;][vc_column width&#061;&#034;1\/6&#034;][\/vc_column][vc_column width&#061;&#034;2\/3&#034; css&#061;&#034;.vc_custom_1722498456585{padding-top: 32px !important;padding-bottom: 32px !important;}&#034;][vc_column_text] Caratteristiche principali [\/vc_column_text][vc_empty_space height&#061;&#034;35px&#034;][vc_row_inner el_class&#061;&#034;row-icons&#034;][vc_column_inner width&#061;&#034;1\/3&#034; css&#061;&#034;.vc_custom_1723018477715{padding-right: 20px !important;padding-left: 20px !important;}&#034;][vc_single_image image&#061;&#034;104380&#034; img_size&#061;&#034;60&#215;60&#034; alignment&#061;&#034;center&#034;][vc_column_text] Il chicco: Solo l\u20191% dei migliori chicchi di Arabica [\/vc_column_text][vc_empty_space height&#061;&#034;15px&#034;][\/vc_column_inner][vc_column_inner width&#061;&#034;1\/3&#034; css&#061;&#034;.vc_custom_1723018486731{padding-right: 20px !important;padding-left: 20px !important;}&#034;][vc_single_image image&#061;&#034;104388&#034; [&hellip;]\" \/>\n<meta property=\"og:url\" content=\"https:\/\/dev3.illycafe.ch\/it\/prodotto\/220276\/\" \/>\n<meta property=\"og:site_name\" content=\"Illycaf\u00e9 | Premium Kaffee kaufen | Gastronomie, Firmen, Privat\" \/>\n<meta property=\"article:modified_time\" content=\"2025-09-15T02:55:00+00:00\" \/>\n<meta name=\"twitter:card\" content=\"summary_large_image\" \/>\n<meta name=\"twitter:label1\" content=\"Tempo di lettura stimato\" \/>\n\t<meta name=\"twitter:data1\" content=\"4 minuti\" \/>\n<script type=\"application\/ld+json\" class=\"yoast-schema-graph\">{\"@context\":\"https:\/\/schema.org\",\"@graph\":[{\"@type\":\"WebPage\",\"@id\":\"https:\/\/dev3.illycafe.ch\/it\/prodotto\/220276\/\",\"url\":\"https:\/\/dev3.illycafe.ch\/it\/prodotto\/220276\/\",\"name\":\"docostarica250Bohnen - Illycaf\u00e9 | Premium Kaffee kaufen | Gastronomie, Firmen, Privat\",\"isPartOf\":{\"@id\":\"https:\/\/dev3.illycafe.ch\/dev3.illycafe.ch\/#website\"},\"datePublished\":\"2025-02-06T11:03:17+00:00\",\"dateModified\":\"2025-09-15T02:55:00+00:00\",\"breadcrumb\":{\"@id\":\"https:\/\/dev3.illycafe.ch\/it\/prodotto\/220276\/#breadcrumb\"},\"inLanguage\":\"it-IT\",\"potentialAction\":[{\"@type\":\"ReadAction\",\"target\":[\"https:\/\/dev3.illycafe.ch\/it\/prodotto\/220276\/\"]}]},{\"@type\":\"BreadcrumbList\",\"@id\":\"https:\/\/dev3.illycafe.ch\/it\/prodotto\/220276\/#breadcrumb\",\"itemListElement\":[{\"@type\":\"ListItem\",\"position\":1,\"name\":\"Home\",\"item\":\"https:\/\/dev3.illycafe.ch\/it\/\"},{\"@type\":\"ListItem\",\"position\":2,\"name\":\"Shop\",\"item\":\"https:\/\/dev3.illycafe.ch\/dev3.illycafe.ch\/it\/shop\/\"},{\"@type\":\"ListItem\",\"position\":3,\"name\":\"docostarica250Bohnen\"}]},{\"@type\":\"WebSite\",\"@id\":\"https:\/\/dev3.illycafe.ch\/dev3.illycafe.ch\/#website\",\"url\":\"https:\/\/dev3.illycafe.ch\/dev3.illycafe.ch\/\",\"name\":\"Illycaf\u00e9 | Premium Kaffee kaufen | Gastronomie, Firmen, Privat\",\"description\":\"Italienische Kaffeekultur. Schweizer Qualit\u00e4t.\",\"potentialAction\":[{\"@type\":\"SearchAction\",\"target\":{\"@type\":\"EntryPoint\",\"urlTemplate\":\"https:\/\/dev3.illycafe.ch\/dev3.illycafe.ch\/?s={search_term_string}\"},\"query-input\":{\"@type\":\"PropertyValueSpecification\",\"valueRequired\":true,\"valueName\":\"search_term_string\"}}],\"inLanguage\":\"it-IT\"}]}<\/script>\n<!-- \/ Yoast SEO plugin. -->","yoast_head_json":{"title":"docostarica250Bohnen - Illycaf\u00e9 | Premium Kaffee kaufen | Gastronomie, Firmen, Privat","robots":{"index":"noindex","follow":"follow","max-snippet":"max-snippet:-1","max-image-preview":"max-image-preview:large","max-video-preview":"max-video-preview:-1"},"og_locale":"it_IT","og_type":"article","og_title":"docostarica250Bohnen - Illycaf\u00e9 | Premium Kaffee kaufen | Gastronomie, Firmen, Privat","og_description":"[vc_row][vc_column][vc_column_text]Il caff\u00e8 illy Costa Rica Arabica Selection \u00e8 caratterizzato da note dolci di miele, caramello e vaniglia, con sentori di agrumi e note di cioccolato e frutta secca.[\/vc_column_text][\/vc_column][\/vc_row][vc_row el_class&#061;&#034;none-sub-products&#034; el_id&#061;&#034;sub-product&#034; css&#061;&#034;.vc_custom_1723021695272{background-color: #ffffff !important;}&#034;][vc_column width&#061;&#034;1\/6&#034;][\/vc_column][vc_column width&#061;&#034;2\/3&#034; css&#061;&#034;.vc_custom_1722498456585{padding-top: 32px !important;padding-bottom: 32px !important;}&#034;][vc_column_text] Caratteristiche principali [\/vc_column_text][vc_empty_space height&#061;&#034;35px&#034;][vc_row_inner el_class&#061;&#034;row-icons&#034;][vc_column_inner width&#061;&#034;1\/3&#034; css&#061;&#034;.vc_custom_1723018477715{padding-right: 20px !important;padding-left: 20px !important;}&#034;][vc_single_image image&#061;&#034;104380&#034; img_size&#061;&#034;60&#215;60&#034; alignment&#061;&#034;center&#034;][vc_column_text] Il chicco: Solo l\u20191% dei migliori chicchi di Arabica [\/vc_column_text][vc_empty_space height&#061;&#034;15px&#034;][\/vc_column_inner][vc_column_inner width&#061;&#034;1\/3&#034; css&#061;&#034;.vc_custom_1723018486731{padding-right: 20px !important;padding-left: 20px !important;}&#034;][vc_single_image image&#061;&#034;104388&#034; [&hellip;]","og_url":"https:\/\/dev3.illycafe.ch\/it\/prodotto\/220276\/","og_site_name":"Illycaf\u00e9 | Premium Kaffee kaufen | Gastronomie, Firmen, Privat","article_modified_time":"2025-09-15T02:55:00+00:00","twitter_card":"summary_large_image","twitter_misc":{"Tempo di lettura stimato":"4 minuti"},"schema":{"@context":"https:\/\/schema.org","@graph":[{"@type":"WebPage","@id":"https:\/\/dev3.illycafe.ch\/it\/prodotto\/220276\/","url":"https:\/\/dev3.illycafe.ch\/it\/prodotto\/220276\/","name":"docostarica250Bohnen - Illycaf\u00e9 | Premium Kaffee kaufen | Gastronomie, Firmen, Privat","isPartOf":{"@id":"https:\/\/dev3.illycafe.ch\/dev3.illycafe.ch\/#website"},"datePublished":"2025-02-06T11:03:17+00:00","dateModified":"2025-09-15T02:55:00+00:00","breadcrumb":{"@id":"https:\/\/dev3.illycafe.ch\/it\/prodotto\/220276\/#breadcrumb"},"inLanguage":"it-IT","potentialAction":[{"@type":"ReadAction","target":["https:\/\/dev3.illycafe.ch\/it\/prodotto\/220276\/"]}]},{"@type":"BreadcrumbList","@id":"https:\/\/dev3.illycafe.ch\/it\/prodotto\/220276\/#breadcrumb","itemListElement":[{"@type":"ListItem","position":1,"name":"Home","item":"https:\/\/dev3.illycafe.ch\/it\/"},{"@type":"ListItem","position":2,"name":"Shop","item":"https:\/\/dev3.illycafe.ch\/dev3.illycafe.ch\/it\/shop\/"},{"@type":"ListItem","position":3,"name":"docostarica250Bohnen"}]},{"@type":"WebSite","@id":"https:\/\/dev3.illycafe.ch\/dev3.illycafe.ch\/#website","url":"https:\/\/dev3.illycafe.ch\/dev3.illycafe.ch\/","name":"Illycaf\u00e9 | Premium Kaffee kaufen | Gastronomie, Firmen, Privat","description":"Italienische Kaffeekultur. Schweizer Qualit\u00e4t.","potentialAction":[{"@type":"SearchAction","target":{"@type":"EntryPoint","urlTemplate":"https:\/\/dev3.illycafe.ch\/dev3.illycafe.ch\/?s={search_term_string}"},"query-input":{"@type":"PropertyValueSpecification","valueRequired":true,"valueName":"search_term_string"}}],"inLanguage":"it-IT"}]}},"_links":{"self":[{"href":"https:\/\/dev3.illycafe.ch\/it\/wp-json\/wp\/v2\/product\/220276","targetHints":{"allow":["GET"]}}],"collection":[{"href":"https:\/\/dev3.illycafe.ch\/it\/wp-json\/wp\/v2\/product"}],"about":[{"href":"https:\/\/dev3.illycafe.ch\/it\/wp-json\/wp\/v2\/types\/product"}],"replies":[{"embeddable":true,"href":"https:\/\/dev3.illycafe.ch\/it\/wp-json\/wp\/v2\/comments?post=220276"}],"wp:attachment":[{"href":"https:\/\/dev3.illycafe.ch\/it\/wp-json\/wp\/v2\/media?parent=220276"}],"wp:term":[{"taxonomy":"product_brand","embeddable":true,"href":"https:\/\/dev3.illycafe.ch\/it\/wp-json\/wp\/v2\/product_brand?post=220276"},{"taxonomy":"product_cat","embeddable":true,"href":"https:\/\/dev3.illycafe.ch\/it\/wp-json\/wp\/v2\/product_cat?post=220276"},{"taxonomy":"product_tag","embeddable":true,"href":"https:\/\/dev3.illycafe.ch\/it\/wp-json\/wp\/v2\/product_tag?post=220276"}],"curies":[{"name":"wp","href":"https:\/\/api.w.org\/{rel}","templated":true}]}}