{"id":222654,"date":"2025-10-31T16:30:17","date_gmt":"2025-10-31T15:30:20","guid":{"rendered":"https:\/\/dev3.illycafe.ch\/produkt\/bio1kg\/"},"modified":"2026-01-29T17:10:21","modified_gmt":"2026-01-29T16:10:21","slug":"bio1kg","status":"publish","type":"product","link":"https:\/\/dev3.illycafe.ch\/it\/prodotto\/bio1kg\/","title":{"rendered":"Bio1kg"},"content":{"rendered":"<div class='html translation-block'>\n<p>\n      <span align=\"start\" style=\"letter-spacing:normal;text-indent:0px;text-transform:none;display:!important\"><font face=\"Open Sans, sans-serif\" size=\"18px\">Il<br \/>\n      nostro caff\u00e8 biologico piace a tutti coloro che apprezzano i prodotti<br \/>\n      biologici e Fairtrade.<\/font><\/span><font face=\"Open Sans, sans-serif\" size=\"18px\"><br style=\"letter-spacing:normal;text-indent:0px;text-transform:none\" \/><span align=\"start\" style=\"letter-spacing:normal;text-indent:0px;text-transform:none;display:!important\">Questa<br \/>\n      miscela di punta \u00e8 particolarmente adatta per un Caf\u00e9 Cr\u00e8me speziato e<br \/>\n      un espresso intenso. Gli aromi speziati degli Arabica di alta qualit\u00e0 si<br \/>\n      combinano armoniosamente con i chicchi intensi di aroma di robusta,<br \/>\n      dando a questo caff\u00e8 un straordinario aroma con una bella crema. La<br \/>\n      tostatura lenta e tradizionale a tamburo rotante fa emergere tutti gli<br \/>\n      aromi. Questa miscela delizia con un aroma meraviglioso, acidi fini con<br \/>\n      aromi di frutta e un gusto corposo. <\/span><\/font>\n    <\/p>\n<p>\n      \u00a0\n    <\/p>\n<p>\n      <strong style=\"background-position: center center;background-repeat:repeat;background-attachment:scroll;border-top-style:none;border-top-width:0px;border-right-style:none;border-right-width:0px;border-bottom-style:none;border-bottom-width:0px;border-left-style:none;border-left-width:0px;margin-top:0px;margin-right:0px;margin-bottom:0px;margin-left:0px;padding-top:0px;padding-right:0px;padding-bottom:0px;padding-left:0px;letter-spacing:normal;text-indent:0px;text-transform:none\"><b><font face=\"Open Sans, sans-serif\" size=\"18px\">Provenienze<\/font><\/b><\/strong><font face=\"Open Sans, sans-serif\" size=\"18px\"><br style=\"letter-spacing:normal;text-indent:0px;text-transform:none\" \/><span align=\"start\" style=\"letter-spacing:normal;text-indent:0px;text-transform:none;display:!important\">Honduras<br \/>\n      e Tanzania, Brasile<\/span><\/font>\n    <\/p>\n<\/p><\/div>\n","protected":false},"excerpt":{"rendered":"<p>Il nostro caff\u00e8 biologico piace a tutti coloro che apprezzano i prodotti biologici e Fairtrade.Questa miscela di punta \u00e8 particolarmente adatta per un Caf\u00e9 Cr\u00e8me speziato e un espresso intenso. Gli aromi speziati degli Arabica di alta qualit\u00e0 si combinano armoniosamente con i chicchi intensi di aroma di robusta, dando a questo caff\u00e8 un straordinario aroma con una bella crema. La tostatura lenta e tradizionale a tamburo rotante fa emergere tutti gli [&hellip;]<\/p>\n","protected":false},"featured_media":222651,"comment_status":"open","ping_status":"closed","template":"","meta":{"inline_featured_image":false},"product_brand":[],"product_cat":[1462,1516,1563],"product_tag":[],"class_list":{"0":"post-222654","1":"product","2":"type-product","3":"status-publish","4":"has-post-thumbnail","6":"product_cat-bohnen-3","7":"product_cat-max-havelaar-bohnen-3","8":"product_cat-shop-ch-3","10":"first","11":"instock","12":"taxable","13":"shipping-taxable","14":"purchasable","15":"product-type-simple"},"group_of_quantity":0,"min_quantity":0,"max_quantity":"","exclude_order_quantity_value_rules":"no","exclude_category_quantity_rules":"no","combine_variations":"no","yoast_head":"<!-- This site is optimized with the Yoast SEO plugin v24.4 - https:\/\/yoast.com\/wordpress\/plugins\/seo\/ -->\n<title>Bio1kg - Illycaf\u00e9 | Premium Kaffee kaufen | Gastronomie, Firmen, Privat<\/title>\n<meta name=\"robots\" content=\"noindex, follow, max-snippet:-1, max-image-preview:large, max-video-preview:-1\" \/>\n<meta property=\"og:locale\" content=\"it_IT\" \/>\n<meta property=\"og:type\" content=\"article\" \/>\n<meta property=\"og:title\" content=\"Bio1kg - Illycaf\u00e9 | Premium Kaffee kaufen | Gastronomie, Firmen, Privat\" \/>\n<meta property=\"og:description\" content=\"Il nostro caff\u00e8 biologico piace a tutti coloro che apprezzano i prodotti biologici e Fairtrade.Questa miscela di punta \u00e8 particolarmente adatta per un Caf\u00e9 Cr\u00e8me speziato e un espresso intenso. Gli aromi speziati degli Arabica di alta qualit\u00e0 si combinano armoniosamente con i chicchi intensi di aroma di robusta, dando a questo caff\u00e8 un straordinario aroma con una bella crema. La tostatura lenta e tradizionale a tamburo rotante fa emergere tutti gli [&hellip;]\" \/>\n<meta property=\"og:url\" content=\"https:\/\/dev3.illycafe.ch\/it\/prodotto\/bio1kg\/\" \/>\n<meta property=\"og:site_name\" content=\"Illycaf\u00e9 | Premium Kaffee kaufen | Gastronomie, Firmen, Privat\" \/>\n<meta property=\"article:modified_time\" content=\"2026-01-29T16:10:21+00:00\" \/>\n<meta property=\"og:image\" content=\"https:\/\/dev3.illycafe.ch\/wp-content\/uploads\/2003_0_1_kbio401-100-illy-bio-fairtrade-kaffee-bohnen-1kg-2024.png\" \/>\n\t<meta property=\"og:image:width\" content=\"350\" \/>\n\t<meta property=\"og:image:height\" content=\"534\" \/>\n\t<meta property=\"og:image:type\" content=\"image\/png\" \/>\n<meta name=\"twitter:card\" content=\"summary_large_image\" \/>\n<script type=\"application\/ld+json\" class=\"yoast-schema-graph\">{\"@context\":\"https:\/\/schema.org\",\"@graph\":[{\"@type\":\"WebPage\",\"@id\":\"https:\/\/dev3.illycafe.ch\/it\/prodotto\/bio1kg\/\",\"url\":\"https:\/\/dev3.illycafe.ch\/it\/prodotto\/bio1kg\/\",\"name\":\"Bio1kg - Illycaf\u00e9 | Premium Kaffee kaufen | Gastronomie, Firmen, Privat\",\"isPartOf\":{\"@id\":\"https:\/\/dev3.illycafe.ch\/dev3.illycafe.ch\/#website\"},\"primaryImageOfPage\":{\"@id\":\"https:\/\/dev3.illycafe.ch\/it\/prodotto\/bio1kg\/#primaryimage\"},\"image\":{\"@id\":\"https:\/\/dev3.illycafe.ch\/it\/prodotto\/bio1kg\/#primaryimage\"},\"thumbnailUrl\":\"https:\/\/dev3.illycafe.ch\/wp-content\/uploads\/2003_0_1_kbio401-100-illy-bio-fairtrade-kaffee-bohnen-1kg-2024.png\",\"datePublished\":\"2025-10-31T15:30:20+00:00\",\"dateModified\":\"2026-01-29T16:10:21+00:00\",\"breadcrumb\":{\"@id\":\"https:\/\/dev3.illycafe.ch\/it\/prodotto\/bio1kg\/#breadcrumb\"},\"inLanguage\":\"it-IT\",\"potentialAction\":[{\"@type\":\"ReadAction\",\"target\":[\"https:\/\/dev3.illycafe.ch\/it\/prodotto\/bio1kg\/\"]}]},{\"@type\":\"ImageObject\",\"inLanguage\":\"it-IT\",\"@id\":\"https:\/\/dev3.illycafe.ch\/it\/prodotto\/bio1kg\/#primaryimage\",\"url\":\"https:\/\/dev3.illycafe.ch\/wp-content\/uploads\/2003_0_1_kbio401-100-illy-bio-fairtrade-kaffee-bohnen-1kg-2024.png\",\"contentUrl\":\"https:\/\/dev3.illycafe.ch\/wp-content\/uploads\/2003_0_1_kbio401-100-illy-bio-fairtrade-kaffee-bohnen-1kg-2024.png\",\"width\":350,\"height\":534},{\"@type\":\"BreadcrumbList\",\"@id\":\"https:\/\/dev3.illycafe.ch\/it\/prodotto\/bio1kg\/#breadcrumb\",\"itemListElement\":[{\"@type\":\"ListItem\",\"position\":1,\"name\":\"Home\",\"item\":\"https:\/\/dev3.illycafe.ch\/it\/\"},{\"@type\":\"ListItem\",\"position\":2,\"name\":\"Shop\",\"item\":\"https:\/\/dev3.illycafe.ch\/dev3.illycafe.ch\/it\/shop\/\"},{\"@type\":\"ListItem\",\"position\":3,\"name\":\"Bio1kg\"}]},{\"@type\":\"WebSite\",\"@id\":\"https:\/\/dev3.illycafe.ch\/dev3.illycafe.ch\/#website\",\"url\":\"https:\/\/dev3.illycafe.ch\/dev3.illycafe.ch\/\",\"name\":\"Illycaf\u00e9 | Premium Kaffee kaufen | Gastronomie, Firmen, Privat\",\"description\":\"Italienische Kaffeekultur. Schweizer Qualit\u00e4t.\",\"potentialAction\":[{\"@type\":\"SearchAction\",\"target\":{\"@type\":\"EntryPoint\",\"urlTemplate\":\"https:\/\/dev3.illycafe.ch\/dev3.illycafe.ch\/?s={search_term_string}\"},\"query-input\":{\"@type\":\"PropertyValueSpecification\",\"valueRequired\":true,\"valueName\":\"search_term_string\"}}],\"inLanguage\":\"it-IT\"}]}<\/script>\n<!-- \/ Yoast SEO plugin. -->","yoast_head_json":{"title":"Bio1kg - Illycaf\u00e9 | Premium Kaffee kaufen | Gastronomie, Firmen, Privat","robots":{"index":"noindex","follow":"follow","max-snippet":"max-snippet:-1","max-image-preview":"max-image-preview:large","max-video-preview":"max-video-preview:-1"},"og_locale":"it_IT","og_type":"article","og_title":"Bio1kg - Illycaf\u00e9 | Premium Kaffee kaufen | Gastronomie, Firmen, Privat","og_description":"Il nostro caff\u00e8 biologico piace a tutti coloro che apprezzano i prodotti biologici e Fairtrade.Questa miscela di punta \u00e8 particolarmente adatta per un Caf\u00e9 Cr\u00e8me speziato e un espresso intenso. Gli aromi speziati degli Arabica di alta qualit\u00e0 si combinano armoniosamente con i chicchi intensi di aroma di robusta, dando a questo caff\u00e8 un straordinario aroma con una bella crema. La tostatura lenta e tradizionale a tamburo rotante fa emergere tutti gli [&hellip;]","og_url":"https:\/\/dev3.illycafe.ch\/it\/prodotto\/bio1kg\/","og_site_name":"Illycaf\u00e9 | Premium Kaffee kaufen | Gastronomie, Firmen, Privat","article_modified_time":"2026-01-29T16:10:21+00:00","og_image":[{"width":350,"height":534,"url":"https:\/\/dev3.illycafe.ch\/wp-content\/uploads\/2003_0_1_kbio401-100-illy-bio-fairtrade-kaffee-bohnen-1kg-2024.png","type":"image\/png"}],"twitter_card":"summary_large_image","schema":{"@context":"https:\/\/schema.org","@graph":[{"@type":"WebPage","@id":"https:\/\/dev3.illycafe.ch\/it\/prodotto\/bio1kg\/","url":"https:\/\/dev3.illycafe.ch\/it\/prodotto\/bio1kg\/","name":"Bio1kg - Illycaf\u00e9 | Premium Kaffee kaufen | Gastronomie, Firmen, Privat","isPartOf":{"@id":"https:\/\/dev3.illycafe.ch\/dev3.illycafe.ch\/#website"},"primaryImageOfPage":{"@id":"https:\/\/dev3.illycafe.ch\/it\/prodotto\/bio1kg\/#primaryimage"},"image":{"@id":"https:\/\/dev3.illycafe.ch\/it\/prodotto\/bio1kg\/#primaryimage"},"thumbnailUrl":"https:\/\/dev3.illycafe.ch\/wp-content\/uploads\/2003_0_1_kbio401-100-illy-bio-fairtrade-kaffee-bohnen-1kg-2024.png","datePublished":"2025-10-31T15:30:20+00:00","dateModified":"2026-01-29T16:10:21+00:00","breadcrumb":{"@id":"https:\/\/dev3.illycafe.ch\/it\/prodotto\/bio1kg\/#breadcrumb"},"inLanguage":"it-IT","potentialAction":[{"@type":"ReadAction","target":["https:\/\/dev3.illycafe.ch\/it\/prodotto\/bio1kg\/"]}]},{"@type":"ImageObject","inLanguage":"it-IT","@id":"https:\/\/dev3.illycafe.ch\/it\/prodotto\/bio1kg\/#primaryimage","url":"https:\/\/dev3.illycafe.ch\/wp-content\/uploads\/2003_0_1_kbio401-100-illy-bio-fairtrade-kaffee-bohnen-1kg-2024.png","contentUrl":"https:\/\/dev3.illycafe.ch\/wp-content\/uploads\/2003_0_1_kbio401-100-illy-bio-fairtrade-kaffee-bohnen-1kg-2024.png","width":350,"height":534},{"@type":"BreadcrumbList","@id":"https:\/\/dev3.illycafe.ch\/it\/prodotto\/bio1kg\/#breadcrumb","itemListElement":[{"@type":"ListItem","position":1,"name":"Home","item":"https:\/\/dev3.illycafe.ch\/it\/"},{"@type":"ListItem","position":2,"name":"Shop","item":"https:\/\/dev3.illycafe.ch\/dev3.illycafe.ch\/it\/shop\/"},{"@type":"ListItem","position":3,"name":"Bio1kg"}]},{"@type":"WebSite","@id":"https:\/\/dev3.illycafe.ch\/dev3.illycafe.ch\/#website","url":"https:\/\/dev3.illycafe.ch\/dev3.illycafe.ch\/","name":"Illycaf\u00e9 | Premium Kaffee kaufen | Gastronomie, Firmen, Privat","description":"Italienische Kaffeekultur. Schweizer Qualit\u00e4t.","potentialAction":[{"@type":"SearchAction","target":{"@type":"EntryPoint","urlTemplate":"https:\/\/dev3.illycafe.ch\/dev3.illycafe.ch\/?s={search_term_string}"},"query-input":{"@type":"PropertyValueSpecification","valueRequired":true,"valueName":"search_term_string"}}],"inLanguage":"it-IT"}]}},"_links":{"self":[{"href":"https:\/\/dev3.illycafe.ch\/it\/wp-json\/wp\/v2\/product\/222654","targetHints":{"allow":["GET"]}}],"collection":[{"href":"https:\/\/dev3.illycafe.ch\/it\/wp-json\/wp\/v2\/product"}],"about":[{"href":"https:\/\/dev3.illycafe.ch\/it\/wp-json\/wp\/v2\/types\/product"}],"replies":[{"embeddable":true,"href":"https:\/\/dev3.illycafe.ch\/it\/wp-json\/wp\/v2\/comments?post=222654"}],"wp:featuredmedia":[{"embeddable":true,"href":"https:\/\/dev3.illycafe.ch\/it\/wp-json\/wp\/v2\/media\/222651"}],"wp:attachment":[{"href":"https:\/\/dev3.illycafe.ch\/it\/wp-json\/wp\/v2\/media?parent=222654"}],"wp:term":[{"taxonomy":"product_brand","embeddable":true,"href":"https:\/\/dev3.illycafe.ch\/it\/wp-json\/wp\/v2\/product_brand?post=222654"},{"taxonomy":"product_cat","embeddable":true,"href":"https:\/\/dev3.illycafe.ch\/it\/wp-json\/wp\/v2\/product_cat?post=222654"},{"taxonomy":"product_tag","embeddable":true,"href":"https:\/\/dev3.illycafe.ch\/it\/wp-json\/wp\/v2\/product_tag?post=222654"}],"curies":[{"name":"wp","href":"https:\/\/api.w.org\/{rel}","templated":true}]}}